{"id":7965,"date":"2025-04-09T18:53:41","date_gmt":"2025-04-09T16:53:41","guid":{"rendered":"https:\/\/www.hauxmt.com\/?page_id=7965"},"modified":"2025-04-09T19:08:31","modified_gmt":"2025-04-09T17:08:31","slug":"nu432ss-odlehcovaci-hrot-s-malou-vrtaci-drazkou","status":"publish","type":"page","link":"https:\/\/www.hauxmt.com\/cs\/nu432ss-odlehcovaci-hrot-s-malou-vrtaci-drazkou\/","title":{"rendered":"NU432SS - VYSOKORYCHLOSTN\u00cd DR\u00c1\u017dKOV\u00c1N\u00cd A ODLEH\u010cOV\u00c1N\u00cd + BROU\u0160EN\u00cd HROT\u016e"},"content":{"rendered":"<div data-elementor-type=\"wp-page\" data-elementor-id=\"7965\" class=\"elementor elementor-7965\" data-elementor-post-type=\"page\">\n\t\t\t\t\t\t<section class=\"elementor-section elementor-top-section elementor-element elementor-element-33aa8c1 elementor-section-boxed elementor-section-height-default elementor-section-height-default\" data-id=\"33aa8c1\" data-element_type=\"section\" data-e-type=\"section\">\n\t\t\t\t\t\t<div class=\"elementor-container elementor-column-gap-default\">\n\t\t\t\t\t<div class=\"elementor-column elementor-col-50 elementor-top-column elementor-element elementor-element-e5729c6\" data-id=\"e5729c6\" data-element_type=\"column\" data-e-type=\"column\">\n\t\t\t<div class=\"elementor-widget-wrap elementor-element-populated\">\n\t\t\t\t\t\t<div class=\"elementor-element elementor-element-69590df elementor-widget elementor-widget-image\" data-id=\"69590df\" data-element_type=\"widget\" data-e-type=\"widget\" data-widget_type=\"image.default\">\n\t\t\t\t<div class=\"elementor-widget-container\">\n\t\t\t\t\t\t\t\t\t\t\t\t\t\t\t<img fetchpriority=\"high\" decoding=\"async\" width=\"7680\" height=\"4320\" src=\"https:\/\/www.hauxmt.com\/wp-content\/uploads\/2025\/04\/NU432SS_Rendering_002_ohneEinhausung_SchutzhaubenDrahtdarstellung.332.1.png\" class=\"attachment-full size-full wp-image-7967\" alt=\"\" srcset=\"https:\/\/www.hauxmt.com\/wp-content\/uploads\/2025\/04\/NU432SS_Rendering_002_ohneEinhausung_SchutzhaubenDrahtdarstellung.332.1.png 7680w, https:\/\/www.hauxmt.com\/wp-content\/uploads\/2025\/04\/NU432SS_Rendering_002_ohneEinhausung_SchutzhaubenDrahtdarstellung.332.1-400x225.png 400w, https:\/\/www.hauxmt.com\/wp-content\/uploads\/2025\/04\/NU432SS_Rendering_002_ohneEinhausung_SchutzhaubenDrahtdarstellung.332.1-600x338.png 600w, https:\/\/www.hauxmt.com\/wp-content\/uploads\/2025\/04\/NU432SS_Rendering_002_ohneEinhausung_SchutzhaubenDrahtdarstellung.332.1-768x432.png 768w, https:\/\/www.hauxmt.com\/wp-content\/uploads\/2025\/04\/NU432SS_Rendering_002_ohneEinhausung_SchutzhaubenDrahtdarstellung.332.1-1536x864.png 1536w, https:\/\/www.hauxmt.com\/wp-content\/uploads\/2025\/04\/NU432SS_Rendering_002_ohneEinhausung_SchutzhaubenDrahtdarstellung.332.1-2048x1152.png 2048w, https:\/\/www.hauxmt.com\/wp-content\/uploads\/2025\/04\/NU432SS_Rendering_002_ohneEinhausung_SchutzhaubenDrahtdarstellung.332.1-18x10.png 18w\" sizes=\"(max-width: 7680px) 100vw, 7680px\" \/>\t\t\t\t\t\t\t\t\t\t\t\t\t\t\t<\/div>\n\t\t\t\t<\/div>\n\t\t\t\t<section class=\"elementor-section elementor-inner-section elementor-element elementor-element-82234b3 elementor-section-boxed elementor-section-height-default elementor-section-height-default\" data-id=\"82234b3\" data-element_type=\"section\" data-e-type=\"section\">\n\t\t\t\t\t\t<div class=\"elementor-container elementor-column-gap-default\">\n\t\t\t\t\t<div class=\"elementor-column elementor-col-33 elementor-inner-column elementor-element elementor-element-05ba00b\" data-id=\"05ba00b\" data-element_type=\"column\" data-e-type=\"column\">\n\t\t\t<div class=\"elementor-widget-wrap elementor-element-populated\">\n\t\t\t\t\t\t<div class=\"elementor-element elementor-element-8462e81 elementor-widget elementor-widget-image\" data-id=\"8462e81\" data-element_type=\"widget\" data-e-type=\"widget\" data-widget_type=\"image.default\">\n\t\t\t\t<div class=\"elementor-widget-container\">\n\t\t\t\t\t\t\t\t\t\t\t\t\t\t\t<img decoding=\"async\" width=\"600\" height=\"338\" src=\"https:\/\/www.hauxmt.com\/wp-content\/uploads\/2025\/04\/NU432SS_Rendering_002_ohneEinhausung_SchutzhaubenDrahtdarstellung.332.8-600x338.png\" class=\"attachment-large size-large wp-image-7970\" alt=\"\" srcset=\"https:\/\/www.hauxmt.com\/wp-content\/uploads\/2025\/04\/NU432SS_Rendering_002_ohneEinhausung_SchutzhaubenDrahtdarstellung.332.8-600x338.png 600w, https:\/\/www.hauxmt.com\/wp-content\/uploads\/2025\/04\/NU432SS_Rendering_002_ohneEinhausung_SchutzhaubenDrahtdarstellung.332.8-400x225.png 400w, https:\/\/www.hauxmt.com\/wp-content\/uploads\/2025\/04\/NU432SS_Rendering_002_ohneEinhausung_SchutzhaubenDrahtdarstellung.332.8-768x432.png 768w, https:\/\/www.hauxmt.com\/wp-content\/uploads\/2025\/04\/NU432SS_Rendering_002_ohneEinhausung_SchutzhaubenDrahtdarstellung.332.8-1536x864.png 1536w, https:\/\/www.hauxmt.com\/wp-content\/uploads\/2025\/04\/NU432SS_Rendering_002_ohneEinhausung_SchutzhaubenDrahtdarstellung.332.8-2048x1152.png 2048w, https:\/\/www.hauxmt.com\/wp-content\/uploads\/2025\/04\/NU432SS_Rendering_002_ohneEinhausung_SchutzhaubenDrahtdarstellung.332.8-18x10.png 18w\" sizes=\"(max-width: 600px) 100vw, 600px\" \/>\t\t\t\t\t\t\t\t\t\t\t\t\t\t\t<\/div>\n\t\t\t\t<\/div>\n\t\t\t\t\t<\/div>\n\t\t<\/div>\n\t\t\t\t<div class=\"elementor-column elementor-col-33 elementor-inner-column elementor-element elementor-element-627d1ad\" data-id=\"627d1ad\" data-element_type=\"column\" data-e-type=\"column\">\n\t\t\t<div class=\"elementor-widget-wrap elementor-element-populated\">\n\t\t\t\t\t\t<div class=\"elementor-element elementor-element-7d95d83 elementor-widget elementor-widget-image\" data-id=\"7d95d83\" data-element_type=\"widget\" data-e-type=\"widget\" data-widget_type=\"image.default\">\n\t\t\t\t<div class=\"elementor-widget-container\">\n\t\t\t\t\t\t\t\t\t\t\t\t\t\t\t<img decoding=\"async\" width=\"600\" height=\"338\" src=\"https:\/\/www.hauxmt.com\/wp-content\/uploads\/2025\/04\/NU432SS_Rendering_002_ohneEinhausung_SchutzhaubenDrahtdarstellung.332.6-600x338.png\" class=\"attachment-large size-large wp-image-7968\" alt=\"\" srcset=\"https:\/\/www.hauxmt.com\/wp-content\/uploads\/2025\/04\/NU432SS_Rendering_002_ohneEinhausung_SchutzhaubenDrahtdarstellung.332.6-600x338.png 600w, https:\/\/www.hauxmt.com\/wp-content\/uploads\/2025\/04\/NU432SS_Rendering_002_ohneEinhausung_SchutzhaubenDrahtdarstellung.332.6-400x225.png 400w, https:\/\/www.hauxmt.com\/wp-content\/uploads\/2025\/04\/NU432SS_Rendering_002_ohneEinhausung_SchutzhaubenDrahtdarstellung.332.6-768x432.png 768w, https:\/\/www.hauxmt.com\/wp-content\/uploads\/2025\/04\/NU432SS_Rendering_002_ohneEinhausung_SchutzhaubenDrahtdarstellung.332.6-1536x864.png 1536w, https:\/\/www.hauxmt.com\/wp-content\/uploads\/2025\/04\/NU432SS_Rendering_002_ohneEinhausung_SchutzhaubenDrahtdarstellung.332.6-2048x1152.png 2048w, https:\/\/www.hauxmt.com\/wp-content\/uploads\/2025\/04\/NU432SS_Rendering_002_ohneEinhausung_SchutzhaubenDrahtdarstellung.332.6-18x10.png 18w\" sizes=\"(max-width: 600px) 100vw, 600px\" \/>\t\t\t\t\t\t\t\t\t\t\t\t\t\t\t<\/div>\n\t\t\t\t<\/div>\n\t\t\t\t\t<\/div>\n\t\t<\/div>\n\t\t\t\t<div class=\"elementor-column elementor-col-33 elementor-inner-column elementor-element elementor-element-e3d8586\" data-id=\"e3d8586\" data-element_type=\"column\" data-e-type=\"column\">\n\t\t\t<div class=\"elementor-widget-wrap elementor-element-populated\">\n\t\t\t\t\t\t<div class=\"elementor-element elementor-element-4a59ef1 elementor-widget elementor-widget-image\" data-id=\"4a59ef1\" data-element_type=\"widget\" data-e-type=\"widget\" data-widget_type=\"image.default\">\n\t\t\t\t<div class=\"elementor-widget-container\">\n\t\t\t\t\t\t\t\t\t\t\t\t\t\t\t<img loading=\"lazy\" decoding=\"async\" width=\"600\" height=\"338\" src=\"https:\/\/www.hauxmt.com\/wp-content\/uploads\/2025\/04\/NU432SS_Rendering_002_ohneEinhausung_SchutzhaubenDrahtdarstellung.332.7-600x338.png\" class=\"attachment-large size-large wp-image-7969\" alt=\"\" srcset=\"https:\/\/www.hauxmt.com\/wp-content\/uploads\/2025\/04\/NU432SS_Rendering_002_ohneEinhausung_SchutzhaubenDrahtdarstellung.332.7-600x338.png 600w, https:\/\/www.hauxmt.com\/wp-content\/uploads\/2025\/04\/NU432SS_Rendering_002_ohneEinhausung_SchutzhaubenDrahtdarstellung.332.7-400x225.png 400w, https:\/\/www.hauxmt.com\/wp-content\/uploads\/2025\/04\/NU432SS_Rendering_002_ohneEinhausung_SchutzhaubenDrahtdarstellung.332.7-768x432.png 768w, https:\/\/www.hauxmt.com\/wp-content\/uploads\/2025\/04\/NU432SS_Rendering_002_ohneEinhausung_SchutzhaubenDrahtdarstellung.332.7-1536x864.png 1536w, https:\/\/www.hauxmt.com\/wp-content\/uploads\/2025\/04\/NU432SS_Rendering_002_ohneEinhausung_SchutzhaubenDrahtdarstellung.332.7-2048x1152.png 2048w, https:\/\/www.hauxmt.com\/wp-content\/uploads\/2025\/04\/NU432SS_Rendering_002_ohneEinhausung_SchutzhaubenDrahtdarstellung.332.7-18x10.png 18w\" sizes=\"(max-width: 600px) 100vw, 600px\" \/>\t\t\t\t\t\t\t\t\t\t\t\t\t\t\t<\/div>\n\t\t\t\t<\/div>\n\t\t\t\t\t<\/div>\n\t\t<\/div>\n\t\t\t\t\t<\/div>\n\t\t<\/section>\n\t\t\t\t\t<\/div>\n\t\t<\/div>\n\t\t\t\t<div class=\"elementor-column elementor-col-50 elementor-top-column elementor-element elementor-element-4df8aee\" data-id=\"4df8aee\" data-element_type=\"column\" data-e-type=\"column\">\n\t\t\t<div class=\"elementor-widget-wrap elementor-element-populated\">\n\t\t\t\t\t\t<div class=\"elementor-element elementor-element-9ebe7ec elementor-widget elementor-widget-text-editor\" data-id=\"9ebe7ec\" data-element_type=\"widget\" data-e-type=\"widget\" data-widget_type=\"text-editor.default\">\n\t\t\t\t<div class=\"elementor-widget-container\">\n\t\t\t\t\t\t\t\t\t<p><strong><a href=\"https:\/\/www.hauxmt.com\/cs\/\">DOM\u00c1C\u00cd STR\u00c1NKA<\/a><\/strong><\/p><p><strong><a href=\"http:\/\/www.youtube.com\/@haux-machine-tools\">HAUX YOUTUBE<\/a><\/strong><\/p><p><strong><a href=\"https:\/\/www.linkedin.com\/company\/haux-machine-tools\/\">HAUX LINKEDIN<\/a><\/strong><\/p>\t\t\t\t\t\t\t\t<\/div>\n\t\t\t\t<\/div>\n\t\t\t\t\t<\/div>\n\t\t<\/div>\n\t\t\t\t\t<\/div>\n\t\t<\/section>\n\t\t\t\t<\/div>","protected":false},"excerpt":{"rendered":"<p>HOMEPAGE HAUX YOUTUBE HAUX LINKEDIN<\/p>","protected":false},"author":11,"featured_media":0,"parent":0,"menu_order":0,"comment_status":"closed","ping_status":"closed","template":"","meta":{"footnotes":""},"class_list":["post-7965","page","type-page","status-publish","hentry"],"_links":{"self":[{"href":"https:\/\/www.hauxmt.com\/cs\/wp-json\/wp\/v2\/pages\/7965","targetHints":{"allow":["GET"]}}],"collection":[{"href":"https:\/\/www.hauxmt.com\/cs\/wp-json\/wp\/v2\/pages"}],"about":[{"href":"https:\/\/www.hauxmt.com\/cs\/wp-json\/wp\/v2\/types\/page"}],"author":[{"embeddable":true,"href":"https:\/\/www.hauxmt.com\/cs\/wp-json\/wp\/v2\/users\/11"}],"replies":[{"embeddable":true,"href":"https:\/\/www.hauxmt.com\/cs\/wp-json\/wp\/v2\/comments?post=7965"}],"version-history":[{"count":10,"href":"https:\/\/www.hauxmt.com\/cs\/wp-json\/wp\/v2\/pages\/7965\/revisions"}],"predecessor-version":[{"id":7979,"href":"https:\/\/www.hauxmt.com\/cs\/wp-json\/wp\/v2\/pages\/7965\/revisions\/7979"}],"wp:attachment":[{"href":"https:\/\/www.hauxmt.com\/cs\/wp-json\/wp\/v2\/media?parent=7965"}],"curies":[{"name":"wp","href":"https:\/\/api.w.org\/{rel}","templated":true}]}}