{"id":4490,"date":"2022-12-12T12:53:29","date_gmt":"2022-12-12T11:53:29","guid":{"rendered":"https:\/\/haux-grinding.com\/?page_id=4490"},"modified":"2025-05-18T11:34:41","modified_gmt":"2025-05-18T09:34:41","slug":"elemento-impresor","status":"publish","type":"page","link":"https:\/\/www.hauxmt.com\/es\/elemento-impresor\/","title":{"rendered":"Pie de imprenta"},"content":{"rendered":"<div data-elementor-type=\"wp-page\" data-elementor-id=\"4490\" class=\"elementor elementor-4490\" data-elementor-post-type=\"page\">\n\t\t\t\t\t\t<section class=\"elementor-section elementor-top-section elementor-element elementor-element-110febd elementor-section-boxed elementor-section-height-default elementor-section-height-default\" data-id=\"110febd\" data-element_type=\"section\" data-e-type=\"section\">\n\t\t\t\t\t\t<div class=\"elementor-container elementor-column-gap-default\">\n\t\t\t\t\t<div class=\"elementor-column elementor-col-100 elementor-top-column elementor-element elementor-element-e4503c7\" data-id=\"e4503c7\" data-element_type=\"column\" data-e-type=\"column\">\n\t\t\t<div class=\"elementor-widget-wrap elementor-element-populated\">\n\t\t\t\t\t\t<div class=\"elementor-element elementor-element-f2a5322 elementor--h-position-center elementor--v-position-middle elementor-arrows-position-inside elementor-pagination-position-inside elementor-widget elementor-widget-slides\" data-id=\"f2a5322\" data-element_type=\"widget\" data-e-type=\"widget\" data-settings=\"{&quot;navigation&quot;:&quot;both&quot;,&quot;autoplay&quot;:&quot;yes&quot;,&quot;pause_on_hover&quot;:&quot;yes&quot;,&quot;pause_on_interaction&quot;:&quot;yes&quot;,&quot;autoplay_speed&quot;:5000,&quot;infinite&quot;:&quot;yes&quot;,&quot;transition&quot;:&quot;slide&quot;,&quot;transition_speed&quot;:500}\" data-widget_type=\"slides.default\">\n\t\t\t\t<div class=\"elementor-widget-container\">\n\t\t\t\t\t\t\t\t\t<div class=\"elementor-swiper\">\n\t\t\t\t\t<div class=\"elementor-slides-wrapper elementor-main-swiper swiper\" role=\"region\" aria-roledescription=\"carousel\" aria-label=\"Deslizador\" dir=\"ltr\" data-animation=\"fadeInUp\">\n\t\t\t\t<div class=\"swiper-wrapper elementor-slides\">\n\t\t\t\t\t\t\t\t\t\t<div class=\"elementor-repeater-item-933682c swiper-slide\" role=\"group\" aria-roledescription=\"slide\"><div class=\"swiper-slide-bg\" role=\"img\" aria-label=\"Haux Geb\u00e4ude Banner\"><\/div><div class=\"swiper-slide-inner\" ><div class=\"swiper-slide-contents\"><\/div><\/div><\/div>\t\t\t\t<\/div>\n\t\t\t\t\t\t\t<\/div>\n\t\t\t\t<\/div>\n\t\t\t\t\t\t\t\t<\/div>\n\t\t\t\t<\/div>\n\t\t\t\t\t<\/div>\n\t\t<\/div>\n\t\t\t\t\t<\/div>\n\t\t<\/section>\n\t\t\t\t<section class=\"elementor-section elementor-top-section elementor-element elementor-element-5e3ddd6 elementor-section-boxed elementor-section-height-default elementor-section-height-default\" data-id=\"5e3ddd6\" data-element_type=\"section\" data-e-type=\"section\">\n\t\t\t\t\t\t<div class=\"elementor-container elementor-column-gap-default\">\n\t\t\t\t\t<div class=\"elementor-column elementor-col-100 elementor-top-column elementor-element elementor-element-078064f\" data-id=\"078064f\" data-element_type=\"column\" data-e-type=\"column\">\n\t\t\t<div class=\"elementor-widget-wrap elementor-element-populated\">\n\t\t\t\t\t\t<div class=\"elementor-element elementor-element-33a9c11 elementor-widget elementor-widget-text-editor\" data-id=\"33a9c11\" data-element_type=\"widget\" data-e-type=\"widget\" data-widget_type=\"text-editor.default\">\n\t\t\t\t<div class=\"elementor-widget-container\">\n\t\t\t\t\t\t\t\t\t<p style=\"text-align: center;\">HAUX M\u00e1quinas-Herramienta GmbH<br \/>Ebinger Str. 50<br \/>72510 Stetten a. k. M.<br \/>Alemania<\/p><p style=\"text-align: center;\">Tel\u00e9fono +49 (0)7573 95455-0<br \/>Fax +49 (0)7573 95455-30<\/p><p style=\"text-align: center;\">Internet:\u00a0<a href=\"http:\/\/www.hauxmt.com\/es\/\" target=\"_blank\" rel=\"noopener noreferrer\">https:\/\/hauxmt.com<br \/><\/a>Correo electr\u00f3nico:\u00a0<a href=\"mailto:info@hauxmt.com\">info@hauxmt.com<\/a><\/p><p style=\"text-align: center;\">Director General autorizado para representar a la empresa:<br \/>Sr. Claudius Braun<\/p><p style=\"text-align: center;\">Tribunal de registro: Ulm<br \/>N\u00famero de registro: HRB 749005<\/p><p style=\"text-align: center;\">CIF: DE400071143<\/p>\t\t\t\t\t\t\t\t<\/div>\n\t\t\t\t<\/div>\n\t\t\t\t\t<\/div>\n\t\t<\/div>\n\t\t\t\t\t<\/div>\n\t\t<\/section>\n\t\t\t\t<section class=\"elementor-section elementor-top-section elementor-element elementor-element-1433d99 elementor-section-boxed elementor-section-height-default elementor-section-height-default\" data-id=\"1433d99\" data-element_type=\"section\" data-e-type=\"section\">\n\t\t\t\t\t\t<div class=\"elementor-container elementor-column-gap-default\">\n\t\t\t\t\t<div class=\"elementor-column elementor-col-100 elementor-top-column elementor-element elementor-element-c02849a\" data-id=\"c02849a\" data-element_type=\"column\" data-e-type=\"column\">\n\t\t\t<div class=\"elementor-widget-wrap elementor-element-populated\">\n\t\t\t\t\t\t<div class=\"elementor-element elementor-element-20b48f2 elementor-widget elementor-widget-heading\" data-id=\"20b48f2\" data-element_type=\"widget\" data-e-type=\"widget\" data-widget_type=\"heading.default\">\n\t\t\t\t<div class=\"elementor-widget-container\">\n\t\t\t\t\t<h2 class=\"elementor-heading-title elementor-size-default\">Exclusi\u00f3n de responsabilidad<\/h2>\t\t\t\t<\/div>\n\t\t\t\t<\/div>\n\t\t\t\t\t<\/div>\n\t\t<\/div>\n\t\t\t\t\t<\/div>\n\t\t<\/section>\n\t\t\t\t<section class=\"elementor-section elementor-top-section elementor-element elementor-element-7347844 elementor-section-boxed elementor-section-height-default elementor-section-height-default\" data-id=\"7347844\" data-element_type=\"section\" data-e-type=\"section\">\n\t\t\t\t\t\t<div class=\"elementor-container elementor-column-gap-default\">\n\t\t\t\t\t<div class=\"elementor-column elementor-col-100 elementor-top-column elementor-element elementor-element-0b68990\" data-id=\"0b68990\" data-element_type=\"column\" data-e-type=\"column\">\n\t\t\t<div class=\"elementor-widget-wrap elementor-element-populated\">\n\t\t\t\t\t\t<div class=\"elementor-element elementor-element-b56a75d elementor-widget elementor-widget-text-editor\" data-id=\"b56a75d\" data-element_type=\"widget\" data-e-type=\"widget\" data-widget_type=\"text-editor.default\">\n\t\t\t\t<div class=\"elementor-widget-container\">\n\t\t\t\t\t\t\t\t\t<p class=\"bodytext\"><b>Responsabilidad por los contenidos<\/b><br \/>Como proveedor de servicios, somos responsables de los contenidos propios de estas p\u00e1ginas de acuerdo con el art\u00edculo 7 (1) de la TMG (Ley alemana de medios de telecomunicaci\u00f3n) y la legislaci\u00f3n general. Sin embargo, seg\u00fan los \u00a7\u00a7 8 a 10 de la TMG, como proveedor de servicios no estamos obligados a controlar la informaci\u00f3n ajena transmitida o almacenada ni a investigar circunstancias que indiquen una actividad ilegal. Esto no afecta a las obligaciones de eliminar o bloquear el uso de informaci\u00f3n de conformidad con la legislaci\u00f3n general. Sin embargo, la responsabilidad a este respecto s\u00f3lo es posible a partir del momento en que se tiene conocimiento de una infracci\u00f3n concreta. En cuanto tengamos conocimiento de tales infracciones, eliminaremos inmediatamente estos contenidos.<\/p><p class=\"bodytext\"><b>Responsabilidad de los enlaces<\/b><br \/>Nuestro sitio web contiene enlaces a sitios web externos de terceros sobre cuyo contenido no tenemos ninguna influencia. Por lo tanto, no podemos aceptar ninguna responsabilidad por este contenido de terceros. El respectivo proveedor u operador de las p\u00e1ginas es siempre responsable del contenido de las p\u00e1ginas enlazadas. Las p\u00e1ginas enlazadas fueron revisadas en el momento de su vinculaci\u00f3n para detectar posibles infracciones legales. En el momento de establecer el enlace no se detectaron contenidos ilegales. Sin embargo, no es razonable un control permanente de los contenidos de las p\u00e1ginas enlazadas sin pruebas concretas de una infracci\u00f3n. Si tenemos conocimiento de alguna infracci\u00f3n legal, eliminaremos dichos enlaces inmediatamente.<\/p><p class=\"bodytext\"><b>Copyright<\/b><br \/>Los contenidos y obras creados por los operadores del sitio en estas p\u00e1ginas est\u00e1n sujetos a la legislaci\u00f3n alemana sobre derechos de autor. La reproducci\u00f3n, el procesamiento, la distribuci\u00f3n y cualquier tipo de utilizaci\u00f3n fuera de los l\u00edmites de la ley de derechos de autor requieren el consentimiento por escrito del respectivo autor o creador. Las descargas y copias de este sitio s\u00f3lo est\u00e1n permitidas para uso privado y no comercial. En la medida en que el contenido de este sitio no haya sido creado por el operador, se respetan los derechos de autor de terceros. En particular, los contenidos de terceros est\u00e1n etiquetados como tales. No obstante, si tiene conocimiento de una infracci\u00f3n de los derechos de autor, le rogamos que nos lo comunique. Si tenemos conocimiento de alguna infracci\u00f3n, eliminaremos inmediatamente dicho contenido.<\/p><p>\u00a0<\/p>\t\t\t\t\t\t\t\t<\/div>\n\t\t\t\t<\/div>\n\t\t\t\t\t<\/div>\n\t\t<\/div>\n\t\t\t\t\t<\/div>\n\t\t<\/section>\n\t\t\t\t<section class=\"elementor-section elementor-top-section elementor-element elementor-element-c282ccd elementor-section-boxed elementor-section-height-default elementor-section-height-default\" data-id=\"c282ccd\" data-element_type=\"section\" data-e-type=\"section\">\n\t\t\t\t\t\t<div class=\"elementor-container elementor-column-gap-default\">\n\t\t\t\t\t<div class=\"elementor-column elementor-col-100 elementor-top-column elementor-element elementor-element-2dad4cc\" data-id=\"2dad4cc\" data-element_type=\"column\" data-e-type=\"column\">\n\t\t\t<div class=\"elementor-widget-wrap elementor-element-populated\">\n\t\t\t\t\t\t<div class=\"elementor-element elementor-element-5f371cb elementor-widget elementor-widget-heading\" data-id=\"5f371cb\" data-element_type=\"widget\" data-e-type=\"widget\" data-widget_type=\"heading.default\">\n\t\t\t\t<div class=\"elementor-widget-container\">\n\t\t\t\t\t<h2 class=\"elementor-heading-title elementor-size-default\">Pol\u00edtica de privacidad<\/h2>\t\t\t\t<\/div>\n\t\t\t\t<\/div>\n\t\t\t\t\t<\/div>\n\t\t<\/div>\n\t\t\t\t\t<\/div>\n\t\t<\/section>\n\t\t\t\t<section class=\"elementor-section elementor-top-section elementor-element elementor-element-3df13e7 elementor-section-boxed elementor-section-height-default elementor-section-height-default\" data-id=\"3df13e7\" data-element_type=\"section\" data-e-type=\"section\">\n\t\t\t\t\t\t<div class=\"elementor-container elementor-column-gap-default\">\n\t\t\t\t\t<div class=\"elementor-column elementor-col-100 elementor-top-column elementor-element elementor-element-08e0f2f\" data-id=\"08e0f2f\" data-element_type=\"column\" data-e-type=\"column\">\n\t\t\t<div class=\"elementor-widget-wrap elementor-element-populated\">\n\t\t\t\t\t\t<div class=\"elementor-element elementor-element-12246fd elementor-widget elementor-widget-text-editor\" data-id=\"12246fd\" data-element_type=\"widget\" data-e-type=\"widget\" data-widget_type=\"text-editor.default\">\n\t\t\t\t<div class=\"elementor-widget-container\">\n\t\t\t\t\t\t\t\t\t<h3 style=\"text-align: center;\"><b>Pol\u00edtica de privacidad para el uso de Google Analytics<\/b><\/h3><p class=\"bodytext\" style=\"text-align: center;\">Este sitio web utiliza Google Analytics, un servicio anal\u00edtico de web prestado por Google Inc (\"Google\"). Google Analytics utiliza \"cookies\", que son archivos de texto ubicados en su ordenador, para ayudar al website a analizar el uso que hacen los usuarios del sitio web. La informaci\u00f3n que genera la cookie acerca de su uso de este sitio web normalmente se transfiere a un servidor de Google en los EE.UU. y se almacena all\u00ed. Sin embargo, si se activa la anonimizaci\u00f3n de IP en este sitio web, su direcci\u00f3n IP ser\u00e1 acortada previamente por Google dentro de los estados miembros de la Uni\u00f3n Europea o en otros estados contratantes del Acuerdo sobre el Espacio Econ\u00f3mico Europeo. S\u00f3lo en casos excepcionales se transmitir\u00e1 la direcci\u00f3n IP completa a un servidor de Google en EE.UU. y se truncar\u00e1 all\u00ed. Por encargo del operador de este sitio web, Google usar\u00e1 esta informaci\u00f3n para analizar su uso del sitio web, recopilar informes de la actividad del sitio web y prestar otros servicios relacionados con la actividad del sitio web y el uso de Internet al operador del sitio web. La direcci\u00f3n IP transmitida por su navegador como parte de Google Analytics no se fusionar\u00e1 con otros datos de Google. Usted puede rechazar el uso de cookies, mediante la selecci\u00f3n de la configuraci\u00f3n apropiada de su navegador, sin embargo, tenga en cuenta que si lo hace es posible que no pueda utilizar todas las funciones de este sitio web. Tambi\u00e9n puede evitar que Google recopile los datos generados por la cookie y relacionados con su uso del sitio web (incluida su direcci\u00f3n IP) y que Google procese estos datos haciendo clic en el siguiente enlace (<a class=\"_blank\" href=\"https:\/\/www.abakus.de\/http:\/\/\" target=\"tools.google.com\/dlpage\/gaoptout?hl=de\" rel=\"noopener noreferrer\">http:\/\/tools.google.com\/dlpage\/gaoptout?hl=de<\/a>) para descargar e instalar el plugin de navegador disponible.<\/p><p class=\"bodytext\" style=\"text-align: center;\">Puede evitar que Google Analytics recopile sus datos haciendo clic en el siguiente enlace. Se instalar\u00e1 una cookie de inhabilitaci\u00f3n para impedir la futura recopilaci\u00f3n de sus datos cuando visite este sitio web:\u00a0<a>Desactivar Google Analytics<\/a><\/p><p class=\"bodytext\" style=\"text-align: center;\">Encontrar\u00e1 m\u00e1s informaci\u00f3n sobre las condiciones de uso y la protecci\u00f3n de datos en\u00a0<a href=\"http:\/\/www.google.com\/analytics\/terms\/de.html\" target=\"_blank\" rel=\"noopener noreferrer\">http:\/\/www.google.com\/analytics\/terms\/de.html<\/a>\u00a0o bajo\u00a0<a href=\"https:\/\/www.google.de\/intl\/de\/policies\/\" target=\"_blank\" rel=\"noopener noreferrer\">https:\/\/www.google.de\/intl\/de\/policies\/<\/a>. Nos gustar\u00eda se\u00f1alar que en este sitio web Google Analytics se ha ampliado con el c\u00f3digo \"anonymizeIp\" para garantizar la recopilaci\u00f3n an\u00f3nima de direcciones IP (el llamado enmascaramiento de IP).<\/p><h3 style=\"text-align: center;\">Contenido del sitio web<\/h3><p class=\"bodytext\" style=\"text-align: center;\">Los contenidos de este sitio web tienen car\u00e1cter meramente informativo y constituyen un servicio prestado por HAUX GmbH. No asumimos ninguna responsabilidad por la actualidad, exactitud e integridad de los contenidos y servicios e informaciones de esta p\u00e1gina web. No asumimos responsabilidad alguna por da\u00f1os materiales o inmateriales causados por el uso de informaci\u00f3n incorrecta o incompleta. Nos reservamos el derecho a modificar y actualizar el contenido sin previo aviso.<\/p><h3 style=\"text-align: center;\">Recogida an\u00f3nima de datos<\/h3><p class=\"bodytext\" style=\"text-align: center;\">Cuando usted accede a nuestro sitio web, nuestros servidores web recogen autom\u00e1ticamente informaci\u00f3n de car\u00e1cter general. Esto incluye el tipo de navegador web, el sistema operativo utilizado, el nombre de dominio del proveedor de servicios de Internet, la direcci\u00f3n IP del ordenador utilizado, el sitio web desde el que nos visita, las p\u00e1ginas que visita en nuestro sitio web y la fecha y duraci\u00f3n de su visita. Se trata exclusivamente de informaci\u00f3n que no permite sacar conclusiones sobre su persona. S\u00f3lo analizamos estos datos con fines estad\u00edsticos y de forma an\u00f3nima.<\/p><h3 style=\"text-align: center;\">Recogida y tratamiento de datos personales<\/h3><p class=\"bodytext\" style=\"text-align: center;\">Los datos personales s\u00f3lo se recogen si usted los facilita voluntariamente, por ejemplo para cumplimentar un pedido, una encuesta o registrarse para recibir servicios personalizados. Se le informar\u00e1 de la finalidad prevista del tratamiento y, en caso necesario, se le pedir\u00e1 su consentimiento para el almacenamiento.<\/p><h3 style=\"text-align: center;\">Uso y divulgaci\u00f3n de los datos recogidos<\/h3><p class=\"bodytext\" style=\"text-align: center;\">Los datos personales recogidos en nuestro sitio web s\u00f3lo se utilizar\u00e1n sin su consentimiento para la tramitaci\u00f3n de pedidos o la tramitaci\u00f3n de sus consultas. Adem\u00e1s, sus datos se utilizar\u00e1n en una base de datos de clientes y posibles clientes gestionada de forma centralizada bajo la responsabilidad de HAUX GmbH. El uso de estos datos est\u00e1 restringido a fines publicitarios y de investigaci\u00f3n de mercado y de opini\u00f3n por parte de HAUX GmbH. Puede revocar su consentimiento en cualquier momento con efecto para el futuro. Sus datos no se vender\u00e1n, alquilar\u00e1n ni pondr\u00e1n a disposici\u00f3n de terceros de ninguna otra forma. Los datos personales s\u00f3lo se transmitir\u00e1n a instituciones y autoridades estatales en el marco de la legislaci\u00f3n nacional obligatoria. Nuestros empleados est\u00e1n obligados por nosotros a mantener la m\u00e1s estricta confidencialidad.<\/p><h3 style=\"text-align: center;\">Seguridad<\/h3><p class=\"bodytext\" style=\"text-align: center;\">HAUX GmbH utiliza medidas de seguridad t\u00e9cnicas y organizativas para proteger sus datos gestionados por nosotros contra la manipulaci\u00f3n accidental o intencionada, la p\u00e9rdida, la destrucci\u00f3n o el acceso por parte de personas no autorizadas. Nuestras medidas de seguridad se mejoran continuamente en funci\u00f3n de los avances tecnol\u00f3gicos.<\/p><h3 style=\"text-align: center;\">Derechos de marca y de autor<\/h3><p class=\"bodytext\" style=\"text-align: center;\">Todos los nombres de marca y marcas comerciales mencionados en este sitio web y posiblemente protegidos por terceros est\u00e1n sujetos sin restricciones a las disposiciones de la ley de etiquetado aplicable y a los derechos de propiedad de los respectivos propietarios registrados. Queda prohibida la reproducci\u00f3n total o parcial sin la autorizaci\u00f3n por escrito de HAUX GmbH.<\/p>\t\t\t\t\t\t\t\t<\/div>\n\t\t\t\t<\/div>\n\t\t\t\t\t<\/div>\n\t\t<\/div>\n\t\t\t\t\t<\/div>\n\t\t<\/section>\n\t\t\t\t<section class=\"elementor-section elementor-top-section elementor-element elementor-element-df67c49 elementor-section-boxed elementor-section-height-default elementor-section-height-default\" data-id=\"df67c49\" data-element_type=\"section\" data-e-type=\"section\">\n\t\t\t\t\t\t<div class=\"elementor-container elementor-column-gap-default\">\n\t\t\t\t\t<div class=\"elementor-column elementor-col-50 elementor-top-column elementor-element elementor-element-0a74a4f\" data-id=\"0a74a4f\" data-element_type=\"column\" data-e-type=\"column\">\n\t\t\t<div class=\"elementor-widget-wrap elementor-element-populated\">\n\t\t\t\t\t\t<div class=\"elementor-element elementor-element-c63b7d7 elementor-widget elementor-widget-heading\" data-id=\"c63b7d7\" data-element_type=\"widget\" data-e-type=\"widget\" data-widget_type=\"heading.default\">\n\t\t\t\t<div class=\"elementor-widget-container\">\n\t\t\t\t\t<h2 class=\"elementor-heading-title elementor-size-default\">CONTACTO<\/h2>\t\t\t\t<\/div>\n\t\t\t\t<\/div>\n\t\t\t\t<div class=\"elementor-element elementor-element-af89acc elementor-align-left elementor-widget elementor-widget-button\" data-id=\"af89acc\" data-element_type=\"widget\" data-e-type=\"widget\" data-widget_type=\"button.default\">\n\t\t\t\t<div class=\"elementor-widget-container\">\n\t\t\t\t\t\t\t\t\t<div class=\"elementor-button-wrapper\">\n\t\t\t\t\t<a class=\"elementor-button elementor-button-link elementor-size-lg\" href=\"mailto:info@hauxgmbh.de\">\n\t\t\t\t\t\t<span class=\"elementor-button-content-wrapper\">\n\t\t\t\t\t\t\t\t\t<span class=\"elementor-button-text\">P\u00f3ngase en contacto con nosotros<\/span>\n\t\t\t\t\t<\/span>\n\t\t\t\t\t<\/a>\n\t\t\t\t<\/div>\n\t\t\t\t\t\t\t\t<\/div>\n\t\t\t\t<\/div>\n\t\t\t\t\t<\/div>\n\t\t<\/div>\n\t\t\t\t<div class=\"elementor-column elementor-col-50 elementor-top-column elementor-element elementor-element-28133cd\" data-id=\"28133cd\" data-element_type=\"column\" data-e-type=\"column\">\n\t\t\t<div class=\"elementor-widget-wrap elementor-element-populated\">\n\t\t\t\t\t\t<div class=\"elementor-element elementor-element-d133345 elementor-widget elementor-widget-heading\" data-id=\"d133345\" data-element_type=\"widget\" data-e-type=\"widget\" data-widget_type=\"heading.default\">\n\t\t\t\t<div class=\"elementor-widget-container\">\n\t\t\t\t\t<h2 class=\"elementor-heading-title elementor-size-default\">S\u00cdGUENOS<\/h2>\t\t\t\t<\/div>\n\t\t\t\t<\/div>\n\t\t\t\t<div class=\"elementor-element elementor-element-f803f60 e-grid-align-right elementor-shape-rounded elementor-grid-0 elementor-widget elementor-widget-social-icons\" data-id=\"f803f60\" data-element_type=\"widget\" data-e-type=\"widget\" data-widget_type=\"social-icons.default\">\n\t\t\t\t<div class=\"elementor-widget-container\">\n\t\t\t\t\t\t\t<div class=\"elementor-social-icons-wrapper elementor-grid\" role=\"list\">\n\t\t\t\t\t\t\t<span class=\"elementor-grid-item\" role=\"listitem\">\n\t\t\t\t\t<a class=\"elementor-icon elementor-social-icon elementor-social-icon-linkedin elementor-animation-push elementor-repeater-item-4e8bba4\" href=\"https:\/\/de.linkedin.com\/company\/haux-maschinenbau-gmbh\" target=\"_blank\">\n\t\t\t\t\t\t<span class=\"elementor-screen-only\">Linkedin<\/span>\n\t\t\t\t\t\t<i aria-hidden=\"true\" class=\"fab fa-linkedin\"><\/i>\t\t\t\t\t<\/a>\n\t\t\t\t<\/span>\n\t\t\t\t\t\t\t<span class=\"elementor-grid-item\" role=\"listitem\">\n\t\t\t\t\t<a class=\"elementor-icon elementor-social-icon elementor-social-icon-youtube elementor-animation-push elementor-repeater-item-6d41c43\" href=\"https:\/\/www.youtube.com\/@haux-grinding\" target=\"_blank\">\n\t\t\t\t\t\t<span class=\"elementor-screen-only\">Youtube<\/span>\n\t\t\t\t\t\t<i aria-hidden=\"true\" class=\"fab fa-youtube\"><\/i>\t\t\t\t\t<\/a>\n\t\t\t\t<\/span>\n\t\t\t\t\t\t\t<span class=\"elementor-grid-item\" role=\"listitem\">\n\t\t\t\t\t<a class=\"elementor-icon elementor-social-icon elementor-social-icon-instagram elementor-animation-push elementor-repeater-item-ec634b9\" href=\"https:\/\/www.instagram.com\/haux_maschinenbau_gmbh\/\" target=\"_blank\">\n\t\t\t\t\t\t<span class=\"elementor-screen-only\">Instagram<\/span>\n\t\t\t\t\t\t<i aria-hidden=\"true\" class=\"fab fa-instagram\"><\/i>\t\t\t\t\t<\/a>\n\t\t\t\t<\/span>\n\t\t\t\t\t<\/div>\n\t\t\t\t\t\t<\/div>\n\t\t\t\t<\/div>\n\t\t\t\t\t<\/div>\n\t\t<\/div>\n\t\t\t\t\t<\/div>\n\t\t<\/section>\n\t\t\t\t<\/div>","protected":false},"excerpt":{"rendered":"<p>HAUX Machine Tools GmbHEbinger Str. 5072510 Stetten a. k. M.Germany Telefon +49 (0)7573 \u00a095455-0Telefax +49 (0)7573 \u00a095455-30 Internet:\u00a0https:\/\/hauxmt.comE-mail:\u00a0info@hauxmt.com Vertretungsberechtigter Gesch\u00e4ftsf\u00fchrer:Herr Claudius Braun Registergericht: UlmRegisternummer: HRB 749005 USt-IdNr.: DE400071143 Haftungsausschluss (Disclaimer) Haftung f\u00fcr InhalteAls Diensteanbieter sind wir gem\u00e4\u00df \u00a7 7 Abs.1 TMG f\u00fcr eigene Inhalte auf diesen Seiten nach den allgemeinen Gesetzen verantwortlich. Nach \u00a7\u00a7 8 bis 10 TMG sind wir<\/p>","protected":false},"author":8,"featured_media":0,"parent":0,"menu_order":0,"comment_status":"closed","ping_status":"closed","template":"","meta":{"footnotes":""},"class_list":["post-4490","page","type-page","status-publish","hentry"],"_links":{"self":[{"href":"https:\/\/www.hauxmt.com\/es\/wp-json\/wp\/v2\/pages\/4490","targetHints":{"allow":["GET"]}}],"collection":[{"href":"https:\/\/www.hauxmt.com\/es\/wp-json\/wp\/v2\/pages"}],"about":[{"href":"https:\/\/www.hauxmt.com\/es\/wp-json\/wp\/v2\/types\/page"}],"author":[{"embeddable":true,"href":"https:\/\/www.hauxmt.com\/es\/wp-json\/wp\/v2\/users\/8"}],"replies":[{"embeddable":true,"href":"https:\/\/www.hauxmt.com\/es\/wp-json\/wp\/v2\/comments?post=4490"}],"version-history":[{"count":49,"href":"https:\/\/www.hauxmt.com\/es\/wp-json\/wp\/v2\/pages\/4490\/revisions"}],"predecessor-version":[{"id":7997,"href":"https:\/\/www.hauxmt.com\/es\/wp-json\/wp\/v2\/pages\/4490\/revisions\/7997"}],"wp:attachment":[{"href":"https:\/\/www.hauxmt.com\/es\/wp-json\/wp\/v2\/media?parent=4490"}],"curies":[{"name":"wp","href":"https:\/\/api.w.org\/{rel}","templated":true}]}}