{"id":5331,"date":"2022-12-21T10:55:44","date_gmt":"2022-12-21T09:55:44","guid":{"rendered":"https:\/\/haux-grinding.com\/?page_id=5331"},"modified":"2024-11-06T08:22:22","modified_gmt":"2024-11-06T07:22:22","slug":"elementor-de-proteccion-de-datos","status":"publish","type":"page","link":"https:\/\/www.hauxmt.com\/es\/elementor-de-proteccion-de-datos\/","title":{"rendered":"Protecci\u00f3n de datos"},"content":{"rendered":"<div data-elementor-type=\"wp-page\" data-elementor-id=\"5331\" class=\"elementor elementor-5331\" data-elementor-post-type=\"page\">\n\t\t\t\t\t\t<section class=\"elementor-section elementor-top-section elementor-element elementor-element-d5f4317 elementor-section-boxed elementor-section-height-default elementor-section-height-default\" data-id=\"d5f4317\" data-element_type=\"section\" data-e-type=\"section\">\n\t\t\t\t\t\t<div class=\"elementor-container elementor-column-gap-default\">\n\t\t\t\t\t<div class=\"elementor-column elementor-col-100 elementor-top-column elementor-element elementor-element-df3293b\" data-id=\"df3293b\" data-element_type=\"column\" data-e-type=\"column\">\n\t\t\t<div class=\"elementor-widget-wrap elementor-element-populated\">\n\t\t\t\t\t\t<div class=\"elementor-element elementor-element-0d5da70 elementor-widget elementor-widget-text-editor\" data-id=\"0d5da70\" data-element_type=\"widget\" data-e-type=\"widget\" data-widget_type=\"text-editor.default\">\n\t\t\t\t<div class=\"elementor-widget-container\">\n\t\t\t\t\t\t\t\t\t<h3 style=\"text-align: center;\"><span style=\"color: #2b3d89;\">Informaci\u00f3n jur\u00eddica<\/span><\/h3>\n<p style=\"text-align: center;\">Tenga en cuenta que la informaci\u00f3n de este sitio puede contener imprecisiones t\u00e9cnicas o errores tipogr\u00e1ficos. Nos reservamos el derecho a modificar o actualizar la informaci\u00f3n de este sitio en cualquier momento y sin previo aviso. Todas las obras o partes de obras publicadas en nuestras p\u00e1ginas de Internet, como textos, archivos, composiciones e im\u00e1genes, est\u00e1n protegidas por la legislaci\u00f3n sobre derechos de autor o patentes de dise\u00f1o. Cualquier otra publicaci\u00f3n, duplicaci\u00f3n, distribuci\u00f3n u otro uso -incluso en extractos- requiere la autorizaci\u00f3n por escrito del operador del sitio.<\/p>\n<p style=\"text-align: center;\">\n<\/p><div class=\"ce_text block\">\n<h2 style=\"text-align: center;\"><span style=\"color: #2b3d89;\">Pol\u00edtica de privacidad<\/span><\/h2>\n<p style=\"text-align: center;\">\n<\/p><h2 style=\"text-align: center;\"><span style=\"color: #2b3d89;\">1. la protecci\u00f3n de datos de un vistazo<\/span><\/h2>\n<h3 style=\"text-align: center;\"><span style=\"color: #2b3d89;\">Informaci\u00f3n general<\/span><\/h3>\n<p style=\"text-align: center;\">La siguiente informaci\u00f3n ofrece una visi\u00f3n general de lo que ocurre con sus datos personales cuando visita nuestro sitio web. Por datos personales se entiende cualquier dato que pueda utilizarse para identificarle personalmente. Encontrar\u00e1 informaci\u00f3n detallada sobre el tema de la protecci\u00f3n de datos en nuestra declaraci\u00f3n de protecci\u00f3n de datos que figura debajo de este texto.<\/p>\n<h3 style=\"text-align: center;\"><span style=\"color: #2b3d89;\">Recogida de datos en nuestro sitio web<\/span><\/h3>\n<p style=\"text-align: center;\"><span style=\"color: #2b3d89;\"><strong>\u00bfQui\u00e9n es responsable de la recogida de datos en este sitio web?<\/strong><\/span><\/p>\n<p style=\"text-align: center;\">El tratamiento de datos en este sitio web corre a cargo del operador del sitio web. Encontrar\u00e1 los datos de contacto del operador en el aviso legal de este sitio web.<\/p>\n<p style=\"text-align: center;\"><span style=\"color: #2b3d89;\"><strong>\u00bfC\u00f3mo recogemos sus datos?<\/strong><\/span><\/p>\n<p style=\"text-align: center;\">Por un lado, sus datos se recogen cuando usted nos los facilita. Puede tratarse, por ejemplo, de datos que usted introduce en un formulario de contacto.<\/p>\n<p style=\"text-align: center;\">Nuestros sistemas inform\u00e1ticos recogen autom\u00e1ticamente otros datos cuando usted visita el sitio web. Se trata principalmente de datos t\u00e9cnicos (por ejemplo, navegador de Internet, sistema operativo o tiempo de visualizaci\u00f3n de la p\u00e1gina). Estos datos se recogen autom\u00e1ticamente en cuanto usted entra en nuestro sitio web.<\/p>\n<p style=\"text-align: center;\"><span style=\"color: #2b3d89;\"><strong>\u00bfPara qu\u00e9 utilizamos sus datos?<\/strong><\/span><\/p>\n<p style=\"text-align: center;\">Algunos de los datos se recogen para garantizar que el sitio web se ofrece sin errores. Otros datos pueden utilizarse para analizar su comportamiento como usuario.<\/p>\n<p style=\"text-align: center;\"><span style=\"color: #2b3d89;\"><strong>\u00bfQu\u00e9 derechos tiene sobre sus datos?<\/strong><\/span><\/p>\n<p style=\"text-align: center;\">Tiene derecho a recibir informaci\u00f3n gratuita en cualquier momento sobre el origen, el destinatario y la finalidad de sus datos personales almacenados. Tambi\u00e9n tiene derecho a solicitar la correcci\u00f3n, el bloqueo o la supresi\u00f3n de estos datos. Puede ponerse en contacto con nosotros en cualquier momento en la direcci\u00f3n indicada en el aviso legal si tiene m\u00e1s preguntas sobre el tema de la protecci\u00f3n de datos. Tambi\u00e9n tiene derecho a presentar una reclamaci\u00f3n ante la autoridad de control competente.<\/p>\n<h3 style=\"text-align: center;\"><span style=\"color: #2b3d89;\">Herramientas de an\u00e1lisis y de terceros proveedores<\/span><\/h3>\n<p style=\"text-align: center;\">Cuando visita nuestro sitio web, su comportamiento de navegaci\u00f3n puede ser evaluado estad\u00edsticamente. Para ello se utilizan principalmente cookies y los denominados programas de an\u00e1lisis. El an\u00e1lisis de su comportamiento de navegaci\u00f3n suele ser an\u00f3nimo; el comportamiento de navegaci\u00f3n no puede ser rastreado hasta usted. Puede oponerse a este an\u00e1lisis o impedirlo no utilizando determinadas herramientas. Encontrar\u00e1 informaci\u00f3n detallada al respecto en la siguiente pol\u00edtica de privacidad.<\/p>\n<p style=\"text-align: center;\">Puede oponerse a este an\u00e1lisis. Le informaremos sobre las opciones de objeci\u00f3n en esta pol\u00edtica de privacidad.<\/p>\n<h2 style=\"text-align: center;\"><span style=\"color: #2b3d89;\">2 Notas generales e informaci\u00f3n obligatoria<\/span><\/h2>\n<h3 style=\"text-align: center;\"><span style=\"color: #2b3d89;\">Protecci\u00f3n de datos<\/span><\/h3>\n<p style=\"text-align: center;\">Los operadores de estas p\u00e1ginas se toman muy en serio la protecci\u00f3n de sus datos personales. Tratamos sus datos personales de forma confidencial y de conformidad con las disposiciones legales sobre protecci\u00f3n de datos y la presente pol\u00edtica de privacidad.<\/p>\n<p style=\"text-align: center;\">Cuando usted utiliza este sitio web, se recogen diversos datos personales. Los datos personales son datos que pueden utilizarse para identificarle personalmente. Esta pol\u00edtica de privacidad explica qu\u00e9 datos recogemos y para qu\u00e9 los utilizamos. Tambi\u00e9n explica c\u00f3mo y con qu\u00e9 fin lo hacemos.<\/p>\n<p style=\"text-align: center;\">Nos gustar\u00eda se\u00f1alar que la transmisi\u00f3n de datos a trav\u00e9s de Internet (por ejemplo, cuando se comunica por correo electr\u00f3nico) puede presentar lagunas de seguridad. No es posible proteger completamente los datos contra el acceso de terceros.<\/p>\n<h3 style=\"text-align: center;\"><span style=\"color: #2b3d89;\">Nota sobre el organismo responsable<\/span><\/h3>\n<p style=\"text-align: center;\">El responsable del tratamiento de datos en este sitio web es<\/p>\n<p style=\"text-align: center;\">HAUX M\u00e1quinas-Herramienta GmbH<br>Ebinger Str. 50<br>72510 Stetten a. k. M.<br>Alemania<\/p>\n<p style=\"text-align: center;\">Director General autorizado para representar a la empresa:<br>Claudio Braun<\/p>\n<p style=\"text-align: center;\">Tel\u00e9fono: +49 (0)7573 95455-0<br>Correo electr\u00f3nico: info@hauxgmbh.de<\/p>\n<p style=\"text-align: center;\">El responsable del tratamiento es la persona f\u00edsica o jur\u00eddica que, sola o conjuntamente con otras, determina los fines y medios del tratamiento de datos personales (por ejemplo, nombres, direcciones de correo electr\u00f3nico, etc.).<\/p>\n<h3 style=\"text-align: center;\"><span style=\"color: #2b3d89;\">Revocaci\u00f3n de su consentimiento para el tratamiento de datos<\/span><\/h3>\n<p style=\"text-align: center;\">Muchas operaciones de tratamiento de datos s\u00f3lo son posibles con su consentimiento expreso. Puede revocar el consentimiento que haya dado en cualquier momento. Basta con que nos env\u00ede un correo electr\u00f3nico informal. La legalidad del tratamiento de datos efectuado hasta la revocaci\u00f3n no se ver\u00e1 afectada por \u00e9sta.<\/p>\n<h3 style=\"text-align: center;\"><span style=\"color: #2b3d89;\">Derecho a presentar una reclamaci\u00f3n ante la autoridad de control competente<\/span><\/h3>\n<p style=\"text-align: center;\">En caso de infracci\u00f3n de la ley de protecci\u00f3n de datos, el interesado tiene derecho a presentar una reclamaci\u00f3n ante la autoridad de control competente. La autoridad de control competente en materia de protecci\u00f3n de datos es el delegado de protecci\u00f3n de datos del Estado federado en el que tiene su sede nuestra empresa. En el siguiente enlace encontrar\u00e1 una lista de los responsables de la protecci\u00f3n de datos y sus datos de contacto: <a href=\"https:\/\/www.bfdi.bund.de\/DE\/Infothek\/Anschriften_Links\/anschriften_links-node.html\" target=\"_blank\" rel=\"noopener noreferrer\">https:\/\/www.bfdi.bund.de\/DE\/Infothek\/Anschriften_Links\/anschriften_links-node.html<\/a>.<\/p>\n<h3 style=\"text-align: center;\"><span style=\"color: #2b3d89;\">Derecho a la portabilidad de los datos<\/span><\/h3>\n<p style=\"text-align: center;\">Usted tiene derecho a que los datos que tratamos autom\u00e1ticamente sobre la base de su consentimiento o en cumplimiento de un contrato le sean entregados a usted o a un tercero en un formato de uso com\u00fan legible por m\u00e1quina. Si solicita la transferencia directa de los datos a otro responsable del tratamiento, s\u00f3lo se har\u00e1 en la medida en que sea t\u00e9cnicamente viable.<\/p>\n<h3 style=\"text-align: center;\"><span style=\"color: #2b3d89;\">Cifrado SSL o TLS<\/span><\/h3>\n<p style=\"text-align: center;\">Este sitio utiliza cifrado SSL o TLS por motivos de seguridad y para proteger la transmisi\u00f3n de contenidos confidenciales, como pedidos o consultas que nos env\u00ede como operador del sitio. Puede reconocer una conexi\u00f3n cifrada por el hecho de que la l\u00ednea de direcci\u00f3n del navegador cambia de \"http:\/\/\" a \"https:\/\/\" y por el s\u00edmbolo del candado en la l\u00ednea de su navegador.<\/p>\n<p style=\"text-align: center;\">Si el cifrado SSL o TLS est\u00e1 activado, los datos que nos transmita no podr\u00e1n ser le\u00eddos por terceros.<\/p>\n<h2 style=\"text-align: center;\"><span style=\"color: #2b3d89;\">3. recogida de datos en nuestro sitio web<\/span><\/h2>\n<h3 style=\"text-align: center;\"><span style=\"color: #2b3d89;\">Cookies<\/span><\/h3>\n<p style=\"text-align: center;\">Algunas de las p\u00e1ginas de Internet utilizan las denominadas cookies. Las cookies no da\u00f1an su ordenador y no contienen virus. Las cookies se utilizan para que nuestro sitio web sea m\u00e1s f\u00e1cil de usar, eficaz y seguro. Las cookies son peque\u00f1os archivos de texto que se almacenan en su ordenador y que guarda su navegador.<\/p>\n<p style=\"text-align: center;\">La mayor\u00eda de las cookies que utilizamos son las denominadas \"cookies de sesi\u00f3n\". Se eliminan autom\u00e1ticamente al final de su visita. Otras cookies permanecen almacenadas en su dispositivo final hasta que usted las borra. Estas cookies nos permiten reconocer su navegador en su pr\u00f3xima visita.<\/p>\n<p style=\"text-align: center;\">Puede configurar su navegador para que le informe sobre la instalaci\u00f3n de cookies y permitirlas s\u00f3lo en casos individuales, excluir la aceptaci\u00f3n de cookies para determinados casos o en general y activar la eliminaci\u00f3n autom\u00e1tica de cookies al cerrar el navegador. Si se desactivan las cookies, la funcionalidad de este sitio web puede verse limitada.<\/p>\n<p style=\"text-align: center;\">Las cookies que son necesarias para llevar a cabo el proceso de comunicaci\u00f3n electr\u00f3nica o para proporcionar ciertas funciones que usted ha solicitado (por ejemplo, la funci\u00f3n de cesta de la compra) se almacenan sobre la base del Art. 6 para. 1 lit. f GDPR. El operador del sitio web tiene un inter\u00e9s leg\u00edtimo en el almacenamiento de cookies para la prestaci\u00f3n t\u00e9cnicamente libre de errores y optimizada de sus servicios. En la medida en que se almacenen otras cookies (por ejemplo, cookies para analizar su comportamiento de navegaci\u00f3n), estas se tratan por separado en esta pol\u00edtica de privacidad.<\/p>\n<h3 style=\"text-align: center;\"><span style=\"color: #2b3d89;\">Archivos de registro del servidor<\/span><\/h3>\n<p style=\"text-align: center;\">El proveedor de las p\u00e1ginas recoge y almacena autom\u00e1ticamente informaci\u00f3n en los denominados archivos de registro del servidor, que su navegador nos transmite autom\u00e1ticamente. \u00c9stos son<\/p>\n<ul style=\"text-align: center;\">\n<li>Tipo y versi\u00f3n del navegador<\/li>\n<li>Sistema operativo utilizado<\/li>\n<li>URL de referencia<\/li>\n<li>Nombre de host del ordenador de acceso<\/li>\n<li>Hora de la solicitud al servidor<\/li>\n<li>Direcci\u00f3n IP<\/li>\n<\/ul>\n<p style=\"text-align: center;\">Estos datos no se fusionan con otras fuentes de datos.<\/p>\n<p style=\"text-align: center;\">La base para el tratamiento de datos es el Art. 6 p\u00e1rrafo 1 lit. f GDPR, que permite el tratamiento de datos para el cumplimiento de un contrato o medidas precontractuales.<\/p>\n<h3 style=\"text-align: center;\"><span style=\"color: #2b3d89;\">Formulario de contacto<\/span><\/h3>\n<p style=\"text-align: center;\">Si nos env\u00eda consultas a trav\u00e9s del formulario de contacto, sus datos del formulario de consulta, incluidos los datos de contacto que nos facilite all\u00ed, ser\u00e1n almacenados por nosotros con el fin de procesar la consulta y en caso de preguntas de seguimiento. No transmitiremos estos datos sin su consentimiento.<\/p>\n<p style=\"text-align: center;\">Por lo tanto, los datos introducidos en el formulario de contacto se procesan exclusivamente sobre la base de su consentimiento (Art. 6 p\u00e1rrafo 1 lit. a GDPR). Puede revocar este consentimiento en cualquier momento. S\u00f3lo tiene que enviarnos un correo electr\u00f3nico informal. La legalidad de las operaciones de tratamiento de datos realizadas hasta la revocaci\u00f3n no se ver\u00e1 afectada por \u00e9sta.<\/p>\n<p style=\"text-align: center;\">Conservaremos los datos que nos facilite en el formulario de contacto hasta que solicite su supresi\u00f3n, revoque su consentimiento para su almacenamiento o el prop\u00f3sito de su almacenamiento deje de ser pertinente (por ejemplo, tras satisfacer su solicitud). Las disposiciones legales obligatorias -en particular los periodos de conservaci\u00f3n- no se ver\u00e1n afectadas.<\/p>\n<h2 style=\"text-align: center;\"><span style=\"color: #2b3d89;\">4. plugins y herramientas<\/span><\/h2>\n<h3 style=\"text-align: center;\"><span style=\"color: #2b3d89;\">Fuentes web de Google<\/span><\/h3>\n<p style=\"text-align: center;\">Este sitio utiliza las denominadas fuentes web proporcionadas por Google para la visualizaci\u00f3n estandarizada de fuentes. Al abrir una p\u00e1gina, su navegador carga las fuentes web necesarias en la memoria cach\u00e9 de su navegador para mostrar los textos y las fuentes correctamente.<\/p>\n<p style=\"text-align: center;\">Para ello, el navegador que est\u00e1 utilizando debe conectarse a los servidores de Google. Esto informa a Google de que se ha accedido a nuestro sitio web a trav\u00e9s de su direcci\u00f3n IP. El uso de Google Web Fonts redunda en inter\u00e9s de una presentaci\u00f3n uniforme y atractiva de nuestras ofertas en l\u00ednea. Esto constituye un inter\u00e9s leg\u00edtimo en el sentido del Art. 6 p\u00e1rrafo 1 lit. f GDPR.<\/p>\n<p style=\"text-align: center;\">Si su navegador no admite fuentes web, su ordenador utilizar\u00e1 una fuente est\u00e1ndar.<\/p>\n<p style=\"text-align: center;\">M\u00e1s informaci\u00f3n sobre Google Web Fonts en <a href=\"https:\/\/developers.google.com\/fonts\/faq\" target=\"_blank\" rel=\"noopener noreferrer\">https:\/\/developers.google.com\/fonts\/faq<\/a> y en la pol\u00edtica de privacidad de Google: <a href=\"https:\/\/www.google.com\/policies\/privacy\/\" target=\"_blank\" rel=\"noopener noreferrer\">https:\/\/www.google.com\/policies\/privacy\/<\/a>.<\/p>\n<h3 style=\"text-align: center;\"><span style=\"color: #2b3d89;\">Google Maps<\/span><\/h3>\n<p style=\"text-align: center;\">Este sitio utiliza el servicio de mapas de Google Maps a trav\u00e9s de una API. El proveedor es Google Inc, 1600 Amphitheatre Parkway, Mountain View, CA 94043, USA.<\/p>\n<p style=\"text-align: center;\">Para utilizar las funciones de Google Maps, es necesario guardar su direcci\u00f3n IP. Por lo general, esta informaci\u00f3n se transfiere a un servidor de Google en EE.UU. y se almacena all\u00ed. El proveedor de este sitio no tiene ninguna influencia sobre esta transferencia de datos.<\/p>\n<p style=\"text-align: center;\">El uso de Google Maps es en inter\u00e9s de una presentaci\u00f3n atractiva de nuestras ofertas en l\u00ednea y para facilitar la b\u00fasqueda de los lugares que hemos indicado en el sitio web. Esto constituye un inter\u00e9s leg\u00edtimo en el sentido del art. 6, apdo. 1, letra f del RGPD.<\/p>\n<p style=\"text-align: center;\">Encontrar\u00e1 m\u00e1s informaci\u00f3n sobre el tratamiento de los datos de los usuarios en la pol\u00edtica de privacidad de Google: <a href=\"https:\/\/www.google.de\/intl\/de\/policies\/privacy\/\" target=\"_blank\" rel=\"noopener noreferrer\">https:\/\/www.google.de\/intl\/de\/policies\/privacy\/<\/a>.<\/p>\n<\/div>\t\t\t\t\t\t\t\t<\/div>\n\t\t\t\t<\/div>\n\t\t\t\t\t<\/div>\n\t\t<\/div>\n\t\t\t\t\t<\/div>\n\t\t<\/section>\n\t\t\t\t<section class=\"elementor-section elementor-top-section elementor-element elementor-element-958d7ce elementor-section-stretched elementor-section-boxed elementor-section-height-default elementor-section-height-default\" data-id=\"958d7ce\" data-element_type=\"section\" data-e-type=\"section\" data-settings=\"{&quot;stretch_section&quot;:&quot;section-stretched&quot;}\">\n\t\t\t\t\t\t<div class=\"elementor-container elementor-column-gap-default\">\n\t\t\t\t\t<div class=\"elementor-column elementor-col-50 elementor-top-column elementor-element elementor-element-6cee103\" data-id=\"6cee103\" data-element_type=\"column\" data-e-type=\"column\">\n\t\t\t<div class=\"elementor-widget-wrap elementor-element-populated\">\n\t\t\t\t\t\t<div class=\"elementor-element elementor-element-1868f5c elementor-widget elementor-widget-heading\" data-id=\"1868f5c\" data-element_type=\"widget\" data-e-type=\"widget\" data-widget_type=\"heading.default\">\n\t\t\t\t<div class=\"elementor-widget-container\">\n\t\t\t\t\t<h2 class=\"elementor-heading-title elementor-size-default\">CONTACTO<\/h2>\t\t\t\t<\/div>\n\t\t\t\t<\/div>\n\t\t\t\t<div class=\"elementor-element elementor-element-cc679b7 elementor-align-left elementor-widget elementor-widget-button\" data-id=\"cc679b7\" data-element_type=\"widget\" data-e-type=\"widget\" data-widget_type=\"button.default\">\n\t\t\t\t<div class=\"elementor-widget-container\">\n\t\t\t\t\t\t\t\t\t<div class=\"elementor-button-wrapper\">\n\t\t\t\t\t<a class=\"elementor-button elementor-button-link elementor-size-lg\" href=\"mailto:info@hauxgmbh.de\">\n\t\t\t\t\t\t<span class=\"elementor-button-content-wrapper\">\n\t\t\t\t\t\t\t\t\t<span class=\"elementor-button-text\">P\u00f3ngase en contacto con nosotros<\/span>\n\t\t\t\t\t<\/span>\n\t\t\t\t\t<\/a>\n\t\t\t\t<\/div>\n\t\t\t\t\t\t\t\t<\/div>\n\t\t\t\t<\/div>\n\t\t\t\t\t<\/div>\n\t\t<\/div>\n\t\t\t\t<div class=\"elementor-column elementor-col-50 elementor-top-column elementor-element elementor-element-7750b74\" data-id=\"7750b74\" data-element_type=\"column\" data-e-type=\"column\">\n\t\t\t<div class=\"elementor-widget-wrap elementor-element-populated\">\n\t\t\t\t\t\t<div class=\"elementor-element elementor-element-b1fd7c1 elementor-widget elementor-widget-heading\" data-id=\"b1fd7c1\" data-element_type=\"widget\" data-e-type=\"widget\" data-widget_type=\"heading.default\">\n\t\t\t\t<div class=\"elementor-widget-container\">\n\t\t\t\t\t<h2 class=\"elementor-heading-title elementor-size-default\">S\u00cdGUENOS<\/h2>\t\t\t\t<\/div>\n\t\t\t\t<\/div>\n\t\t\t\t<div class=\"elementor-element elementor-element-118873a e-grid-align-right elementor-shape-rounded elementor-grid-0 elementor-widget elementor-widget-social-icons\" data-id=\"118873a\" data-element_type=\"widget\" data-e-type=\"widget\" data-widget_type=\"social-icons.default\">\n\t\t\t\t<div class=\"elementor-widget-container\">\n\t\t\t\t\t\t\t<div class=\"elementor-social-icons-wrapper elementor-grid\" role=\"list\">\n\t\t\t\t\t\t\t<span class=\"elementor-grid-item\" role=\"listitem\">\n\t\t\t\t\t<a class=\"elementor-icon elementor-social-icon elementor-social-icon-linkedin elementor-animation-push elementor-repeater-item-4e8bba4\" href=\"https:\/\/de.linkedin.com\/company\/haux-maschinenbau-gmbh\" target=\"_blank\">\n\t\t\t\t\t\t<span class=\"elementor-screen-only\">Linkedin<\/span>\n\t\t\t\t\t\t<i aria-hidden=\"true\" class=\"fab fa-linkedin\"><\/i>\t\t\t\t\t<\/a>\n\t\t\t\t<\/span>\n\t\t\t\t\t\t\t<span class=\"elementor-grid-item\" role=\"listitem\">\n\t\t\t\t\t<a class=\"elementor-icon elementor-social-icon elementor-social-icon-youtube elementor-animation-push elementor-repeater-item-6d41c43\" href=\"https:\/\/www.youtube.com\/@haux-grinding\" target=\"_blank\">\n\t\t\t\t\t\t<span class=\"elementor-screen-only\">Youtube<\/span>\n\t\t\t\t\t\t<i aria-hidden=\"true\" class=\"fab fa-youtube\"><\/i>\t\t\t\t\t<\/a>\n\t\t\t\t<\/span>\n\t\t\t\t\t\t\t<span class=\"elementor-grid-item\" role=\"listitem\">\n\t\t\t\t\t<a class=\"elementor-icon elementor-social-icon elementor-social-icon-instagram elementor-animation-push elementor-repeater-item-ec634b9\" href=\"https:\/\/www.instagram.com\/haux_maschinenbau_gmbh\/\" target=\"_blank\">\n\t\t\t\t\t\t<span class=\"elementor-screen-only\">Instagram<\/span>\n\t\t\t\t\t\t<i aria-hidden=\"true\" class=\"fab fa-instagram\"><\/i>\t\t\t\t\t<\/a>\n\t\t\t\t<\/span>\n\t\t\t\t\t<\/div>\n\t\t\t\t\t\t<\/div>\n\t\t\t\t<\/div>\n\t\t\t\t\t<\/div>\n\t\t<\/div>\n\t\t\t\t\t<\/div>\n\t\t<\/section>\n\t\t\t\t<\/div>","protected":false},"excerpt":{"rendered":"<p>Aviso legal Advertimos que la informaci\u00f3n de este sitio puede contener imprecisiones t\u00e9cnicas o errores tipogr\u00e1ficos. Nos reservamos el derecho a modificar o actualizar la informaci\u00f3n de este sitio en cualquier momento y sin previo aviso. Todas las obras o partes de obras publicadas en nuestras p\u00e1ginas de Internet, como textos, archivos, composiciones e im\u00e1genes, est\u00e1n protegidas por la legislaci\u00f3n sobre derechos de autor o patentes de dise\u00f1o. Cada<\/p>","protected":false},"author":8,"featured_media":0,"parent":0,"menu_order":0,"comment_status":"closed","ping_status":"closed","template":"","meta":{"footnotes":""},"class_list":["post-5331","page","type-page","status-publish","hentry"],"_links":{"self":[{"href":"https:\/\/www.hauxmt.com\/es\/wp-json\/wp\/v2\/pages\/5331","targetHints":{"allow":["GET"]}}],"collection":[{"href":"https:\/\/www.hauxmt.com\/es\/wp-json\/wp\/v2\/pages"}],"about":[{"href":"https:\/\/www.hauxmt.com\/es\/wp-json\/wp\/v2\/types\/page"}],"author":[{"embeddable":true,"href":"https:\/\/www.hauxmt.com\/es\/wp-json\/wp\/v2\/users\/8"}],"replies":[{"embeddable":true,"href":"https:\/\/www.hauxmt.com\/es\/wp-json\/wp\/v2\/comments?post=5331"}],"version-history":[{"count":16,"href":"https:\/\/www.hauxmt.com\/es\/wp-json\/wp\/v2\/pages\/5331\/revisions"}],"predecessor-version":[{"id":7682,"href":"https:\/\/www.hauxmt.com\/es\/wp-json\/wp\/v2\/pages\/5331\/revisions\/7682"}],"wp:attachment":[{"href":"https:\/\/www.hauxmt.com\/es\/wp-json\/wp\/v2\/media?parent=5331"}],"curies":[{"name":"wp","href":"https:\/\/api.w.org\/{rel}","templated":true}]}}