{"id":5331,"date":"2022-12-21T10:55:44","date_gmt":"2022-12-21T09:55:44","guid":{"rendered":"https:\/\/haux-grinding.com\/?page_id=5331"},"modified":"2024-11-06T08:22:22","modified_gmt":"2024-11-06T07:22:22","slug":"protection-des-donnees-elementor","status":"publish","type":"page","link":"https:\/\/www.hauxmt.com\/fr\/protection-des-donnees-elementor\/","title":{"rendered":"Protection des donn\u00e9es"},"content":{"rendered":"<div data-elementor-type=\"wp-page\" data-elementor-id=\"5331\" class=\"elementor elementor-5331\" data-elementor-post-type=\"page\">\n\t\t\t\t\t\t<section class=\"elementor-section elementor-top-section elementor-element elementor-element-d5f4317 elementor-section-boxed elementor-section-height-default elementor-section-height-default\" data-id=\"d5f4317\" data-element_type=\"section\" data-e-type=\"section\">\n\t\t\t\t\t\t<div class=\"elementor-container elementor-column-gap-default\">\n\t\t\t\t\t<div class=\"elementor-column elementor-col-100 elementor-top-column elementor-element elementor-element-df3293b\" data-id=\"df3293b\" data-element_type=\"column\" data-e-type=\"column\">\n\t\t\t<div class=\"elementor-widget-wrap elementor-element-populated\">\n\t\t\t\t\t\t<div class=\"elementor-element elementor-element-0d5da70 elementor-widget elementor-widget-text-editor\" data-id=\"0d5da70\" data-element_type=\"widget\" data-e-type=\"widget\" data-widget_type=\"text-editor.default\">\n\t\t\t\t<div class=\"elementor-widget-container\">\n\t\t\t\t\t\t\t\t\t<h3 style=\"text-align: center;\"><span style=\"color: #2b3d89;\">Mentions l\u00e9gales<\/span><\/h3>\n<p style=\"text-align: center;\">Nous attirons votre attention sur le fait que les informations figurant sur ce site peuvent contenir des inexactitudes techniques ou des erreurs typographiques. Nous nous r\u00e9servons le droit de modifier ou d'actualiser les informations contenues dans ce site \u00e0 tout moment et sans pr\u00e9avis. Toutes les \u0153uvres ou parties d'\u0153uvres publi\u00e9es sur notre site Internet, comme par exemple les textes, les fichiers, les compositions et les images, sont prot\u00e9g\u00e9es par le droit d'auteur ou par la loi sur les dessins et mod\u00e8les. Toute autre publication, reproduction, diffusion ou autre utilisation - m\u00eame partielle - n\u00e9cessite l'autorisation \u00e9crite de l'exploitant du site.<\/p>\n<p style=\"text-align: center;\">\n<\/p><div class=\"ce_text block\">\n<h2 style=\"text-align: center;\"><span style=\"color: #2b3d89;\">D\u00e9claration de confidentialit\u00e9<\/span><\/h2>\n<p style=\"text-align: center;\">\n<\/p><h2 style=\"text-align: center;\"><span style=\"color: #2b3d89;\">1. la protection des donn\u00e9es en un coup d'\u0153il<\/span><\/h2>\n<h3 style=\"text-align: center;\"><span style=\"color: #2b3d89;\">Remarques g\u00e9n\u00e9rales<\/span><\/h3>\n<p style=\"text-align: center;\">Les indications suivantes donnent un aper\u00e7u simple de ce qui se passe avec vos donn\u00e9es personnelles lorsque vous visitez notre site web. Les donn\u00e9es personnelles sont toutes les donn\u00e9es qui permettent de vous identifier personnellement. Vous trouverez des informations d\u00e9taill\u00e9es sur le th\u00e8me de la protection des donn\u00e9es dans notre d\u00e9claration de protection des donn\u00e9es figurant sous ce texte.<\/p>\n<h3 style=\"text-align: center;\"><span style=\"color: #2b3d89;\">Collecte de donn\u00e9es sur notre site web<\/span><\/h3>\n<p style=\"text-align: center;\"><span style=\"color: #2b3d89;\"><strong>Qui est responsable de la collecte des donn\u00e9es sur ce site ?<\/strong><\/span><\/p>\n<p style=\"text-align: center;\">Le traitement des donn\u00e9es sur ce site web est effectu\u00e9 par l'exploitant du site web. Vous trouverez ses coordonn\u00e9es dans les mentions l\u00e9gales de ce site web.<\/p>\n<p style=\"text-align: center;\"><span style=\"color: #2b3d89;\"><strong>Comment recueillons-nous vos donn\u00e9es ?<\/strong><\/span><\/p>\n<p style=\"text-align: center;\">Vos donn\u00e9es sont collect\u00e9es, d'une part, lorsque vous nous les communiquez. Il peut s'agir, par exemple, de donn\u00e9es que vous saisissez dans un formulaire de contact.<\/p>\n<p style=\"text-align: center;\">D'autres donn\u00e9es sont automatiquement collect\u00e9es par nos syst\u00e8mes informatiques lors de la visite du site. Il s'agit principalement de donn\u00e9es techniques (par exemple, le navigateur Internet, le syst\u00e8me d'exploitation ou l'heure de consultation de la page). La saisie de ces donn\u00e9es s'effectue automatiquement d\u00e8s que vous acc\u00e9dez \u00e0 notre site web.<\/p>\n<p style=\"text-align: center;\"><span style=\"color: #2b3d89;\"><strong>\u00c0 quelles fins utilisons-nous vos donn\u00e9es ?<\/strong><\/span><\/p>\n<p style=\"text-align: center;\">Une partie des donn\u00e9es est collect\u00e9e afin de garantir une mise \u00e0 disposition sans erreur du site web. D'autres donn\u00e9es peuvent \u00eatre utilis\u00e9es pour analyser votre comportement d'utilisateur.<\/p>\n<p style=\"text-align: center;\"><span style=\"color: #2b3d89;\"><strong>Quels sont vos droits concernant vos donn\u00e9es ?<\/strong><\/span><\/p>\n<p style=\"text-align: center;\">Vous avez \u00e0 tout moment le droit d'obtenir gratuitement des informations sur l'origine, le destinataire et la finalit\u00e9 de vos donn\u00e9es personnelles enregistr\u00e9es. Vous avez \u00e9galement le droit d'exiger la rectification, le blocage ou la suppression de ces donn\u00e9es. Pour cela, ainsi que pour toute autre question relative \u00e0 la protection des donn\u00e9es, vous pouvez nous contacter \u00e0 tout moment \u00e0 l'adresse indiqu\u00e9e dans les mentions l\u00e9gales. Vous disposez en outre d'un droit de recours aupr\u00e8s de l'autorit\u00e9 de surveillance comp\u00e9tente.<\/p>\n<h3 style=\"text-align: center;\"><span style=\"color: #2b3d89;\">Outils d'analyse et outils de tiers<\/span><\/h3>\n<p style=\"text-align: center;\">Lorsque vous visitez notre site web, votre comportement de navigation peut \u00eatre \u00e9valu\u00e9 statistiquement. Cela se fait principalement \u00e0 l'aide de cookies et de programmes d'analyse. L'analyse de votre comportement de navigation se fait en g\u00e9n\u00e9ral de mani\u00e8re anonyme ; le comportement de navigation ne peut pas \u00eatre retrac\u00e9 jusqu'\u00e0 vous. Vous pouvez vous opposer \u00e0 cette analyse ou l'emp\u00eacher en n'utilisant pas certains outils. Vous trouverez des informations d\u00e9taill\u00e9es \u00e0 ce sujet dans la d\u00e9claration de protection des donn\u00e9es ci-apr\u00e8s.<\/p>\n<p style=\"text-align: center;\">Vous pouvez vous opposer \u00e0 cette analyse. Nous vous informerons des possibilit\u00e9s d'opposition dans la pr\u00e9sente d\u00e9claration de protection des donn\u00e9es.<\/p>\n<h2 style=\"text-align: center;\"><span style=\"color: #2b3d89;\">2. indications g\u00e9n\u00e9rales et informations obligatoires<\/span><\/h2>\n<h3 style=\"text-align: center;\"><span style=\"color: #2b3d89;\">Protection des donn\u00e9es<\/span><\/h3>\n<p style=\"text-align: center;\">Les exploitants de ces pages prennent la protection de vos donn\u00e9es personnelles tr\u00e8s au s\u00e9rieux. Nous traitons vos donn\u00e9es personnelles de mani\u00e8re confidentielle et conform\u00e9ment aux dispositions l\u00e9gales en mati\u00e8re de protection des donn\u00e9es ainsi qu'\u00e0 la pr\u00e9sente d\u00e9claration de protection des donn\u00e9es.<\/p>\n<p style=\"text-align: center;\">Lorsque vous utilisez ce site web, diverses donn\u00e9es personnelles sont collect\u00e9es. Les donn\u00e9es personnelles sont des donn\u00e9es qui permettent de vous identifier personnellement. La pr\u00e9sente d\u00e9claration de confidentialit\u00e9 explique quelles donn\u00e9es nous collectons et \u00e0 quelles fins nous les utilisons. Elle explique \u00e9galement comment et dans quel but nous le faisons.<\/p>\n<p style=\"text-align: center;\">Nous attirons votre attention sur le fait que la transmission de donn\u00e9es sur Internet (p. ex. lors de la communication par e-mail) peut pr\u00e9senter des failles de s\u00e9curit\u00e9. Une protection compl\u00e8te des donn\u00e9es contre l'acc\u00e8s par des tiers n'est pas possible.<\/p>\n<h3 style=\"text-align: center;\"><span style=\"color: #2b3d89;\">Remarque sur le service responsable<\/span><\/h3>\n<p style=\"text-align: center;\">Le responsable du traitement des donn\u00e9es sur ce site est :<\/p>\n<p style=\"text-align: center;\">HAUX Machine Tools GmbH<br>Ebinger Str. 50<br>72510 Stetten a. k. M.<br>Allemagne<\/p>\n<p style=\"text-align: center;\">G\u00e9rant autoris\u00e9 \u00e0 repr\u00e9senter l'entreprise :<br>Claudius Braun<\/p>\n<p style=\"text-align: center;\">T\u00e9l\u00e9phone : +49 (0)7573 95455-0<br>Courrier \u00e9lectronique : info@hauxgmbh.de<\/p>\n<p style=\"text-align: center;\">Le responsable du traitement est la personne physique ou morale qui, seule ou conjointement avec d'autres, d\u00e9termine les finalit\u00e9s et les moyens du traitement des donn\u00e9es \u00e0 caract\u00e8re personnel (p. ex. noms, adresses \u00e9lectroniques ou autres).<\/p>\n<h3 style=\"text-align: center;\"><span style=\"color: #2b3d89;\">R\u00e9vocation de votre consentement au traitement des donn\u00e9es<\/span><\/h3>\n<p style=\"text-align: center;\">De nombreuses op\u00e9rations de traitement des donn\u00e9es ne sont possibles qu'avec votre consentement explicite. Vous pouvez r\u00e9voquer \u00e0 tout moment un consentement d\u00e9j\u00e0 donn\u00e9. Il suffit pour cela de nous envoyer un message informel par e-mail. La l\u00e9galit\u00e9 du traitement des donn\u00e9es effectu\u00e9 jusqu'\u00e0 la r\u00e9vocation n'est pas affect\u00e9e par la r\u00e9vocation.<\/p>\n<h3 style=\"text-align: center;\"><span style=\"color: #2b3d89;\">Droit de recours aupr\u00e8s de l'autorit\u00e9 de surveillance comp\u00e9tente<\/span><\/h3>\n<p style=\"text-align: center;\">En cas d'infraction \u00e0 la l\u00e9gislation sur la protection des donn\u00e9es, la personne concern\u00e9e dispose d'un droit de recours aupr\u00e8s de l'autorit\u00e9 de surveillance comp\u00e9tente. L'autorit\u00e9 de surveillance comp\u00e9tente pour les questions relatives \u00e0 la protection des donn\u00e9es est le d\u00e9l\u00e9gu\u00e9 \u00e0 la protection des donn\u00e9es du Land dans lequel notre entreprise a son si\u00e8ge. Une liste des d\u00e9l\u00e9gu\u00e9s \u00e0 la protection des donn\u00e9es ainsi que leurs coordonn\u00e9es peuvent \u00eatre consult\u00e9es sur le lien suivant : <a href=\"https:\/\/www.bfdi.bund.de\/DE\/Infothek\/Anschriften_Links\/anschriften_links-node.html\" target=\"_blank\" rel=\"noopener noreferrer\">https:\/\/www.bfdi.bund.de\/DE\/Infothek\/Anschriften_Links\/anschriften_links-node.html<\/a>.<\/p>\n<h3 style=\"text-align: center;\"><span style=\"color: #2b3d89;\">Droit \u00e0 la portabilit\u00e9 des donn\u00e9es<\/span><\/h3>\n<p style=\"text-align: center;\">Vous avez le droit de vous faire remettre ou de faire remettre \u00e0 un tiers, dans un format courant et lisible par machine, les donn\u00e9es que nous traitons de mani\u00e8re automatis\u00e9e sur la base de votre consentement ou en ex\u00e9cution d'un contrat. Si vous demandez la transmission directe des donn\u00e9es \u00e0 un autre responsable, cela ne se fera que dans la mesure o\u00f9 cela est techniquement possible.<\/p>\n<h3 style=\"text-align: center;\"><span style=\"color: #2b3d89;\">Chiffrement SSL ou TLS<\/span><\/h3>\n<p style=\"text-align: center;\">Pour des raisons de s\u00e9curit\u00e9 et pour prot\u00e9ger la transmission de contenus confidentiels, comme par exemple les commandes ou les demandes que vous nous envoyez en tant qu'exploitant du site, ce site utilise un cryptage SSL ou TLS. Vous reconnaissez une connexion crypt\u00e9e au fait que la ligne d'adresse du navigateur passe de \"http:\/\/\" \u00e0 \"https:\/\/\" et au symbole du cadenas dans la ligne de votre navigateur.<\/p>\n<p style=\"text-align: center;\">Si le cryptage SSL ou TLS est activ\u00e9, les donn\u00e9es que vous nous transmettez ne peuvent pas \u00eatre lues par des tiers.<\/p>\n<h2 style=\"text-align: center;\"><span style=\"color: #2b3d89;\">3. collecte de donn\u00e9es sur notre site web<\/span><\/h2>\n<h3 style=\"text-align: center;\"><span style=\"color: #2b3d89;\">Cookies<\/span><\/h3>\n<p style=\"text-align: center;\">Les pages Internet utilisent en partie des cookies. Les cookies n'endommagent pas votre ordinateur et ne contiennent pas de virus. Les cookies servent \u00e0 rendre notre offre plus conviviale, plus efficace et plus s\u00fbre. Les cookies sont de petits fichiers texte qui sont d\u00e9pos\u00e9s sur votre ordinateur et que votre navigateur enregistre.<\/p>\n<p style=\"text-align: center;\">La plupart des cookies que nous utilisons sont des \"cookies de session\". Ils sont automatiquement supprim\u00e9s \u00e0 la fin de votre visite. D'autres cookies restent enregistr\u00e9s sur votre terminal jusqu'\u00e0 ce que vous les supprimiez. Ces cookies nous permettent de reconna\u00eetre votre navigateur lors de votre prochaine visite.<\/p>\n<p style=\"text-align: center;\">Vous pouvez configurer votre navigateur de mani\u00e8re \u00e0 \u00eatre inform\u00e9 de l'installation de cookies et \u00e0 n'autoriser les cookies qu'au cas par cas, \u00e0 exclure l'acceptation de cookies dans certains cas ou de mani\u00e8re g\u00e9n\u00e9rale, et \u00e0 activer la suppression automatique des cookies \u00e0 la fermeture du navigateur. En cas de d\u00e9sactivation des cookies, la fonctionnalit\u00e9 de ce site web peut \u00eatre limit\u00e9e.<\/p>\n<p style=\"text-align: center;\">Les cookies n\u00e9cessaires \u00e0 l'ex\u00e9cution du processus de communication \u00e9lectronique ou \u00e0 la mise \u00e0 disposition de certaines fonctions que vous avez souhait\u00e9es (par ex. fonction de panier d'achat) sont enregistr\u00e9s sur la base de l'article 6, paragraphe 1, point f du RGPD. L'exploitant du site web a un int\u00e9r\u00eat l\u00e9gitime \u00e0 l'enregistrement de cookies pour une mise \u00e0 disposition de ses services sans erreur technique et optimis\u00e9e. Dans la mesure o\u00f9 d'autres cookies (par ex. des cookies pour l'analyse de votre comportement de navigation) sont enregistr\u00e9s, ceux-ci sont trait\u00e9s s\u00e9par\u00e9ment dans la pr\u00e9sente d\u00e9claration de protection des donn\u00e9es.<\/p>\n<h3 style=\"text-align: center;\"><span style=\"color: #2b3d89;\">Fichiers journaux du serveur<\/span><\/h3>\n<p style=\"text-align: center;\">Le fournisseur des pages collecte et enregistre automatiquement des informations dans ce que l'on appelle des fichiers journaux du serveur, que votre navigateur nous transmet automatiquement. Il s'agit de<\/p>\n<ul style=\"text-align: center;\">\n<li>le type et la version du navigateur<\/li>\n<li>le syst\u00e8me d'exploitation utilis\u00e9<\/li>\n<li>URL de r\u00e9f\u00e9rence<\/li>\n<li>nom d'h\u00f4te de l'ordinateur qui acc\u00e8de au site<\/li>\n<li>Heure de la demande du serveur<\/li>\n<li>Adresse IP<\/li>\n<\/ul>\n<p style=\"text-align: center;\">Ces donn\u00e9es ne sont pas recoup\u00e9es avec d'autres sources de donn\u00e9es.<\/p>\n<p style=\"text-align: center;\">Le traitement des donn\u00e9es se fonde sur l'article 6, paragraphe 1, point f), du RGPD, qui autorise le traitement des donn\u00e9es pour l'ex\u00e9cution d'un contrat ou de mesures pr\u00e9contractuelles.<\/p>\n<h3 style=\"text-align: center;\"><span style=\"color: #2b3d89;\">Formulaire de contact<\/span><\/h3>\n<p style=\"text-align: center;\">Si vous nous faites parvenir des demandes par le biais du formulaire de contact, les informations que vous avez fournies dans le formulaire de demande, y compris les donn\u00e9es de contact que vous y avez indiqu\u00e9es, sont enregistr\u00e9es chez nous \u00e0 des fins de traitement de la demande et en cas de questions de suivi. Nous ne transmettons pas ces donn\u00e9es sans votre consentement.<\/p>\n<p style=\"text-align: center;\">Le traitement des donn\u00e9es saisies dans le formulaire de contact se fait donc exclusivement sur la base de votre consentement (article 6, paragraphe 1, point a du RGPD). Vous pouvez r\u00e9voquer ce consentement \u00e0 tout moment. Il suffit pour cela de nous envoyer un message informel par e-mail. La l\u00e9galit\u00e9 des op\u00e9rations de traitement des donn\u00e9es effectu\u00e9es jusqu'\u00e0 la r\u00e9vocation n'est pas affect\u00e9e par la r\u00e9vocation.<\/p>\n<p style=\"text-align: center;\">Les donn\u00e9es que vous avez saisies dans le formulaire de contact restent chez nous jusqu'\u00e0 ce que vous nous demandiez de les supprimer, que vous r\u00e9voquiez votre autorisation de les enregistrer ou que le but de l'enregistrement des donn\u00e9es devienne caduc (par ex. apr\u00e8s le traitement de votre demande). Les dispositions l\u00e9gales contraignantes - en particulier les d\u00e9lais de conservation - ne sont pas affect\u00e9es.<\/p>\n<h2 style=\"text-align: center;\"><span style=\"color: #2b3d89;\">4. plugins et outils<\/span><\/h2>\n<h3 style=\"text-align: center;\"><span style=\"color: #2b3d89;\">Google Fonts Web<\/span><\/h3>\n<p style=\"text-align: center;\">Ce site utilise ce que l'on appelle des polices web, mises \u00e0 disposition par Google, pour l'affichage uniforme des polices de caract\u00e8res. Lorsque vous consultez une page, votre navigateur charge les polices web n\u00e9cessaires dans le cache de votre navigateur afin d'afficher correctement les textes et les polices.<\/p>\n<p style=\"text-align: center;\">Pour ce faire, le navigateur que vous utilisez doit se connecter aux serveurs de Google. Google est ainsi inform\u00e9 que notre site web a \u00e9t\u00e9 consult\u00e9 via votre adresse IP. L'utilisation de Google Web Fonts a lieu dans l'int\u00e9r\u00eat d'une pr\u00e9sentation uniforme et attrayante de nos offres en ligne. Cela constitue un int\u00e9r\u00eat l\u00e9gitime au sens de l'article 6, paragraphe 1, point f) du RGPD.<\/p>\n<p style=\"text-align: center;\">Si votre navigateur ne supporte pas les polices web, une police standard est utilis\u00e9e par votre ordinateur.<\/p>\n<p style=\"text-align: center;\">Pour plus d'informations sur Google Web Fonts, voir <a href=\"https:\/\/developers.google.com\/fonts\/faq\" target=\"_blank\" rel=\"noopener noreferrer\">https:\/\/developers.google.com\/fonts\/faq<\/a> et dans la d\u00e9claration de confidentialit\u00e9 de Google : <a href=\"https:\/\/www.google.com\/policies\/privacy\/\" target=\"_blank\" rel=\"noopener noreferrer\">https:\/\/www.google.com\/policies\/privacy\/<\/a>.<\/p>\n<h3 style=\"text-align: center;\"><span style=\"color: #2b3d89;\">Google Maps<\/span><\/h3>\n<p style=\"text-align: center;\">Ce site utilise le service de cartographie Google Maps via une API. Le fournisseur est Google Inc., 1600 Amphitheatre Parkway, Mountain View, CA 94043, USA.<\/p>\n<p style=\"text-align: center;\">Pour utiliser les fonctions de Google Maps, il est n\u00e9cessaire d'enregistrer votre adresse IP. Cette information est g\u00e9n\u00e9ralement transmise \u00e0 un serveur de Google aux \u00c9tats-Unis et y est enregistr\u00e9e. Le fournisseur de ce site n'a aucune influence sur cette transmission de donn\u00e9es.<\/p>\n<p style=\"text-align: center;\">L'utilisation de Google Maps a lieu dans l'int\u00e9r\u00eat d'une pr\u00e9sentation attrayante de nos offres en ligne et d'un rep\u00e9rage facile des lieux que nous avons indiqu\u00e9s sur le site web. Cela constitue un int\u00e9r\u00eat l\u00e9gitime au sens de l'article 6, paragraphe 1, point f) du RGPD.<\/p>\n<p style=\"text-align: center;\">Vous trouverez plus d'informations sur le traitement des donn\u00e9es des utilisateurs dans la d\u00e9claration de confidentialit\u00e9 de Google : <a href=\"https:\/\/www.google.de\/intl\/de\/policies\/privacy\/\" target=\"_blank\" rel=\"noopener noreferrer\">https:\/\/www.google.de\/intl\/de\/policies\/privacy\/<\/a>.<\/p>\n<\/div>\t\t\t\t\t\t\t\t<\/div>\n\t\t\t\t<\/div>\n\t\t\t\t\t<\/div>\n\t\t<\/div>\n\t\t\t\t\t<\/div>\n\t\t<\/section>\n\t\t\t\t<section class=\"elementor-section elementor-top-section elementor-element elementor-element-958d7ce elementor-section-stretched elementor-section-boxed elementor-section-height-default elementor-section-height-default\" data-id=\"958d7ce\" data-element_type=\"section\" data-e-type=\"section\" data-settings=\"{&quot;stretch_section&quot;:&quot;section-stretched&quot;}\">\n\t\t\t\t\t\t<div class=\"elementor-container elementor-column-gap-default\">\n\t\t\t\t\t<div class=\"elementor-column elementor-col-50 elementor-top-column elementor-element elementor-element-6cee103\" data-id=\"6cee103\" data-element_type=\"column\" data-e-type=\"column\">\n\t\t\t<div class=\"elementor-widget-wrap elementor-element-populated\">\n\t\t\t\t\t\t<div class=\"elementor-element elementor-element-1868f5c elementor-widget elementor-widget-heading\" data-id=\"1868f5c\" data-element_type=\"widget\" data-e-type=\"widget\" data-widget_type=\"heading.default\">\n\t\t\t\t<div class=\"elementor-widget-container\">\n\t\t\t\t\t<h2 class=\"elementor-heading-title elementor-size-default\">CONTACTEZ-NOUS<\/h2>\t\t\t\t<\/div>\n\t\t\t\t<\/div>\n\t\t\t\t<div class=\"elementor-element elementor-element-cc679b7 elementor-align-left elementor-widget elementor-widget-button\" data-id=\"cc679b7\" data-element_type=\"widget\" data-e-type=\"widget\" data-widget_type=\"button.default\">\n\t\t\t\t<div class=\"elementor-widget-container\">\n\t\t\t\t\t\t\t\t\t<div class=\"elementor-button-wrapper\">\n\t\t\t\t\t<a class=\"elementor-button elementor-button-link elementor-size-lg\" href=\"mailto:info@hauxgmbh.de\">\n\t\t\t\t\t\t<span class=\"elementor-button-content-wrapper\">\n\t\t\t\t\t\t\t\t\t<span class=\"elementor-button-text\">Contact<\/span>\n\t\t\t\t\t<\/span>\n\t\t\t\t\t<\/a>\n\t\t\t\t<\/div>\n\t\t\t\t\t\t\t\t<\/div>\n\t\t\t\t<\/div>\n\t\t\t\t\t<\/div>\n\t\t<\/div>\n\t\t\t\t<div class=\"elementor-column elementor-col-50 elementor-top-column elementor-element elementor-element-7750b74\" data-id=\"7750b74\" data-element_type=\"column\" data-e-type=\"column\">\n\t\t\t<div class=\"elementor-widget-wrap elementor-element-populated\">\n\t\t\t\t\t\t<div class=\"elementor-element elementor-element-b1fd7c1 elementor-widget elementor-widget-heading\" data-id=\"b1fd7c1\" data-element_type=\"widget\" data-e-type=\"widget\" data-widget_type=\"heading.default\">\n\t\t\t\t<div class=\"elementor-widget-container\">\n\t\t\t\t\t<h2 class=\"elementor-heading-title elementor-size-default\">SUIVEZ-NOUS<\/h2>\t\t\t\t<\/div>\n\t\t\t\t<\/div>\n\t\t\t\t<div class=\"elementor-element elementor-element-118873a e-grid-align-right elementor-shape-rounded elementor-grid-0 elementor-widget elementor-widget-social-icons\" data-id=\"118873a\" data-element_type=\"widget\" data-e-type=\"widget\" data-widget_type=\"social-icons.default\">\n\t\t\t\t<div class=\"elementor-widget-container\">\n\t\t\t\t\t\t\t<div class=\"elementor-social-icons-wrapper elementor-grid\" role=\"list\">\n\t\t\t\t\t\t\t<span class=\"elementor-grid-item\" role=\"listitem\">\n\t\t\t\t\t<a class=\"elementor-icon elementor-social-icon elementor-social-icon-linkedin elementor-animation-push elementor-repeater-item-4e8bba4\" href=\"https:\/\/de.linkedin.com\/company\/haux-maschinenbau-gmbh\" target=\"_blank\">\n\t\t\t\t\t\t<span class=\"elementor-screen-only\">Linkedin<\/span>\n\t\t\t\t\t\t<i aria-hidden=\"true\" class=\"fab fa-linkedin\"><\/i>\t\t\t\t\t<\/a>\n\t\t\t\t<\/span>\n\t\t\t\t\t\t\t<span class=\"elementor-grid-item\" role=\"listitem\">\n\t\t\t\t\t<a class=\"elementor-icon elementor-social-icon elementor-social-icon-youtube elementor-animation-push elementor-repeater-item-6d41c43\" href=\"https:\/\/www.youtube.com\/@haux-grinding\" target=\"_blank\">\n\t\t\t\t\t\t<span class=\"elementor-screen-only\">Youtube<\/span>\n\t\t\t\t\t\t<i aria-hidden=\"true\" class=\"fab fa-youtube\"><\/i>\t\t\t\t\t<\/a>\n\t\t\t\t<\/span>\n\t\t\t\t\t\t\t<span class=\"elementor-grid-item\" role=\"listitem\">\n\t\t\t\t\t<a class=\"elementor-icon elementor-social-icon elementor-social-icon-instagram elementor-animation-push elementor-repeater-item-ec634b9\" href=\"https:\/\/www.instagram.com\/haux_maschinenbau_gmbh\/\" target=\"_blank\">\n\t\t\t\t\t\t<span class=\"elementor-screen-only\">Instagram<\/span>\n\t\t\t\t\t\t<i aria-hidden=\"true\" class=\"fab fa-instagram\"><\/i>\t\t\t\t\t<\/a>\n\t\t\t\t<\/span>\n\t\t\t\t\t<\/div>\n\t\t\t\t\t\t<\/div>\n\t\t\t\t<\/div>\n\t\t\t\t\t<\/div>\n\t\t<\/div>\n\t\t\t\t\t<\/div>\n\t\t<\/section>\n\t\t\t\t<\/div>","protected":false},"excerpt":{"rendered":"<p>Mentions l\u00e9gales Nous attirons votre attention sur le fait que les informations contenues dans ce site peuvent contenir des inexactitudes techniques ou des erreurs typographiques. Nous nous r\u00e9servons le droit de modifier ou d'actualiser \u00e0 tout moment et sans pr\u00e9avis les informations contenues dans ce site. Toutes les \u0153uvres ou parties d'\u0153uvres publi\u00e9es sur notre site Internet, comme par exemple les textes, les fichiers, les compositions et les images, sont prot\u00e9g\u00e9es par le droit d'auteur ou par la loi sur les dessins et mod\u00e8les. Chaque<\/p>","protected":false},"author":8,"featured_media":0,"parent":0,"menu_order":0,"comment_status":"closed","ping_status":"closed","template":"","meta":{"footnotes":""},"class_list":["post-5331","page","type-page","status-publish","hentry"],"_links":{"self":[{"href":"https:\/\/www.hauxmt.com\/fr\/wp-json\/wp\/v2\/pages\/5331","targetHints":{"allow":["GET"]}}],"collection":[{"href":"https:\/\/www.hauxmt.com\/fr\/wp-json\/wp\/v2\/pages"}],"about":[{"href":"https:\/\/www.hauxmt.com\/fr\/wp-json\/wp\/v2\/types\/page"}],"author":[{"embeddable":true,"href":"https:\/\/www.hauxmt.com\/fr\/wp-json\/wp\/v2\/users\/8"}],"replies":[{"embeddable":true,"href":"https:\/\/www.hauxmt.com\/fr\/wp-json\/wp\/v2\/comments?post=5331"}],"version-history":[{"count":16,"href":"https:\/\/www.hauxmt.com\/fr\/wp-json\/wp\/v2\/pages\/5331\/revisions"}],"predecessor-version":[{"id":7682,"href":"https:\/\/www.hauxmt.com\/fr\/wp-json\/wp\/v2\/pages\/5331\/revisions\/7682"}],"wp:attachment":[{"href":"https:\/\/www.hauxmt.com\/fr\/wp-json\/wp\/v2\/media?parent=5331"}],"curies":[{"name":"wp","href":"https:\/\/api.w.org\/{rel}","templated":true}]}}