{"id":7824,"date":"2025-03-16T21:03:13","date_gmt":"2025-03-16T20:03:13","guid":{"rendered":"https:\/\/www.hauxmt.com\/?page_id=7824"},"modified":"2025-04-07T09:51:57","modified_gmt":"2025-04-07T07:51:57","slug":"nu435-qr-page-daccueil","status":"publish","type":"page","link":"https:\/\/www.hauxmt.com\/fr\/nu435-qr-page-daccueil\/","title":{"rendered":"NU435 - MEULAGE \u00c0 GRANDE VITESSE \u00c0 LA VOL\u00c9E ET EN RELIEF"},"content":{"rendered":"<div data-elementor-type=\"wp-page\" data-elementor-id=\"7824\" class=\"elementor elementor-7824\" data-elementor-post-type=\"page\">\n\t\t\t\t\t\t<section class=\"elementor-section elementor-top-section elementor-element elementor-element-33aa8c1 elementor-section-boxed elementor-section-height-default elementor-section-height-default\" data-id=\"33aa8c1\" data-element_type=\"section\" data-e-type=\"section\">\n\t\t\t\t\t\t<div class=\"elementor-container elementor-column-gap-default\">\n\t\t\t\t\t<div class=\"elementor-column elementor-col-50 elementor-top-column elementor-element elementor-element-e5729c6\" data-id=\"e5729c6\" data-element_type=\"column\" data-e-type=\"column\">\n\t\t\t<div class=\"elementor-widget-wrap elementor-element-populated\">\n\t\t\t\t\t\t<div class=\"elementor-element elementor-element-7c4a1e0 elementor-widget__width-initial elementor-widget elementor-widget-video\" data-id=\"7c4a1e0\" data-element_type=\"widget\" data-e-type=\"widget\" data-settings=\"{&quot;video_type&quot;:&quot;hosted&quot;,&quot;autoplay&quot;:&quot;yes&quot;,&quot;play_on_mobile&quot;:&quot;yes&quot;,&quot;mute&quot;:&quot;yes&quot;,&quot;loop&quot;:&quot;yes&quot;}\" data-widget_type=\"video.default\">\n\t\t\t\t<div class=\"elementor-widget-container\">\n\t\t\t\t\t\t\t<div class=\"e-hosted-video elementor-wrapper elementor-open-inline\">\n\t\t\t\t\t<video class=\"elementor-video\" src=\"https:\/\/www.hauxmt.com\/wp-content\/uploads\/2025\/04\/NU-435-Base-Orbit-animation.8.mp4\" autoplay=\"\" loop=\"\" muted=\"muted\" playsinline=\"\" controlslist=\"nodownload\"><\/video>\n\t\t\t\t<\/div>\n\t\t\t\t\t\t<\/div>\n\t\t\t\t<\/div>\n\t\t\t\t\t<\/div>\n\t\t<\/div>\n\t\t\t\t<div class=\"elementor-column elementor-col-50 elementor-top-column elementor-element elementor-element-4df8aee\" data-id=\"4df8aee\" data-element_type=\"column\" data-e-type=\"column\">\n\t\t\t<div class=\"elementor-widget-wrap elementor-element-populated\">\n\t\t\t\t\t\t<div class=\"elementor-element elementor-element-9ebe7ec elementor-widget elementor-widget-text-editor\" data-id=\"9ebe7ec\" data-element_type=\"widget\" data-e-type=\"widget\" data-widget_type=\"text-editor.default\">\n\t\t\t\t<div class=\"elementor-widget-container\">\n\t\t\t\t\t\t\t\t\t<p><strong><a href=\"https:\/\/www.hauxmt.com\/fr\/\">PAGE D'ACCUEIL<\/a><\/strong><\/p><p><strong><a href=\"http:\/\/www.youtube.com\/@haux-machine-tools\">HAUX YOUTUBE<\/a><\/strong><\/p><p><strong><a href=\"https:\/\/www.linkedin.com\/company\/haux-machine-tools\/\">HAUX LINKEDIN<\/a><\/strong><\/p>\t\t\t\t\t\t\t\t<\/div>\n\t\t\t\t<\/div>\n\t\t\t\t\t<\/div>\n\t\t<\/div>\n\t\t\t\t\t<\/div>\n\t\t<\/section>\n\t\t\t\t<\/div>","protected":false},"excerpt":{"rendered":"<p>https:\/\/www.hauxmt.com\/wp-content\/uploads\/2025\/04\/NU-435-Base-Orbit-animation.8.mp4 HOMEPAGE HAUX YOUTUBE HAUX LINKEDIN<\/p>","protected":false},"author":11,"featured_media":0,"parent":0,"menu_order":0,"comment_status":"closed","ping_status":"closed","template":"","meta":{"footnotes":""},"class_list":["post-7824","page","type-page","status-publish","hentry"],"_links":{"self":[{"href":"https:\/\/www.hauxmt.com\/fr\/wp-json\/wp\/v2\/pages\/7824","targetHints":{"allow":["GET"]}}],"collection":[{"href":"https:\/\/www.hauxmt.com\/fr\/wp-json\/wp\/v2\/pages"}],"about":[{"href":"https:\/\/www.hauxmt.com\/fr\/wp-json\/wp\/v2\/types\/page"}],"author":[{"embeddable":true,"href":"https:\/\/www.hauxmt.com\/fr\/wp-json\/wp\/v2\/users\/11"}],"replies":[{"embeddable":true,"href":"https:\/\/www.hauxmt.com\/fr\/wp-json\/wp\/v2\/comments?post=7824"}],"version-history":[{"count":19,"href":"https:\/\/www.hauxmt.com\/fr\/wp-json\/wp\/v2\/pages\/7824\/revisions"}],"predecessor-version":[{"id":7898,"href":"https:\/\/www.hauxmt.com\/fr\/wp-json\/wp\/v2\/pages\/7824\/revisions\/7898"}],"wp:attachment":[{"href":"https:\/\/www.hauxmt.com\/fr\/wp-json\/wp\/v2\/media?parent=7824"}],"curies":[{"name":"wp","href":"https:\/\/api.w.org\/{rel}","templated":true}]}}