{"id":4490,"date":"2022-12-12T12:53:29","date_gmt":"2022-12-12T11:53:29","guid":{"rendered":"https:\/\/haux-grinding.com\/?page_id=4490"},"modified":"2025-05-18T11:34:41","modified_gmt":"2025-05-18T09:34:41","slug":"elemento-di-impronta-o","status":"publish","type":"page","link":"https:\/\/www.hauxmt.com\/it\/elemento-di-impronta-o\/","title":{"rendered":"Impronta"},"content":{"rendered":"<div data-elementor-type=\"wp-page\" data-elementor-id=\"4490\" class=\"elementor elementor-4490\" data-elementor-post-type=\"page\">\n\t\t\t\t\t\t<section class=\"elementor-section elementor-top-section elementor-element elementor-element-110febd elementor-section-boxed elementor-section-height-default elementor-section-height-default\" data-id=\"110febd\" data-element_type=\"section\" data-e-type=\"section\">\n\t\t\t\t\t\t<div class=\"elementor-container elementor-column-gap-default\">\n\t\t\t\t\t<div class=\"elementor-column elementor-col-100 elementor-top-column elementor-element elementor-element-e4503c7\" data-id=\"e4503c7\" data-element_type=\"column\" data-e-type=\"column\">\n\t\t\t<div class=\"elementor-widget-wrap elementor-element-populated\">\n\t\t\t\t\t\t<div class=\"elementor-element elementor-element-f2a5322 elementor--h-position-center elementor--v-position-middle elementor-arrows-position-inside elementor-pagination-position-inside elementor-widget elementor-widget-slides\" data-id=\"f2a5322\" data-element_type=\"widget\" data-e-type=\"widget\" data-settings=\"{&quot;navigation&quot;:&quot;both&quot;,&quot;autoplay&quot;:&quot;yes&quot;,&quot;pause_on_hover&quot;:&quot;yes&quot;,&quot;pause_on_interaction&quot;:&quot;yes&quot;,&quot;autoplay_speed&quot;:5000,&quot;infinite&quot;:&quot;yes&quot;,&quot;transition&quot;:&quot;slide&quot;,&quot;transition_speed&quot;:500}\" data-widget_type=\"slides.default\">\n\t\t\t\t<div class=\"elementor-widget-container\">\n\t\t\t\t\t\t\t\t\t<div class=\"elementor-swiper\">\n\t\t\t\t\t<div class=\"elementor-slides-wrapper elementor-main-swiper swiper\" role=\"region\" aria-roledescription=\"carousel\" aria-label=\"Cursore\" dir=\"ltr\" data-animation=\"fadeInUp\">\n\t\t\t\t<div class=\"swiper-wrapper elementor-slides\">\n\t\t\t\t\t\t\t\t\t\t<div class=\"elementor-repeater-item-933682c swiper-slide\" role=\"group\" aria-roledescription=\"slide\"><div class=\"swiper-slide-bg\" role=\"img\" aria-label=\"Haux Geb\u00e4ude Banner\"><\/div><div class=\"swiper-slide-inner\" ><div class=\"swiper-slide-contents\"><\/div><\/div><\/div>\t\t\t\t<\/div>\n\t\t\t\t\t\t\t<\/div>\n\t\t\t\t<\/div>\n\t\t\t\t\t\t\t\t<\/div>\n\t\t\t\t<\/div>\n\t\t\t\t\t<\/div>\n\t\t<\/div>\n\t\t\t\t\t<\/div>\n\t\t<\/section>\n\t\t\t\t<section class=\"elementor-section elementor-top-section elementor-element elementor-element-5e3ddd6 elementor-section-boxed elementor-section-height-default elementor-section-height-default\" data-id=\"5e3ddd6\" data-element_type=\"section\" data-e-type=\"section\">\n\t\t\t\t\t\t<div class=\"elementor-container elementor-column-gap-default\">\n\t\t\t\t\t<div class=\"elementor-column elementor-col-100 elementor-top-column elementor-element elementor-element-078064f\" data-id=\"078064f\" data-element_type=\"column\" data-e-type=\"column\">\n\t\t\t<div class=\"elementor-widget-wrap elementor-element-populated\">\n\t\t\t\t\t\t<div class=\"elementor-element elementor-element-33a9c11 elementor-widget elementor-widget-text-editor\" data-id=\"33a9c11\" data-element_type=\"widget\" data-e-type=\"widget\" data-widget_type=\"text-editor.default\">\n\t\t\t\t<div class=\"elementor-widget-container\">\n\t\t\t\t\t\t\t\t\t<p style=\"text-align: center;\">HAUX Machine Tools GmbH<br \/>Ebinger Str. 50<br \/>72510 Stetten a. k. M.<br \/>Germania<\/p><p style=\"text-align: center;\">Telefono +49 (0)7573 95455-0<br \/>Fax +49 (0)7573 95455-30<\/p><p style=\"text-align: center;\">Internet:\u00a0<a href=\"http:\/\/www.hauxmt.com\/it\/\" target=\"_blank\" rel=\"noopener noreferrer\">https:\/\/hauxmt.com<br \/><\/a>E-mail:\u00a0<a href=\"mailto:info@hauxmt.com\">info@hauxmt.com<\/a><\/p><p style=\"text-align: center;\">Amministratore delegato autorizzato a rappresentare la societ\u00e0:<br \/>Sig. Claudius Braun<\/p><p style=\"text-align: center;\">Tribunale del registro: Ulm<br \/>Numero di registro: HRB 749005<\/p><p style=\"text-align: center;\">Partita IVA: DE400071143<\/p>\t\t\t\t\t\t\t\t<\/div>\n\t\t\t\t<\/div>\n\t\t\t\t\t<\/div>\n\t\t<\/div>\n\t\t\t\t\t<\/div>\n\t\t<\/section>\n\t\t\t\t<section class=\"elementor-section elementor-top-section elementor-element elementor-element-1433d99 elementor-section-boxed elementor-section-height-default elementor-section-height-default\" data-id=\"1433d99\" data-element_type=\"section\" data-e-type=\"section\">\n\t\t\t\t\t\t<div class=\"elementor-container elementor-column-gap-default\">\n\t\t\t\t\t<div class=\"elementor-column elementor-col-100 elementor-top-column elementor-element elementor-element-c02849a\" data-id=\"c02849a\" data-element_type=\"column\" data-e-type=\"column\">\n\t\t\t<div class=\"elementor-widget-wrap elementor-element-populated\">\n\t\t\t\t\t\t<div class=\"elementor-element elementor-element-20b48f2 elementor-widget elementor-widget-heading\" data-id=\"20b48f2\" data-element_type=\"widget\" data-e-type=\"widget\" data-widget_type=\"heading.default\">\n\t\t\t\t<div class=\"elementor-widget-container\">\n\t\t\t\t\t<h2 class=\"elementor-heading-title elementor-size-default\">Esclusione di responsabilit\u00e0 (disclaimer)<\/h2>\t\t\t\t<\/div>\n\t\t\t\t<\/div>\n\t\t\t\t\t<\/div>\n\t\t<\/div>\n\t\t\t\t\t<\/div>\n\t\t<\/section>\n\t\t\t\t<section class=\"elementor-section elementor-top-section elementor-element elementor-element-7347844 elementor-section-boxed elementor-section-height-default elementor-section-height-default\" data-id=\"7347844\" data-element_type=\"section\" data-e-type=\"section\">\n\t\t\t\t\t\t<div class=\"elementor-container elementor-column-gap-default\">\n\t\t\t\t\t<div class=\"elementor-column elementor-col-100 elementor-top-column elementor-element elementor-element-0b68990\" data-id=\"0b68990\" data-element_type=\"column\" data-e-type=\"column\">\n\t\t\t<div class=\"elementor-widget-wrap elementor-element-populated\">\n\t\t\t\t\t\t<div class=\"elementor-element elementor-element-b56a75d elementor-widget elementor-widget-text-editor\" data-id=\"b56a75d\" data-element_type=\"widget\" data-e-type=\"widget\" data-widget_type=\"text-editor.default\">\n\t\t\t\t<div class=\"elementor-widget-container\">\n\t\t\t\t\t\t\t\t\t<p class=\"bodytext\"><b>Responsabilit\u00e0 per i contenuti<\/b><br \/>In qualit\u00e0 di fornitore di servizi, siamo responsabili dei nostri contenuti su queste pagine ai sensi dell'art. 7 (1) TMG (legge tedesca sui media telematici) e della legislazione generale. Ai sensi dei \u00a7\u00a7 8-10 TMG, tuttavia, in qualit\u00e0 di fornitore di servizi non siamo obbligati a monitorare le informazioni trasmesse o memorizzate da terzi o a indagare su circostanze che indicano un'attivit\u00e0 illegale. L'obbligo di rimuovere o bloccare l'uso delle informazioni in conformit\u00e0 alla legislazione generale rimane inalterato. Tuttavia, la responsabilit\u00e0 in questo senso \u00e8 possibile solo a partire dal momento in cui si viene a conoscenza di una specifica violazione. Non appena verremo a conoscenza di tali violazioni, provvederemo a rimuovere immediatamente tali contenuti.<\/p><p class=\"bodytext\"><b>Responsabilit\u00e0 per i link<\/b><br \/>Il nostro sito web contiene link a siti esterni di terzi sui cui contenuti non abbiamo alcuna influenza. Pertanto, non ci assumiamo alcuna responsabilit\u00e0 per questi contenuti di terzi. Il rispettivo fornitore o gestore delle pagine \u00e8 sempre responsabile del contenuto delle pagine collegate. Le pagine collegate sono state controllate per verificare eventuali violazioni di legge al momento del collegamento. I contenuti illegali non erano riconoscibili al momento del collegamento. Tuttavia, un controllo permanente dei contenuti delle pagine collegate non \u00e8 ragionevole senza prove concrete di una violazione. Nel caso in cui venissimo a conoscenza di eventuali violazioni di legge, provvederemo a rimuovere immediatamente tali link.<\/p><p class=\"bodytext\"><b>Copyright<\/b><br \/>I contenuti e le opere create dagli operatori del sito su queste pagine sono soggetti alla legge tedesca sul diritto d'autore. La duplicazione, l'elaborazione, la distribuzione e qualsiasi tipo di utilizzo al di fuori dei limiti della legge sul copyright richiedono il consenso scritto del rispettivo autore o creatore. Download e copie di questo sito sono consentiti solo per uso privato e non commerciale. Nella misura in cui i contenuti di questo sito non sono stati creati dall'operatore, vengono rispettati i diritti d'autore di terzi. In particolare, i contenuti di terzi sono contrassegnati come tali. Se tuttavia doveste venire a conoscenza di una violazione del copyright, siete pregati di informarci. Qualora venissimo a conoscenza di violazioni, provvederemo a rimuovere immediatamente tali contenuti.<\/p><p>\u00a0<\/p>\t\t\t\t\t\t\t\t<\/div>\n\t\t\t\t<\/div>\n\t\t\t\t\t<\/div>\n\t\t<\/div>\n\t\t\t\t\t<\/div>\n\t\t<\/section>\n\t\t\t\t<section class=\"elementor-section elementor-top-section elementor-element elementor-element-c282ccd elementor-section-boxed elementor-section-height-default elementor-section-height-default\" data-id=\"c282ccd\" data-element_type=\"section\" data-e-type=\"section\">\n\t\t\t\t\t\t<div class=\"elementor-container elementor-column-gap-default\">\n\t\t\t\t\t<div class=\"elementor-column elementor-col-100 elementor-top-column elementor-element elementor-element-2dad4cc\" data-id=\"2dad4cc\" data-element_type=\"column\" data-e-type=\"column\">\n\t\t\t<div class=\"elementor-widget-wrap elementor-element-populated\">\n\t\t\t\t\t\t<div class=\"elementor-element elementor-element-5f371cb elementor-widget elementor-widget-heading\" data-id=\"5f371cb\" data-element_type=\"widget\" data-e-type=\"widget\" data-widget_type=\"heading.default\">\n\t\t\t\t<div class=\"elementor-widget-container\">\n\t\t\t\t\t<h2 class=\"elementor-heading-title elementor-size-default\">Informativa sulla privacy<\/h2>\t\t\t\t<\/div>\n\t\t\t\t<\/div>\n\t\t\t\t\t<\/div>\n\t\t<\/div>\n\t\t\t\t\t<\/div>\n\t\t<\/section>\n\t\t\t\t<section class=\"elementor-section elementor-top-section elementor-element elementor-element-3df13e7 elementor-section-boxed elementor-section-height-default elementor-section-height-default\" data-id=\"3df13e7\" data-element_type=\"section\" data-e-type=\"section\">\n\t\t\t\t\t\t<div class=\"elementor-container elementor-column-gap-default\">\n\t\t\t\t\t<div class=\"elementor-column elementor-col-100 elementor-top-column elementor-element elementor-element-08e0f2f\" data-id=\"08e0f2f\" data-element_type=\"column\" data-e-type=\"column\">\n\t\t\t<div class=\"elementor-widget-wrap elementor-element-populated\">\n\t\t\t\t\t\t<div class=\"elementor-element elementor-element-12246fd elementor-widget elementor-widget-text-editor\" data-id=\"12246fd\" data-element_type=\"widget\" data-e-type=\"widget\" data-widget_type=\"text-editor.default\">\n\t\t\t\t<div class=\"elementor-widget-container\">\n\t\t\t\t\t\t\t\t\t<h3 style=\"text-align: center;\"><b>Informativa sulla privacy per l'utilizzo di Google Analytics<\/b><\/h3><p class=\"bodytext\" style=\"text-align: center;\">Questo sito web utilizza Google Analytics, un servizio di analisi web fornito da Google Inc (\"Google\"). Google Analytics utilizza dei \"cookies\", file di testo che vengono depositati sul vostro computer per consentire al sito web di analizzare come gli utenti utilizzano il sito. Le informazioni generate dal cookie sull'utilizzo del sito web da parte dell'utente vengono solitamente trasmesse a un server di Google negli Stati Uniti e l\u00ec memorizzate. Tuttavia, se su questo sito web \u00e8 attivata l'anonimizzazione dell'IP, il vostro indirizzo IP viene prima troncato da Google all'interno degli Stati membri dell'Unione Europea o in altri Stati firmatari dell'Accordo sullo Spazio Economico Europeo. Solo in casi eccezionali l'indirizzo IP completo verr\u00e0 trasmesso a un server di Google negli Stati Uniti e l\u00ec troncato. Google utilizzer\u00e0 queste informazioni per conto del gestore di questo sito web per analizzare l'utilizzo del sito web da parte dell'utente, per redigere rapporti sulle attivit\u00e0 del sito web e per fornire al gestore del sito web altri servizi relativi alle attivit\u00e0 del sito web e all'utilizzo di Internet. L'indirizzo IP trasmesso dal vostro browser nell'ambito di Google Analytics non verr\u00e0 unito ad altri dati di Google. Potete rifiutarvi di usare i cookie selezionando l'impostazione appropriata sul vostro browser; tuttavia, tenete presente che in tal caso potreste non essere in grado di utilizzare tutte le funzionalit\u00e0 di questo sito web. Potete inoltre impedire a Google di raccogliere i dati generati dal cookie e relativi al vostro utilizzo del sito web (incluso il vostro indirizzo IP) e di elaborarli da parte di Google cliccando sul seguente link (<a class=\"_blank\" href=\"https:\/\/www.abakus.de\/http:\/\/\" target=\"tools.google.com\/dlpage\/gaoptout?hl=de\" rel=\"noopener noreferrer\">http:\/\/tools.google.com\/dlpage\/gaoptout?hl=de<\/a>) per scaricare e installare il plugin del browser disponibile.<\/p><p class=\"bodytext\" style=\"text-align: center;\">Potete impedire a Google Analytics di raccogliere i vostri dati cliccando sul seguente link. Verr\u00e0 impostato un cookie di opt-out per impedire la futura raccolta dei vostri dati quando visitate questo sito web:\u00a0<a>Disattivare Google Analytics<\/a><\/p><p class=\"bodytext\" style=\"text-align: center;\">Ulteriori informazioni sulle condizioni di utilizzo e sulla protezione dei dati sono disponibili all'indirizzo\u00a0<a href=\"http:\/\/www.google.com\/analytics\/terms\/de.html\" target=\"_blank\" rel=\"noopener noreferrer\">http:\/\/www.google.com\/analytics\/terms\/de.html<\/a>\u00a0o sotto\u00a0<a href=\"https:\/\/www.google.de\/intl\/de\/policies\/\" target=\"_blank\" rel=\"noopener noreferrer\">https:\/\/www.google.de\/intl\/de\/policies\/<\/a>. Segnaliamo che su questo sito web Google Analytics \u00e8 stato ampliato con il codice \"anonymizeIp\" per garantire la raccolta anonima degli indirizzi IP (il cosiddetto mascheramento IP).<\/p><h3 style=\"text-align: center;\">Contenuti del sito web<\/h3><p class=\"bodytext\" style=\"text-align: center;\">I contenuti di questo sito web hanno uno scopo puramente informativo e sono un servizio fornito da HAUX GmbH. Non ci assumiamo alcuna responsabilit\u00e0 per l'attualit\u00e0, la correttezza e la completezza dei contenuti, dei servizi e delle informazioni presenti su questo sito. Non ci assumiamo alcuna responsabilit\u00e0 per eventuali danni materiali o immateriali causati dall'utilizzo di informazioni errate o incomplete. Ci riserviamo il diritto di modificare e aggiornare i contenuti senza preavviso.<\/p><h3 style=\"text-align: center;\">Raccolta dati anonima<\/h3><p class=\"bodytext\" style=\"text-align: center;\">Quando accedete al nostro sito web, i nostri server web raccolgono automaticamente informazioni di carattere generale. Queste includono il tipo di browser web, il sistema operativo utilizzato, il nome di dominio del provider di servizi Internet, l'indirizzo IP del computer utilizzato, il sito web dal quale ci visitate, le pagine che visitate sul nostro sito web e la data e la durata della vostra visita. Si tratta esclusivamente di informazioni che non consentono di trarre conclusioni sulla vostra persona. Analizziamo questi dati solo a fini statistici e solo in forma anonima.<\/p><h3 style=\"text-align: center;\">Raccolta e trattamento dei dati personali<\/h3><p class=\"bodytext\" style=\"text-align: center;\">I dati personali vengono raccolti solo se forniti volontariamente, ad esempio per completare un ordine, un sondaggio o per registrarsi a servizi personalizzati. L'utente verr\u00e0 informato sulle finalit\u00e0 del trattamento e, se necessario, gli verr\u00e0 chiesto il consenso alla memorizzazione.<\/p><h3 style=\"text-align: center;\">Utilizzo e divulgazione dei dati raccolti<\/h3><p class=\"bodytext\" style=\"text-align: center;\">I dati personali raccolti sul nostro sito web saranno utilizzati, senza il vostro consenso, solo per l'elaborazione degli ordini o delle vostre richieste. Inoltre, i vostri dati saranno utilizzati in un database di clienti e potenziali clienti gestito centralmente sotto la responsabilit\u00e0 di HAUX GmbH. L'utilizzo di questi dati \u00e8 limitato agli scopi pubblicitari e alle ricerche di mercato e di opinione di HAUX GmbH. Potete revocare il vostro consenso in qualsiasi momento con effetto per il futuro. I vostri dati non saranno venduti, affittati o resi disponibili a terzi in alcun altro modo. I dati personali saranno trasferiti solo a istituzioni e autorit\u00e0 statali nell'ambito della legislazione nazionale obbligatoria. I nostri dipendenti sono tenuti a mantenere la massima riservatezza.<\/p><h3 style=\"text-align: center;\">Sicurezza<\/h3><p class=\"bodytext\" style=\"text-align: center;\">HAUX GmbH utilizza misure di sicurezza tecniche e organizzative per proteggere i vostri dati da noi gestiti da manipolazioni accidentali o intenzionali, perdita, distruzione o accesso da parte di persone non autorizzate. Le nostre misure di sicurezza vengono continuamente migliorate in linea con gli sviluppi tecnologici.<\/p><h3 style=\"text-align: center;\">Diritti di marchio e copyright<\/h3><p class=\"bodytext\" style=\"text-align: center;\">Tutti i marchi e le marche citati in questo sito web ed eventualmente protetti da terzi sono soggetti senza limitazioni alle disposizioni della legge applicabile in materia di etichettatura e ai diritti di propriet\u00e0 dei rispettivi proprietari registrati. La riproduzione totale o parziale non \u00e8 consentita senza l'autorizzazione scritta di HAUX GmbH.<\/p>\t\t\t\t\t\t\t\t<\/div>\n\t\t\t\t<\/div>\n\t\t\t\t\t<\/div>\n\t\t<\/div>\n\t\t\t\t\t<\/div>\n\t\t<\/section>\n\t\t\t\t<section class=\"elementor-section elementor-top-section elementor-element elementor-element-df67c49 elementor-section-boxed elementor-section-height-default elementor-section-height-default\" data-id=\"df67c49\" data-element_type=\"section\" data-e-type=\"section\">\n\t\t\t\t\t\t<div class=\"elementor-container elementor-column-gap-default\">\n\t\t\t\t\t<div class=\"elementor-column elementor-col-50 elementor-top-column elementor-element elementor-element-0a74a4f\" data-id=\"0a74a4f\" data-element_type=\"column\" data-e-type=\"column\">\n\t\t\t<div class=\"elementor-widget-wrap elementor-element-populated\">\n\t\t\t\t\t\t<div class=\"elementor-element elementor-element-c63b7d7 elementor-widget elementor-widget-heading\" data-id=\"c63b7d7\" data-element_type=\"widget\" data-e-type=\"widget\" data-widget_type=\"heading.default\">\n\t\t\t\t<div class=\"elementor-widget-container\">\n\t\t\t\t\t<h2 class=\"elementor-heading-title elementor-size-default\">CONTATTO<\/h2>\t\t\t\t<\/div>\n\t\t\t\t<\/div>\n\t\t\t\t<div class=\"elementor-element elementor-element-af89acc elementor-align-left elementor-widget elementor-widget-button\" data-id=\"af89acc\" data-element_type=\"widget\" data-e-type=\"widget\" data-widget_type=\"button.default\">\n\t\t\t\t<div class=\"elementor-widget-container\">\n\t\t\t\t\t\t\t\t\t<div class=\"elementor-button-wrapper\">\n\t\t\t\t\t<a class=\"elementor-button elementor-button-link elementor-size-lg\" href=\"mailto:info@hauxgmbh.de\">\n\t\t\t\t\t\t<span class=\"elementor-button-content-wrapper\">\n\t\t\t\t\t\t\t\t\t<span class=\"elementor-button-text\">Contattateci<\/span>\n\t\t\t\t\t<\/span>\n\t\t\t\t\t<\/a>\n\t\t\t\t<\/div>\n\t\t\t\t\t\t\t\t<\/div>\n\t\t\t\t<\/div>\n\t\t\t\t\t<\/div>\n\t\t<\/div>\n\t\t\t\t<div class=\"elementor-column elementor-col-50 elementor-top-column elementor-element elementor-element-28133cd\" data-id=\"28133cd\" data-element_type=\"column\" data-e-type=\"column\">\n\t\t\t<div class=\"elementor-widget-wrap elementor-element-populated\">\n\t\t\t\t\t\t<div class=\"elementor-element elementor-element-d133345 elementor-widget elementor-widget-heading\" data-id=\"d133345\" data-element_type=\"widget\" data-e-type=\"widget\" data-widget_type=\"heading.default\">\n\t\t\t\t<div class=\"elementor-widget-container\">\n\t\t\t\t\t<h2 class=\"elementor-heading-title elementor-size-default\">SEGUICI<\/h2>\t\t\t\t<\/div>\n\t\t\t\t<\/div>\n\t\t\t\t<div class=\"elementor-element elementor-element-f803f60 e-grid-align-right elementor-shape-rounded elementor-grid-0 elementor-widget elementor-widget-social-icons\" data-id=\"f803f60\" data-element_type=\"widget\" data-e-type=\"widget\" data-widget_type=\"social-icons.default\">\n\t\t\t\t<div class=\"elementor-widget-container\">\n\t\t\t\t\t\t\t<div class=\"elementor-social-icons-wrapper elementor-grid\" role=\"list\">\n\t\t\t\t\t\t\t<span class=\"elementor-grid-item\" role=\"listitem\">\n\t\t\t\t\t<a class=\"elementor-icon elementor-social-icon elementor-social-icon-linkedin elementor-animation-push elementor-repeater-item-4e8bba4\" href=\"https:\/\/de.linkedin.com\/company\/haux-maschinenbau-gmbh\" target=\"_blank\">\n\t\t\t\t\t\t<span class=\"elementor-screen-only\">Linkedin<\/span>\n\t\t\t\t\t\t<i aria-hidden=\"true\" class=\"fab fa-linkedin\"><\/i>\t\t\t\t\t<\/a>\n\t\t\t\t<\/span>\n\t\t\t\t\t\t\t<span class=\"elementor-grid-item\" role=\"listitem\">\n\t\t\t\t\t<a class=\"elementor-icon elementor-social-icon elementor-social-icon-youtube elementor-animation-push elementor-repeater-item-6d41c43\" href=\"https:\/\/www.youtube.com\/@haux-grinding\" target=\"_blank\">\n\t\t\t\t\t\t<span class=\"elementor-screen-only\">Youtube<\/span>\n\t\t\t\t\t\t<i aria-hidden=\"true\" class=\"fab fa-youtube\"><\/i>\t\t\t\t\t<\/a>\n\t\t\t\t<\/span>\n\t\t\t\t\t\t\t<span class=\"elementor-grid-item\" role=\"listitem\">\n\t\t\t\t\t<a class=\"elementor-icon elementor-social-icon elementor-social-icon-instagram elementor-animation-push elementor-repeater-item-ec634b9\" href=\"https:\/\/www.instagram.com\/haux_maschinenbau_gmbh\/\" target=\"_blank\">\n\t\t\t\t\t\t<span class=\"elementor-screen-only\">Instagram<\/span>\n\t\t\t\t\t\t<i aria-hidden=\"true\" class=\"fab fa-instagram\"><\/i>\t\t\t\t\t<\/a>\n\t\t\t\t<\/span>\n\t\t\t\t\t<\/div>\n\t\t\t\t\t\t<\/div>\n\t\t\t\t<\/div>\n\t\t\t\t\t<\/div>\n\t\t<\/div>\n\t\t\t\t\t<\/div>\n\t\t<\/section>\n\t\t\t\t<\/div>","protected":false},"excerpt":{"rendered":"<p>HAUX Machine Tools GmbHEbinger Str. 5072510 Stetten a. k. M.Germania Telefono +49 (0)7573 95455-0Telefax +49 (0)7573 95455-30 Internet: https:\/\/hauxmt.comE-mail: info@hauxmt.com Rappresentante autorizzato Amministratore delegato: Claudius Braun Tribunale di registrazione: Ulm Numero di registro: HRB 749005 Partita IVA: DE400071143 Esclusione di responsabilit\u00e0 Responsabilit\u00e0 per i contenuti In qualit\u00e0 di fornitore di servizi, siamo responsabili dei nostri contenuti su queste pagine in conformit\u00e0 con il \u00a7 7 comma 1 TMG (legge tedesca sui media telematici) e le leggi generali. Ai sensi dei \u00a7\u00a7 da 8 a 10 TMG siamo<\/p>","protected":false},"author":8,"featured_media":0,"parent":0,"menu_order":0,"comment_status":"closed","ping_status":"closed","template":"","meta":{"footnotes":""},"class_list":["post-4490","page","type-page","status-publish","hentry"],"_links":{"self":[{"href":"https:\/\/www.hauxmt.com\/it\/wp-json\/wp\/v2\/pages\/4490","targetHints":{"allow":["GET"]}}],"collection":[{"href":"https:\/\/www.hauxmt.com\/it\/wp-json\/wp\/v2\/pages"}],"about":[{"href":"https:\/\/www.hauxmt.com\/it\/wp-json\/wp\/v2\/types\/page"}],"author":[{"embeddable":true,"href":"https:\/\/www.hauxmt.com\/it\/wp-json\/wp\/v2\/users\/8"}],"replies":[{"embeddable":true,"href":"https:\/\/www.hauxmt.com\/it\/wp-json\/wp\/v2\/comments?post=4490"}],"version-history":[{"count":49,"href":"https:\/\/www.hauxmt.com\/it\/wp-json\/wp\/v2\/pages\/4490\/revisions"}],"predecessor-version":[{"id":7997,"href":"https:\/\/www.hauxmt.com\/it\/wp-json\/wp\/v2\/pages\/4490\/revisions\/7997"}],"wp:attachment":[{"href":"https:\/\/www.hauxmt.com\/it\/wp-json\/wp\/v2\/media?parent=4490"}],"curies":[{"name":"wp","href":"https:\/\/api.w.org\/{rel}","templated":true}]}}