{"id":5331,"date":"2022-12-21T10:55:44","date_gmt":"2022-12-21T09:55:44","guid":{"rendered":"https:\/\/haux-grinding.com\/?page_id=5331"},"modified":"2024-11-06T08:22:22","modified_gmt":"2024-11-06T07:22:22","slug":"elemento-di-protezione-dei-dati-o","status":"publish","type":"page","link":"https:\/\/www.hauxmt.com\/it\/elemento-di-protezione-dei-dati-o\/","title":{"rendered":"Protezione dei dati"},"content":{"rendered":"<div data-elementor-type=\"wp-page\" data-elementor-id=\"5331\" class=\"elementor elementor-5331\" data-elementor-post-type=\"page\">\n\t\t\t\t\t\t<section class=\"elementor-section elementor-top-section elementor-element elementor-element-d5f4317 elementor-section-boxed elementor-section-height-default elementor-section-height-default\" data-id=\"d5f4317\" data-element_type=\"section\" data-e-type=\"section\">\n\t\t\t\t\t\t<div class=\"elementor-container elementor-column-gap-default\">\n\t\t\t\t\t<div class=\"elementor-column elementor-col-100 elementor-top-column elementor-element elementor-element-df3293b\" data-id=\"df3293b\" data-element_type=\"column\" data-e-type=\"column\">\n\t\t\t<div class=\"elementor-widget-wrap elementor-element-populated\">\n\t\t\t\t\t\t<div class=\"elementor-element elementor-element-0d5da70 elementor-widget elementor-widget-text-editor\" data-id=\"0d5da70\" data-element_type=\"widget\" data-e-type=\"widget\" data-widget_type=\"text-editor.default\">\n\t\t\t\t<div class=\"elementor-widget-container\">\n\t\t\t\t\t\t\t\t\t<h3 style=\"text-align: center;\"><span style=\"color: #2b3d89;\">Informazioni legali<\/span><\/h3>\n<p style=\"text-align: center;\">Si prega di notare che le informazioni contenute in questo sito possono contenere imprecisioni tecniche o errori tipografici. Ci riserviamo il diritto di modificare o aggiornare le informazioni contenute in questo sito in qualsiasi momento e senza preavviso. Tutte le opere o parti di opere pubblicate sulle nostre pagine Internet, come testi, file, composizioni e immagini, sono protette dalla legge sul diritto d'autore o sui brevetti di design. Qualsiasi ulteriore pubblicazione, duplicazione, distribuzione o altro utilizzo - anche per estratti - richiede l'autorizzazione scritta del gestore del sito.<\/p>\n<p style=\"text-align: center;\">\n<\/p><div class=\"ce_text block\">\n<h2 style=\"text-align: center;\"><span style=\"color: #2b3d89;\">Informativa sulla privacy<\/span><\/h2>\n<p style=\"text-align: center;\">\n<\/p><h2 style=\"text-align: center;\"><span style=\"color: #2b3d89;\">1. La protezione dei dati in sintesi<\/span><\/h2>\n<h3 style=\"text-align: center;\"><span style=\"color: #2b3d89;\">Informazioni generali<\/span><\/h3>\n<p style=\"text-align: center;\">Le seguenti informazioni forniscono una semplice panoramica di ci\u00f2 che accade ai vostri dati personali quando visitate il nostro sito web. Per dati personali si intendono tutti i dati che possono essere utilizzati per identificarvi personalmente. Informazioni dettagliate sul tema della protezione dei dati sono disponibili nella nostra dichiarazione sulla protezione dei dati riportata sotto questo testo.<\/p>\n<h3 style=\"text-align: center;\"><span style=\"color: #2b3d89;\">Raccolta di dati sul nostro sito web<\/span><\/h3>\n<p style=\"text-align: center;\"><span style=\"color: #2b3d89;\"><strong>Chi \u00e8 responsabile della raccolta dei dati su questo sito?<\/strong><\/span><\/p>\n<p style=\"text-align: center;\">Il trattamento dei dati su questo sito web viene effettuato dal gestore del sito. I dati di contatto del gestore sono riportati nelle note legali di questo sito.<\/p>\n<p style=\"text-align: center;\"><span style=\"color: #2b3d89;\"><strong>Come raccogliamo i vostri dati?<\/strong><\/span><\/p>\n<p style=\"text-align: center;\">Da un lato, i vostri dati vengono raccolti quando ce li fornite. Pu\u00f2 trattarsi, ad esempio, dei dati inseriti in un modulo di contatto.<\/p>\n<p style=\"text-align: center;\">Altri dati vengono raccolti automaticamente dai nostri sistemi informatici quando visitate il sito web. Si tratta principalmente di dati tecnici (ad es. browser Internet, sistema operativo o tempo di visualizzazione della pagina). Questi dati vengono raccolti automaticamente non appena si accede al nostro sito web.<\/p>\n<p style=\"text-align: center;\"><span style=\"color: #2b3d89;\"><strong>Per cosa utilizziamo i vostri dati?<\/strong><\/span><\/p>\n<p style=\"text-align: center;\">Alcuni dati vengono raccolti per garantire che il sito web venga fornito senza errori. Altri dati possono essere utilizzati per analizzare il comportamento degli utenti.<\/p>\n<p style=\"text-align: center;\"><span style=\"color: #2b3d89;\"><strong>Quali diritti avete sui vostri dati?<\/strong><\/span><\/p>\n<p style=\"text-align: center;\">Avete il diritto di ricevere gratuitamente in qualsiasi momento informazioni sull'origine, il destinatario e lo scopo dei vostri dati personali memorizzati. Avete inoltre il diritto di richiedere la correzione, il blocco o la cancellazione di tali dati. Per ulteriori domande sulla protezione dei dati, potete contattarci in qualsiasi momento all'indirizzo indicato nella nota legale. Avete inoltre il diritto di presentare un reclamo all'autorit\u00e0 di controllo competente.<\/p>\n<h3 style=\"text-align: center;\"><span style=\"color: #2b3d89;\">Strumenti di analisi e strumenti di fornitori terzi<\/span><\/h3>\n<p style=\"text-align: center;\">Quando visitate il nostro sito web, il vostro comportamento di navigazione pu\u00f2 essere valutato statisticamente. Ci\u00f2 avviene principalmente attraverso i cookie e i cosiddetti programmi di analisi. L'analisi del vostro comportamento di navigazione \u00e8 generalmente anonima; il comportamento di navigazione non pu\u00f2 essere ricondotto a voi. Potete opporvi a questa analisi o impedirla non utilizzando determinati strumenti. Informazioni dettagliate al riguardo sono contenute nella seguente informativa sulla privacy.<\/p>\n<p style=\"text-align: center;\">Potete opporvi a questa analisi. Vi informeremo sulle opzioni di opposizione in questa informativa sulla privacy.<\/p>\n<h2 style=\"text-align: center;\"><span style=\"color: #2b3d89;\">2 Note generali e informazioni obbligatorie<\/span><\/h2>\n<h3 style=\"text-align: center;\"><span style=\"color: #2b3d89;\">Protezione dei dati<\/span><\/h3>\n<p style=\"text-align: center;\">I gestori di queste pagine prendono molto sul serio la protezione dei vostri dati personali. Trattiamo i vostri dati personali in modo confidenziale e in conformit\u00e0 alle norme di legge sulla protezione dei dati e alla presente informativa sulla privacy.<\/p>\n<p style=\"text-align: center;\">Quando si utilizza questo sito web, vengono raccolti diversi dati personali. I dati personali sono dati che possono essere utilizzati per identificarvi personalmente. La presente informativa sulla privacy spiega quali dati raccogliamo e per quali scopi li utilizziamo. Spiega inoltre come e per quale scopo vengono raccolti.<\/p>\n<p style=\"text-align: center;\">Desideriamo sottolineare che la trasmissione di dati su Internet (ad esempio, quando si comunica via e-mail) pu\u00f2 essere soggetta a vulnerabilit\u00e0 di sicurezza. Non \u00e8 possibile proteggere completamente i dati dall'accesso di terzi.<\/p>\n<h3 style=\"text-align: center;\"><span style=\"color: #2b3d89;\">Nota sull'organismo responsabile<\/span><\/h3>\n<p style=\"text-align: center;\">Il responsabile del trattamento dei dati su questo sito web \u00e8<\/p>\n<p style=\"text-align: center;\">HAUX Machine Tools GmbH<br>Ebinger Str. 50<br>72510 Stetten a. k. M.<br>Germania<\/p>\n<p style=\"text-align: center;\">Amministratore delegato autorizzato a rappresentare la societ\u00e0:<br>Claudio Braun<\/p>\n<p style=\"text-align: center;\">Telefono: +49 (0)7573 95455-0<br>E-mail: info@hauxgmbh.de<\/p>\n<p style=\"text-align: center;\">Il responsabile del trattamento \u00e8 la persona fisica o giuridica che, da sola o insieme ad altri, determina le finalit\u00e0 e i mezzi del trattamento dei dati personali (ad esempio, nomi, indirizzi e-mail, ecc.).<\/p>\n<h3 style=\"text-align: center;\"><span style=\"color: #2b3d89;\">Revoca del consenso al trattamento dei dati<\/span><\/h3>\n<p style=\"text-align: center;\">Molte operazioni di trattamento dei dati sono possibili solo con il vostro consenso esplicito. Potete revocare in qualsiasi momento il consenso che avete gi\u00e0 dato. \u00c8 sufficiente inviare un'e-mail informale. La legalit\u00e0 del trattamento dei dati effettuato fino alla revoca rimane inalterata.<\/p>\n<h3 style=\"text-align: center;\"><span style=\"color: #2b3d89;\">Diritto di presentare un reclamo all'autorit\u00e0 di controllo competente<\/span><\/h3>\n<p style=\"text-align: center;\">In caso di violazione della legge sulla protezione dei dati, l'interessato ha il diritto di presentare un reclamo all'autorit\u00e0 di controllo competente. L'autorit\u00e0 di controllo competente per le questioni relative alla protezione dei dati \u00e8 il responsabile della protezione dei dati dello Stato federale in cui ha sede la nostra azienda. L'elenco dei responsabili della protezione dei dati e i loro dati di contatto sono disponibili al seguente link: <a href=\"https:\/\/www.bfdi.bund.de\/DE\/Infothek\/Anschriften_Links\/anschriften_links-node.html\" target=\"_blank\" rel=\"noopener noreferrer\">https:\/\/www.bfdi.bund.de\/DE\/Infothek\/Anschriften_Links\/anschriften_links-node.html<\/a>.<\/p>\n<h3 style=\"text-align: center;\"><span style=\"color: #2b3d89;\">Diritto alla portabilit\u00e0 dei dati<\/span><\/h3>\n<p style=\"text-align: center;\">Avete il diritto di ottenere che i dati da noi trattati automaticamente sulla base del vostro consenso o in adempimento di un contratto vengano consegnati a voi o a terzi in un formato comunemente utilizzato e leggibile da una macchina. Se richiedete il trasferimento diretto dei dati a un altro titolare del trattamento, questo avverr\u00e0 solo se tecnicamente fattibile.<\/p>\n<h3 style=\"text-align: center;\"><span style=\"color: #2b3d89;\">Crittografia SSL o TLS<\/span><\/h3>\n<p style=\"text-align: center;\">Questo sito utilizza la crittografia SSL o TLS per motivi di sicurezza e per proteggere la trasmissione di contenuti riservati, come gli ordini o le richieste di informazioni che ci inviate in qualit\u00e0 di gestore del sito. \u00c8 possibile riconoscere una connessione crittografata dal fatto che la riga dell'indirizzo del browser passa da \"http:\/\/\" a \"https:\/\/\" e dal simbolo del lucchetto nella riga del browser.<\/p>\n<p style=\"text-align: center;\">Se la crittografia SSL o TLS \u00e8 attivata, i dati che ci trasmettete non possono essere letti da terzi.<\/p>\n<h2 style=\"text-align: center;\"><span style=\"color: #2b3d89;\">3. raccolta di dati sul nostro sito web<\/span><\/h2>\n<h3 style=\"text-align: center;\"><span style=\"color: #2b3d89;\">Biscotti<\/span><\/h3>\n<p style=\"text-align: center;\">Alcune pagine Internet utilizzano i cosiddetti cookie. I cookie non danneggiano il computer e non contengono virus. I cookie vengono utilizzati per rendere il nostro sito web pi\u00f9 facile da usare, efficace e sicuro. I cookie sono piccoli file di testo che vengono memorizzati sul vostro computer e salvati dal vostro browser.<\/p>\n<p style=\"text-align: center;\">La maggior parte dei cookie che utilizziamo sono i cosiddetti \"cookie di sessione\". Vengono cancellati automaticamente al termine della visita. Altri cookie rimangono memorizzati sul vostro dispositivo finale finch\u00e9 non li cancellate. Questi cookie ci permettono di riconoscere il vostro browser alla vostra prossima visita.<\/p>\n<p style=\"text-align: center;\">Potete impostare il vostro browser in modo da essere informati sull'impostazione dei cookie e consentire i cookie solo in singoli casi, escludere l'accettazione dei cookie per determinati casi o in generale e attivare la cancellazione automatica dei cookie alla chiusura del browser. Se i cookie vengono disattivati, la funzionalit\u00e0 di questo sito web potrebbe essere limitata.<\/p>\n<p style=\"text-align: center;\">I cookie necessari per eseguire il processo di comunicazione elettronica o per fornire determinate funzioni richieste dall'utente (ad es. la funzione carrello) vengono memorizzati sulla base dell'art. 6 par. 1 lett. f GDPR. Il gestore del sito web ha un interesse legittimo alla memorizzazione dei cookie per la fornitura tecnicamente priva di errori e ottimizzata dei propri servizi. Nella misura in cui vengono memorizzati altri cookie (ad es. cookie per l'analisi del comportamento di navigazione), questi vengono trattati separatamente nella presente informativa sulla privacy.<\/p>\n<h3 style=\"text-align: center;\"><span style=\"color: #2b3d89;\">File di log del server<\/span><\/h3>\n<p style=\"text-align: center;\">Il fornitore delle pagine raccoglie e memorizza automaticamente le informazioni nei cosiddetti file di log del server, che il vostro browser ci trasmette automaticamente. Questi sono<\/p>\n<ul style=\"text-align: center;\">\n<li>Tipo e versione del browser<\/li>\n<li>Sistema operativo utilizzato<\/li>\n<li>URL di riferimento<\/li>\n<li>Nome host del computer di accesso<\/li>\n<li>Ora della richiesta del server<\/li>\n<li>Indirizzo IP<\/li>\n<\/ul>\n<p style=\"text-align: center;\">Questi dati non vengono uniti ad altre fonti di dati.<\/p>\n<p style=\"text-align: center;\">La base per il trattamento dei dati \u00e8 l'art. 6 comma 1 lett. f GDPR, che consente il trattamento dei dati per l'adempimento di un contratto o di misure precontrattuali.<\/p>\n<h3 style=\"text-align: center;\"><span style=\"color: #2b3d89;\">Modulo di contatto<\/span><\/h3>\n<p style=\"text-align: center;\">Se ci inviate richieste di informazioni tramite il modulo di contatto, i vostri dati del modulo di richiesta, compresi i dati di contatto che ci avete fornito, saranno memorizzati da noi allo scopo di elaborare la richiesta e in caso di domande successive. Non trasmetteremo questi dati senza il vostro consenso.<\/p>\n<p style=\"text-align: center;\">I dati inseriti nel modulo di contatto vengono pertanto trattati esclusivamente sulla base del vostro consenso (art. 6 par. 1 lett. a GDPR). Potete revocare questo consenso in qualsiasi momento. \u00c8 sufficiente inviare un'e-mail informale. La legalit\u00e0 delle operazioni di trattamento dei dati effettuate fino alla revoca rimane inalterata.<\/p>\n<p style=\"text-align: center;\">Conserveremo i dati forniti dall'utente nel modulo di contatto fino a quando l'utente non ne richieder\u00e0 la cancellazione, non revocher\u00e0 il proprio consenso alla conservazione o non verr\u00e0 meno lo scopo della conservazione (ad esempio, dopo aver soddisfatto la richiesta). Le disposizioni di legge obbligatorie, in particolare i periodi di conservazione, rimangono inalterate.<\/p>\n<h2 style=\"text-align: center;\"><span style=\"color: #2b3d89;\">4. plugin e strumenti<\/span><\/h2>\n<h3 style=\"text-align: center;\"><span style=\"color: #2b3d89;\">Google Web Fonts<\/span><\/h3>\n<p style=\"text-align: center;\">Questo sito utilizza i cosiddetti web font forniti da Google per la visualizzazione standardizzata dei caratteri. Quando si richiama una pagina, il browser carica i web font necessari nella cache del browser per visualizzare correttamente testi e caratteri.<\/p>\n<p style=\"text-align: center;\">A tal fine, il browser utilizzato deve collegarsi ai server di Google. In questo modo Google viene informato che il nostro sito web \u00e8 stato visitato tramite il vostro indirizzo IP. L'utilizzo di Google Web Fonts \u00e8 finalizzato a una presentazione uniforme e accattivante delle nostre offerte online. Ci\u00f2 costituisce un interesse legittimo ai sensi dell'art. 6 comma 1 lett. f GDPR.<\/p>\n<p style=\"text-align: center;\">Se il browser non supporta i font web, il computer utilizzer\u00e0 un font standard.<\/p>\n<p style=\"text-align: center;\">Ulteriori informazioni su Google Web Fonts sono disponibili all'indirizzo <a href=\"https:\/\/developers.google.com\/fonts\/faq\" target=\"_blank\" rel=\"noopener noreferrer\">https:\/\/developers.google.com\/fonts\/faq<\/a> e nell'informativa sulla privacy di Google: <a href=\"https:\/\/www.google.com\/policies\/privacy\/\" target=\"_blank\" rel=\"noopener noreferrer\">https:\/\/www.google.com\/policies\/privacy\/<\/a>.<\/p>\n<h3 style=\"text-align: center;\"><span style=\"color: #2b3d89;\">Google Maps<\/span><\/h3>\n<p style=\"text-align: center;\">Questo sito utilizza il servizio di mappe di Google Maps tramite un'API. Il fornitore \u00e8 Google Inc, 1600 Amphitheatre Parkway, Mountain View, CA 94043, USA.<\/p>\n<p style=\"text-align: center;\">Per utilizzare le funzioni di Google Maps \u00e8 necessario salvare il vostro indirizzo IP. Queste informazioni vengono solitamente trasferite a un server di Google negli Stati Uniti e l\u00ec memorizzate. Il fornitore di questo sito non ha alcuna influenza su questo trasferimento di dati.<\/p>\n<p style=\"text-align: center;\">L'utilizzo di Google Maps \u00e8 finalizzato a una presentazione accattivante delle nostre offerte online e a facilitare la ricerca dei luoghi da noi indicati sul sito web. Ci\u00f2 costituisce un interesse legittimo ai sensi dell'art. 6 comma 1 lett. f GDPR.<\/p>\n<p style=\"text-align: center;\">Per ulteriori informazioni sul trattamento dei dati degli utenti, consultare l'informativa sulla privacy di Google: <a href=\"https:\/\/www.google.de\/intl\/de\/policies\/privacy\/\" target=\"_blank\" rel=\"noopener noreferrer\">https:\/\/www.google.de\/intl\/de\/policies\/privacy\/<\/a>.<\/p>\n<\/div>\t\t\t\t\t\t\t\t<\/div>\n\t\t\t\t<\/div>\n\t\t\t\t\t<\/div>\n\t\t<\/div>\n\t\t\t\t\t<\/div>\n\t\t<\/section>\n\t\t\t\t<section class=\"elementor-section elementor-top-section elementor-element elementor-element-958d7ce elementor-section-stretched elementor-section-boxed elementor-section-height-default elementor-section-height-default\" data-id=\"958d7ce\" data-element_type=\"section\" data-e-type=\"section\" data-settings=\"{&quot;stretch_section&quot;:&quot;section-stretched&quot;}\">\n\t\t\t\t\t\t<div class=\"elementor-container elementor-column-gap-default\">\n\t\t\t\t\t<div class=\"elementor-column elementor-col-50 elementor-top-column elementor-element elementor-element-6cee103\" data-id=\"6cee103\" data-element_type=\"column\" data-e-type=\"column\">\n\t\t\t<div class=\"elementor-widget-wrap elementor-element-populated\">\n\t\t\t\t\t\t<div class=\"elementor-element elementor-element-1868f5c elementor-widget elementor-widget-heading\" data-id=\"1868f5c\" data-element_type=\"widget\" data-e-type=\"widget\" data-widget_type=\"heading.default\">\n\t\t\t\t<div class=\"elementor-widget-container\">\n\t\t\t\t\t<h2 class=\"elementor-heading-title elementor-size-default\">CONTATTO<\/h2>\t\t\t\t<\/div>\n\t\t\t\t<\/div>\n\t\t\t\t<div class=\"elementor-element elementor-element-cc679b7 elementor-align-left elementor-widget elementor-widget-button\" data-id=\"cc679b7\" data-element_type=\"widget\" data-e-type=\"widget\" data-widget_type=\"button.default\">\n\t\t\t\t<div class=\"elementor-widget-container\">\n\t\t\t\t\t\t\t\t\t<div class=\"elementor-button-wrapper\">\n\t\t\t\t\t<a class=\"elementor-button elementor-button-link elementor-size-lg\" href=\"mailto:info@hauxgmbh.de\">\n\t\t\t\t\t\t<span class=\"elementor-button-content-wrapper\">\n\t\t\t\t\t\t\t\t\t<span class=\"elementor-button-text\">Contattateci<\/span>\n\t\t\t\t\t<\/span>\n\t\t\t\t\t<\/a>\n\t\t\t\t<\/div>\n\t\t\t\t\t\t\t\t<\/div>\n\t\t\t\t<\/div>\n\t\t\t\t\t<\/div>\n\t\t<\/div>\n\t\t\t\t<div class=\"elementor-column elementor-col-50 elementor-top-column elementor-element elementor-element-7750b74\" data-id=\"7750b74\" data-element_type=\"column\" data-e-type=\"column\">\n\t\t\t<div class=\"elementor-widget-wrap elementor-element-populated\">\n\t\t\t\t\t\t<div class=\"elementor-element elementor-element-b1fd7c1 elementor-widget elementor-widget-heading\" data-id=\"b1fd7c1\" data-element_type=\"widget\" data-e-type=\"widget\" data-widget_type=\"heading.default\">\n\t\t\t\t<div class=\"elementor-widget-container\">\n\t\t\t\t\t<h2 class=\"elementor-heading-title elementor-size-default\">SEGUICI<\/h2>\t\t\t\t<\/div>\n\t\t\t\t<\/div>\n\t\t\t\t<div class=\"elementor-element elementor-element-118873a e-grid-align-right elementor-shape-rounded elementor-grid-0 elementor-widget elementor-widget-social-icons\" data-id=\"118873a\" data-element_type=\"widget\" data-e-type=\"widget\" data-widget_type=\"social-icons.default\">\n\t\t\t\t<div class=\"elementor-widget-container\">\n\t\t\t\t\t\t\t<div class=\"elementor-social-icons-wrapper elementor-grid\" role=\"list\">\n\t\t\t\t\t\t\t<span class=\"elementor-grid-item\" role=\"listitem\">\n\t\t\t\t\t<a class=\"elementor-icon elementor-social-icon elementor-social-icon-linkedin elementor-animation-push elementor-repeater-item-4e8bba4\" href=\"https:\/\/de.linkedin.com\/company\/haux-maschinenbau-gmbh\" target=\"_blank\">\n\t\t\t\t\t\t<span class=\"elementor-screen-only\">Linkedin<\/span>\n\t\t\t\t\t\t<i aria-hidden=\"true\" class=\"fab fa-linkedin\"><\/i>\t\t\t\t\t<\/a>\n\t\t\t\t<\/span>\n\t\t\t\t\t\t\t<span class=\"elementor-grid-item\" role=\"listitem\">\n\t\t\t\t\t<a class=\"elementor-icon elementor-social-icon elementor-social-icon-youtube elementor-animation-push elementor-repeater-item-6d41c43\" href=\"https:\/\/www.youtube.com\/@haux-grinding\" target=\"_blank\">\n\t\t\t\t\t\t<span class=\"elementor-screen-only\">Youtube<\/span>\n\t\t\t\t\t\t<i aria-hidden=\"true\" class=\"fab fa-youtube\"><\/i>\t\t\t\t\t<\/a>\n\t\t\t\t<\/span>\n\t\t\t\t\t\t\t<span class=\"elementor-grid-item\" role=\"listitem\">\n\t\t\t\t\t<a class=\"elementor-icon elementor-social-icon elementor-social-icon-instagram elementor-animation-push elementor-repeater-item-ec634b9\" href=\"https:\/\/www.instagram.com\/haux_maschinenbau_gmbh\/\" target=\"_blank\">\n\t\t\t\t\t\t<span class=\"elementor-screen-only\">Instagram<\/span>\n\t\t\t\t\t\t<i aria-hidden=\"true\" class=\"fab fa-instagram\"><\/i>\t\t\t\t\t<\/a>\n\t\t\t\t<\/span>\n\t\t\t\t\t<\/div>\n\t\t\t\t\t\t<\/div>\n\t\t\t\t<\/div>\n\t\t\t\t\t<\/div>\n\t\t<\/div>\n\t\t\t\t\t<\/div>\n\t\t<\/section>\n\t\t\t\t<\/div>","protected":false},"excerpt":{"rendered":"<p>Nota legale Desideriamo sottolineare che le informazioni contenute in questo sito possono contenere imprecisioni tecniche o errori tipografici. Ci riserviamo il diritto di modificare o aggiornare le informazioni contenute in questo sito in qualsiasi momento e senza preavviso. Tutte le opere o parti di opere pubblicate sulle nostre pagine Internet, come testi, file, composizioni e immagini, sono protette dalla legge sul diritto d'autore o sui brevetti di design. Ogni<\/p>","protected":false},"author":8,"featured_media":0,"parent":0,"menu_order":0,"comment_status":"closed","ping_status":"closed","template":"","meta":{"footnotes":""},"class_list":["post-5331","page","type-page","status-publish","hentry"],"_links":{"self":[{"href":"https:\/\/www.hauxmt.com\/it\/wp-json\/wp\/v2\/pages\/5331","targetHints":{"allow":["GET"]}}],"collection":[{"href":"https:\/\/www.hauxmt.com\/it\/wp-json\/wp\/v2\/pages"}],"about":[{"href":"https:\/\/www.hauxmt.com\/it\/wp-json\/wp\/v2\/types\/page"}],"author":[{"embeddable":true,"href":"https:\/\/www.hauxmt.com\/it\/wp-json\/wp\/v2\/users\/8"}],"replies":[{"embeddable":true,"href":"https:\/\/www.hauxmt.com\/it\/wp-json\/wp\/v2\/comments?post=5331"}],"version-history":[{"count":16,"href":"https:\/\/www.hauxmt.com\/it\/wp-json\/wp\/v2\/pages\/5331\/revisions"}],"predecessor-version":[{"id":7682,"href":"https:\/\/www.hauxmt.com\/it\/wp-json\/wp\/v2\/pages\/5331\/revisions\/7682"}],"wp:attachment":[{"href":"https:\/\/www.hauxmt.com\/it\/wp-json\/wp\/v2\/media?parent=5331"}],"curies":[{"name":"wp","href":"https:\/\/api.w.org\/{rel}","templated":true}]}}