{"id":4490,"date":"2022-12-12T12:53:29","date_gmt":"2022-12-12T11:53:29","guid":{"rendered":"https:\/\/haux-grinding.com\/?page_id=4490"},"modified":"2025-05-18T11:34:41","modified_gmt":"2025-05-18T09:34:41","slug":"afdrukelementor","status":"publish","type":"page","link":"https:\/\/www.hauxmt.com\/nl\/afdrukelementor\/","title":{"rendered":"Afdruk"},"content":{"rendered":"<div data-elementor-type=\"wp-page\" data-elementor-id=\"4490\" class=\"elementor elementor-4490\" data-elementor-post-type=\"page\">\n\t\t\t\t\t\t<section class=\"elementor-section elementor-top-section elementor-element elementor-element-110febd elementor-section-boxed elementor-section-height-default elementor-section-height-default\" data-id=\"110febd\" data-element_type=\"section\" data-e-type=\"section\">\n\t\t\t\t\t\t<div class=\"elementor-container elementor-column-gap-default\">\n\t\t\t\t\t<div class=\"elementor-column elementor-col-100 elementor-top-column elementor-element elementor-element-e4503c7\" data-id=\"e4503c7\" data-element_type=\"column\" data-e-type=\"column\">\n\t\t\t<div class=\"elementor-widget-wrap elementor-element-populated\">\n\t\t\t\t\t\t<div class=\"elementor-element elementor-element-f2a5322 elementor--h-position-center elementor--v-position-middle elementor-arrows-position-inside elementor-pagination-position-inside elementor-widget elementor-widget-slides\" data-id=\"f2a5322\" data-element_type=\"widget\" data-e-type=\"widget\" data-settings=\"{&quot;navigation&quot;:&quot;both&quot;,&quot;autoplay&quot;:&quot;yes&quot;,&quot;pause_on_hover&quot;:&quot;yes&quot;,&quot;pause_on_interaction&quot;:&quot;yes&quot;,&quot;autoplay_speed&quot;:5000,&quot;infinite&quot;:&quot;yes&quot;,&quot;transition&quot;:&quot;slide&quot;,&quot;transition_speed&quot;:500}\" data-widget_type=\"slides.default\">\n\t\t\t\t<div class=\"elementor-widget-container\">\n\t\t\t\t\t\t\t\t\t<div class=\"elementor-swiper\">\n\t\t\t\t\t<div class=\"elementor-slides-wrapper elementor-main-swiper swiper\" role=\"region\" aria-roledescription=\"carousel\" aria-label=\"Schuifregelaar\" dir=\"ltr\" data-animation=\"fadeInUp\">\n\t\t\t\t<div class=\"swiper-wrapper elementor-slides\">\n\t\t\t\t\t\t\t\t\t\t<div class=\"elementor-repeater-item-933682c swiper-slide\" role=\"group\" aria-roledescription=\"slide\"><div class=\"swiper-slide-bg\" role=\"img\" aria-label=\"Haux Geb\u00e4ude Banner\"><\/div><div class=\"swiper-slide-inner\" ><div class=\"swiper-slide-contents\"><\/div><\/div><\/div>\t\t\t\t<\/div>\n\t\t\t\t\t\t\t<\/div>\n\t\t\t\t<\/div>\n\t\t\t\t\t\t\t\t<\/div>\n\t\t\t\t<\/div>\n\t\t\t\t\t<\/div>\n\t\t<\/div>\n\t\t\t\t\t<\/div>\n\t\t<\/section>\n\t\t\t\t<section class=\"elementor-section elementor-top-section elementor-element elementor-element-5e3ddd6 elementor-section-boxed elementor-section-height-default elementor-section-height-default\" data-id=\"5e3ddd6\" data-element_type=\"section\" data-e-type=\"section\">\n\t\t\t\t\t\t<div class=\"elementor-container elementor-column-gap-default\">\n\t\t\t\t\t<div class=\"elementor-column elementor-col-100 elementor-top-column elementor-element elementor-element-078064f\" data-id=\"078064f\" data-element_type=\"column\" data-e-type=\"column\">\n\t\t\t<div class=\"elementor-widget-wrap elementor-element-populated\">\n\t\t\t\t\t\t<div class=\"elementor-element elementor-element-33a9c11 elementor-widget elementor-widget-text-editor\" data-id=\"33a9c11\" data-element_type=\"widget\" data-e-type=\"widget\" data-widget_type=\"text-editor.default\">\n\t\t\t\t<div class=\"elementor-widget-container\">\n\t\t\t\t\t\t\t\t\t<p style=\"text-align: center;\">HAUX Gereedschapsmachines GmbH<br \/>Ebinger Str. 50<br \/>72510 Stetten a. k. M.<br \/>Duitsland<\/p><p style=\"text-align: center;\">Telefoon +49 (0)7573 95455-0<br \/>Fax +49 (0)7573 95455-30<\/p><p style=\"text-align: center;\">Internet:\u00a0<a href=\"http:\/\/www.hauxmt.com\/nl\/\" target=\"_blank\" rel=\"noopener noreferrer\">https:\/\/hauxmt.com<br \/><\/a>E-mail:\u00a0<a href=\"mailto:info@hauxmt.com\">info@hauxmt.com<\/a><\/p><p style=\"text-align: center;\">Algemeen directeur bevoegd om het bedrijf te vertegenwoordigen:<br \/>De heer Claudius Braun<\/p><p style=\"text-align: center;\">Register rechtbank: Ulm<br \/>Registratienummer: HRB 749005<\/p><p style=\"text-align: center;\">BTW-nummer: DE400071143<\/p>\t\t\t\t\t\t\t\t<\/div>\n\t\t\t\t<\/div>\n\t\t\t\t\t<\/div>\n\t\t<\/div>\n\t\t\t\t\t<\/div>\n\t\t<\/section>\n\t\t\t\t<section class=\"elementor-section elementor-top-section elementor-element elementor-element-1433d99 elementor-section-boxed elementor-section-height-default elementor-section-height-default\" data-id=\"1433d99\" data-element_type=\"section\" data-e-type=\"section\">\n\t\t\t\t\t\t<div class=\"elementor-container elementor-column-gap-default\">\n\t\t\t\t\t<div class=\"elementor-column elementor-col-100 elementor-top-column elementor-element elementor-element-c02849a\" data-id=\"c02849a\" data-element_type=\"column\" data-e-type=\"column\">\n\t\t\t<div class=\"elementor-widget-wrap elementor-element-populated\">\n\t\t\t\t\t\t<div class=\"elementor-element elementor-element-20b48f2 elementor-widget elementor-widget-heading\" data-id=\"20b48f2\" data-element_type=\"widget\" data-e-type=\"widget\" data-widget_type=\"heading.default\">\n\t\t\t\t<div class=\"elementor-widget-container\">\n\t\t\t\t\t<h2 class=\"elementor-heading-title elementor-size-default\">Uitsluiting van aansprakelijkheid (disclaimer)<\/h2>\t\t\t\t<\/div>\n\t\t\t\t<\/div>\n\t\t\t\t\t<\/div>\n\t\t<\/div>\n\t\t\t\t\t<\/div>\n\t\t<\/section>\n\t\t\t\t<section class=\"elementor-section elementor-top-section elementor-element elementor-element-7347844 elementor-section-boxed elementor-section-height-default elementor-section-height-default\" data-id=\"7347844\" data-element_type=\"section\" data-e-type=\"section\">\n\t\t\t\t\t\t<div class=\"elementor-container elementor-column-gap-default\">\n\t\t\t\t\t<div class=\"elementor-column elementor-col-100 elementor-top-column elementor-element elementor-element-0b68990\" data-id=\"0b68990\" data-element_type=\"column\" data-e-type=\"column\">\n\t\t\t<div class=\"elementor-widget-wrap elementor-element-populated\">\n\t\t\t\t\t\t<div class=\"elementor-element elementor-element-b56a75d elementor-widget elementor-widget-text-editor\" data-id=\"b56a75d\" data-element_type=\"widget\" data-e-type=\"widget\" data-widget_type=\"text-editor.default\">\n\t\t\t\t<div class=\"elementor-widget-container\">\n\t\t\t\t\t\t\t\t\t<p class=\"bodytext\"><b>Aansprakelijkheid voor inhoud<\/b><br \/>Als dienstverlener zijn wij verantwoordelijk voor onze eigen inhoud op deze pagina's in overeenstemming met \u00a7 7 (1) TMG (Duitse Telemediawet) en algemene wetgeving. Volgens \u00a7\u00a7 8 tot 10 TMG zijn wij als dienstverlener echter niet verplicht om doorgegeven of opgeslagen informatie van derden te controleren of omstandigheden te onderzoeken die duiden op illegale activiteiten. Verplichtingen om informatie te verwijderen of het gebruik ervan te blokkeren in overeenstemming met de algemene wetgeving blijven hierdoor onaangetast. Aansprakelijkheid in dit opzicht is echter pas mogelijk vanaf het moment van kennis van een specifieke inbreuk. Zodra we kennis nemen van dergelijke inbreuken, zullen we deze inhoud onmiddellijk verwijderen.<\/p><p class=\"bodytext\"><b>Aansprakelijkheid voor links<\/b><br \/>Onze website bevat links naar externe websites van derden op de inhoud waarvan wij geen invloed hebben. Daarom kunnen wij geen aansprakelijkheid aanvaarden voor deze inhoud van derden. Voor de inhoud van de gelinkte pagina's is altijd de desbetreffende aanbieder of exploitant van de pagina's verantwoordelijk. De gekoppelde pagina's werden op het moment van koppelen gecontroleerd op mogelijke wetsovertredingen. Illegale inhoud was op het moment van linken niet herkenbaar. Een permanente controle van de inhoud van de gelinkte pagina's is echter niet redelijk zonder concreet bewijs van een overtreding. Als we ons bewust worden van eventuele wetsovertredingen, zullen we dergelijke links onmiddellijk verwijderen.<\/p><p class=\"bodytext\"><b>Copyright<\/b><br \/>De door de sitebeheerders op deze pagina's gecre\u00eberde inhoud en werken vallen onder het Duitse auteursrecht. Voor vermenigvuldiging, bewerking, verspreiding en elke vorm van gebruik buiten de grenzen van het auteursrecht is de schriftelijke toestemming van de betreffende auteur of maker vereist. Downloads en kopie\u00ebn van deze site zijn alleen toegestaan voor priv\u00e9-, niet-commercieel gebruik. Voor zover de inhoud op deze site niet door de exploitant is gemaakt, worden de auteursrechten van derden gerespecteerd. Inhoud van derden wordt als zodanig aangeduid. Mocht u desondanks een inbreuk op het auteursrecht constateren, dan verzoeken wij u ons hiervan op de hoogte te stellen. Als wij kennis nemen van inbreuken, zullen wij dergelijke inhoud onmiddellijk verwijderen.<\/p><p>\u00a0<\/p>\t\t\t\t\t\t\t\t<\/div>\n\t\t\t\t<\/div>\n\t\t\t\t\t<\/div>\n\t\t<\/div>\n\t\t\t\t\t<\/div>\n\t\t<\/section>\n\t\t\t\t<section class=\"elementor-section elementor-top-section elementor-element elementor-element-c282ccd elementor-section-boxed elementor-section-height-default elementor-section-height-default\" data-id=\"c282ccd\" data-element_type=\"section\" data-e-type=\"section\">\n\t\t\t\t\t\t<div class=\"elementor-container elementor-column-gap-default\">\n\t\t\t\t\t<div class=\"elementor-column elementor-col-100 elementor-top-column elementor-element elementor-element-2dad4cc\" data-id=\"2dad4cc\" data-element_type=\"column\" data-e-type=\"column\">\n\t\t\t<div class=\"elementor-widget-wrap elementor-element-populated\">\n\t\t\t\t\t\t<div class=\"elementor-element elementor-element-5f371cb elementor-widget elementor-widget-heading\" data-id=\"5f371cb\" data-element_type=\"widget\" data-e-type=\"widget\" data-widget_type=\"heading.default\">\n\t\t\t\t<div class=\"elementor-widget-container\">\n\t\t\t\t\t<h2 class=\"elementor-heading-title elementor-size-default\">Privacybeleid<\/h2>\t\t\t\t<\/div>\n\t\t\t\t<\/div>\n\t\t\t\t\t<\/div>\n\t\t<\/div>\n\t\t\t\t\t<\/div>\n\t\t<\/section>\n\t\t\t\t<section class=\"elementor-section elementor-top-section elementor-element elementor-element-3df13e7 elementor-section-boxed elementor-section-height-default elementor-section-height-default\" data-id=\"3df13e7\" data-element_type=\"section\" data-e-type=\"section\">\n\t\t\t\t\t\t<div class=\"elementor-container elementor-column-gap-default\">\n\t\t\t\t\t<div class=\"elementor-column elementor-col-100 elementor-top-column elementor-element elementor-element-08e0f2f\" data-id=\"08e0f2f\" data-element_type=\"column\" data-e-type=\"column\">\n\t\t\t<div class=\"elementor-widget-wrap elementor-element-populated\">\n\t\t\t\t\t\t<div class=\"elementor-element elementor-element-12246fd elementor-widget elementor-widget-text-editor\" data-id=\"12246fd\" data-element_type=\"widget\" data-e-type=\"widget\" data-widget_type=\"text-editor.default\">\n\t\t\t\t<div class=\"elementor-widget-container\">\n\t\t\t\t\t\t\t\t\t<h3 style=\"text-align: center;\"><b>Privacybeleid voor het gebruik van Google Analytics<\/b><\/h3><p class=\"bodytext\" style=\"text-align: center;\">Deze website maakt gebruik van Google Analytics, een webanalysedienst van Google Inc (\"Google\"). Google Analytics maakt gebruik van \"cookies\" (tekstbestandjes die op uw computer worden geplaatst) om de website te helpen analyseren hoe gebruikers de site gebruiken. De door het cookie gegenereerde informatie over uw gebruik van deze website wordt gewoonlijk overgebracht naar een server van Google in de VS en daar opgeslagen. Als IP-anonimisering op deze website is geactiveerd, wordt uw IP-adres echter eerst ingekort door Google binnen lidstaten van de Europese Unie of in andere landen die de Overeenkomst betreffende de Europese Economische Ruimte hebben ondertekend. Alleen in uitzonderlijke gevallen wordt het volledige IP-adres naar een server van Google in de VS verzonden en daar ingekort. In opdracht van de beheerder van deze website zal Google deze informatie gebruiken om uw gebruik van de website te analyseren, om rapporten over de websiteactiviteiten samen te stellen en om andere met het websitegebruik en het internetgebruik verbonden diensten aan de websitebeheerder te leveren. Het IP-adres dat in het kader van Google Analytics door uw browser wordt verzonden, wordt niet samengevoegd met andere gegevens van Google. U kunt het gebruik van cookies weigeren door in uw browser de daarvoor ge\u00ebigende instellingen te kiezen. Wij wijzen u er echter op dat u in dat geval wellicht niet alle mogelijkheden van deze website kunt benutten. U kunt ook voorkomen dat Google de gegevens verzamelt die door de cookie worden gegenereerd en die betrekking hebben op uw gebruik van de website (inclusief uw IP-adres) en dat Google deze gegevens verwerkt door op de volgende link te klikken (<a class=\"_blank\" href=\"https:\/\/www.abakus.de\/http:\/\/\" target=\"tools.google.com\/dlpage\/gaoptout?hl=de\" rel=\"noopener noreferrer\">http:\/\/tools.google.com\/dlpage\/gaoptout?hl=de<\/a>) om de beschikbare browserplugin te downloaden en te installeren.<\/p><p class=\"bodytext\" style=\"text-align: center;\">U kunt voorkomen dat Google Analytics uw gegevens verzamelt door op de volgende link te klikken. Er zal een opt-out-cookie worden ingesteld om te voorkomen dat uw gegevens in de toekomst worden verzameld wanneer u deze website bezoekt:\u00a0<a>Google Analytics uitschakelen<\/a><\/p><p class=\"bodytext\" style=\"text-align: center;\">Meer informatie over gebruiksvoorwaarden en gegevensbescherming vindt u op\u00a0<a href=\"http:\/\/www.google.com\/analytics\/terms\/de.html\" target=\"_blank\" rel=\"noopener noreferrer\">http:\/\/www.google.com\/analytics\/terms\/de.html<\/a>\u00a0of onder\u00a0<a href=\"https:\/\/www.google.de\/intl\/de\/policies\/\" target=\"_blank\" rel=\"noopener noreferrer\">https:\/\/www.google.de\/intl\/de\/policies\/<\/a>. We willen u erop wijzen dat Google Analytics op deze website is uitgebreid met de code \"anonymizeIp\" om te zorgen voor een geanonimiseerde verzameling van IP-adressen (zogenaamde IP-masking).<\/p><h3 style=\"text-align: center;\">Inhoud van de website<\/h3><p class=\"bodytext\" style=\"text-align: center;\">De inhoud van deze website dient uitsluitend ter informatie en is een dienst van HAUX GmbH. Wij zijn niet aansprakelijk voor de actualiteit, juistheid en volledigheid van de inhoud en de diensten en informatie op deze website. Wij aanvaarden geen enkele aansprakelijkheid voor materi\u00eble of immateri\u00eble schade veroorzaakt door het gebruik van onjuiste of onvolledige informatie. We behouden ons het recht voor om de inhoud zonder voorafgaande kennisgeving te wijzigen en bij te werken.<\/p><h3 style=\"text-align: center;\">Anonieme gegevensverzameling<\/h3><p class=\"bodytext\" style=\"text-align: center;\">Wanneer u onze website bezoekt, verzamelen onze webservers automatisch informatie van algemene aard. Deze informatie omvat het type webbrowser, het gebruikte besturingssysteem, de domeinnaam van de internetprovider, het IP-adres van de gebruikte computer, de website vanwaar u ons bezoekt, de pagina's die u op onze website bezoekt en de datum en duur van uw bezoek. Dit is uitsluitend informatie waaruit geen conclusies over uw persoon kunnen worden getrokken. We analyseren deze gegevens alleen voor statistische doeleinden en alleen in anonieme vorm.<\/p><h3 style=\"text-align: center;\">Verzamelen en verwerken van persoonlijke gegevens<\/h3><p class=\"bodytext\" style=\"text-align: center;\">Persoonlijke gegevens worden alleen verzameld als u deze vrijwillig verstrekt, bijvoorbeeld om een bestelling of een enqu\u00eate in te vullen of om u te registreren voor gepersonaliseerde diensten. U wordt ge\u00efnformeerd over het beoogde doel van de verwerking en, indien nodig, gevraagd om uw toestemming voor opslag.<\/p><h3 style=\"text-align: center;\">Gebruik en openbaarmaking van de verzamelde gegevens<\/h3><p class=\"bodytext\" style=\"text-align: center;\">De persoonlijke gegevens die op onze website worden verzameld, worden zonder uw toestemming alleen gebruikt voor het verwerken van bestellingen of het afhandelen van uw aanvragen. Daarnaast worden uw gegevens gebruikt in een centraal beheerde klanten- en prospectdatabase onder verantwoordelijkheid van HAUX GmbH. Het gebruik van deze gegevens is beperkt tot reclamedoeleinden en markt- en opinieonderzoek door HAUX GmbH. U kunt uw toestemming te allen tijde intrekken met werking voor de toekomst. Uw gegevens worden niet verkocht, verhuurd of op andere wijze aan derden ter beschikking gesteld. Persoonlijke gegevens worden alleen doorgegeven aan overheidsinstellingen en autoriteiten in het kader van de verplichte nationale wetgeving. Onze werknemers zijn door ons verplicht tot geheimhouding.<\/p><h3 style=\"text-align: center;\">Beveiliging<\/h3><p class=\"bodytext\" style=\"text-align: center;\">HAUX GmbH gebruikt technische en organisatorische veiligheidsmaatregelen om uw door ons beheerde gegevens te beschermen tegen toevallige of opzettelijke manipulatie, verlies, vernietiging of toegang door onbevoegde personen. Onze veiligheidsmaatregelen worden voortdurend verbeterd in overeenstemming met de technologische ontwikkelingen.<\/p><h3 style=\"text-align: center;\">Handelsmerkrechten en auteursrechten<\/h3><p class=\"bodytext\" style=\"text-align: center;\">Alle merken en handelsmerken die op deze website worden genoemd en mogelijk worden beschermd door derden, zijn onbeperkt onderworpen aan de bepalingen van het toepasselijke etiketteringsrecht en de eigendomsrechten van de respectieve geregistreerde eigenaars. Volledige of gedeeltelijke reproductie is niet toegestaan zonder schriftelijke toestemming van HAUX GmbH.<\/p>\t\t\t\t\t\t\t\t<\/div>\n\t\t\t\t<\/div>\n\t\t\t\t\t<\/div>\n\t\t<\/div>\n\t\t\t\t\t<\/div>\n\t\t<\/section>\n\t\t\t\t<section class=\"elementor-section elementor-top-section elementor-element elementor-element-df67c49 elementor-section-boxed elementor-section-height-default elementor-section-height-default\" data-id=\"df67c49\" data-element_type=\"section\" data-e-type=\"section\">\n\t\t\t\t\t\t<div class=\"elementor-container elementor-column-gap-default\">\n\t\t\t\t\t<div class=\"elementor-column elementor-col-50 elementor-top-column elementor-element elementor-element-0a74a4f\" data-id=\"0a74a4f\" data-element_type=\"column\" data-e-type=\"column\">\n\t\t\t<div class=\"elementor-widget-wrap elementor-element-populated\">\n\t\t\t\t\t\t<div class=\"elementor-element elementor-element-c63b7d7 elementor-widget elementor-widget-heading\" data-id=\"c63b7d7\" data-element_type=\"widget\" data-e-type=\"widget\" data-widget_type=\"heading.default\">\n\t\t\t\t<div class=\"elementor-widget-container\">\n\t\t\t\t\t<h2 class=\"elementor-heading-title elementor-size-default\">CONTACT ONS<\/h2>\t\t\t\t<\/div>\n\t\t\t\t<\/div>\n\t\t\t\t<div class=\"elementor-element elementor-element-af89acc elementor-align-left elementor-widget elementor-widget-button\" data-id=\"af89acc\" data-element_type=\"widget\" data-e-type=\"widget\" data-widget_type=\"button.default\">\n\t\t\t\t<div class=\"elementor-widget-container\">\n\t\t\t\t\t\t\t\t\t<div class=\"elementor-button-wrapper\">\n\t\t\t\t\t<a class=\"elementor-button elementor-button-link elementor-size-lg\" href=\"mailto:info@hauxgmbh.de\">\n\t\t\t\t\t\t<span class=\"elementor-button-content-wrapper\">\n\t\t\t\t\t\t\t\t\t<span class=\"elementor-button-text\">Neem contact met ons op<\/span>\n\t\t\t\t\t<\/span>\n\t\t\t\t\t<\/a>\n\t\t\t\t<\/div>\n\t\t\t\t\t\t\t\t<\/div>\n\t\t\t\t<\/div>\n\t\t\t\t\t<\/div>\n\t\t<\/div>\n\t\t\t\t<div class=\"elementor-column elementor-col-50 elementor-top-column elementor-element elementor-element-28133cd\" data-id=\"28133cd\" data-element_type=\"column\" data-e-type=\"column\">\n\t\t\t<div class=\"elementor-widget-wrap elementor-element-populated\">\n\t\t\t\t\t\t<div class=\"elementor-element elementor-element-d133345 elementor-widget elementor-widget-heading\" data-id=\"d133345\" data-element_type=\"widget\" data-e-type=\"widget\" data-widget_type=\"heading.default\">\n\t\t\t\t<div class=\"elementor-widget-container\">\n\t\t\t\t\t<h2 class=\"elementor-heading-title elementor-size-default\">VOLG ONS<\/h2>\t\t\t\t<\/div>\n\t\t\t\t<\/div>\n\t\t\t\t<div class=\"elementor-element elementor-element-f803f60 e-grid-align-right elementor-shape-rounded elementor-grid-0 elementor-widget elementor-widget-social-icons\" data-id=\"f803f60\" data-element_type=\"widget\" data-e-type=\"widget\" data-widget_type=\"social-icons.default\">\n\t\t\t\t<div class=\"elementor-widget-container\">\n\t\t\t\t\t\t\t<div class=\"elementor-social-icons-wrapper elementor-grid\" role=\"list\">\n\t\t\t\t\t\t\t<span class=\"elementor-grid-item\" role=\"listitem\">\n\t\t\t\t\t<a class=\"elementor-icon elementor-social-icon elementor-social-icon-linkedin elementor-animation-push elementor-repeater-item-4e8bba4\" href=\"https:\/\/de.linkedin.com\/company\/haux-maschinenbau-gmbh\" target=\"_blank\">\n\t\t\t\t\t\t<span class=\"elementor-screen-only\">Linkedin<\/span>\n\t\t\t\t\t\t<i aria-hidden=\"true\" class=\"fab fa-linkedin\"><\/i>\t\t\t\t\t<\/a>\n\t\t\t\t<\/span>\n\t\t\t\t\t\t\t<span class=\"elementor-grid-item\" role=\"listitem\">\n\t\t\t\t\t<a class=\"elementor-icon elementor-social-icon elementor-social-icon-youtube elementor-animation-push elementor-repeater-item-6d41c43\" href=\"https:\/\/www.youtube.com\/@haux-grinding\" target=\"_blank\">\n\t\t\t\t\t\t<span class=\"elementor-screen-only\">Youtube<\/span>\n\t\t\t\t\t\t<i aria-hidden=\"true\" class=\"fab fa-youtube\"><\/i>\t\t\t\t\t<\/a>\n\t\t\t\t<\/span>\n\t\t\t\t\t\t\t<span class=\"elementor-grid-item\" role=\"listitem\">\n\t\t\t\t\t<a class=\"elementor-icon elementor-social-icon elementor-social-icon-instagram elementor-animation-push elementor-repeater-item-ec634b9\" href=\"https:\/\/www.instagram.com\/haux_maschinenbau_gmbh\/\" target=\"_blank\">\n\t\t\t\t\t\t<span class=\"elementor-screen-only\">Instagram<\/span>\n\t\t\t\t\t\t<i aria-hidden=\"true\" class=\"fab fa-instagram\"><\/i>\t\t\t\t\t<\/a>\n\t\t\t\t<\/span>\n\t\t\t\t\t<\/div>\n\t\t\t\t\t\t<\/div>\n\t\t\t\t<\/div>\n\t\t\t\t\t<\/div>\n\t\t<\/div>\n\t\t\t\t\t<\/div>\n\t\t<\/section>\n\t\t\t\t<\/div>","protected":false},"excerpt":{"rendered":"<p>HAUX Machine Tools GmbHEbinger Str. 5072510 Stetten a. k. M.Germany Telefon +49 (0)7573 \u00a095455-0Telefax +49 (0)7573 \u00a095455-30 Internet:\u00a0https:\/\/hauxmt.comE-mail:\u00a0info@hauxmt.com Vertretungsberechtigter Gesch\u00e4ftsf\u00fchrer:Herr Claudius Braun Registergericht: UlmRegisternummer: HRB 749005 USt-IdNr.: DE400071143 Haftungsausschluss (Disclaimer) Haftung f\u00fcr InhalteAls Diensteanbieter sind wir gem\u00e4\u00df \u00a7 7 Abs.1 TMG f\u00fcr eigene Inhalte auf diesen Seiten nach den allgemeinen Gesetzen verantwortlich. Nach \u00a7\u00a7 8 bis 10 TMG sind wir<\/p>","protected":false},"author":8,"featured_media":0,"parent":0,"menu_order":0,"comment_status":"closed","ping_status":"closed","template":"","meta":{"footnotes":""},"class_list":["post-4490","page","type-page","status-publish","hentry"],"_links":{"self":[{"href":"https:\/\/www.hauxmt.com\/nl\/wp-json\/wp\/v2\/pages\/4490","targetHints":{"allow":["GET"]}}],"collection":[{"href":"https:\/\/www.hauxmt.com\/nl\/wp-json\/wp\/v2\/pages"}],"about":[{"href":"https:\/\/www.hauxmt.com\/nl\/wp-json\/wp\/v2\/types\/page"}],"author":[{"embeddable":true,"href":"https:\/\/www.hauxmt.com\/nl\/wp-json\/wp\/v2\/users\/8"}],"replies":[{"embeddable":true,"href":"https:\/\/www.hauxmt.com\/nl\/wp-json\/wp\/v2\/comments?post=4490"}],"version-history":[{"count":49,"href":"https:\/\/www.hauxmt.com\/nl\/wp-json\/wp\/v2\/pages\/4490\/revisions"}],"predecessor-version":[{"id":7997,"href":"https:\/\/www.hauxmt.com\/nl\/wp-json\/wp\/v2\/pages\/4490\/revisions\/7997"}],"wp:attachment":[{"href":"https:\/\/www.hauxmt.com\/nl\/wp-json\/wp\/v2\/media?parent=4490"}],"curies":[{"name":"wp","href":"https:\/\/api.w.org\/{rel}","templated":true}]}}