{"id":4490,"date":"2022-12-12T12:53:29","date_gmt":"2022-12-12T11:53:29","guid":{"rendered":"https:\/\/haux-grinding.com\/?page_id=4490"},"modified":"2025-05-18T11:34:41","modified_gmt":"2025-05-18T09:34:41","slug":"element-nadruku-lub","status":"publish","type":"page","link":"https:\/\/www.hauxmt.com\/pl\/element-nadruku-lub\/","title":{"rendered":"Nadruk"},"content":{"rendered":"<div data-elementor-type=\"wp-page\" data-elementor-id=\"4490\" class=\"elementor elementor-4490\" data-elementor-post-type=\"page\">\n\t\t\t\t\t\t<section class=\"elementor-section elementor-top-section elementor-element elementor-element-110febd elementor-section-boxed elementor-section-height-default elementor-section-height-default\" data-id=\"110febd\" data-element_type=\"section\" data-e-type=\"section\">\n\t\t\t\t\t\t<div class=\"elementor-container elementor-column-gap-default\">\n\t\t\t\t\t<div class=\"elementor-column elementor-col-100 elementor-top-column elementor-element elementor-element-e4503c7\" data-id=\"e4503c7\" data-element_type=\"column\" data-e-type=\"column\">\n\t\t\t<div class=\"elementor-widget-wrap elementor-element-populated\">\n\t\t\t\t\t\t<div class=\"elementor-element elementor-element-f2a5322 elementor--h-position-center elementor--v-position-middle elementor-arrows-position-inside elementor-pagination-position-inside elementor-widget elementor-widget-slides\" data-id=\"f2a5322\" data-element_type=\"widget\" data-e-type=\"widget\" data-settings=\"{&quot;navigation&quot;:&quot;both&quot;,&quot;autoplay&quot;:&quot;yes&quot;,&quot;pause_on_hover&quot;:&quot;yes&quot;,&quot;pause_on_interaction&quot;:&quot;yes&quot;,&quot;autoplay_speed&quot;:5000,&quot;infinite&quot;:&quot;yes&quot;,&quot;transition&quot;:&quot;slide&quot;,&quot;transition_speed&quot;:500}\" data-widget_type=\"slides.default\">\n\t\t\t\t<div class=\"elementor-widget-container\">\n\t\t\t\t\t\t\t\t\t<div class=\"elementor-swiper\">\n\t\t\t\t\t<div class=\"elementor-slides-wrapper elementor-main-swiper swiper\" role=\"region\" aria-roledescription=\"carousel\" aria-label=\"Suwak\" dir=\"ltr\" data-animation=\"fadeInUp\">\n\t\t\t\t<div class=\"swiper-wrapper elementor-slides\">\n\t\t\t\t\t\t\t\t\t\t<div class=\"elementor-repeater-item-933682c swiper-slide\" role=\"group\" aria-roledescription=\"slide\"><div class=\"swiper-slide-bg\" role=\"img\" aria-label=\"Haux Geb\u00e4ude Banner\"><\/div><div class=\"swiper-slide-inner\" ><div class=\"swiper-slide-contents\"><\/div><\/div><\/div>\t\t\t\t<\/div>\n\t\t\t\t\t\t\t<\/div>\n\t\t\t\t<\/div>\n\t\t\t\t\t\t\t\t<\/div>\n\t\t\t\t<\/div>\n\t\t\t\t\t<\/div>\n\t\t<\/div>\n\t\t\t\t\t<\/div>\n\t\t<\/section>\n\t\t\t\t<section class=\"elementor-section elementor-top-section elementor-element elementor-element-5e3ddd6 elementor-section-boxed elementor-section-height-default elementor-section-height-default\" data-id=\"5e3ddd6\" data-element_type=\"section\" data-e-type=\"section\">\n\t\t\t\t\t\t<div class=\"elementor-container elementor-column-gap-default\">\n\t\t\t\t\t<div class=\"elementor-column elementor-col-100 elementor-top-column elementor-element elementor-element-078064f\" data-id=\"078064f\" data-element_type=\"column\" data-e-type=\"column\">\n\t\t\t<div class=\"elementor-widget-wrap elementor-element-populated\">\n\t\t\t\t\t\t<div class=\"elementor-element elementor-element-33a9c11 elementor-widget elementor-widget-text-editor\" data-id=\"33a9c11\" data-element_type=\"widget\" data-e-type=\"widget\" data-widget_type=\"text-editor.default\">\n\t\t\t\t<div class=\"elementor-widget-container\">\n\t\t\t\t\t\t\t\t\t<p style=\"text-align: center;\">HAUX Machine Tools GmbH<br \/>Ebinger Str. 50<br \/>72510 Stetten a. k. M.<br \/>Niemcy<\/p><p style=\"text-align: center;\">Telefon +49 (0)7573 95455-0<br \/>Faks +49 (0)7573 95455-30<\/p><p style=\"text-align: center;\">Internet:\u00a0<a href=\"http:\/\/www.hauxmt.com\/pl\/\" target=\"_blank\" rel=\"noopener noreferrer\">https:\/\/hauxmt.com<br \/><\/a>E-mail:\u00a0<a href=\"mailto:info@hauxmt.com\">info@hauxmt.com<\/a><\/p><p style=\"text-align: center;\">Dyrektor zarz\u0105dzaj\u0105cy upowa\u017cniony do reprezentowania sp\u00f3\u0142ki:<br \/>Pan Klaudiusz Braun<\/p><p style=\"text-align: center;\">S\u0105d rejestrowy: Ulm<br \/>Numer rejestracyjny: HRB 749005<\/p><p style=\"text-align: center;\">Numer identyfikacyjny VAT: DE400071143<\/p>\t\t\t\t\t\t\t\t<\/div>\n\t\t\t\t<\/div>\n\t\t\t\t\t<\/div>\n\t\t<\/div>\n\t\t\t\t\t<\/div>\n\t\t<\/section>\n\t\t\t\t<section class=\"elementor-section elementor-top-section elementor-element elementor-element-1433d99 elementor-section-boxed elementor-section-height-default elementor-section-height-default\" data-id=\"1433d99\" data-element_type=\"section\" data-e-type=\"section\">\n\t\t\t\t\t\t<div class=\"elementor-container elementor-column-gap-default\">\n\t\t\t\t\t<div class=\"elementor-column elementor-col-100 elementor-top-column elementor-element elementor-element-c02849a\" data-id=\"c02849a\" data-element_type=\"column\" data-e-type=\"column\">\n\t\t\t<div class=\"elementor-widget-wrap elementor-element-populated\">\n\t\t\t\t\t\t<div class=\"elementor-element elementor-element-20b48f2 elementor-widget elementor-widget-heading\" data-id=\"20b48f2\" data-element_type=\"widget\" data-e-type=\"widget\" data-widget_type=\"heading.default\">\n\t\t\t\t<div class=\"elementor-widget-container\">\n\t\t\t\t\t<h2 class=\"elementor-heading-title elementor-size-default\">Wy\u0142\u0105czenie odpowiedzialno\u015bci<\/h2>\t\t\t\t<\/div>\n\t\t\t\t<\/div>\n\t\t\t\t\t<\/div>\n\t\t<\/div>\n\t\t\t\t\t<\/div>\n\t\t<\/section>\n\t\t\t\t<section class=\"elementor-section elementor-top-section elementor-element elementor-element-7347844 elementor-section-boxed elementor-section-height-default elementor-section-height-default\" data-id=\"7347844\" data-element_type=\"section\" data-e-type=\"section\">\n\t\t\t\t\t\t<div class=\"elementor-container elementor-column-gap-default\">\n\t\t\t\t\t<div class=\"elementor-column elementor-col-100 elementor-top-column elementor-element elementor-element-0b68990\" data-id=\"0b68990\" data-element_type=\"column\" data-e-type=\"column\">\n\t\t\t<div class=\"elementor-widget-wrap elementor-element-populated\">\n\t\t\t\t\t\t<div class=\"elementor-element elementor-element-b56a75d elementor-widget elementor-widget-text-editor\" data-id=\"b56a75d\" data-element_type=\"widget\" data-e-type=\"widget\" data-widget_type=\"text-editor.default\">\n\t\t\t\t<div class=\"elementor-widget-container\">\n\t\t\t\t\t\t\t\t\t<p class=\"bodytext\"><b>Odpowiedzialno\u015b\u0107 za tre\u015b\u0107<\/b><br \/>Jako dostawca us\u0142ug jeste\u015bmy odpowiedzialni za w\u0142asne tre\u015bci na tych stronach zgodnie z \u00a7 7 (1) TMG (niemiecka ustawa o telemediach) i og\u00f3lnymi przepisami prawa. Zgodnie z \u00a7\u00a7 8 do 10 TMG, jako us\u0142ugodawca nie jeste\u015bmy jednak zobowi\u0105zani do monitorowania przekazywanych lub przechowywanych informacji os\u00f3b trzecich ani do badania okoliczno\u015bci wskazuj\u0105cych na nielegaln\u0105 dzia\u0142alno\u015b\u0107. Nie ma to wp\u0142ywu na obowi\u0105zek usuni\u0119cia lub zablokowania korzystania z informacji zgodnie z og\u00f3lnymi przepisami prawa. Odpowiedzialno\u015b\u0107 w tym zakresie jest jednak mo\u017cliwa dopiero od momentu powzi\u0119cia informacji o konkretnym naruszeniu. Gdy tylko dowiemy si\u0119 o takich naruszeniach, niezw\u0142ocznie usuniemy te tre\u015bci.<\/p><p class=\"bodytext\"><b>Odpowiedzialno\u015b\u0107 za linki<\/b><br \/>Nasza witryna internetowa zawiera \u0142\u0105cza do zewn\u0119trznych witryn internetowych os\u00f3b trzecich, na kt\u00f3rych tre\u015b\u0107 nie mamy wp\u0142ywu. W zwi\u0105zku z tym nie mo\u017cemy ponosi\u0107 \u017cadnej odpowiedzialno\u015bci za tre\u015bci stron trzecich. Odpowiedni dostawca lub operator stron jest zawsze odpowiedzialny za tre\u015b\u0107 stron, do kt\u00f3rych prowadz\u0105 linki. Po\u0142\u0105czone strony zosta\u0142y sprawdzone pod k\u0105tem mo\u017cliwych narusze\u0144 prawa w momencie \u0142\u0105czenia. Nielegalne tre\u015bci nie zosta\u0142y rozpoznane w momencie linkowania. Sta\u0142e monitorowanie tre\u015bci stron, do kt\u00f3rych prowadz\u0105 linki, nie jest jednak uzasadnione bez konkretnych dowod\u00f3w naruszenia prawa. Je\u015bli dowiemy si\u0119 o jakichkolwiek naruszeniach prawa, natychmiast usuniemy takie linki.<\/p><p class=\"bodytext\"><b>Prawa autorskie<\/b><br \/>Tre\u015bci i dzie\u0142a stworzone przez operator\u00f3w witryn na tych stronach podlegaj\u0105 niemieckiemu prawu autorskiemu. Powielanie, przetwarzanie, rozpowszechnianie i wszelkiego rodzaju wykorzystywanie poza granicami prawa autorskiego wymaga pisemnej zgody odpowiedniego autora lub tw\u00f3rcy. Pobieranie i kopiowanie tej strony jest dozwolone wy\u0142\u0105cznie do prywatnego, niekomercyjnego u\u017cytku. O ile tre\u015bci na tej stronie nie zosta\u0142y stworzone przez operatora, prawa autorskie os\u00f3b trzecich s\u0105 przestrzegane. W szczeg\u00f3lno\u015bci tre\u015bci os\u00f3b trzecich s\u0105 oznaczone jako takie. Je\u015bli mimo to dowiesz si\u0119 o naruszeniu praw autorskich, poinformuj nas o tym. Je\u015bli dowiemy si\u0119 o jakichkolwiek naruszeniach, niezw\u0142ocznie usuniemy takie tre\u015bci.<\/p><p>\u00a0<\/p>\t\t\t\t\t\t\t\t<\/div>\n\t\t\t\t<\/div>\n\t\t\t\t\t<\/div>\n\t\t<\/div>\n\t\t\t\t\t<\/div>\n\t\t<\/section>\n\t\t\t\t<section class=\"elementor-section elementor-top-section elementor-element elementor-element-c282ccd elementor-section-boxed elementor-section-height-default elementor-section-height-default\" data-id=\"c282ccd\" data-element_type=\"section\" data-e-type=\"section\">\n\t\t\t\t\t\t<div class=\"elementor-container elementor-column-gap-default\">\n\t\t\t\t\t<div class=\"elementor-column elementor-col-100 elementor-top-column elementor-element elementor-element-2dad4cc\" data-id=\"2dad4cc\" data-element_type=\"column\" data-e-type=\"column\">\n\t\t\t<div class=\"elementor-widget-wrap elementor-element-populated\">\n\t\t\t\t\t\t<div class=\"elementor-element elementor-element-5f371cb elementor-widget elementor-widget-heading\" data-id=\"5f371cb\" data-element_type=\"widget\" data-e-type=\"widget\" data-widget_type=\"heading.default\">\n\t\t\t\t<div class=\"elementor-widget-container\">\n\t\t\t\t\t<h2 class=\"elementor-heading-title elementor-size-default\">Polityka prywatno\u015bci<\/h2>\t\t\t\t<\/div>\n\t\t\t\t<\/div>\n\t\t\t\t\t<\/div>\n\t\t<\/div>\n\t\t\t\t\t<\/div>\n\t\t<\/section>\n\t\t\t\t<section class=\"elementor-section elementor-top-section elementor-element elementor-element-3df13e7 elementor-section-boxed elementor-section-height-default elementor-section-height-default\" data-id=\"3df13e7\" data-element_type=\"section\" data-e-type=\"section\">\n\t\t\t\t\t\t<div class=\"elementor-container elementor-column-gap-default\">\n\t\t\t\t\t<div class=\"elementor-column elementor-col-100 elementor-top-column elementor-element elementor-element-08e0f2f\" data-id=\"08e0f2f\" data-element_type=\"column\" data-e-type=\"column\">\n\t\t\t<div class=\"elementor-widget-wrap elementor-element-populated\">\n\t\t\t\t\t\t<div class=\"elementor-element elementor-element-12246fd elementor-widget elementor-widget-text-editor\" data-id=\"12246fd\" data-element_type=\"widget\" data-e-type=\"widget\" data-widget_type=\"text-editor.default\">\n\t\t\t\t<div class=\"elementor-widget-container\">\n\t\t\t\t\t\t\t\t\t<h3 style=\"text-align: center;\"><b>Polityka prywatno\u015bci dotycz\u0105ca korzystania z Google Analytics<\/b><\/h3><p class=\"bodytext\" style=\"text-align: center;\">Niniejsza strona internetowa korzysta z Google Analytics, us\u0142ugi analizy ogl\u0105dalno\u015bci stron internetowych udost\u0119pnianej przez Google Inc (\"Google\"). Google Analytics wykorzystuje pliki \"cookie\", kt\u00f3re s\u0105 plikami tekstowymi umieszczanymi na komputerze u\u017cytkownika w celu umo\u017cliwienia witrynie przeanalizowania sposobu, w jaki u\u017cytkownicy z niej korzystaj\u0105. Informacje generowane przez pliki cookie na temat korzystania z tej witryny s\u0105 zazwyczaj przesy\u0142ane na serwer Google w USA i tam przechowywane. Jednak w przypadku aktywacji anonimizacji IP na tej stronie, adres IP u\u017cytkownika zostanie wcze\u015bniej skr\u00f3cony przez Google w pa\u0144stwach cz\u0142onkowskich Unii Europejskiej lub w innych umawiaj\u0105cych si\u0119 pa\u0144stwach Porozumienia o Europejskim Obszarze Gospodarczym. Tylko w wyj\u0105tkowych przypadkach pe\u0142ny adres IP zostanie przes\u0142any na serwer Google w USA i tam skr\u00f3cony. W imieniu operatora tej witryny Google wykorzysta te informacje do analizy korzystania z witryny przez u\u017cytkownika, tworzenia raport\u00f3w dotycz\u0105cych aktywno\u015bci na stronie oraz \u015bwiadczenia innych us\u0142ug zwi\u0105zanych z aktywno\u015bci\u0105 na stronie i korzystaniem z Internetu na rzecz operatora witryny. Adres IP przes\u0142any przez przegl\u0105dark\u0119 u\u017cytkownika w ramach Google Analytics nie zostanie po\u0142\u0105czony z innymi danymi Google. U\u017cytkownik mo\u017ce odm\u00f3wi\u0107 korzystania z plik\u00f3w cookie, wybieraj\u0105c odpowiednie ustawienia w przegl\u0105darce, jednak nale\u017cy pami\u0119ta\u0107, \u017ce w takim przypadku korzystanie z pe\u0142nej funkcjonalno\u015bci tej witryny mo\u017ce nie by\u0107 mo\u017cliwe. U\u017cytkownik mo\u017ce r\u00f3wnie\u017c uniemo\u017cliwi\u0107 Google gromadzenie danych generowanych przez pliki cookie i zwi\u0105zanych z korzystaniem przez niego ze strony internetowej (w tym adresu IP) oraz przetwarzanie tych danych przez Google, klikaj\u0105c poni\u017cszy link (<a class=\"_blank\" href=\"https:\/\/www.abakus.de\/http:\/\/\" target=\"tools.google.com\/dlpage\/gaoptout?hl=de\" rel=\"noopener noreferrer\">http:\/\/tools.google.com\/dlpage\/gaoptout?hl=de<\/a>), aby pobra\u0107 i zainstalowa\u0107 dost\u0119pn\u0105 wtyczk\u0119 do przegl\u0105darki.<\/p><p class=\"bodytext\" style=\"text-align: center;\">U\u017cytkownik mo\u017ce uniemo\u017cliwi\u0107 Google Analytics gromadzenie jego danych, klikaj\u0105c poni\u017cszy link. Plik cookie rezygnacji zostanie ustawiony, aby zapobiec gromadzeniu danych u\u017cytkownika w przysz\u0142o\u015bci podczas odwiedzania tej witryny:\u00a0<a>Dezaktywacja Google Analytics<\/a><\/p><p class=\"bodytext\" style=\"text-align: center;\">Wi\u0119cej informacji na temat warunk\u00f3w u\u017cytkowania i ochrony danych mo\u017cna znale\u017a\u0107 na stronie\u00a0<a href=\"http:\/\/www.google.com\/analytics\/terms\/de.html\" target=\"_blank\" rel=\"noopener noreferrer\">http:\/\/www.google.com\/analytics\/terms\/de.html<\/a>\u00a0lub poni\u017cej\u00a0<a href=\"https:\/\/www.google.de\/intl\/de\/policies\/\" target=\"_blank\" rel=\"noopener noreferrer\">https:\/\/www.google.de\/intl\/de\/policies\/<\/a>. Zwracamy uwag\u0119, \u017ce na tej stronie Google Analytics zosta\u0142 rozszerzony o kod \"anonymizeIp\" w celu zapewnienia anonimowego gromadzenia adres\u00f3w IP (tzw. maskowanie IP).<\/p><h3 style=\"text-align: center;\">Zawarto\u015b\u0107 strony internetowej<\/h3><p class=\"bodytext\" style=\"text-align: center;\">Zawarto\u015b\u0107 tej strony internetowej s\u0142u\u017cy wy\u0142\u0105cznie celom informacyjnym i jest us\u0142ug\u0105 \u015bwiadczon\u0105 przez HAUX GmbH. Nie ponosimy odpowiedzialno\u015bci za aktualno\u015b\u0107, poprawno\u015b\u0107 i kompletno\u015b\u0107 tre\u015bci, us\u0142ug i informacji na tej stronie internetowej. Nie ponosimy \u017cadnej odpowiedzialno\u015bci za jakiekolwiek szkody materialne lub niematerialne spowodowane wykorzystaniem nieprawid\u0142owych lub niekompletnych informacji. Zastrzegamy sobie prawo do zmiany i aktualizacji tre\u015bci bez wcze\u015bniejszego powiadomienia.<\/p><h3 style=\"text-align: center;\">Anonimowe gromadzenie danych<\/h3><p class=\"bodytext\" style=\"text-align: center;\">Gdy u\u017cytkownik uzyskuje dost\u0119p do naszej witryny internetowej, nasze serwery internetowe automatycznie gromadz\u0105 informacje o charakterze og\u00f3lnym. Obejmuj\u0105 one typ przegl\u0105darki internetowej, u\u017cywany system operacyjny, nazw\u0119 domeny dostawcy us\u0142ug internetowych, adres IP u\u017cywanego komputera, stron\u0119 internetow\u0105, z kt\u00f3rej u\u017cytkownik nas odwiedza, strony odwiedzane na naszej stronie internetowej oraz dat\u0119 i czas trwania wizyty. S\u0105 to wy\u0142\u0105cznie informacje, kt\u00f3re nie pozwalaj\u0105 na wyci\u0105ganie jakichkolwiek wniosk\u00f3w na temat osoby u\u017cytkownika. Analizujemy te dane wy\u0142\u0105cznie do cel\u00f3w statystycznych i tylko w formie anonimowej.<\/p><h3 style=\"text-align: center;\">Gromadzenie i przetwarzanie danych osobowych<\/h3><p class=\"bodytext\" style=\"text-align: center;\">Dane osobowe s\u0105 gromadzone tylko wtedy, gdy u\u017cytkownik poda je dobrowolnie, na przyk\u0142ad w celu z\u0142o\u017cenia zam\u00f3wienia, wype\u0142nienia ankiety lub zarejestrowania si\u0119 w celu korzystania ze spersonalizowanych us\u0142ug. U\u017cytkownik zostanie poinformowany o zamierzonym celu przetwarzania danych i, w razie potrzeby, poproszony o wyra\u017cenie zgody na ich przechowywanie.<\/p><h3 style=\"text-align: center;\">Wykorzystywanie i ujawnianie zgromadzonych danych<\/h3><p class=\"bodytext\" style=\"text-align: center;\">Dane osobowe zebrane na naszej stronie internetowej b\u0119d\u0105 wykorzystywane wy\u0142\u0105cznie bez zgody u\u017cytkownika do przetwarzania zam\u00f3wie\u0144 lub przetwarzania zapyta\u0144. Ponadto dane u\u017cytkownika b\u0119d\u0105 wykorzystywane w centralnie zarz\u0105dzanej bazie danych klient\u00f3w i potencjalnych klient\u00f3w, za kt\u00f3r\u0105 odpowiada HAUX GmbH. Wykorzystanie tych danych jest ograniczone do cel\u00f3w reklamowych oraz bada\u0144 rynku i opinii przez HAUX GmbH. U\u017cytkownik mo\u017ce w ka\u017cdej chwili odwo\u0142a\u0107 swoj\u0105 zgod\u0119 ze skutkiem na przysz\u0142o\u015b\u0107. Dane u\u017cytkownika nie b\u0119d\u0105 sprzedawane, wynajmowane ani udost\u0119pniane stronom trzecim w \u017caden inny spos\u00f3b. Dane osobowe b\u0119d\u0105 przekazywane wy\u0142\u0105cznie instytucjom i organom pa\u0144stwowym w ramach obowi\u0105zuj\u0105cych przepis\u00f3w krajowych. Nasi pracownicy s\u0105 zobowi\u0105zani do zachowania \u015bcis\u0142ej poufno\u015bci.<\/p><h3 style=\"text-align: center;\">Bezpiecze\u0144stwo<\/h3><p class=\"bodytext\" style=\"text-align: center;\">HAUX GmbH stosuje techniczne i organizacyjne \u015brodki bezpiecze\u0144stwa w celu ochrony zarz\u0105dzanych przez nas danych przed przypadkow\u0105 lub celow\u0105 manipulacj\u0105, utrat\u0105, zniszczeniem lub dost\u0119pem os\u00f3b nieupowa\u017cnionych. Nasze \u015brodki bezpiecze\u0144stwa s\u0105 stale ulepszane zgodnie z rozwojem technologicznym.<\/p><h3 style=\"text-align: center;\">Prawa do znak\u00f3w towarowych i prawa autorskie<\/h3><p class=\"bodytext\" style=\"text-align: center;\">Wszystkie nazwy marek i znaki towarowe wymienione na tej stronie internetowej i ewentualnie chronione przez osoby trzecie podlegaj\u0105 bez ogranicze\u0144 przepisom obowi\u0105zuj\u0105cego prawa o znakowaniu i prawom w\u0142asno\u015bci odpowiednich zarejestrowanych w\u0142a\u015bcicieli. Powielanie w ca\u0142o\u015bci lub w cz\u0119\u015bci bez pisemnej zgody HAUX GmbH jest zabronione.<\/p>\t\t\t\t\t\t\t\t<\/div>\n\t\t\t\t<\/div>\n\t\t\t\t\t<\/div>\n\t\t<\/div>\n\t\t\t\t\t<\/div>\n\t\t<\/section>\n\t\t\t\t<section class=\"elementor-section elementor-top-section elementor-element elementor-element-df67c49 elementor-section-boxed elementor-section-height-default elementor-section-height-default\" data-id=\"df67c49\" data-element_type=\"section\" data-e-type=\"section\">\n\t\t\t\t\t\t<div class=\"elementor-container elementor-column-gap-default\">\n\t\t\t\t\t<div class=\"elementor-column elementor-col-50 elementor-top-column elementor-element elementor-element-0a74a4f\" data-id=\"0a74a4f\" data-element_type=\"column\" data-e-type=\"column\">\n\t\t\t<div class=\"elementor-widget-wrap elementor-element-populated\">\n\t\t\t\t\t\t<div class=\"elementor-element elementor-element-c63b7d7 elementor-widget elementor-widget-heading\" data-id=\"c63b7d7\" data-element_type=\"widget\" data-e-type=\"widget\" data-widget_type=\"heading.default\">\n\t\t\t\t<div class=\"elementor-widget-container\">\n\t\t\t\t\t<h2 class=\"elementor-heading-title elementor-size-default\">KONTAKT<\/h2>\t\t\t\t<\/div>\n\t\t\t\t<\/div>\n\t\t\t\t<div class=\"elementor-element elementor-element-af89acc elementor-align-left elementor-widget elementor-widget-button\" data-id=\"af89acc\" data-element_type=\"widget\" data-e-type=\"widget\" data-widget_type=\"button.default\">\n\t\t\t\t<div class=\"elementor-widget-container\">\n\t\t\t\t\t\t\t\t\t<div class=\"elementor-button-wrapper\">\n\t\t\t\t\t<a class=\"elementor-button elementor-button-link elementor-size-lg\" href=\"mailto:info@hauxgmbh.de\">\n\t\t\t\t\t\t<span class=\"elementor-button-content-wrapper\">\n\t\t\t\t\t\t\t\t\t<span class=\"elementor-button-text\">Skontaktuj si\u0119 z nami<\/span>\n\t\t\t\t\t<\/span>\n\t\t\t\t\t<\/a>\n\t\t\t\t<\/div>\n\t\t\t\t\t\t\t\t<\/div>\n\t\t\t\t<\/div>\n\t\t\t\t\t<\/div>\n\t\t<\/div>\n\t\t\t\t<div class=\"elementor-column elementor-col-50 elementor-top-column elementor-element elementor-element-28133cd\" data-id=\"28133cd\" data-element_type=\"column\" data-e-type=\"column\">\n\t\t\t<div class=\"elementor-widget-wrap elementor-element-populated\">\n\t\t\t\t\t\t<div class=\"elementor-element elementor-element-d133345 elementor-widget elementor-widget-heading\" data-id=\"d133345\" data-element_type=\"widget\" data-e-type=\"widget\" data-widget_type=\"heading.default\">\n\t\t\t\t<div class=\"elementor-widget-container\">\n\t\t\t\t\t<h2 class=\"elementor-heading-title elementor-size-default\">\u015aLED\u0179 NAS<\/h2>\t\t\t\t<\/div>\n\t\t\t\t<\/div>\n\t\t\t\t<div class=\"elementor-element elementor-element-f803f60 e-grid-align-right elementor-shape-rounded elementor-grid-0 elementor-widget elementor-widget-social-icons\" data-id=\"f803f60\" data-element_type=\"widget\" data-e-type=\"widget\" data-widget_type=\"social-icons.default\">\n\t\t\t\t<div class=\"elementor-widget-container\">\n\t\t\t\t\t\t\t<div class=\"elementor-social-icons-wrapper elementor-grid\" role=\"list\">\n\t\t\t\t\t\t\t<span class=\"elementor-grid-item\" role=\"listitem\">\n\t\t\t\t\t<a class=\"elementor-icon elementor-social-icon elementor-social-icon-linkedin elementor-animation-push elementor-repeater-item-4e8bba4\" href=\"https:\/\/de.linkedin.com\/company\/haux-maschinenbau-gmbh\" target=\"_blank\">\n\t\t\t\t\t\t<span class=\"elementor-screen-only\">Linkedin<\/span>\n\t\t\t\t\t\t<i aria-hidden=\"true\" class=\"fab fa-linkedin\"><\/i>\t\t\t\t\t<\/a>\n\t\t\t\t<\/span>\n\t\t\t\t\t\t\t<span class=\"elementor-grid-item\" role=\"listitem\">\n\t\t\t\t\t<a class=\"elementor-icon elementor-social-icon elementor-social-icon-youtube elementor-animation-push elementor-repeater-item-6d41c43\" href=\"https:\/\/www.youtube.com\/@haux-grinding\" target=\"_blank\">\n\t\t\t\t\t\t<span class=\"elementor-screen-only\">YouTube<\/span>\n\t\t\t\t\t\t<i aria-hidden=\"true\" class=\"fab fa-youtube\"><\/i>\t\t\t\t\t<\/a>\n\t\t\t\t<\/span>\n\t\t\t\t\t\t\t<span class=\"elementor-grid-item\" role=\"listitem\">\n\t\t\t\t\t<a class=\"elementor-icon elementor-social-icon elementor-social-icon-instagram elementor-animation-push elementor-repeater-item-ec634b9\" href=\"https:\/\/www.instagram.com\/haux_maschinenbau_gmbh\/\" target=\"_blank\">\n\t\t\t\t\t\t<span class=\"elementor-screen-only\">Instagram<\/span>\n\t\t\t\t\t\t<i aria-hidden=\"true\" class=\"fab fa-instagram\"><\/i>\t\t\t\t\t<\/a>\n\t\t\t\t<\/span>\n\t\t\t\t\t<\/div>\n\t\t\t\t\t\t<\/div>\n\t\t\t\t<\/div>\n\t\t\t\t\t<\/div>\n\t\t<\/div>\n\t\t\t\t\t<\/div>\n\t\t<\/section>\n\t\t\t\t<\/div>","protected":false},"excerpt":{"rendered":"<p>HAUX Machine Tools GmbHEbinger Str. 5072510 Stetten a. k. M.Germany Telefon +49 (0)7573 \u00a095455-0Telefax +49 (0)7573 \u00a095455-30 Internet:\u00a0https:\/\/hauxmt.comE-mail:\u00a0info@hauxmt.com Vertretungsberechtigter Gesch\u00e4ftsf\u00fchrer:Herr Claudius Braun Registergericht: UlmRegisternummer: HRB 749005 USt-IdNr.: DE400071143 Haftungsausschluss (Disclaimer) Haftung f\u00fcr InhalteAls Diensteanbieter sind wir gem\u00e4\u00df \u00a7 7 Abs.1 TMG f\u00fcr eigene Inhalte auf diesen Seiten nach den allgemeinen Gesetzen verantwortlich. Nach \u00a7\u00a7 8 bis 10 TMG sind wir<\/p>","protected":false},"author":8,"featured_media":0,"parent":0,"menu_order":0,"comment_status":"closed","ping_status":"closed","template":"","meta":{"footnotes":""},"class_list":["post-4490","page","type-page","status-publish","hentry"],"_links":{"self":[{"href":"https:\/\/www.hauxmt.com\/pl\/wp-json\/wp\/v2\/pages\/4490","targetHints":{"allow":["GET"]}}],"collection":[{"href":"https:\/\/www.hauxmt.com\/pl\/wp-json\/wp\/v2\/pages"}],"about":[{"href":"https:\/\/www.hauxmt.com\/pl\/wp-json\/wp\/v2\/types\/page"}],"author":[{"embeddable":true,"href":"https:\/\/www.hauxmt.com\/pl\/wp-json\/wp\/v2\/users\/8"}],"replies":[{"embeddable":true,"href":"https:\/\/www.hauxmt.com\/pl\/wp-json\/wp\/v2\/comments?post=4490"}],"version-history":[{"count":49,"href":"https:\/\/www.hauxmt.com\/pl\/wp-json\/wp\/v2\/pages\/4490\/revisions"}],"predecessor-version":[{"id":7997,"href":"https:\/\/www.hauxmt.com\/pl\/wp-json\/wp\/v2\/pages\/4490\/revisions\/7997"}],"wp:attachment":[{"href":"https:\/\/www.hauxmt.com\/pl\/wp-json\/wp\/v2\/media?parent=4490"}],"curies":[{"name":"wp","href":"https:\/\/api.w.org\/{rel}","templated":true}]}}