{"id":5331,"date":"2022-12-21T10:55:44","date_gmt":"2022-12-21T09:55:44","guid":{"rendered":"https:\/\/haux-grinding.com\/?page_id=5331"},"modified":"2024-11-06T08:22:22","modified_gmt":"2024-11-06T07:22:22","slug":"element-ochrony-danych","status":"publish","type":"page","link":"https:\/\/www.hauxmt.com\/pl\/element-ochrony-danych\/","title":{"rendered":"Ochrona danych"},"content":{"rendered":"<div data-elementor-type=\"wp-page\" data-elementor-id=\"5331\" class=\"elementor elementor-5331\" data-elementor-post-type=\"page\">\n\t\t\t\t\t\t<section class=\"elementor-section elementor-top-section elementor-element elementor-element-d5f4317 elementor-section-boxed elementor-section-height-default elementor-section-height-default\" data-id=\"d5f4317\" data-element_type=\"section\" data-e-type=\"section\">\n\t\t\t\t\t\t<div class=\"elementor-container elementor-column-gap-default\">\n\t\t\t\t\t<div class=\"elementor-column elementor-col-100 elementor-top-column elementor-element elementor-element-df3293b\" data-id=\"df3293b\" data-element_type=\"column\" data-e-type=\"column\">\n\t\t\t<div class=\"elementor-widget-wrap elementor-element-populated\">\n\t\t\t\t\t\t<div class=\"elementor-element elementor-element-0d5da70 elementor-widget elementor-widget-text-editor\" data-id=\"0d5da70\" data-element_type=\"widget\" data-e-type=\"widget\" data-widget_type=\"text-editor.default\">\n\t\t\t\t<div class=\"elementor-widget-container\">\n\t\t\t\t\t\t\t\t\t<h3 style=\"text-align: center;\"><span style=\"color: #2b3d89;\">Informacje prawne<\/span><\/h3>\n<p style=\"text-align: center;\">Nale\u017cy pami\u0119ta\u0107, \u017ce informacje na tej stronie mog\u0105 zawiera\u0107 nie\u015bcis\u0142o\u015bci techniczne lub b\u0142\u0119dy typograficzne. Zastrzegamy sobie prawo do zmiany lub aktualizacji informacji na tej stronie w dowolnym momencie i bez wcze\u015bniejszego powiadomienia. Wszystkie utwory lub cz\u0119\u015bci utwor\u00f3w opublikowane na naszych stronach internetowych, takie jak teksty, pliki, kompozycje i obrazy, s\u0105 chronione prawem autorskim lub prawem patentowym. Jakakolwiek dalsza publikacja, powielanie, dystrybucja lub inne wykorzystanie - nawet we fragmentach - wymaga pisemnej zgody operatora strony.<\/p>\n<p style=\"text-align: center;\">\n<\/p><div class=\"ce_text block\">\n<h2 style=\"text-align: center;\"><span style=\"color: #2b3d89;\">Polityka prywatno\u015bci<\/span><\/h2>\n<p style=\"text-align: center;\">\n<\/p><h2 style=\"text-align: center;\"><span style=\"color: #2b3d89;\">1. ochrona danych w skr\u00f3cie<\/span><\/h2>\n<h3 style=\"text-align: center;\"><span style=\"color: #2b3d89;\">Informacje og\u00f3lne<\/span><\/h3>\n<p style=\"text-align: center;\">Poni\u017csze informacje stanowi\u0105 prosty przegl\u0105d tego, co dzieje si\u0119 z danymi osobowymi u\u017cytkownika podczas odwiedzania naszej witryny internetowej. Dane osobowe to wszelkie dane, kt\u00f3re mo\u017cna wykorzysta\u0107 do osobistej identyfikacji u\u017cytkownika. Szczeg\u00f3\u0142owe informacje na temat ochrony danych mo\u017cna znale\u017a\u0107 w naszym o\u015bwiadczeniu o ochronie danych, kt\u00f3re znajduje si\u0119 poni\u017cej tego tekstu.<\/p>\n<h3 style=\"text-align: center;\"><span style=\"color: #2b3d89;\">Gromadzenie danych na naszej stronie internetowej<\/span><\/h3>\n<p style=\"text-align: center;\"><span style=\"color: #2b3d89;\"><strong>Kto jest odpowiedzialny za gromadzenie danych na tej stronie?<\/strong><\/span><\/p>\n<p style=\"text-align: center;\">Przetwarzanie danych na tej stronie internetowej jest przeprowadzane przez operatora strony. Dane kontaktowe operatora mo\u017cna znale\u017a\u0107 w nocie prawnej tej witryny.<\/p>\n<p style=\"text-align: center;\"><span style=\"color: #2b3d89;\"><strong>W jaki spos\u00f3b gromadzimy dane u\u017cytkownik\u00f3w?<\/strong><\/span><\/p>\n<p style=\"text-align: center;\">Z jednej strony dane u\u017cytkownika s\u0105 gromadzone, gdy u\u017cytkownik nam je przekazuje. Mog\u0105 to by\u0107 na przyk\u0142ad dane wprowadzone w formularzu kontaktowym.<\/p>\n<p style=\"text-align: center;\">Inne dane s\u0105 gromadzone automatycznie przez nasze systemy informatyczne podczas odwiedzania strony internetowej. S\u0105 to przede wszystkim dane techniczne (np. przegl\u0105darka internetowa, system operacyjny lub czas wy\u015bwietlania strony). Dane te s\u0105 gromadzone automatycznie po wej\u015bciu na nasz\u0105 stron\u0119 internetow\u0105.<\/p>\n<p style=\"text-align: center;\"><span style=\"color: #2b3d89;\"><strong>Do czego wykorzystujemy dane u\u017cytkownik\u00f3w?<\/strong><\/span><\/p>\n<p style=\"text-align: center;\">Niekt\u00f3re dane s\u0105 gromadzone w celu zapewnienia bezb\u0142\u0119dnego dzia\u0142ania strony internetowej. Inne dane mog\u0105 by\u0107 wykorzystywane do analizy zachowa\u0144 u\u017cytkownik\u00f3w.<\/p>\n<p style=\"text-align: center;\"><span style=\"color: #2b3d89;\"><strong>Jakie prawa przys\u0142uguj\u0105 u\u017cytkownikowi w odniesieniu do jego danych?<\/strong><\/span><\/p>\n<p style=\"text-align: center;\">U\u017cytkownik ma prawo do bezp\u0142atnego otrzymania w dowolnym momencie informacji o pochodzeniu, odbiorcy i celu przechowywanych danych osobowych. U\u017cytkownik ma r\u00f3wnie\u017c prawo do \u017c\u0105dania poprawienia, zablokowania lub usuni\u0119cia tych danych. U\u017cytkownik mo\u017ce w ka\u017cdej chwili skontaktowa\u0107 si\u0119 z nami pod adresem podanym w nocie prawnej, je\u015bli ma dodatkowe pytania dotycz\u0105ce ochrony danych. U\u017cytkownik ma r\u00f3wnie\u017c prawo do z\u0142o\u017cenia skargi do w\u0142a\u015bciwego organu nadzorczego.<\/p>\n<h3 style=\"text-align: center;\"><span style=\"color: #2b3d89;\">Narz\u0119dzia analityczne i narz\u0119dzia dostawc\u00f3w zewn\u0119trznych<\/span><\/h3>\n<p style=\"text-align: center;\">Gdy u\u017cytkownik odwiedza nasz\u0105 stron\u0119 internetow\u0105, jego zachowanie podczas surfowania mo\u017ce by\u0107 oceniane statystycznie. Odbywa si\u0119 to g\u0142\u00f3wnie za pomoc\u0105 plik\u00f3w cookie i tak zwanych program\u00f3w analitycznych. Analiza zachowania u\u017cytkownika podczas surfowania jest zazwyczaj anonimowa; zachowania u\u017cytkownika podczas surfowania nie mo\u017cna prze\u015bledzi\u0107 wstecz. U\u017cytkownik mo\u017ce sprzeciwi\u0107 si\u0119 takiej analizie lub zapobiec jej poprzez niekorzystanie z okre\u015blonych narz\u0119dzi. Szczeg\u00f3\u0142owe informacje na ten temat mo\u017cna znale\u017a\u0107 w poni\u017cszej polityce prywatno\u015bci.<\/p>\n<p style=\"text-align: center;\">U\u017cytkownik mo\u017ce sprzeciwi\u0107 si\u0119 tej analizie. O opcjach sprzeciwu poinformujemy w niniejszej polityce prywatno\u015bci.<\/p>\n<h2 style=\"text-align: center;\"><span style=\"color: #2b3d89;\">2 Uwagi og\u00f3lne i informacje obowi\u0105zkowe<\/span><\/h2>\n<h3 style=\"text-align: center;\"><span style=\"color: #2b3d89;\">Ochrona danych<\/span><\/h3>\n<p style=\"text-align: center;\">Operatorzy tych stron bardzo powa\u017cnie traktuj\u0105 ochron\u0119 danych osobowych u\u017cytkownik\u00f3w. Dane osobowe u\u017cytkownik\u00f3w traktujemy poufnie i zgodnie z ustawowymi przepisami o ochronie danych oraz niniejsz\u0105 polityk\u0105 prywatno\u015bci.<\/p>\n<p style=\"text-align: center;\">Podczas korzystania z tej witryny gromadzone s\u0105 r\u00f3\u017cne dane osobowe. Dane osobowe to dane, kt\u00f3re mo\u017cna wykorzysta\u0107 do osobistej identyfikacji u\u017cytkownika. Niniejsza polityka prywatno\u015bci wyja\u015bnia, jakie dane gromadzimy i do czego je wykorzystujemy. Wyja\u015bnia r\u00f3wnie\u017c, w jaki spos\u00f3b i w jakim celu jest to robione.<\/p>\n<p style=\"text-align: center;\">Zwracamy uwag\u0119, \u017ce transmisja danych przez Internet (np. podczas komunikacji za po\u015brednictwem poczty elektronicznej) mo\u017ce zawiera\u0107 luki w zabezpieczeniach. Pe\u0142na ochrona danych przed dost\u0119pem os\u00f3b trzecich nie jest mo\u017cliwa.<\/p>\n<h3 style=\"text-align: center;\"><span style=\"color: #2b3d89;\">Uwaga dotycz\u0105ca podmiotu odpowiedzialnego<\/span><\/h3>\n<p style=\"text-align: center;\">Administratorem odpowiedzialnym za przetwarzanie danych na tej stronie jest<\/p>\n<p style=\"text-align: center;\">HAUX Machine Tools GmbH<br>Ebinger Str. 50<br>72510 Stetten a. k. M.<br>Niemcy<\/p>\n<p style=\"text-align: center;\">Dyrektor zarz\u0105dzaj\u0105cy upowa\u017cniony do reprezentowania sp\u00f3\u0142ki:<br>Klaudiusz Braun<\/p>\n<p style=\"text-align: center;\">Telefon: +49 (0)7573 95455-0<br>E-mail: info@hauxgmbh.de<\/p>\n<p style=\"text-align: center;\">Administrator danych to osoba fizyczna lub prawna, kt\u00f3ra samodzielnie lub wsp\u00f3lnie z innymi okre\u015bla cele i sposoby przetwarzania danych osobowych (np. imion i nazwisk, adres\u00f3w e-mail itp.).<\/p>\n<h3 style=\"text-align: center;\"><span style=\"color: #2b3d89;\">Cofni\u0119cie zgody na przetwarzanie danych<\/span><\/h3>\n<p style=\"text-align: center;\">Wiele operacji przetwarzania danych jest mo\u017cliwych wy\u0142\u0105cznie za wyra\u017an\u0105 zgod\u0105 u\u017cytkownika. Udzielon\u0105 zgod\u0119 mo\u017cna w ka\u017cdej chwili odwo\u0142a\u0107. Wystarczy wys\u0142a\u0107 do nas nieformaln\u0105 wiadomo\u015b\u0107 e-mail. Cofni\u0119cie zgody nie ma wp\u0142ywu na zgodno\u015b\u0107 z prawem przetwarzania danych prowadzonego do momentu cofni\u0119cia zgody.<\/p>\n<h3 style=\"text-align: center;\"><span style=\"color: #2b3d89;\">Prawo do z\u0142o\u017cenia skargi do w\u0142a\u015bciwego organu nadzorczego<\/span><\/h3>\n<p style=\"text-align: center;\">W przypadku naruszenia przepis\u00f3w o ochronie danych osoba, kt\u00f3rej dane dotycz\u0105, ma prawo z\u0142o\u017cy\u0107 skarg\u0119 do w\u0142a\u015bciwego organu nadzorczego. W\u0142a\u015bciwym organem nadzorczym w kwestiach ochrony danych jest krajowy inspektor ochrony danych kraju zwi\u0105zkowego, w kt\u00f3rym nasza firma ma siedzib\u0119. List\u0119 inspektor\u00f3w ochrony danych i ich dane kontaktowe mo\u017cna znale\u017a\u0107 pod nast\u0119puj\u0105cym linkiem: <a href=\"https:\/\/www.bfdi.bund.de\/DE\/Infothek\/Anschriften_Links\/anschriften_links-node.html\" target=\"_blank\" rel=\"noopener noreferrer\">https:\/\/www.bfdi.bund.de\/DE\/Infothek\/Anschriften_Links\/anschriften_links-node.html<\/a>.<\/p>\n<h3 style=\"text-align: center;\"><span style=\"color: #2b3d89;\">Prawo do przenoszenia danych<\/span><\/h3>\n<p style=\"text-align: center;\">U\u017cytkownik ma prawo do tego, aby dane, kt\u00f3re przetwarzamy automatycznie na podstawie jego zgody lub w ramach realizacji umowy, zosta\u0142y przekazane u\u017cytkownikowi lub stronie trzeciej w powszechnie u\u017cywanym formacie nadaj\u0105cym si\u0119 do odczytu maszynowego. Je\u015bli u\u017cytkownik za\u017c\u0105da bezpo\u015bredniego przekazania danych innemu administratorowi, zostanie to wykonane tylko w zakresie, w jakim jest to technicznie wykonalne.<\/p>\n<h3 style=\"text-align: center;\"><span style=\"color: #2b3d89;\">Szyfrowanie SSL lub TLS<\/span><\/h3>\n<p style=\"text-align: center;\">Ta witryna wykorzystuje szyfrowanie SSL lub TLS ze wzgl\u0119d\u00f3w bezpiecze\u0144stwa i w celu ochrony transmisji poufnych tre\u015bci, takich jak zam\u00f3wienia lub zapytania wysy\u0142ane do nas jako operatora witryny. Po\u0142\u0105czenie szyfrowane mo\u017cna rozpozna\u0107 po tym, \u017ce wiersz adresu przegl\u0105darki zmienia si\u0119 z \"http:\/\/\" na \"https:\/\/\" oraz po symbolu k\u0142\u00f3dki w wierszu przegl\u0105darki.<\/p>\n<p style=\"text-align: center;\">Je\u015bli szyfrowanie SSL lub TLS jest w\u0142\u0105czone, dane przesy\u0142ane do nas nie mog\u0105 by\u0107 odczytane przez osoby trzecie.<\/p>\n<h2 style=\"text-align: center;\"><span style=\"color: #2b3d89;\">3. gromadzenie danych na naszej stronie internetowej<\/span><\/h2>\n<h3 style=\"text-align: center;\"><span style=\"color: #2b3d89;\">Pliki cookie<\/span><\/h3>\n<p style=\"text-align: center;\">Niekt\u00f3re strony internetowe wykorzystuj\u0105 tzw. pliki cookie. Pliki cookie nie uszkadzaj\u0105 komputera i nie zawieraj\u0105 wirus\u00f3w. Pliki cookie s\u0105 u\u017cywane, aby nasza strona internetowa by\u0142a bardziej przyjazna dla u\u017cytkownika, skuteczna i bezpieczna. Pliki cookie to ma\u0142e pliki tekstowe, kt\u00f3re s\u0105 przechowywane na komputerze i zapisywane przez przegl\u0105dark\u0119.<\/p>\n<p style=\"text-align: center;\">Wi\u0119kszo\u015b\u0107 u\u017cywanych przez nas plik\u00f3w cookie to tak zwane \"sesyjne pliki cookie\". S\u0105 one automatycznie usuwane po zako\u0144czeniu wizyty u\u017cytkownika. Inne pliki cookie s\u0105 przechowywane na urz\u0105dzeniu ko\u0144cowym u\u017cytkownika do momentu ich usuni\u0119cia. Te pliki cookie umo\u017cliwiaj\u0105 nam rozpoznanie przegl\u0105darki u\u017cytkownika podczas kolejnej wizyty.<\/p>\n<p style=\"text-align: center;\">U\u017cytkownik mo\u017ce ustawi\u0107 swoj\u0105 przegl\u0105dark\u0119 w taki spos\u00f3b, aby by\u0142 informowany o ustawieniach plik\u00f3w cookie i zezwala\u0142 na pliki cookie tylko w indywidualnych przypadkach, wyklucza\u0142 akceptacj\u0119 plik\u00f3w cookie w okre\u015blonych przypadkach lub og\u00f3lnie oraz aktywowa\u0142 automatyczne usuwanie plik\u00f3w cookie po zamkni\u0119ciu przegl\u0105darki. W przypadku dezaktywacji plik\u00f3w cookie funkcjonalno\u015b\u0107 tej witryny mo\u017ce by\u0107 ograniczona.<\/p>\n<p style=\"text-align: center;\">Pliki cookie, kt\u00f3re s\u0105 wymagane do przeprowadzenia procesu komunikacji elektronicznej lub zapewnienia okre\u015blonych funkcji, o kt\u00f3re prosi\u0142 u\u017cytkownik (np. funkcja koszyka zakup\u00f3w), s\u0105 przechowywane na podstawie art. 6 ust. 1 lit. f RODO. Operator strony internetowej ma uzasadniony interes w przechowywaniu plik\u00f3w cookie w celu technicznie bezb\u0142\u0119dnego i zoptymalizowanego \u015bwiadczenia swoich us\u0142ug. W zakresie, w jakim przechowywane s\u0105 inne pliki cookie (np. pliki cookie do analizy zachowania u\u017cytkownika podczas surfowania), s\u0105 one traktowane oddzielnie w niniejszej polityce prywatno\u015bci.<\/p>\n<h3 style=\"text-align: center;\"><span style=\"color: #2b3d89;\">Pliki dziennika serwera<\/span><\/h3>\n<p style=\"text-align: center;\">Dostawca stron automatycznie zbiera i przechowuje informacje w tak zwanych plikach dziennika serwera, kt\u00f3re przegl\u0105darka u\u017cytkownika automatycznie przesy\u0142a do nas. S\u0105 to<\/p>\n<ul style=\"text-align: center;\">\n<li>Typ i wersja przegl\u0105darki<\/li>\n<li>U\u017cywany system operacyjny<\/li>\n<li>Adres URL strony odsy\u0142aj\u0105cej<\/li>\n<li>Nazwa hosta komputera uzyskuj\u0105cego dost\u0119p<\/li>\n<li>Czas \u017c\u0105dania serwera<\/li>\n<li>Adres IP<\/li>\n<\/ul>\n<p style=\"text-align: center;\">Dane te nie s\u0105 \u0142\u0105czone z innymi \u017ar\u00f3d\u0142ami danych.<\/p>\n<p style=\"text-align: center;\">Podstaw\u0105 przetwarzania danych jest art. 6 ust. 1 lit. f RODO, kt\u00f3ry zezwala na przetwarzanie danych w celu realizacji umowy lub \u015brodk\u00f3w przedumownych.<\/p>\n<h3 style=\"text-align: center;\"><span style=\"color: #2b3d89;\">Formularz kontaktowy<\/span><\/h3>\n<p style=\"text-align: center;\">Je\u015bli wy\u015blesz do nas zapytanie za po\u015brednictwem formularza kontaktowego, Twoje dane z formularza zapytania, w tym dane kontaktowe, kt\u00f3re tam podasz, b\u0119d\u0105 przez nas przechowywane w celu przetworzenia zapytania oraz w przypadku dalszych pyta\u0144. Nie b\u0119dziemy przekazywa\u0107 tych danych bez zgody u\u017cytkownika.<\/p>\n<p style=\"text-align: center;\">Dane wprowadzone w formularzu kontaktowym s\u0105 zatem przetwarzane wy\u0142\u0105cznie na podstawie zgody u\u017cytkownika (art. 6 ust. 1 lit. a RODO). Zgod\u0119 t\u0119 mo\u017cna wycofa\u0107 w dowolnym momencie. Wystarczy wys\u0142a\u0107 do nas nieformaln\u0105 wiadomo\u015b\u0107 e-mail. Cofni\u0119cie zgody nie ma wp\u0142ywu na zgodno\u015b\u0107 z prawem operacji przetwarzania danych przeprowadzanych do momentu cofni\u0119cia zgody.<\/p>\n<p style=\"text-align: center;\">B\u0119dziemy przechowywa\u0107 dane podane przez u\u017cytkownika w formularzu kontaktowym, dop\u00f3ki nie za\u017c\u0105da on ich usuni\u0119cia, nie cofnie zgody na ich przechowywanie lub nie ustanie cel ich przechowywania (np. po spe\u0142nieniu \u017c\u0105dania u\u017cytkownika). Obowi\u0105zkowe przepisy ustawowe - w szczeg\u00f3lno\u015bci okresy przechowywania - pozostaj\u0105 nienaruszone.<\/p>\n<h2 style=\"text-align: center;\"><span style=\"color: #2b3d89;\">4. wtyczki i narz\u0119dzia<\/span><\/h2>\n<h3 style=\"text-align: center;\"><span style=\"color: #2b3d89;\">Czcionki internetowe Google<\/span><\/h3>\n<p style=\"text-align: center;\">Ta strona korzysta z tak zwanych czcionek internetowych dostarczanych przez Google w celu znormalizowanego wy\u015bwietlania czcionek. Po wywo\u0142aniu strony przegl\u0105darka \u0142aduje wymagane czcionki internetowe do pami\u0119ci podr\u0119cznej przegl\u0105darki w celu prawid\u0142owego wy\u015bwietlania tekst\u00f3w i czcionek.<\/p>\n<p style=\"text-align: center;\">W tym celu u\u017cywana przegl\u0105darka musi po\u0142\u0105czy\u0107 si\u0119 z serwerami Google. Informuje to Google, \u017ce nasza strona internetowa zosta\u0142a wywo\u0142ana za po\u015brednictwem adresu IP u\u017cytkownika. Korzystanie z Google Web Fonts le\u017cy w interesie jednolitej i atrakcyjnej prezentacji naszych ofert online. Stanowi to uzasadniony interes w rozumieniu art. 6 ust. 1 lit. f RODO.<\/p>\n<p style=\"text-align: center;\">Je\u015bli przegl\u0105darka nie obs\u0142uguje czcionek internetowych, komputer u\u017cyje standardowej czcionki.<\/p>\n<p style=\"text-align: center;\">Wi\u0119cej informacji na temat Google Web Fonts mo\u017cna znale\u017a\u0107 na stronie <a href=\"https:\/\/developers.google.com\/fonts\/faq\" target=\"_blank\" rel=\"noopener noreferrer\">https:\/\/developers.google.com\/fonts\/faq<\/a> oraz w polityce prywatno\u015bci Google: <a href=\"https:\/\/www.google.com\/policies\/privacy\/\" target=\"_blank\" rel=\"noopener noreferrer\">https:\/\/www.google.com\/policies\/privacy\/<\/a>.<\/p>\n<h3 style=\"text-align: center;\"><span style=\"color: #2b3d89;\">Mapy Google<\/span><\/h3>\n<p style=\"text-align: center;\">Ta witryna korzysta z us\u0142ugi map Google Maps za po\u015brednictwem interfejsu API. Dostawc\u0105 jest Google Inc, 1600 Amphitheatre Parkway, Mountain View, CA 94043, USA.<\/p>\n<p style=\"text-align: center;\">Aby korzysta\u0107 z funkcji Google Maps, konieczne jest zapisanie adresu IP u\u017cytkownika. Informacje te s\u0105 zazwyczaj przesy\u0142ane na serwer Google w USA i tam przechowywane. Dostawca tej witryny nie ma wp\u0142ywu na ten transfer danych.<\/p>\n<p style=\"text-align: center;\">Korzystanie z Google Maps ma na celu atrakcyjn\u0105 prezentacj\u0119 naszych ofert online i u\u0142atwienie znalezienia miejsc, kt\u00f3re wskazali\u015bmy na stronie internetowej. Stanowi to uzasadniony interes w rozumieniu art. 6 ust. 1 lit. f RODO.<\/p>\n<p style=\"text-align: center;\">Wi\u0119cej informacji na temat przetwarzania danych u\u017cytkownik\u00f3w mo\u017cna znale\u017a\u0107 w polityce prywatno\u015bci Google: <a href=\"https:\/\/www.google.de\/intl\/de\/policies\/privacy\/\" target=\"_blank\" rel=\"noopener noreferrer\">https:\/\/www.google.de\/intl\/de\/policies\/privacy\/<\/a>.<\/p>\n<\/div>\t\t\t\t\t\t\t\t<\/div>\n\t\t\t\t<\/div>\n\t\t\t\t\t<\/div>\n\t\t<\/div>\n\t\t\t\t\t<\/div>\n\t\t<\/section>\n\t\t\t\t<section class=\"elementor-section elementor-top-section elementor-element elementor-element-958d7ce elementor-section-stretched elementor-section-boxed elementor-section-height-default elementor-section-height-default\" data-id=\"958d7ce\" data-element_type=\"section\" data-e-type=\"section\" data-settings=\"{&quot;stretch_section&quot;:&quot;section-stretched&quot;}\">\n\t\t\t\t\t\t<div class=\"elementor-container elementor-column-gap-default\">\n\t\t\t\t\t<div class=\"elementor-column elementor-col-50 elementor-top-column elementor-element elementor-element-6cee103\" data-id=\"6cee103\" data-element_type=\"column\" data-e-type=\"column\">\n\t\t\t<div class=\"elementor-widget-wrap elementor-element-populated\">\n\t\t\t\t\t\t<div class=\"elementor-element elementor-element-1868f5c elementor-widget elementor-widget-heading\" data-id=\"1868f5c\" data-element_type=\"widget\" data-e-type=\"widget\" data-widget_type=\"heading.default\">\n\t\t\t\t<div class=\"elementor-widget-container\">\n\t\t\t\t\t<h2 class=\"elementor-heading-title elementor-size-default\">KONTAKT<\/h2>\t\t\t\t<\/div>\n\t\t\t\t<\/div>\n\t\t\t\t<div class=\"elementor-element elementor-element-cc679b7 elementor-align-left elementor-widget elementor-widget-button\" data-id=\"cc679b7\" data-element_type=\"widget\" data-e-type=\"widget\" data-widget_type=\"button.default\">\n\t\t\t\t<div class=\"elementor-widget-container\">\n\t\t\t\t\t\t\t\t\t<div class=\"elementor-button-wrapper\">\n\t\t\t\t\t<a class=\"elementor-button elementor-button-link elementor-size-lg\" href=\"mailto:info@hauxgmbh.de\">\n\t\t\t\t\t\t<span class=\"elementor-button-content-wrapper\">\n\t\t\t\t\t\t\t\t\t<span class=\"elementor-button-text\">Skontaktuj si\u0119 z nami<\/span>\n\t\t\t\t\t<\/span>\n\t\t\t\t\t<\/a>\n\t\t\t\t<\/div>\n\t\t\t\t\t\t\t\t<\/div>\n\t\t\t\t<\/div>\n\t\t\t\t\t<\/div>\n\t\t<\/div>\n\t\t\t\t<div class=\"elementor-column elementor-col-50 elementor-top-column elementor-element elementor-element-7750b74\" data-id=\"7750b74\" data-element_type=\"column\" data-e-type=\"column\">\n\t\t\t<div class=\"elementor-widget-wrap elementor-element-populated\">\n\t\t\t\t\t\t<div class=\"elementor-element elementor-element-b1fd7c1 elementor-widget elementor-widget-heading\" data-id=\"b1fd7c1\" data-element_type=\"widget\" data-e-type=\"widget\" data-widget_type=\"heading.default\">\n\t\t\t\t<div class=\"elementor-widget-container\">\n\t\t\t\t\t<h2 class=\"elementor-heading-title elementor-size-default\">\u015aLED\u0179 NAS<\/h2>\t\t\t\t<\/div>\n\t\t\t\t<\/div>\n\t\t\t\t<div class=\"elementor-element elementor-element-118873a e-grid-align-right elementor-shape-rounded elementor-grid-0 elementor-widget elementor-widget-social-icons\" data-id=\"118873a\" data-element_type=\"widget\" data-e-type=\"widget\" data-widget_type=\"social-icons.default\">\n\t\t\t\t<div class=\"elementor-widget-container\">\n\t\t\t\t\t\t\t<div class=\"elementor-social-icons-wrapper elementor-grid\" role=\"list\">\n\t\t\t\t\t\t\t<span class=\"elementor-grid-item\" role=\"listitem\">\n\t\t\t\t\t<a class=\"elementor-icon elementor-social-icon elementor-social-icon-linkedin elementor-animation-push elementor-repeater-item-4e8bba4\" href=\"https:\/\/de.linkedin.com\/company\/haux-maschinenbau-gmbh\" target=\"_blank\">\n\t\t\t\t\t\t<span class=\"elementor-screen-only\">Linkedin<\/span>\n\t\t\t\t\t\t<i aria-hidden=\"true\" class=\"fab fa-linkedin\"><\/i>\t\t\t\t\t<\/a>\n\t\t\t\t<\/span>\n\t\t\t\t\t\t\t<span class=\"elementor-grid-item\" role=\"listitem\">\n\t\t\t\t\t<a class=\"elementor-icon elementor-social-icon elementor-social-icon-youtube elementor-animation-push elementor-repeater-item-6d41c43\" href=\"https:\/\/www.youtube.com\/@haux-grinding\" target=\"_blank\">\n\t\t\t\t\t\t<span class=\"elementor-screen-only\">YouTube<\/span>\n\t\t\t\t\t\t<i aria-hidden=\"true\" class=\"fab fa-youtube\"><\/i>\t\t\t\t\t<\/a>\n\t\t\t\t<\/span>\n\t\t\t\t\t\t\t<span class=\"elementor-grid-item\" role=\"listitem\">\n\t\t\t\t\t<a class=\"elementor-icon elementor-social-icon elementor-social-icon-instagram elementor-animation-push elementor-repeater-item-ec634b9\" href=\"https:\/\/www.instagram.com\/haux_maschinenbau_gmbh\/\" target=\"_blank\">\n\t\t\t\t\t\t<span class=\"elementor-screen-only\">Instagram<\/span>\n\t\t\t\t\t\t<i aria-hidden=\"true\" class=\"fab fa-instagram\"><\/i>\t\t\t\t\t<\/a>\n\t\t\t\t<\/span>\n\t\t\t\t\t<\/div>\n\t\t\t\t\t\t<\/div>\n\t\t\t\t<\/div>\n\t\t\t\t\t<\/div>\n\t\t<\/div>\n\t\t\t\t\t<\/div>\n\t\t<\/section>\n\t\t\t\t<\/div>","protected":false},"excerpt":{"rendered":"<p>Nota prawna Pragniemy zwr\u00f3ci\u0107 uwag\u0119, \u017ce informacje na tej stronie mog\u0105 zawiera\u0107 nie\u015bcis\u0142o\u015bci techniczne lub b\u0142\u0119dy typograficzne. Zastrzegamy sobie prawo do zmiany lub aktualizacji informacji na tej stronie w dowolnym momencie i bez wcze\u015bniejszego powiadomienia. Wszystkie utwory lub cz\u0119\u015bci utwor\u00f3w opublikowane na naszych stronach internetowych, takie jak teksty, pliki, kompozycje i obrazy, s\u0105 chronione prawem autorskim lub prawem patentowym dotycz\u0105cym wzor\u00f3w. Ka\u017cdy<\/p>","protected":false},"author":8,"featured_media":0,"parent":0,"menu_order":0,"comment_status":"closed","ping_status":"closed","template":"","meta":{"footnotes":""},"class_list":["post-5331","page","type-page","status-publish","hentry"],"_links":{"self":[{"href":"https:\/\/www.hauxmt.com\/pl\/wp-json\/wp\/v2\/pages\/5331","targetHints":{"allow":["GET"]}}],"collection":[{"href":"https:\/\/www.hauxmt.com\/pl\/wp-json\/wp\/v2\/pages"}],"about":[{"href":"https:\/\/www.hauxmt.com\/pl\/wp-json\/wp\/v2\/types\/page"}],"author":[{"embeddable":true,"href":"https:\/\/www.hauxmt.com\/pl\/wp-json\/wp\/v2\/users\/8"}],"replies":[{"embeddable":true,"href":"https:\/\/www.hauxmt.com\/pl\/wp-json\/wp\/v2\/comments?post=5331"}],"version-history":[{"count":16,"href":"https:\/\/www.hauxmt.com\/pl\/wp-json\/wp\/v2\/pages\/5331\/revisions"}],"predecessor-version":[{"id":7682,"href":"https:\/\/www.hauxmt.com\/pl\/wp-json\/wp\/v2\/pages\/5331\/revisions\/7682"}],"wp:attachment":[{"href":"https:\/\/www.hauxmt.com\/pl\/wp-json\/wp\/v2\/media?parent=5331"}],"curies":[{"name":"wp","href":"https:\/\/api.w.org\/{rel}","templated":true}]}}