{"id":5331,"date":"2022-12-21T10:55:44","date_gmt":"2022-12-21T09:55:44","guid":{"rendered":"https:\/\/haux-grinding.com\/?page_id=5331"},"modified":"2024-11-06T08:22:22","modified_gmt":"2024-11-06T07:22:22","slug":"dataskydd-elementor","status":"publish","type":"page","link":"https:\/\/www.hauxmt.com\/sv\/dataskydd-elementor\/","title":{"rendered":"Skydd av personuppgifter"},"content":{"rendered":"<div data-elementor-type=\"wp-page\" data-elementor-id=\"5331\" class=\"elementor elementor-5331\" data-elementor-post-type=\"page\">\n\t\t\t\t\t\t<section class=\"elementor-section elementor-top-section elementor-element elementor-element-d5f4317 elementor-section-boxed elementor-section-height-default elementor-section-height-default\" data-id=\"d5f4317\" data-element_type=\"section\" data-e-type=\"section\">\n\t\t\t\t\t\t<div class=\"elementor-container elementor-column-gap-default\">\n\t\t\t\t\t<div class=\"elementor-column elementor-col-100 elementor-top-column elementor-element elementor-element-df3293b\" data-id=\"df3293b\" data-element_type=\"column\" data-e-type=\"column\">\n\t\t\t<div class=\"elementor-widget-wrap elementor-element-populated\">\n\t\t\t\t\t\t<div class=\"elementor-element elementor-element-0d5da70 elementor-widget elementor-widget-text-editor\" data-id=\"0d5da70\" data-element_type=\"widget\" data-e-type=\"widget\" data-widget_type=\"text-editor.default\">\n\t\t\t\t<div class=\"elementor-widget-container\">\n\t\t\t\t\t\t\t\t\t<h3 style=\"text-align: center;\"><span style=\"color: #2b3d89;\">R\u00e4ttslig information<\/span><\/h3>\n<p style=\"text-align: center;\">Observera att informationen p\u00e5 denna webbplats kan inneh\u00e5lla tekniska felaktigheter eller typografiska fel. Vi f\u00f6rbeh\u00e5ller oss r\u00e4tten att \u00e4ndra eller uppdatera informationen p\u00e5 denna webbplats n\u00e4r som helst och utan f\u00f6reg\u00e5ende meddelande. Alla verk eller delar av verk som publiceras p\u00e5 v\u00e5ra Internetsidor, s\u00e5som texter, filer, kompositioner och bilder, \u00e4r skyddade av upphovsr\u00e4tt eller designpatentlag. All vidare publicering, duplicering, distribution eller annan anv\u00e4ndning - \u00e4ven i utdrag - kr\u00e4ver skriftligt tillst\u00e5nd fr\u00e5n webbplatsens operat\u00f6r.<\/p>\n<p style=\"text-align: center;\">\n<\/p><div class=\"ce_text block\">\n<h2 style=\"text-align: center;\"><span style=\"color: #2b3d89;\">Integritetspolicy<\/span><\/h2>\n<p style=\"text-align: center;\">\n<\/p><h2 style=\"text-align: center;\"><span style=\"color: #2b3d89;\">1. Dataskydd i korthet<\/span><\/h2>\n<h3 style=\"text-align: center;\"><span style=\"color: #2b3d89;\">Allm\u00e4n information<\/span><\/h3>\n<p style=\"text-align: center;\">F\u00f6ljande information ger en enkel \u00f6versikt \u00f6ver vad som h\u00e4nder med dina personuppgifter n\u00e4r du bes\u00f6ker v\u00e5r webbplats. Personuppgifter \u00e4r alla uppgifter som kan anv\u00e4ndas f\u00f6r att identifiera dig personligen. Detaljerad information om \u00e4mnet dataskydd finns i v\u00e5r dataskyddsdeklaration som anges under denna text.<\/p>\n<h3 style=\"text-align: center;\"><span style=\"color: #2b3d89;\">Datainsamling p\u00e5 v\u00e5r webbplats<\/span><\/h3>\n<p style=\"text-align: center;\"><span style=\"color: #2b3d89;\"><strong>Vem ansvarar f\u00f6r datainsamlingen p\u00e5 denna webbplats?<\/strong><\/span><\/p>\n<p style=\"text-align: center;\">Databehandlingen p\u00e5 denna webbplats utf\u00f6rs av webbplatsoperat\u00f6ren. Du hittar operat\u00f6rens kontaktuppgifter i det juridiska meddelandet f\u00f6r denna webbplats.<\/p>\n<p style=\"text-align: center;\"><span style=\"color: #2b3d89;\"><strong>Hur samlar vi in dina uppgifter?<\/strong><\/span><\/p>\n<p style=\"text-align: center;\">\u00c5 ena sidan samlas dina uppgifter in n\u00e4r du l\u00e4mnar dem till oss. Det kan t.ex. vara uppgifter som du anger i ett kontaktformul\u00e4r.<\/p>\n<p style=\"text-align: center;\">Andra uppgifter samlas in automatiskt av v\u00e5ra IT-system n\u00e4r du bes\u00f6ker webbplatsen. Det r\u00f6r sig i f\u00f6rsta hand om tekniska uppgifter (t.ex. webbl\u00e4sare, operativsystem eller tid f\u00f6r sidvisning). Dessa uppgifter samlas in automatiskt s\u00e5 snart du bes\u00f6ker v\u00e5r webbplats.<\/p>\n<p style=\"text-align: center;\"><span style=\"color: #2b3d89;\"><strong>Vad anv\u00e4nder vi dina uppgifter till?<\/strong><\/span><\/p>\n<p style=\"text-align: center;\">En del av uppgifterna samlas in f\u00f6r att s\u00e4kerst\u00e4lla att webbplatsen tillhandah\u00e5lls utan fel. Andra uppgifter kan anv\u00e4ndas f\u00f6r att analysera ditt anv\u00e4ndarbeteende.<\/p>\n<p style=\"text-align: center;\"><span style=\"color: #2b3d89;\"><strong>Vilka r\u00e4ttigheter har du n\u00e4r det g\u00e4ller dina uppgifter?<\/strong><\/span><\/p>\n<p style=\"text-align: center;\">Du har r\u00e4tt att n\u00e4r som helst kostnadsfritt f\u00e5 information om ursprung, mottagare och syfte med dina lagrade personuppgifter. Du har ocks\u00e5 r\u00e4tt att beg\u00e4ra r\u00e4ttelse, blockering eller radering av dessa uppgifter. Du kan n\u00e4r som helst kontakta oss p\u00e5 den adress som anges i det r\u00e4ttsliga meddelandet om du har ytterligare fr\u00e5gor om dataskydd. Du har ocks\u00e5 r\u00e4tt att l\u00e4mna in ett klagom\u00e5l till den beh\u00f6riga tillsynsmyndigheten.<\/p>\n<h3 style=\"text-align: center;\"><span style=\"color: #2b3d89;\">Analysverktyg och verktyg fr\u00e5n tredjepartsleverant\u00f6rer<\/span><\/h3>\n<p style=\"text-align: center;\">N\u00e4r du bes\u00f6ker v\u00e5r webbplats kan ditt surfbeteende utv\u00e4rderas statistiskt. Detta sker fr\u00e4mst med hj\u00e4lp av cookies och s\u00e5 kallade analysprogram. Analysen av ditt surfbeteende \u00e4r vanligtvis anonym; surfbeteendet kan inte sp\u00e5ras tillbaka till dig. Du kan inv\u00e4nda mot denna analys eller f\u00f6rhindra den genom att inte anv\u00e4nda vissa verktyg. Detaljerad information om detta finns i f\u00f6ljande sekretesspolicy.<\/p>\n<p style=\"text-align: center;\">Du kan inv\u00e4nda mot denna analys. Vi kommer att informera dig om inv\u00e4ndningsalternativen i denna sekretesspolicy.<\/p>\n<h2 style=\"text-align: center;\"><span style=\"color: #2b3d89;\">2 Allm\u00e4nna anm\u00e4rkningar och obligatorisk information<\/span><\/h2>\n<h3 style=\"text-align: center;\"><span style=\"color: #2b3d89;\">Skydd av personuppgifter<\/span><\/h3>\n<p style=\"text-align: center;\">Operat\u00f6rerna av dessa sidor tar skyddet av dina personuppgifter p\u00e5 st\u00f6rsta allvar. Vi behandlar dina personuppgifter konfidentiellt och i enlighet med de lagstadgade dataskyddsbest\u00e4mmelserna och denna sekretesspolicy.<\/p>\n<p style=\"text-align: center;\">N\u00e4r du anv\u00e4nder denna webbplats samlas olika personuppgifter in. Personuppgifter \u00e4r uppgifter som kan anv\u00e4ndas f\u00f6r att identifiera dig personligen. Denna integritetspolicy f\u00f6rklarar vilka uppgifter vi samlar in och vad vi anv\u00e4nder dem till. Den f\u00f6rklarar ocks\u00e5 hur och i vilket syfte detta g\u00f6rs.<\/p>\n<p style=\"text-align: center;\">Vi vill p\u00e5peka att data\u00f6verf\u00f6ring via Internet (t.ex. vid kommunikation via e-post) kan ha s\u00e4kerhetsluckor. Ett fullst\u00e4ndigt skydd av data mot \u00e5tkomst fr\u00e5n tredje part \u00e4r inte m\u00f6jligt.<\/p>\n<h3 style=\"text-align: center;\"><span style=\"color: #2b3d89;\">Anm\u00e4rkning om det ansvariga organet<\/span><\/h3>\n<p style=\"text-align: center;\">Den personuppgiftsansvarige f\u00f6r databehandlingen p\u00e5 denna webbplats \u00e4r<\/p>\n<p style=\"text-align: center;\">HAUX Verktygsmaskiner GmbH<br>Ebinger Str. 50<br>72510 Stetten a. k. M.<br>Tyskland<\/p>\n<p style=\"text-align: center;\">Verkst\u00e4llande direkt\u00f6r med r\u00e4tt att f\u00f6retr\u00e4da bolaget:<br>Claudius Braun<\/p>\n<p style=\"text-align: center;\">Telefon: +49 (0)7573 95455-0<br>E-post: info@hauxgmbh.de<\/p>\n<p style=\"text-align: center;\">Personuppgiftsansvarig \u00e4r den fysiska eller juridiska person som ensam eller tillsammans med andra best\u00e4mmer \u00e4ndam\u00e5len och medlen f\u00f6r behandlingen av personuppgifter (t.ex. namn, e-postadresser, etc.).<\/p>\n<h3 style=\"text-align: center;\"><span style=\"color: #2b3d89;\">\u00c5terkallande av ditt samtycke till databehandling<\/span><\/h3>\n<p style=\"text-align: center;\">M\u00e5nga databehandlings\u00e5tg\u00e4rder \u00e4r endast m\u00f6jliga med ditt uttryckliga samtycke. Du kan n\u00e4r som helst \u00e5terkalla ett samtycke som du redan har gett. Allt du beh\u00f6ver g\u00f6ra \u00e4r att skicka ett informellt e-postmeddelande till oss. Lagligheten i den databehandling som utf\u00f6rts fram till \u00e5terkallelsen p\u00e5verkas inte av \u00e5terkallelsen.<\/p>\n<h3 style=\"text-align: center;\"><span style=\"color: #2b3d89;\">R\u00e4tt att l\u00e4mna in ett klagom\u00e5l till den beh\u00f6riga tillsynsmyndigheten<\/span><\/h3>\n<p style=\"text-align: center;\">I h\u00e4ndelse av \u00f6vertr\u00e4delser av dataskyddslagstiftningen har den registrerade r\u00e4tt att l\u00e4mna in ett klagom\u00e5l till den beh\u00f6riga tillsynsmyndigheten. Den beh\u00f6riga tillsynsmyndigheten f\u00f6r dataskyddsfr\u00e5gor \u00e4r den statliga dataskyddsombudet i den federala stat d\u00e4r v\u00e5rt f\u00f6retag \u00e4r baserat. En lista \u00f6ver dataskyddsombud och deras kontaktuppgifter finns p\u00e5 f\u00f6ljande l\u00e4nk: <a href=\"https:\/\/www.bfdi.bund.de\/DE\/Infothek\/Anschriften_Links\/anschriften_links-node.html\" target=\"_blank\" rel=\"noopener noreferrer\">https:\/\/www.bfdi.bund.de\/DE\/Infothek\/Anschriften_Links\/anschriften_links-node.html<\/a>.<\/p>\n<h3 style=\"text-align: center;\"><span style=\"color: #2b3d89;\">R\u00e4tt till dataportabilitet<\/span><\/h3>\n<p style=\"text-align: center;\">Du har r\u00e4tt att f\u00e5 uppgifter som vi behandlar automatiskt p\u00e5 grundval av ditt samtycke eller f\u00f6r att fullg\u00f6ra ett avtal \u00f6verl\u00e4mnade till dig eller till en tredje part i ett allm\u00e4nt anv\u00e4nt, maskinl\u00e4sbart format. Om du beg\u00e4r direkt \u00f6verf\u00f6ring av uppgifterna till en annan registeransvarig kommer detta endast att ske i den m\u00e5n det \u00e4r tekniskt genomf\u00f6rbart.<\/p>\n<h3 style=\"text-align: center;\"><span style=\"color: #2b3d89;\">SSL- eller TLS-kryptering<\/span><\/h3>\n<p style=\"text-align: center;\">Denna webbplats anv\u00e4nder SSL- eller TLS-kryptering av s\u00e4kerhetssk\u00e4l och f\u00f6r att skydda \u00f6verf\u00f6ringen av konfidentiellt inneh\u00e5ll, till exempel best\u00e4llningar eller f\u00f6rfr\u00e5gningar som du skickar till oss som webbplatsoperat\u00f6r. Du k\u00e4nner igen en krypterad anslutning p\u00e5 att adressraden i webbl\u00e4saren \u00e4ndras fr\u00e5n \"http:\/\/\" till \"https:\/\/\" och p\u00e5 l\u00e5ssymbolen i din webbl\u00e4sarrad.<\/p>\n<p style=\"text-align: center;\">Om SSL- eller TLS-kryptering \u00e4r aktiverad kan de uppgifter som du \u00f6verf\u00f6r till oss inte l\u00e4sas av tredje part.<\/p>\n<h2 style=\"text-align: center;\"><span style=\"color: #2b3d89;\">3. Datainsamling p\u00e5 v\u00e5r webbplats<\/span><\/h2>\n<h3 style=\"text-align: center;\"><span style=\"color: #2b3d89;\">Kakor<\/span><\/h3>\n<p style=\"text-align: center;\">Vissa av Internetsidorna anv\u00e4nder s\u00e5 kallade cookies. Cookies skadar inte din dator och inneh\u00e5ller inga virus. Cookies anv\u00e4nds f\u00f6r att g\u00f6ra v\u00e5r webbplats mer anv\u00e4ndarv\u00e4nlig, effektiv och s\u00e4ker. Cookies \u00e4r sm\u00e5 textfiler som lagras p\u00e5 din dator och sparas av din webbl\u00e4sare.<\/p>\n<p style=\"text-align: center;\">De flesta av de cookies vi anv\u00e4nder \u00e4r s\u00e5 kallade \"session cookies\". De raderas automatiskt i slutet av ditt bes\u00f6k. Andra cookies lagras p\u00e5 din slutenhet tills du tar bort dem. Dessa cookies g\u00f6r det m\u00f6jligt f\u00f6r oss att k\u00e4nna igen din webbl\u00e4sare vid ditt n\u00e4sta bes\u00f6k.<\/p>\n<p style=\"text-align: center;\">Du kan st\u00e4lla in din webbl\u00e4sare s\u00e5 att du informeras om inst\u00e4llningen av cookies och endast till\u00e5ta cookies i enskilda fall, utesluta godk\u00e4nnande av cookies f\u00f6r vissa fall eller i allm\u00e4nhet och aktivera automatisk radering av cookies n\u00e4r du st\u00e4nger webbl\u00e4saren. Om cookies avaktiveras kan funktionaliteten p\u00e5 denna webbplats vara begr\u00e4nsad.<\/p>\n<p style=\"text-align: center;\">Cookies som kr\u00e4vs f\u00f6r att genomf\u00f6ra den elektroniska kommunikationsprocessen eller f\u00f6r att tillhandah\u00e5lla vissa funktioner som du har beg\u00e4rt (t.ex. varukorgsfunktion) lagras p\u00e5 grundval av art. 6 para. 1 lit. f GDPR. Webbplatsoperat\u00f6ren har ett ber\u00e4ttigat intresse av att lagra cookies f\u00f6r ett tekniskt felfritt och optimerat tillhandah\u00e5llande av sina tj\u00e4nster. I den m\u00e5n andra cookies (t.ex. cookies f\u00f6r analys av ditt surfbeteende) lagras, behandlas dessa separat i denna integritetspolicy.<\/p>\n<h3 style=\"text-align: center;\"><span style=\"color: #2b3d89;\">Serverns loggfiler<\/span><\/h3>\n<p style=\"text-align: center;\">Leverant\u00f6ren av sidorna samlar automatiskt in och lagrar information i s\u00e5 kallade serverloggfiler, som din webbl\u00e4sare automatiskt \u00f6verf\u00f6r till oss. Dessa \u00e4r<\/p>\n<ul style=\"text-align: center;\">\n<li>Typ av webbl\u00e4sare och webbl\u00e4sarversion<\/li>\n<li>Operativsystem som anv\u00e4nds<\/li>\n<li>H\u00e4nvisande URL<\/li>\n<li>V\u00e4rdnamn f\u00f6r \u00e5tkomstdatorn<\/li>\n<li>Tidpunkt f\u00f6r serverf\u00f6rfr\u00e5gan<\/li>\n<li>IP-adress<\/li>\n<\/ul>\n<p style=\"text-align: center;\">Dessa data sl\u00e5s inte samman med andra datak\u00e4llor.<\/p>\n<p style=\"text-align: center;\">Grunden f\u00f6r databehandlingen \u00e4r artikel 6.1 f i GDPR, som till\u00e5ter behandling av uppgifter f\u00f6r att fullg\u00f6ra ett avtal eller \u00e5tg\u00e4rder f\u00f6re avtalets ing\u00e5ende.<\/p>\n<h3 style=\"text-align: center;\"><span style=\"color: #2b3d89;\">Kontaktformul\u00e4r<\/span><\/h3>\n<p style=\"text-align: center;\">Om du skickar oss f\u00f6rfr\u00e5gningar via kontaktformul\u00e4ret kommer dina uppgifter fr\u00e5n f\u00f6rfr\u00e5gningsformul\u00e4ret, inklusive de kontaktuppgifter du anger d\u00e4r, att lagras av oss i syfte att behandla f\u00f6rfr\u00e5gan och i h\u00e4ndelse av uppf\u00f6ljningsfr\u00e5gor. Vi kommer inte att vidarebefordra dessa uppgifter utan ditt samtycke.<\/p>\n<p style=\"text-align: center;\">De uppgifter som anges i kontaktformul\u00e4ret behandlas d\u00e4rf\u00f6r uteslutande p\u00e5 grundval av ditt samtycke (art. 6 avsn. 1 lit. a GDPR). Du kan n\u00e4r som helst \u00e5terkalla detta samtycke. Allt du beh\u00f6ver g\u00f6ra \u00e4r att skicka oss ett informellt e-postmeddelande. Lagligheten av den databehandling som utf\u00f6rts fram till \u00e5terkallelsen p\u00e5verkas inte av \u00e5terkallelsen.<\/p>\n<p style=\"text-align: center;\">Vi lagrar de uppgifter som du l\u00e4mnar i kontaktformul\u00e4ret tills du beg\u00e4r att de ska raderas, \u00e5terkallar ditt samtycke till lagring eller syftet med lagringen inte l\u00e4ngre \u00e4r aktuellt (t.ex. efter att din beg\u00e4ran har uppfyllts). Obligatoriska lagbest\u00e4mmelser - i synnerhet lagringstider - f\u00f6rblir op\u00e5verkade.<\/p>\n<h2 style=\"text-align: center;\"><span style=\"color: #2b3d89;\">4. Plugins och verktyg<\/span><\/h2>\n<h3 style=\"text-align: center;\"><span style=\"color: #2b3d89;\">Google Web Fonts<\/span><\/h3>\n<p style=\"text-align: center;\">Denna webbplats anv\u00e4nder s\u00e5 kallade webbteckensnitt som tillhandah\u00e5lls av Google f\u00f6r standardiserad visning av teckensnitt. N\u00e4r du \u00f6ppnar en sida laddar din webbl\u00e4sare de n\u00f6dv\u00e4ndiga webbteckensnitten i webbl\u00e4sarens cacheminne f\u00f6r att visa texter och teckensnitt korrekt.<\/p>\n<p style=\"text-align: center;\">F\u00f6r detta \u00e4ndam\u00e5l m\u00e5ste den webbl\u00e4sare du anv\u00e4nder ansluta till Googles servrar. Detta informerar Google om att v\u00e5r webbplats har \u00f6ppnats via din IP-adress. Anv\u00e4ndningen av Google Web Fonts \u00e4r av intresse f\u00f6r en enhetlig och tilltalande presentation av v\u00e5ra online-erbjudanden. Detta utg\u00f6r ett ber\u00e4ttigat intresse i den mening som avses i art. 6 avsn. 1 lit. f GDPR.<\/p>\n<p style=\"text-align: center;\">Om din webbl\u00e4sare inte st\u00f6der webbteckensnitt, kommer ett standardteckensnitt att anv\u00e4ndas av din dator.<\/p>\n<p style=\"text-align: center;\">Mer information om Google Web Fonts finns p\u00e5 <a href=\"https:\/\/developers.google.com\/fonts\/faq\" target=\"_blank\" rel=\"noopener noreferrer\">https:\/\/developers.google.com\/fonts\/faq<\/a> och i Googles integritetspolicy: <a href=\"https:\/\/www.google.com\/policies\/privacy\/\" target=\"_blank\" rel=\"noopener noreferrer\">https:\/\/www.google.com\/policies\/privacy\/<\/a>.<\/p>\n<h3 style=\"text-align: center;\"><span style=\"color: #2b3d89;\">Google Maps<\/span><\/h3>\n<p style=\"text-align: center;\">Denna webbplats anv\u00e4nder karttj\u00e4nsten Google Maps via ett API. Leverant\u00f6r \u00e4r Google Inc, 1600 Amphitheatre Parkway, Mountain View, CA 94043, USA.<\/p>\n<p style=\"text-align: center;\">F\u00f6r att kunna anv\u00e4nda funktionerna i Google Maps \u00e4r det n\u00f6dv\u00e4ndigt att spara din IP-adress. Denna information \u00f6verf\u00f6rs vanligtvis till en Google-server i USA och lagras d\u00e4r. Leverant\u00f6ren av denna webbplats har inget inflytande p\u00e5 denna data\u00f6verf\u00f6ring.<\/p>\n<p style=\"text-align: center;\">Anv\u00e4ndningen av Google Maps \u00e4r av intresse f\u00f6r en tilltalande presentation av v\u00e5ra online-erbjudanden och f\u00f6r att g\u00f6ra det enkelt att hitta de platser som vi har angett p\u00e5 webbplatsen. Detta utg\u00f6r ett ber\u00e4ttigat intresse i den mening som avses i art. 6 avsn. 1 lit. f GDPR.<\/p>\n<p style=\"text-align: center;\">Mer information om hanteringen av anv\u00e4ndardata hittar du i Googles sekretesspolicy: <a href=\"https:\/\/www.google.de\/intl\/de\/policies\/privacy\/\" target=\"_blank\" rel=\"noopener noreferrer\">https:\/\/www.google.de\/intl\/de\/policies\/privacy\/<\/a>.<\/p>\n<\/div>\t\t\t\t\t\t\t\t<\/div>\n\t\t\t\t<\/div>\n\t\t\t\t\t<\/div>\n\t\t<\/div>\n\t\t\t\t\t<\/div>\n\t\t<\/section>\n\t\t\t\t<section class=\"elementor-section elementor-top-section elementor-element elementor-element-958d7ce elementor-section-stretched elementor-section-boxed elementor-section-height-default elementor-section-height-default\" data-id=\"958d7ce\" data-element_type=\"section\" data-e-type=\"section\" data-settings=\"{&quot;stretch_section&quot;:&quot;section-stretched&quot;}\">\n\t\t\t\t\t\t<div class=\"elementor-container elementor-column-gap-default\">\n\t\t\t\t\t<div class=\"elementor-column elementor-col-50 elementor-top-column elementor-element elementor-element-6cee103\" data-id=\"6cee103\" data-element_type=\"column\" data-e-type=\"column\">\n\t\t\t<div class=\"elementor-widget-wrap elementor-element-populated\">\n\t\t\t\t\t\t<div class=\"elementor-element elementor-element-1868f5c elementor-widget elementor-widget-heading\" data-id=\"1868f5c\" data-element_type=\"widget\" data-e-type=\"widget\" data-widget_type=\"heading.default\">\n\t\t\t\t<div class=\"elementor-widget-container\">\n\t\t\t\t\t<h2 class=\"elementor-heading-title elementor-size-default\">KONTAKTA OSS<\/h2>\t\t\t\t<\/div>\n\t\t\t\t<\/div>\n\t\t\t\t<div class=\"elementor-element elementor-element-cc679b7 elementor-align-left elementor-widget elementor-widget-button\" data-id=\"cc679b7\" data-element_type=\"widget\" data-e-type=\"widget\" data-widget_type=\"button.default\">\n\t\t\t\t<div class=\"elementor-widget-container\">\n\t\t\t\t\t\t\t\t\t<div class=\"elementor-button-wrapper\">\n\t\t\t\t\t<a class=\"elementor-button elementor-button-link elementor-size-lg\" href=\"mailto:info@hauxgmbh.de\">\n\t\t\t\t\t\t<span class=\"elementor-button-content-wrapper\">\n\t\t\t\t\t\t\t\t\t<span class=\"elementor-button-text\">Kontakta oss<\/span>\n\t\t\t\t\t<\/span>\n\t\t\t\t\t<\/a>\n\t\t\t\t<\/div>\n\t\t\t\t\t\t\t\t<\/div>\n\t\t\t\t<\/div>\n\t\t\t\t\t<\/div>\n\t\t<\/div>\n\t\t\t\t<div class=\"elementor-column elementor-col-50 elementor-top-column elementor-element elementor-element-7750b74\" data-id=\"7750b74\" data-element_type=\"column\" data-e-type=\"column\">\n\t\t\t<div class=\"elementor-widget-wrap elementor-element-populated\">\n\t\t\t\t\t\t<div class=\"elementor-element elementor-element-b1fd7c1 elementor-widget elementor-widget-heading\" data-id=\"b1fd7c1\" data-element_type=\"widget\" data-e-type=\"widget\" data-widget_type=\"heading.default\">\n\t\t\t\t<div class=\"elementor-widget-container\">\n\t\t\t\t\t<h2 class=\"elementor-heading-title elementor-size-default\">F\u00d6LJ OSS<\/h2>\t\t\t\t<\/div>\n\t\t\t\t<\/div>\n\t\t\t\t<div class=\"elementor-element elementor-element-118873a e-grid-align-right elementor-shape-rounded elementor-grid-0 elementor-widget elementor-widget-social-icons\" data-id=\"118873a\" data-element_type=\"widget\" data-e-type=\"widget\" data-widget_type=\"social-icons.default\">\n\t\t\t\t<div class=\"elementor-widget-container\">\n\t\t\t\t\t\t\t<div class=\"elementor-social-icons-wrapper elementor-grid\" role=\"list\">\n\t\t\t\t\t\t\t<span class=\"elementor-grid-item\" role=\"listitem\">\n\t\t\t\t\t<a class=\"elementor-icon elementor-social-icon elementor-social-icon-linkedin elementor-animation-push elementor-repeater-item-4e8bba4\" href=\"https:\/\/de.linkedin.com\/company\/haux-maschinenbau-gmbh\" target=\"_blank\">\n\t\t\t\t\t\t<span class=\"elementor-screen-only\">Linkedin<\/span>\n\t\t\t\t\t\t<i aria-hidden=\"true\" class=\"fab fa-linkedin\"><\/i>\t\t\t\t\t<\/a>\n\t\t\t\t<\/span>\n\t\t\t\t\t\t\t<span class=\"elementor-grid-item\" role=\"listitem\">\n\t\t\t\t\t<a class=\"elementor-icon elementor-social-icon elementor-social-icon-youtube elementor-animation-push elementor-repeater-item-6d41c43\" href=\"https:\/\/www.youtube.com\/@haux-grinding\" target=\"_blank\">\n\t\t\t\t\t\t<span class=\"elementor-screen-only\">Youtube<\/span>\n\t\t\t\t\t\t<i aria-hidden=\"true\" class=\"fab fa-youtube\"><\/i>\t\t\t\t\t<\/a>\n\t\t\t\t<\/span>\n\t\t\t\t\t\t\t<span class=\"elementor-grid-item\" role=\"listitem\">\n\t\t\t\t\t<a class=\"elementor-icon elementor-social-icon elementor-social-icon-instagram elementor-animation-push elementor-repeater-item-ec634b9\" href=\"https:\/\/www.instagram.com\/haux_maschinenbau_gmbh\/\" target=\"_blank\">\n\t\t\t\t\t\t<span class=\"elementor-screen-only\">Instagram<\/span>\n\t\t\t\t\t\t<i aria-hidden=\"true\" class=\"fab fa-instagram\"><\/i>\t\t\t\t\t<\/a>\n\t\t\t\t<\/span>\n\t\t\t\t\t<\/div>\n\t\t\t\t\t\t<\/div>\n\t\t\t\t<\/div>\n\t\t\t\t\t<\/div>\n\t\t<\/div>\n\t\t\t\t\t<\/div>\n\t\t<\/section>\n\t\t\t\t<\/div>","protected":false},"excerpt":{"rendered":"<p>R\u00e4ttsligt meddelande Vi vill p\u00e5peka att informationen p\u00e5 denna webbplats kan inneh\u00e5lla tekniska felaktigheter eller typografiska fel. Vi f\u00f6rbeh\u00e5ller oss r\u00e4tten att \u00e4ndra eller uppdatera informationen p\u00e5 denna webbplats n\u00e4r som helst och utan f\u00f6reg\u00e5ende meddelande. Alla verk eller delar av verk som publiceras p\u00e5 v\u00e5ra Internetsidor, s\u00e5som texter, filer, kompositioner och bilder, \u00e4r skyddade av upphovsr\u00e4tt eller m\u00f6nsterskydd. Varje<\/p>","protected":false},"author":8,"featured_media":0,"parent":0,"menu_order":0,"comment_status":"closed","ping_status":"closed","template":"","meta":{"footnotes":""},"class_list":["post-5331","page","type-page","status-publish","hentry"],"_links":{"self":[{"href":"https:\/\/www.hauxmt.com\/sv\/wp-json\/wp\/v2\/pages\/5331","targetHints":{"allow":["GET"]}}],"collection":[{"href":"https:\/\/www.hauxmt.com\/sv\/wp-json\/wp\/v2\/pages"}],"about":[{"href":"https:\/\/www.hauxmt.com\/sv\/wp-json\/wp\/v2\/types\/page"}],"author":[{"embeddable":true,"href":"https:\/\/www.hauxmt.com\/sv\/wp-json\/wp\/v2\/users\/8"}],"replies":[{"embeddable":true,"href":"https:\/\/www.hauxmt.com\/sv\/wp-json\/wp\/v2\/comments?post=5331"}],"version-history":[{"count":16,"href":"https:\/\/www.hauxmt.com\/sv\/wp-json\/wp\/v2\/pages\/5331\/revisions"}],"predecessor-version":[{"id":7682,"href":"https:\/\/www.hauxmt.com\/sv\/wp-json\/wp\/v2\/pages\/5331\/revisions\/7682"}],"wp:attachment":[{"href":"https:\/\/www.hauxmt.com\/sv\/wp-json\/wp\/v2\/media?parent=5331"}],"curies":[{"name":"wp","href":"https:\/\/api.w.org\/{rel}","templated":true}]}}