{"id":4340,"date":"2022-12-09T10:26:33","date_gmt":"2022-12-09T09:26:33","guid":{"rendered":"https:\/\/haux-grinding.com\/?page_id=4340"},"modified":"2025-03-18T17:11:52","modified_gmt":"2025-03-18T16:11:52","slug":"elementoru-indir","status":"publish","type":"page","link":"https:\/\/www.hauxmt.com\/tr\/elementoru-indir\/","title":{"rendered":"\u0130ndirmeler"},"content":{"rendered":"<div data-elementor-type=\"wp-page\" data-elementor-id=\"4340\" class=\"elementor elementor-4340\" data-elementor-post-type=\"page\">\n\t\t\t\t\t\t<section class=\"elementor-section elementor-top-section elementor-element elementor-element-b033527 elementor-section-boxed elementor-section-height-default elementor-section-height-default\" data-id=\"b033527\" data-element_type=\"section\" data-e-type=\"section\">\n\t\t\t\t\t\t<div class=\"elementor-container elementor-column-gap-default\">\n\t\t\t\t\t<div class=\"elementor-column elementor-col-100 elementor-top-column elementor-element elementor-element-8587fac\" data-id=\"8587fac\" data-element_type=\"column\" data-e-type=\"column\">\n\t\t\t<div class=\"elementor-widget-wrap elementor-element-populated\">\n\t\t\t\t\t\t<div class=\"elementor-element elementor-element-b18f1a6 elementor--h-position-center elementor--v-position-middle elementor-arrows-position-inside elementor-pagination-position-inside elementor-widget elementor-widget-slides\" data-id=\"b18f1a6\" data-element_type=\"widget\" data-e-type=\"widget\" data-settings=\"{&quot;navigation&quot;:&quot;both&quot;,&quot;transition&quot;:&quot;slide&quot;,&quot;transition_speed&quot;:500}\" data-widget_type=\"slides.default\">\n\t\t\t\t<div class=\"elementor-widget-container\">\n\t\t\t\t\t\t\t\t\t<div class=\"elementor-swiper\">\n\t\t\t\t\t<div class=\"elementor-slides-wrapper elementor-main-swiper swiper\" role=\"region\" aria-roledescription=\"carousel\" aria-label=\"Kayd\u0131r\u0131c\u0131\" dir=\"ltr\" data-animation=\"fadeInUp\">\n\t\t\t\t<div class=\"swiper-wrapper elementor-slides\">\n\t\t\t\t\t\t\t\t\t\t<div class=\"elementor-repeater-item-665515a swiper-slide\" role=\"group\" aria-roledescription=\"slide\"><div class=\"swiper-slide-bg\" role=\"img\" aria-label=\"HX Slider Moving Neu2\"><\/div><div class=\"swiper-slide-inner\" ><div class=\"swiper-slide-contents\"><\/div><\/div><\/div>\t\t\t\t<\/div>\n\t\t\t\t\t\t\t<\/div>\n\t\t\t\t<\/div>\n\t\t\t\t\t\t\t\t<\/div>\n\t\t\t\t<\/div>\n\t\t\t\t\t<\/div>\n\t\t<\/div>\n\t\t\t\t\t<\/div>\n\t\t<\/section>\n\t\t\t\t<section class=\"elementor-section elementor-top-section elementor-element elementor-element-495d6ca elementor-section-boxed elementor-section-height-default elementor-section-height-default\" data-id=\"495d6ca\" data-element_type=\"section\" data-e-type=\"section\">\n\t\t\t\t\t\t<div class=\"elementor-container elementor-column-gap-default\">\n\t\t\t\t\t<div class=\"elementor-column elementor-col-100 elementor-top-column elementor-element elementor-element-b9b6c27\" data-id=\"b9b6c27\" data-element_type=\"column\" data-e-type=\"column\">\n\t\t\t<div class=\"elementor-widget-wrap elementor-element-populated\">\n\t\t\t\t\t\t<section class=\"elementor-section elementor-inner-section elementor-element elementor-element-969f012 elementor-section-boxed elementor-section-height-default elementor-section-height-default\" data-id=\"969f012\" data-element_type=\"section\" data-e-type=\"section\">\n\t\t\t\t\t\t<div class=\"elementor-container elementor-column-gap-default\">\n\t\t\t\t\t<div class=\"elementor-column elementor-col-33 elementor-inner-column elementor-element elementor-element-0921f97\" data-id=\"0921f97\" data-element_type=\"column\" data-e-type=\"column\">\n\t\t\t<div class=\"elementor-widget-wrap elementor-element-populated\">\n\t\t\t\t\t\t<div class=\"elementor-element elementor-element-72d44d9 elementor-widget elementor-widget-image\" data-id=\"72d44d9\" data-element_type=\"widget\" data-e-type=\"widget\" data-widget_type=\"image.default\">\n\t\t\t\t<div class=\"elementor-widget-container\">\n\t\t\t\t\t\t\t\t\t\t\t\t\t\t\t\t<a href=\"https:\/\/www.hauxmt.com\/wp-content\/uploads\/2025\/03\/NU-Dresser-Upgrade_Flyer_004.pdf\">\n\t\t\t\t\t\t\t<img fetchpriority=\"high\" decoding=\"async\" width=\"425\" height=\"600\" src=\"https:\/\/www.hauxmt.com\/wp-content\/uploads\/2024\/03\/NU-Dresser-Flyer-425x600.png\" class=\"attachment-large size-large wp-image-6829\" alt=\"\" srcset=\"https:\/\/www.hauxmt.com\/wp-content\/uploads\/2024\/03\/NU-Dresser-Flyer-425x600.png 425w, https:\/\/www.hauxmt.com\/wp-content\/uploads\/2024\/03\/NU-Dresser-Flyer-284x400.png 284w, https:\/\/www.hauxmt.com\/wp-content\/uploads\/2024\/03\/NU-Dresser-Flyer-9x12.png 9w, https:\/\/www.hauxmt.com\/wp-content\/uploads\/2024\/03\/NU-Dresser-Flyer.png 738w\" sizes=\"(max-width: 425px) 100vw, 425px\" \/>\t\t\t\t\t\t\t\t<\/a>\n\t\t\t\t\t\t\t\t\t\t\t\t\t\t\t<\/div>\n\t\t\t\t<\/div>\n\t\t\t\t<div class=\"elementor-element elementor-element-5d57ad9 elementor-widget elementor-widget-image\" data-id=\"5d57ad9\" data-element_type=\"widget\" data-e-type=\"widget\" data-widget_type=\"image.default\">\n\t\t\t\t<div class=\"elementor-widget-container\">\n\t\t\t\t\t\t\t\t\t\t\t\t\t\t\t\t<a href=\"https:\/\/www.hauxmt.com\/wp-content\/uploads\/2025\/03\/AngleMaster_Laser_Flyer_003.pdf\">\n\t\t\t\t\t\t\t<img decoding=\"async\" width=\"424\" height=\"600\" src=\"https:\/\/www.hauxmt.com\/wp-content\/uploads\/2024\/09\/AngleMaster_Laser_Flyer_Deckblatt-424x600.png\" class=\"attachment-large size-large wp-image-7659\" alt=\"\" srcset=\"https:\/\/www.hauxmt.com\/wp-content\/uploads\/2024\/09\/AngleMaster_Laser_Flyer_Deckblatt-424x600.png 424w, https:\/\/www.hauxmt.com\/wp-content\/uploads\/2024\/09\/AngleMaster_Laser_Flyer_Deckblatt-283x400.png 283w, https:\/\/www.hauxmt.com\/wp-content\/uploads\/2024\/09\/AngleMaster_Laser_Flyer_Deckblatt-768x1086.png 768w, https:\/\/www.hauxmt.com\/wp-content\/uploads\/2024\/09\/AngleMaster_Laser_Flyer_Deckblatt-1086x1536.png 1086w, https:\/\/www.hauxmt.com\/wp-content\/uploads\/2024\/09\/AngleMaster_Laser_Flyer_Deckblatt-1448x2048.png 1448w, https:\/\/www.hauxmt.com\/wp-content\/uploads\/2024\/09\/AngleMaster_Laser_Flyer_Deckblatt-8x12.png 8w\" sizes=\"(max-width: 424px) 100vw, 424px\" \/>\t\t\t\t\t\t\t\t<\/a>\n\t\t\t\t\t\t\t\t\t\t\t\t\t\t\t<\/div>\n\t\t\t\t<\/div>\n\t\t\t\t\t<\/div>\n\t\t<\/div>\n\t\t\t\t<div class=\"elementor-column elementor-col-33 elementor-inner-column elementor-element elementor-element-7ad8d9f\" data-id=\"7ad8d9f\" data-element_type=\"column\" data-e-type=\"column\">\n\t\t\t<div class=\"elementor-widget-wrap elementor-element-populated\">\n\t\t\t\t\t\t<div class=\"elementor-element elementor-element-acba6e1 elementor-widget elementor-widget-image\" data-id=\"acba6e1\" data-element_type=\"widget\" data-e-type=\"widget\" data-widget_type=\"image.default\">\n\t\t\t\t<div class=\"elementor-widget-container\">\n\t\t\t\t\t\t\t\t\t\t\t\t\t\t\t\t<a href=\"https:\/\/www.hauxmt.com\/wp-content\/uploads\/2025\/03\/UP-Line_Flyer_Entwurf_006.pdf\">\n\t\t\t\t\t\t\t<img decoding=\"async\" width=\"426\" height=\"600\" src=\"https:\/\/www.hauxmt.com\/wp-content\/uploads\/2024\/03\/UP-Flyer-426x600.png\" class=\"attachment-large size-large wp-image-6831\" alt=\"\" srcset=\"https:\/\/www.hauxmt.com\/wp-content\/uploads\/2024\/03\/UP-Flyer-426x600.png 426w, https:\/\/www.hauxmt.com\/wp-content\/uploads\/2024\/03\/UP-Flyer-284x400.png 284w, https:\/\/www.hauxmt.com\/wp-content\/uploads\/2024\/03\/UP-Flyer-9x12.png 9w, https:\/\/www.hauxmt.com\/wp-content\/uploads\/2024\/03\/UP-Flyer.png 739w\" sizes=\"(max-width: 426px) 100vw, 426px\" \/>\t\t\t\t\t\t\t\t<\/a>\n\t\t\t\t\t\t\t\t\t\t\t\t\t\t\t<\/div>\n\t\t\t\t<\/div>\n\t\t\t\t<div class=\"elementor-element elementor-element-cb1ad43 elementor-widget elementor-widget-image\" data-id=\"cb1ad43\" data-element_type=\"widget\" data-e-type=\"widget\" data-widget_type=\"image.default\">\n\t\t\t\t<div class=\"elementor-widget-container\">\n\t\t\t\t\t\t\t\t\t\t\t\t\t\t\t\t<a href=\"https:\/\/www.hauxmt.com\/wp-content\/uploads\/2025\/03\/UE-Line_Flyer_Entwurf_036.pdf\">\n\t\t\t\t\t\t\t<img loading=\"lazy\" decoding=\"async\" width=\"422\" height=\"600\" src=\"https:\/\/www.hauxmt.com\/wp-content\/uploads\/2024\/03\/UE-Flyer-422x600.png\" class=\"attachment-large size-large wp-image-6830\" alt=\"\" srcset=\"https:\/\/www.hauxmt.com\/wp-content\/uploads\/2024\/03\/UE-Flyer-422x600.png 422w, https:\/\/www.hauxmt.com\/wp-content\/uploads\/2024\/03\/UE-Flyer-281x400.png 281w, https:\/\/www.hauxmt.com\/wp-content\/uploads\/2024\/03\/UE-Flyer-8x12.png 8w, https:\/\/www.hauxmt.com\/wp-content\/uploads\/2024\/03\/UE-Flyer.png 737w\" sizes=\"(max-width: 422px) 100vw, 422px\" \/>\t\t\t\t\t\t\t\t<\/a>\n\t\t\t\t\t\t\t\t\t\t\t\t\t\t\t<\/div>\n\t\t\t\t<\/div>\n\t\t\t\t\t<\/div>\n\t\t<\/div>\n\t\t\t\t<div class=\"elementor-column elementor-col-33 elementor-inner-column elementor-element elementor-element-92ab823\" data-id=\"92ab823\" data-element_type=\"column\" data-e-type=\"column\">\n\t\t\t<div class=\"elementor-widget-wrap elementor-element-populated\">\n\t\t\t\t\t\t<div class=\"elementor-element elementor-element-932d3fa elementor-widget elementor-widget-image\" data-id=\"932d3fa\" data-element_type=\"widget\" data-e-type=\"widget\" data-widget_type=\"image.default\">\n\t\t\t\t<div class=\"elementor-widget-container\">\n\t\t\t\t\t\t\t\t\t\t\t\t\t\t\t\t<a href=\"https:\/\/www.hauxmt.com\/wp-content\/uploads\/2025\/03\/MM-Line_Flyer_Entwurf_012.pdf\">\n\t\t\t\t\t\t\t<img loading=\"lazy\" decoding=\"async\" width=\"423\" height=\"600\" src=\"https:\/\/www.hauxmt.com\/wp-content\/uploads\/2024\/03\/MM-Flyer-423x600.png\" class=\"attachment-large size-large wp-image-6828\" alt=\"\" srcset=\"https:\/\/www.hauxmt.com\/wp-content\/uploads\/2024\/03\/MM-Flyer-423x600.png 423w, https:\/\/www.hauxmt.com\/wp-content\/uploads\/2024\/03\/MM-Flyer-282x400.png 282w, https:\/\/www.hauxmt.com\/wp-content\/uploads\/2024\/03\/MM-Flyer-8x12.png 8w, https:\/\/www.hauxmt.com\/wp-content\/uploads\/2024\/03\/MM-Flyer.png 735w\" sizes=\"(max-width: 423px) 100vw, 423px\" \/>\t\t\t\t\t\t\t\t<\/a>\n\t\t\t\t\t\t\t\t\t\t\t\t\t\t\t<\/div>\n\t\t\t\t<\/div>\n\t\t\t\t<div class=\"elementor-element elementor-element-318bb26 elementor-widget elementor-widget-image\" data-id=\"318bb26\" data-element_type=\"widget\" data-e-type=\"widget\" data-widget_type=\"image.default\">\n\t\t\t\t<div class=\"elementor-widget-container\">\n\t\t\t\t\t\t\t\t\t\t\t\t\t\t\t\t<a href=\"https:\/\/www.hauxmt.com\/wp-content\/uploads\/2025\/03\/AMX100_PG100_Flyer_Entwurf_007.pdf\">\n\t\t\t\t\t\t\t<img loading=\"lazy\" decoding=\"async\" width=\"424\" height=\"600\" src=\"https:\/\/www.hauxmt.com\/wp-content\/uploads\/2024\/11\/AMX100_PG100_Flyer_Entwurf_006-424x600.png\" class=\"attachment-large size-large wp-image-7785\" alt=\"\" srcset=\"https:\/\/www.hauxmt.com\/wp-content\/uploads\/2024\/11\/AMX100_PG100_Flyer_Entwurf_006-424x600.png 424w, https:\/\/www.hauxmt.com\/wp-content\/uploads\/2024\/11\/AMX100_PG100_Flyer_Entwurf_006-283x400.png 283w, https:\/\/www.hauxmt.com\/wp-content\/uploads\/2024\/11\/AMX100_PG100_Flyer_Entwurf_006-768x1086.png 768w, https:\/\/www.hauxmt.com\/wp-content\/uploads\/2024\/11\/AMX100_PG100_Flyer_Entwurf_006-1086x1536.png 1086w, https:\/\/www.hauxmt.com\/wp-content\/uploads\/2024\/11\/AMX100_PG100_Flyer_Entwurf_006-1448x2048.png 1448w, https:\/\/www.hauxmt.com\/wp-content\/uploads\/2024\/11\/AMX100_PG100_Flyer_Entwurf_006-8x12.png 8w\" sizes=\"(max-width: 424px) 100vw, 424px\" \/>\t\t\t\t\t\t\t\t<\/a>\n\t\t\t\t\t\t\t\t\t\t\t\t\t\t\t<\/div>\n\t\t\t\t<\/div>\n\t\t\t\t\t<\/div>\n\t\t<\/div>\n\t\t\t\t\t<\/div>\n\t\t<\/section>\n\t\t\t\t\t<\/div>\n\t\t<\/div>\n\t\t\t\t\t<\/div>\n\t\t<\/section>\n\t\t\t\t<section class=\"elementor-section elementor-top-section elementor-element elementor-element-d6d9a4d elementor-section-boxed elementor-section-height-default elementor-section-height-default\" data-id=\"d6d9a4d\" data-element_type=\"section\" data-e-type=\"section\">\n\t\t\t\t\t\t<div class=\"elementor-container elementor-column-gap-default\">\n\t\t\t\t\t<div class=\"elementor-column elementor-col-50 elementor-top-column elementor-element elementor-element-5d4d512\" data-id=\"5d4d512\" data-element_type=\"column\" data-e-type=\"column\">\n\t\t\t<div class=\"elementor-widget-wrap elementor-element-populated\">\n\t\t\t\t\t\t<div class=\"elementor-element elementor-element-5908f0d elementor-widget elementor-widget-heading\" data-id=\"5908f0d\" data-element_type=\"widget\" data-e-type=\"widget\" data-widget_type=\"heading.default\">\n\t\t\t\t<div class=\"elementor-widget-container\">\n\t\t\t\t\t<h2 class=\"elementor-heading-title elementor-size-default\">B\u0130ZE ULA\u015eIN<\/h2>\t\t\t\t<\/div>\n\t\t\t\t<\/div>\n\t\t\t\t<div class=\"elementor-element elementor-element-1e90123 elementor-align-left elementor-widget elementor-widget-button\" data-id=\"1e90123\" data-element_type=\"widget\" data-e-type=\"widget\" data-widget_type=\"button.default\">\n\t\t\t\t<div class=\"elementor-widget-container\">\n\t\t\t\t\t\t\t\t\t<div class=\"elementor-button-wrapper\">\n\t\t\t\t\t<a class=\"elementor-button elementor-button-link elementor-size-lg\" href=\"mailto:info@hauxgmbh.de\">\n\t\t\t\t\t\t<span class=\"elementor-button-content-wrapper\">\n\t\t\t\t\t\t\t\t\t<span class=\"elementor-button-text\">Bize ula\u015f\u0131n<\/span>\n\t\t\t\t\t<\/span>\n\t\t\t\t\t<\/a>\n\t\t\t\t<\/div>\n\t\t\t\t\t\t\t\t<\/div>\n\t\t\t\t<\/div>\n\t\t\t\t\t<\/div>\n\t\t<\/div>\n\t\t\t\t<div class=\"elementor-column elementor-col-50 elementor-top-column elementor-element elementor-element-eb16bd8\" data-id=\"eb16bd8\" data-element_type=\"column\" data-e-type=\"column\">\n\t\t\t<div class=\"elementor-widget-wrap elementor-element-populated\">\n\t\t\t\t\t\t<div class=\"elementor-element elementor-element-90ae5e9 elementor-widget elementor-widget-heading\" data-id=\"90ae5e9\" data-element_type=\"widget\" data-e-type=\"widget\" data-widget_type=\"heading.default\">\n\t\t\t\t<div class=\"elementor-widget-container\">\n\t\t\t\t\t<h2 class=\"elementor-heading-title elementor-size-default\">BI\u0307ZI\u0307 TAKI\u0307P EDI\u0307N<\/h2>\t\t\t\t<\/div>\n\t\t\t\t<\/div>\n\t\t\t\t<div class=\"elementor-element elementor-element-49725a6 e-grid-align-right elementor-shape-rounded elementor-grid-0 elementor-widget elementor-widget-social-icons\" data-id=\"49725a6\" data-element_type=\"widget\" data-e-type=\"widget\" data-widget_type=\"social-icons.default\">\n\t\t\t\t<div class=\"elementor-widget-container\">\n\t\t\t\t\t\t\t<div class=\"elementor-social-icons-wrapper elementor-grid\" role=\"list\">\n\t\t\t\t\t\t\t<span class=\"elementor-grid-item\" role=\"listitem\">\n\t\t\t\t\t<a class=\"elementor-icon elementor-social-icon elementor-social-icon-linkedin elementor-animation-push elementor-repeater-item-4e8bba4\" href=\"https:\/\/de.linkedin.com\/company\/haux-maschinenbau-gmbh\" target=\"_blank\">\n\t\t\t\t\t\t<span class=\"elementor-screen-only\">Linkedin<\/span>\n\t\t\t\t\t\t<i aria-hidden=\"true\" class=\"fab fa-linkedin\"><\/i>\t\t\t\t\t<\/a>\n\t\t\t\t<\/span>\n\t\t\t\t\t\t\t<span class=\"elementor-grid-item\" role=\"listitem\">\n\t\t\t\t\t<a class=\"elementor-icon elementor-social-icon elementor-social-icon-youtube elementor-animation-push elementor-repeater-item-6d41c43\" href=\"https:\/\/www.youtube.com\/@haux-grinding\" target=\"_blank\">\n\t\t\t\t\t\t<span class=\"elementor-screen-only\">Youtube<\/span>\n\t\t\t\t\t\t<i aria-hidden=\"true\" class=\"fab fa-youtube\"><\/i>\t\t\t\t\t<\/a>\n\t\t\t\t<\/span>\n\t\t\t\t\t\t\t<span class=\"elementor-grid-item\" role=\"listitem\">\n\t\t\t\t\t<a class=\"elementor-icon elementor-social-icon elementor-social-icon-instagram elementor-animation-push elementor-repeater-item-ec634b9\" href=\"https:\/\/www.instagram.com\/haux_maschinenbau_gmbh\/\" target=\"_blank\">\n\t\t\t\t\t\t<span class=\"elementor-screen-only\">Instagram<\/span>\n\t\t\t\t\t\t<i aria-hidden=\"true\" class=\"fab fa-instagram\"><\/i>\t\t\t\t\t<\/a>\n\t\t\t\t<\/span>\n\t\t\t\t\t<\/div>\n\t\t\t\t\t\t<\/div>\n\t\t\t\t<\/div>\n\t\t\t\t\t<\/div>\n\t\t<\/div>\n\t\t\t\t\t<\/div>\n\t\t<\/section>\n\t\t\t\t<\/div>","protected":false},"excerpt":{"rendered":"<p>B\u0130ZE ULA\u015eIN B\u0130ZE ULA\u015eIN B\u0130Z\u0130 TAK\u0130P ED\u0130N Linkedin Youtube Instagram<\/p>","protected":false},"author":8,"featured_media":0,"parent":0,"menu_order":0,"comment_status":"closed","ping_status":"closed","template":"","meta":{"footnotes":""},"class_list":["post-4340","page","type-page","status-publish","hentry"],"_links":{"self":[{"href":"https:\/\/www.hauxmt.com\/tr\/wp-json\/wp\/v2\/pages\/4340","targetHints":{"allow":["GET"]}}],"collection":[{"href":"https:\/\/www.hauxmt.com\/tr\/wp-json\/wp\/v2\/pages"}],"about":[{"href":"https:\/\/www.hauxmt.com\/tr\/wp-json\/wp\/v2\/types\/page"}],"author":[{"embeddable":true,"href":"https:\/\/www.hauxmt.com\/tr\/wp-json\/wp\/v2\/users\/8"}],"replies":[{"embeddable":true,"href":"https:\/\/www.hauxmt.com\/tr\/wp-json\/wp\/v2\/comments?post=4340"}],"version-history":[{"count":172,"href":"https:\/\/www.hauxmt.com\/tr\/wp-json\/wp\/v2\/pages\/4340\/revisions"}],"predecessor-version":[{"id":7858,"href":"https:\/\/www.hauxmt.com\/tr\/wp-json\/wp\/v2\/pages\/4340\/revisions\/7858"}],"wp:attachment":[{"href":"https:\/\/www.hauxmt.com\/tr\/wp-json\/wp\/v2\/media?parent=4340"}],"curies":[{"name":"wp","href":"https:\/\/api.w.org\/{rel}","templated":true}]}}