{"id":4490,"date":"2022-12-12T12:53:29","date_gmt":"2022-12-12T11:53:29","guid":{"rendered":"https:\/\/haux-grinding.com\/?page_id=4490"},"modified":"2025-05-18T11:34:41","modified_gmt":"2025-05-18T09:34:41","slug":"baski-elemani-veya","status":"publish","type":"page","link":"https:\/\/www.hauxmt.com\/tr\/baski-elemani-veya\/","title":{"rendered":"K\u00fcnye"},"content":{"rendered":"<div data-elementor-type=\"wp-page\" data-elementor-id=\"4490\" class=\"elementor elementor-4490\" data-elementor-post-type=\"page\">\n\t\t\t\t\t\t<section class=\"elementor-section elementor-top-section elementor-element elementor-element-110febd elementor-section-boxed elementor-section-height-default elementor-section-height-default\" data-id=\"110febd\" data-element_type=\"section\" data-e-type=\"section\">\n\t\t\t\t\t\t<div class=\"elementor-container elementor-column-gap-default\">\n\t\t\t\t\t<div class=\"elementor-column elementor-col-100 elementor-top-column elementor-element elementor-element-e4503c7\" data-id=\"e4503c7\" data-element_type=\"column\" data-e-type=\"column\">\n\t\t\t<div class=\"elementor-widget-wrap elementor-element-populated\">\n\t\t\t\t\t\t<div class=\"elementor-element elementor-element-f2a5322 elementor--h-position-center elementor--v-position-middle elementor-arrows-position-inside elementor-pagination-position-inside elementor-widget elementor-widget-slides\" data-id=\"f2a5322\" data-element_type=\"widget\" data-e-type=\"widget\" data-settings=\"{&quot;navigation&quot;:&quot;both&quot;,&quot;autoplay&quot;:&quot;yes&quot;,&quot;pause_on_hover&quot;:&quot;yes&quot;,&quot;pause_on_interaction&quot;:&quot;yes&quot;,&quot;autoplay_speed&quot;:5000,&quot;infinite&quot;:&quot;yes&quot;,&quot;transition&quot;:&quot;slide&quot;,&quot;transition_speed&quot;:500}\" data-widget_type=\"slides.default\">\n\t\t\t\t<div class=\"elementor-widget-container\">\n\t\t\t\t\t\t\t\t\t<div class=\"elementor-swiper\">\n\t\t\t\t\t<div class=\"elementor-slides-wrapper elementor-main-swiper swiper\" role=\"region\" aria-roledescription=\"carousel\" aria-label=\"Kayd\u0131r\u0131c\u0131\" dir=\"ltr\" data-animation=\"fadeInUp\">\n\t\t\t\t<div class=\"swiper-wrapper elementor-slides\">\n\t\t\t\t\t\t\t\t\t\t<div class=\"elementor-repeater-item-933682c swiper-slide\" role=\"group\" aria-roledescription=\"slide\"><div class=\"swiper-slide-bg\" role=\"img\" aria-label=\"Haux Geb\u00e4ude Banner\"><\/div><div class=\"swiper-slide-inner\" ><div class=\"swiper-slide-contents\"><\/div><\/div><\/div>\t\t\t\t<\/div>\n\t\t\t\t\t\t\t<\/div>\n\t\t\t\t<\/div>\n\t\t\t\t\t\t\t\t<\/div>\n\t\t\t\t<\/div>\n\t\t\t\t\t<\/div>\n\t\t<\/div>\n\t\t\t\t\t<\/div>\n\t\t<\/section>\n\t\t\t\t<section class=\"elementor-section elementor-top-section elementor-element elementor-element-5e3ddd6 elementor-section-boxed elementor-section-height-default elementor-section-height-default\" data-id=\"5e3ddd6\" data-element_type=\"section\" data-e-type=\"section\">\n\t\t\t\t\t\t<div class=\"elementor-container elementor-column-gap-default\">\n\t\t\t\t\t<div class=\"elementor-column elementor-col-100 elementor-top-column elementor-element elementor-element-078064f\" data-id=\"078064f\" data-element_type=\"column\" data-e-type=\"column\">\n\t\t\t<div class=\"elementor-widget-wrap elementor-element-populated\">\n\t\t\t\t\t\t<div class=\"elementor-element elementor-element-33a9c11 elementor-widget elementor-widget-text-editor\" data-id=\"33a9c11\" data-element_type=\"widget\" data-e-type=\"widget\" data-widget_type=\"text-editor.default\">\n\t\t\t\t<div class=\"elementor-widget-container\">\n\t\t\t\t\t\t\t\t\t<p style=\"text-align: center;\">HAUX Machine Tools GmbH<br \/>Ebinger Str. 50<br \/>72510 Stetten a. k. M.<br \/>Almanya<\/p><p style=\"text-align: center;\">Telefon +49 (0)7573 95455-0<br \/>Faks +49 (0)7573 95455-30<\/p><p style=\"text-align: center;\">\u0130nternet:\u00a0<a href=\"http:\/\/www.hauxmt.com\/tr\/\" target=\"_blank\" rel=\"noopener noreferrer\">https:\/\/hauxmt.com<br \/><\/a>E-posta:\u00a0<a href=\"mailto:info@hauxmt.com\">info@hauxmt.com<\/a><\/p><p style=\"text-align: center;\">\u015eirketi temsile yetkili genel m\u00fcd\u00fcr:<br \/>Bay Claudius Braun<\/p><p style=\"text-align: center;\">Sicil mahkemesi: Ulm<br \/>Kay\u0131t numaras\u0131: HRB 749005<\/p><p style=\"text-align: center;\">KDV Kimlik No: DE400071143<\/p>\t\t\t\t\t\t\t\t<\/div>\n\t\t\t\t<\/div>\n\t\t\t\t\t<\/div>\n\t\t<\/div>\n\t\t\t\t\t<\/div>\n\t\t<\/section>\n\t\t\t\t<section class=\"elementor-section elementor-top-section elementor-element elementor-element-1433d99 elementor-section-boxed elementor-section-height-default elementor-section-height-default\" data-id=\"1433d99\" data-element_type=\"section\" data-e-type=\"section\">\n\t\t\t\t\t\t<div class=\"elementor-container elementor-column-gap-default\">\n\t\t\t\t\t<div class=\"elementor-column elementor-col-100 elementor-top-column elementor-element elementor-element-c02849a\" data-id=\"c02849a\" data-element_type=\"column\" data-e-type=\"column\">\n\t\t\t<div class=\"elementor-widget-wrap elementor-element-populated\">\n\t\t\t\t\t\t<div class=\"elementor-element elementor-element-20b48f2 elementor-widget elementor-widget-heading\" data-id=\"20b48f2\" data-element_type=\"widget\" data-e-type=\"widget\" data-widget_type=\"heading.default\">\n\t\t\t\t<div class=\"elementor-widget-container\">\n\t\t\t\t\t<h2 class=\"elementor-heading-title elementor-size-default\">Sorumluluk reddi (feragatname)<\/h2>\t\t\t\t<\/div>\n\t\t\t\t<\/div>\n\t\t\t\t\t<\/div>\n\t\t<\/div>\n\t\t\t\t\t<\/div>\n\t\t<\/section>\n\t\t\t\t<section class=\"elementor-section elementor-top-section elementor-element elementor-element-7347844 elementor-section-boxed elementor-section-height-default elementor-section-height-default\" data-id=\"7347844\" data-element_type=\"section\" data-e-type=\"section\">\n\t\t\t\t\t\t<div class=\"elementor-container elementor-column-gap-default\">\n\t\t\t\t\t<div class=\"elementor-column elementor-col-100 elementor-top-column elementor-element elementor-element-0b68990\" data-id=\"0b68990\" data-element_type=\"column\" data-e-type=\"column\">\n\t\t\t<div class=\"elementor-widget-wrap elementor-element-populated\">\n\t\t\t\t\t\t<div class=\"elementor-element elementor-element-b56a75d elementor-widget elementor-widget-text-editor\" data-id=\"b56a75d\" data-element_type=\"widget\" data-e-type=\"widget\" data-widget_type=\"text-editor.default\">\n\t\t\t\t<div class=\"elementor-widget-container\">\n\t\t\t\t\t\t\t\t\t<p class=\"bodytext\"><b>\u0130\u00e7erik i\u00e7in sorumluluk<\/b><br \/>Bir hizmet sa\u011flay\u0131c\u0131 olarak, TMG (Alman Telemedya Yasas\u0131) Madde 7 (1) ve genel mevzuat uyar\u0131nca bu sayfalardaki kendi i\u00e7eri\u011fimizden sorumluyuz. Bununla birlikte, TMG \u00a7\u00a7 8 ila 10'a g\u00f6re, bir hizmet sa\u011flay\u0131c\u0131 olarak iletilen veya saklanan \u00fc\u00e7\u00fcnc\u00fc taraf bilgilerini izlemek veya yasa d\u0131\u015f\u0131 faaliyetlere i\u015faret eden durumlar\u0131 ara\u015ft\u0131rmak zorunda de\u011filiz. Genel mevzuat uyar\u0131nca bilgilerin kullan\u0131m\u0131n\u0131 kald\u0131rma veya engelleme y\u00fck\u00fcml\u00fcl\u00fckleri bundan etkilenmez. Ancak, bu konudaki sorumluluk yaln\u0131zca belirli bir ihlalin \u00f6\u011frenildi\u011fi andan itibaren m\u00fcmk\u00fcnd\u00fcr. Bu t\u00fcr ihlallerin fark\u0131na var\u0131r varmaz, bu i\u00e7eri\u011fi derhal kald\u0131raca\u011f\u0131z.<\/p><p class=\"bodytext\"><b>Ba\u011flant\u0131lar i\u00e7in sorumluluk<\/b><br \/>Web sitemiz, i\u00e7eri\u011fi \u00fczerinde hi\u00e7bir etkimiz olmayan harici \u00fc\u00e7\u00fcnc\u00fc taraf web sitelerine ba\u011flant\u0131lar i\u00e7ermektedir. Bu nedenle, bu \u00fc\u00e7\u00fcnc\u00fc taraf i\u00e7eri\u011fi i\u00e7in herhangi bir sorumluluk kabul edemeyiz. Ba\u011flant\u0131l\u0131 sayfalar\u0131n i\u00e7eri\u011finden her zaman sayfalar\u0131n ilgili sa\u011flay\u0131c\u0131s\u0131 veya operat\u00f6r\u00fc sorumludur. Ba\u011flant\u0131 verilen sayfalar, ba\u011flant\u0131 verildi\u011fi s\u0131rada olas\u0131 yasal ihlallere kar\u015f\u0131 kontrol edilmi\u015ftir. Ba\u011flant\u0131 verildi\u011fi s\u0131rada yasa d\u0131\u015f\u0131 i\u00e7erikler tespit edilememi\u015ftir. Ancak, ba\u011flant\u0131l\u0131 sayfalar\u0131n i\u00e7eri\u011finin s\u00fcrekli olarak izlenmesi, bir ihlalin somut kan\u0131t\u0131 olmadan makul de\u011fildir. Herhangi bir yasal ihlalden haberdar olursak, bu t\u00fcr ba\u011flant\u0131lar\u0131 derhal kald\u0131raca\u011f\u0131z.<\/p><p class=\"bodytext\"><b>Telif Hakk\u0131<\/b><br \/>Bu sayfalarda site operat\u00f6rleri taraf\u0131ndan olu\u015fturulan i\u00e7erik ve eserler Alman telif hakk\u0131 yasas\u0131na tabidir. \u00c7o\u011faltma, i\u015fleme, da\u011f\u0131t\u0131m ve telif hakk\u0131 yasas\u0131n\u0131n s\u0131n\u0131rlar\u0131 d\u0131\u015f\u0131ndaki her t\u00fcrl\u00fc kullan\u0131m, ilgili yazar\u0131n veya yarat\u0131c\u0131n\u0131n yaz\u0131l\u0131 onay\u0131n\u0131 gerektirir. Bu sitenin indirilmesine ve kopyalanmas\u0131na yaln\u0131zca \u00f6zel, ticari olmayan kullan\u0131m i\u00e7in izin verilir. Bu sitedeki i\u00e7erik operat\u00f6r taraf\u0131ndan olu\u015fturulmad\u0131\u011f\u0131 s\u00fcrece, \u00fc\u00e7\u00fcnc\u00fc taraflar\u0131n telif haklar\u0131na sayg\u0131 g\u00f6sterilir. \u00d6zellikle, \u00fc\u00e7\u00fcnc\u00fc taraf i\u00e7eri\u011fi bu \u015fekilde etiketlenir. Yine de bir telif hakk\u0131 ihlalinden haberdar olursan\u0131z, l\u00fctfen bizi uygun \u015fekilde bilgilendirin. Herhangi bir ihlalden haberdar olursak, bu t\u00fcr i\u00e7eri\u011fi derhal kald\u0131raca\u011f\u0131z.<\/p><p>\u00a0<\/p>\t\t\t\t\t\t\t\t<\/div>\n\t\t\t\t<\/div>\n\t\t\t\t\t<\/div>\n\t\t<\/div>\n\t\t\t\t\t<\/div>\n\t\t<\/section>\n\t\t\t\t<section class=\"elementor-section elementor-top-section elementor-element elementor-element-c282ccd elementor-section-boxed elementor-section-height-default elementor-section-height-default\" data-id=\"c282ccd\" data-element_type=\"section\" data-e-type=\"section\">\n\t\t\t\t\t\t<div class=\"elementor-container elementor-column-gap-default\">\n\t\t\t\t\t<div class=\"elementor-column elementor-col-100 elementor-top-column elementor-element elementor-element-2dad4cc\" data-id=\"2dad4cc\" data-element_type=\"column\" data-e-type=\"column\">\n\t\t\t<div class=\"elementor-widget-wrap elementor-element-populated\">\n\t\t\t\t\t\t<div class=\"elementor-element elementor-element-5f371cb elementor-widget elementor-widget-heading\" data-id=\"5f371cb\" data-element_type=\"widget\" data-e-type=\"widget\" data-widget_type=\"heading.default\">\n\t\t\t\t<div class=\"elementor-widget-container\">\n\t\t\t\t\t<h2 class=\"elementor-heading-title elementor-size-default\">Gizlilik Politikas\u0131<\/h2>\t\t\t\t<\/div>\n\t\t\t\t<\/div>\n\t\t\t\t\t<\/div>\n\t\t<\/div>\n\t\t\t\t\t<\/div>\n\t\t<\/section>\n\t\t\t\t<section class=\"elementor-section elementor-top-section elementor-element elementor-element-3df13e7 elementor-section-boxed elementor-section-height-default elementor-section-height-default\" data-id=\"3df13e7\" data-element_type=\"section\" data-e-type=\"section\">\n\t\t\t\t\t\t<div class=\"elementor-container elementor-column-gap-default\">\n\t\t\t\t\t<div class=\"elementor-column elementor-col-100 elementor-top-column elementor-element elementor-element-08e0f2f\" data-id=\"08e0f2f\" data-element_type=\"column\" data-e-type=\"column\">\n\t\t\t<div class=\"elementor-widget-wrap elementor-element-populated\">\n\t\t\t\t\t\t<div class=\"elementor-element elementor-element-12246fd elementor-widget elementor-widget-text-editor\" data-id=\"12246fd\" data-element_type=\"widget\" data-e-type=\"widget\" data-widget_type=\"text-editor.default\">\n\t\t\t\t<div class=\"elementor-widget-container\">\n\t\t\t\t\t\t\t\t\t<h3 style=\"text-align: center;\"><b>Google Analytics kullan\u0131m\u0131 i\u00e7in gizlilik politikas\u0131<\/b><\/h3><p class=\"bodytext\" style=\"text-align: center;\">Bu web sitesi, Google Inc (\"Google\") taraf\u0131ndan sa\u011flanan bir web analiz hizmeti olan Google Analytics'i kullanmaktad\u0131r. Google Analytics, web sitesinin kullan\u0131c\u0131lar\u0131n siteyi nas\u0131l kulland\u0131\u011f\u0131n\u0131 analiz etmesine yard\u0131mc\u0131 olmak i\u00e7in bilgisayar\u0131n\u0131za yerle\u015ftirilen metin dosyalar\u0131 olan \"\u00e7erezleri\" kullan\u0131r. Bu web sitesini kullan\u0131m\u0131n\u0131z hakk\u0131nda \u00e7erez taraf\u0131ndan olu\u015fturulan bilgiler genellikle ABD'deki bir Google sunucusuna aktar\u0131l\u0131r ve orada saklan\u0131r. Ancak, bu web sitesinde IP anonimle\u015ftirme etkinle\u015ftirilirse, IP adresiniz \u00f6nce Google taraf\u0131ndan Avrupa Birli\u011fi \u00fcye \u00fclkelerinde veya Avrupa Ekonomik Alan\u0131 Anla\u015fmas\u0131'n\u0131 imzalayan di\u011fer \u00fclkelerde k\u0131salt\u0131lacakt\u0131r. Sadece istisnai durumlarda tam IP adresi ABD'deki bir Google sunucusuna iletilecek ve orada k\u0131salt\u0131lacakt\u0131r. Google bu bilgileri, bu web sitesinin operat\u00f6r\u00fc ad\u0131na, web sitesini kullan\u0131m\u0131n\u0131z\u0131 analiz etmek, web sitesi etkinli\u011fi hakk\u0131nda raporlar derlemek ve web sitesi operat\u00f6r\u00fcne web sitesi etkinli\u011fi ve internet kullan\u0131m\u0131yla ilgili di\u011fer hizmetleri sa\u011flamak i\u00e7in kullanacakt\u0131r. Google Analytics'in bir par\u00e7as\u0131 olarak taray\u0131c\u0131n\u0131z taraf\u0131ndan iletilen IP adresi, di\u011fer Google verileriyle birle\u015ftirilmeyecektir. Taray\u0131c\u0131n\u0131zda uygun ayarlar\u0131 se\u00e7erek \u00e7erez kullan\u0131m\u0131n\u0131 reddedebilirsiniz, ancak bunu yaparsan\u0131z bu web sitesinin t\u00fcm i\u015flevlerini kullanamayabilece\u011finizi l\u00fctfen unutmay\u0131n. Ayr\u0131ca, a\u015fa\u011f\u0131daki ba\u011flant\u0131ya t\u0131klayarak Google'\u0131n \u00e7erez taraf\u0131ndan olu\u015fturulan ve web sitesini kullan\u0131m\u0131n\u0131zla ilgili verileri (IP adresiniz dahil) toplamas\u0131n\u0131 ve bu verilerin Google taraf\u0131ndan i\u015flenmesini \u00f6nleyebilirsiniz (<a class=\"_blank\" href=\"https:\/\/www.abakus.de\/http:\/\/\" target=\"tools.google.com\/dlpage\/gaoptout?hl=de\" rel=\"noopener noreferrer\">http:\/\/tools.google.com\/dlpage\/gaoptout?hl=de<\/a>) mevcut taray\u0131c\u0131 eklentisini indirmek ve y\u00fcklemek i\u00e7in.<\/p><p class=\"bodytext\" style=\"text-align: center;\">A\u015fa\u011f\u0131daki ba\u011flant\u0131ya t\u0131klayarak Google Analytics'in verilerinizi toplamas\u0131n\u0131 engelleyebilirsiniz. Bu web sitesini ziyaret etti\u011finizde verilerinizin gelecekte toplanmas\u0131n\u0131 \u00f6nlemek i\u00e7in bir devre d\u0131\u015f\u0131 b\u0131rakma \u00e7erezi ayarlanacakt\u0131r:\u00a0<a>Google Analytics'i devre d\u0131\u015f\u0131 b\u0131rakma<\/a><\/p><p class=\"bodytext\" style=\"text-align: center;\">Kullan\u0131m ko\u015fullar\u0131 ve veri koruma hakk\u0131nda daha fazla bilgi \u015fu adreste bulunabilir\u00a0<a href=\"http:\/\/www.google.com\/analytics\/terms\/de.html\" target=\"_blank\" rel=\"noopener noreferrer\">http:\/\/www.google.com\/analytics\/terms\/de.html<\/a>\u00a0veya alt\u0131nda\u00a0<a href=\"https:\/\/www.google.de\/intl\/de\/policies\/\" target=\"_blank\" rel=\"noopener noreferrer\">https:\/\/www.google.de\/intl\/de\/policies\/<\/a>. Bu web sitesinde Google Analytics'in IP adreslerinin anonim olarak toplanmas\u0131n\u0131 (IP maskeleme olarak adland\u0131r\u0131l\u0131r) sa\u011flamak i\u00e7in \"anonymizeIp\" kodu ile geni\u015fletildi\u011fini belirtmek isteriz.<\/p><h3 style=\"text-align: center;\">Web sitesinin i\u00e7eri\u011fi<\/h3><p class=\"bodytext\" style=\"text-align: center;\">Bu web sitesinin i\u00e7eri\u011fi yaln\u0131zca bilgi ama\u00e7l\u0131d\u0131r ve HAUX GmbH taraf\u0131ndan sa\u011flanan bir hizmettir. Bu web sitesindeki i\u00e7eri\u011fin, hizmetlerin ve bilgilerin g\u00fcncelli\u011fi, do\u011frulu\u011fu ve eksiksizli\u011fi konusunda hi\u00e7bir sorumluluk kabul etmiyoruz. Yanl\u0131\u015f veya eksik bilgilerin kullan\u0131lmas\u0131ndan kaynaklanan herhangi bir maddi veya manevi zarar i\u00e7in hi\u00e7bir sorumluluk kabul etmiyoruz. \u00d6nceden haber vermeksizin i\u00e7eri\u011fi de\u011fi\u015ftirme ve g\u00fcncelleme hakk\u0131m\u0131z sakl\u0131d\u0131r.<\/p><h3 style=\"text-align: center;\">Anonim veri toplama<\/h3><p class=\"bodytext\" style=\"text-align: center;\">Web sitemize eri\u015fti\u011finizde, web sunucular\u0131m\u0131z otomatik olarak genel nitelikte bilgiler toplar. Buna web taray\u0131c\u0131s\u0131n\u0131n t\u00fcr\u00fc, kullan\u0131lan i\u015fletim sistemi, \u0130nternet servis sa\u011flay\u0131c\u0131s\u0131n\u0131n alan ad\u0131, kullan\u0131lan bilgisayar\u0131n IP adresi, bizi ziyaret etti\u011finiz web sitesi, web sitemizde ziyaret etti\u011finiz sayfalar ve ziyaretinizin tarihi ve s\u00fcresi dahildir. Bu, yaln\u0131zca ki\u015fili\u011finiz hakk\u0131nda herhangi bir sonuca var\u0131lmas\u0131na izin vermeyen bilgilerdir. Bu verileri sadece istatistiksel ama\u00e7larla ve sadece anonim olarak analiz ediyoruz.<\/p><h3 style=\"text-align: center;\">Ki\u015fisel verilerin toplanmas\u0131 ve i\u015flenmesi<\/h3><p class=\"bodytext\" style=\"text-align: center;\">Ki\u015fisel veriler yaln\u0131zca, \u00f6rne\u011fin bir sipari\u015fi, bir anketi tamamlamak veya ki\u015fiselle\u015ftirilmi\u015f hizmetlere kaydolmak i\u00e7in g\u00f6n\u00fcll\u00fc olarak vermeniz halinde toplan\u0131r. \u0130\u015fleme amac\u0131 hakk\u0131nda bilgilendirilirsiniz ve gerekirse saklanmas\u0131 i\u00e7in onay\u0131n\u0131z istenir.<\/p><h3 style=\"text-align: center;\">Toplanan verilerin kullan\u0131m\u0131 ve if\u015fas\u0131<\/h3><p class=\"bodytext\" style=\"text-align: center;\">Web sitemizde toplanan ki\u015fisel veriler, izniniz olmadan yaln\u0131zca sipari\u015f i\u015fleme veya taleplerinizin i\u015flenmesi i\u00e7in kullan\u0131lacakt\u0131r. Ayr\u0131ca verileriniz, HAUX GmbH'nin sorumlulu\u011fu alt\u0131nda merkezi olarak y\u00f6netilen bir m\u00fc\u015fteri ve potansiyel m\u00fc\u015fteri veri taban\u0131nda kullan\u0131lacakt\u0131r. Bu verilerin kullan\u0131m\u0131, HAUX GmbH taraf\u0131ndan reklam ve pazar ve g\u00f6r\u00fc\u015f ara\u015ft\u0131rmas\u0131 ama\u00e7lar\u0131yla s\u0131n\u0131rl\u0131d\u0131r. Onay\u0131n\u0131z\u0131 istedi\u011finiz zaman gelecek i\u00e7in ge\u00e7erli olmak \u00fczere iptal edebilirsiniz. Verileriniz sat\u0131lmayacak, kiralanmayacak veya ba\u015fka herhangi bir \u015fekilde \u00fc\u00e7\u00fcnc\u00fc taraflar\u0131n kullan\u0131m\u0131na sunulmayacakt\u0131r. Ki\u015fisel veriler yaln\u0131zca zorunlu ulusal mevzuat \u00e7er\u00e7evesinde devlet kurumlar\u0131na ve makamlar\u0131na aktar\u0131lacakt\u0131r. \u00c7al\u0131\u015fanlar\u0131m\u0131z taraf\u0131m\u0131zdan en kat\u0131 gizlili\u011fi korumakla y\u00fck\u00fcml\u00fcd\u00fcr.<\/p><h3 style=\"text-align: center;\">G\u00fcvenlik<\/h3><p class=\"bodytext\" style=\"text-align: center;\">HAUX GmbH, taraf\u0131m\u0131zca y\u00f6netilen verilerinizi kazara veya kas\u0131tl\u0131 manip\u00fclasyon, kay\u0131p, imha veya yetkisiz ki\u015filerin eri\u015fimine kar\u015f\u0131 korumak i\u00e7in teknik ve organizasyonel g\u00fcvenlik \u00f6nlemleri kullan\u0131r. G\u00fcvenlik \u00f6nlemlerimiz teknolojik geli\u015fmeler do\u011frultusunda s\u00fcrekli olarak iyile\u015ftirilmektedir.<\/p><h3 style=\"text-align: center;\">Ticari marka haklar\u0131 ve telif haklar\u0131<\/h3><p class=\"bodytext\" style=\"text-align: center;\">Bu web sitesinde belirtilen ve muhtemelen \u00fc\u00e7\u00fcnc\u00fc \u015fah\u0131slar taraf\u0131ndan korunan t\u00fcm marka adlar\u0131 ve ticari markalar, herhangi bir k\u0131s\u0131tlama olmaks\u0131z\u0131n y\u00fcr\u00fcrl\u00fckteki etiketleme yasas\u0131n\u0131n h\u00fck\u00fcmlerine ve ilgili kay\u0131tl\u0131 sahiplerin m\u00fclkiyet haklar\u0131na tabidir. HAUX GmbH'nin yaz\u0131l\u0131 izni olmadan tamamen veya k\u0131smen \u00e7o\u011falt\u0131lmas\u0131na izin verilmez.<\/p>\t\t\t\t\t\t\t\t<\/div>\n\t\t\t\t<\/div>\n\t\t\t\t\t<\/div>\n\t\t<\/div>\n\t\t\t\t\t<\/div>\n\t\t<\/section>\n\t\t\t\t<section class=\"elementor-section elementor-top-section elementor-element elementor-element-df67c49 elementor-section-boxed elementor-section-height-default elementor-section-height-default\" data-id=\"df67c49\" data-element_type=\"section\" data-e-type=\"section\">\n\t\t\t\t\t\t<div class=\"elementor-container elementor-column-gap-default\">\n\t\t\t\t\t<div class=\"elementor-column elementor-col-50 elementor-top-column elementor-element elementor-element-0a74a4f\" data-id=\"0a74a4f\" data-element_type=\"column\" data-e-type=\"column\">\n\t\t\t<div class=\"elementor-widget-wrap elementor-element-populated\">\n\t\t\t\t\t\t<div class=\"elementor-element elementor-element-c63b7d7 elementor-widget elementor-widget-heading\" data-id=\"c63b7d7\" data-element_type=\"widget\" data-e-type=\"widget\" data-widget_type=\"heading.default\">\n\t\t\t\t<div class=\"elementor-widget-container\">\n\t\t\t\t\t<h2 class=\"elementor-heading-title elementor-size-default\">B\u0130ZE ULA\u015eIN<\/h2>\t\t\t\t<\/div>\n\t\t\t\t<\/div>\n\t\t\t\t<div class=\"elementor-element elementor-element-af89acc elementor-align-left elementor-widget elementor-widget-button\" data-id=\"af89acc\" data-element_type=\"widget\" data-e-type=\"widget\" data-widget_type=\"button.default\">\n\t\t\t\t<div class=\"elementor-widget-container\">\n\t\t\t\t\t\t\t\t\t<div class=\"elementor-button-wrapper\">\n\t\t\t\t\t<a class=\"elementor-button elementor-button-link elementor-size-lg\" href=\"mailto:info@hauxgmbh.de\">\n\t\t\t\t\t\t<span class=\"elementor-button-content-wrapper\">\n\t\t\t\t\t\t\t\t\t<span class=\"elementor-button-text\">Bize ula\u015f\u0131n<\/span>\n\t\t\t\t\t<\/span>\n\t\t\t\t\t<\/a>\n\t\t\t\t<\/div>\n\t\t\t\t\t\t\t\t<\/div>\n\t\t\t\t<\/div>\n\t\t\t\t\t<\/div>\n\t\t<\/div>\n\t\t\t\t<div class=\"elementor-column elementor-col-50 elementor-top-column elementor-element elementor-element-28133cd\" data-id=\"28133cd\" data-element_type=\"column\" data-e-type=\"column\">\n\t\t\t<div class=\"elementor-widget-wrap elementor-element-populated\">\n\t\t\t\t\t\t<div class=\"elementor-element elementor-element-d133345 elementor-widget elementor-widget-heading\" data-id=\"d133345\" data-element_type=\"widget\" data-e-type=\"widget\" data-widget_type=\"heading.default\">\n\t\t\t\t<div class=\"elementor-widget-container\">\n\t\t\t\t\t<h2 class=\"elementor-heading-title elementor-size-default\">BI\u0307ZI\u0307 TAKI\u0307P EDI\u0307N<\/h2>\t\t\t\t<\/div>\n\t\t\t\t<\/div>\n\t\t\t\t<div class=\"elementor-element elementor-element-f803f60 e-grid-align-right elementor-shape-rounded elementor-grid-0 elementor-widget elementor-widget-social-icons\" data-id=\"f803f60\" data-element_type=\"widget\" data-e-type=\"widget\" data-widget_type=\"social-icons.default\">\n\t\t\t\t<div class=\"elementor-widget-container\">\n\t\t\t\t\t\t\t<div class=\"elementor-social-icons-wrapper elementor-grid\" role=\"list\">\n\t\t\t\t\t\t\t<span class=\"elementor-grid-item\" role=\"listitem\">\n\t\t\t\t\t<a class=\"elementor-icon elementor-social-icon elementor-social-icon-linkedin elementor-animation-push elementor-repeater-item-4e8bba4\" href=\"https:\/\/de.linkedin.com\/company\/haux-maschinenbau-gmbh\" target=\"_blank\">\n\t\t\t\t\t\t<span class=\"elementor-screen-only\">Linkedin<\/span>\n\t\t\t\t\t\t<i aria-hidden=\"true\" class=\"fab fa-linkedin\"><\/i>\t\t\t\t\t<\/a>\n\t\t\t\t<\/span>\n\t\t\t\t\t\t\t<span class=\"elementor-grid-item\" role=\"listitem\">\n\t\t\t\t\t<a class=\"elementor-icon elementor-social-icon elementor-social-icon-youtube elementor-animation-push elementor-repeater-item-6d41c43\" href=\"https:\/\/www.youtube.com\/@haux-grinding\" target=\"_blank\">\n\t\t\t\t\t\t<span class=\"elementor-screen-only\">Youtube<\/span>\n\t\t\t\t\t\t<i aria-hidden=\"true\" class=\"fab fa-youtube\"><\/i>\t\t\t\t\t<\/a>\n\t\t\t\t<\/span>\n\t\t\t\t\t\t\t<span class=\"elementor-grid-item\" role=\"listitem\">\n\t\t\t\t\t<a class=\"elementor-icon elementor-social-icon elementor-social-icon-instagram elementor-animation-push elementor-repeater-item-ec634b9\" href=\"https:\/\/www.instagram.com\/haux_maschinenbau_gmbh\/\" target=\"_blank\">\n\t\t\t\t\t\t<span class=\"elementor-screen-only\">Instagram<\/span>\n\t\t\t\t\t\t<i aria-hidden=\"true\" class=\"fab fa-instagram\"><\/i>\t\t\t\t\t<\/a>\n\t\t\t\t<\/span>\n\t\t\t\t\t<\/div>\n\t\t\t\t\t\t<\/div>\n\t\t\t\t<\/div>\n\t\t\t\t\t<\/div>\n\t\t<\/div>\n\t\t\t\t\t<\/div>\n\t\t<\/section>\n\t\t\t\t<\/div>","protected":false},"excerpt":{"rendered":"<p>HAUX Machine Tools GmbHEbinger Str. 5072510 Stetten a. k. M.Germany Phone +49 (0)7573 95455-0Telefax +49 (0)7573 95455-30 Internet: https:\/\/hauxmt.comE-mail: info@hauxmt.com Yetkili temsilci Managing Director:Mr Claudius Braun Register court: UlmRegister number: HRB 749005 VAT ID: DE400071143 Sorumluluk Reddi \u0130\u00e7erik i\u00e7in sorumluluk Bir hizmet sa\u011flay\u0131c\u0131 olarak, TMG (Alman Telemedya Yasas\u0131) \u00a7 7 para.1 ve genel yasalar uyar\u0131nca bu sayfalardaki kendi i\u00e7eri\u011fimizden sorumluyuz. TMG \u00a7\u00a7 8 ila 10'a g\u00f6re biz<\/p>","protected":false},"author":8,"featured_media":0,"parent":0,"menu_order":0,"comment_status":"closed","ping_status":"closed","template":"","meta":{"footnotes":""},"class_list":["post-4490","page","type-page","status-publish","hentry"],"_links":{"self":[{"href":"https:\/\/www.hauxmt.com\/tr\/wp-json\/wp\/v2\/pages\/4490","targetHints":{"allow":["GET"]}}],"collection":[{"href":"https:\/\/www.hauxmt.com\/tr\/wp-json\/wp\/v2\/pages"}],"about":[{"href":"https:\/\/www.hauxmt.com\/tr\/wp-json\/wp\/v2\/types\/page"}],"author":[{"embeddable":true,"href":"https:\/\/www.hauxmt.com\/tr\/wp-json\/wp\/v2\/users\/8"}],"replies":[{"embeddable":true,"href":"https:\/\/www.hauxmt.com\/tr\/wp-json\/wp\/v2\/comments?post=4490"}],"version-history":[{"count":49,"href":"https:\/\/www.hauxmt.com\/tr\/wp-json\/wp\/v2\/pages\/4490\/revisions"}],"predecessor-version":[{"id":7997,"href":"https:\/\/www.hauxmt.com\/tr\/wp-json\/wp\/v2\/pages\/4490\/revisions\/7997"}],"wp:attachment":[{"href":"https:\/\/www.hauxmt.com\/tr\/wp-json\/wp\/v2\/media?parent=4490"}],"curies":[{"name":"wp","href":"https:\/\/api.w.org\/{rel}","templated":true}]}}