{"id":5331,"date":"2022-12-21T10:55:44","date_gmt":"2022-12-21T09:55:44","guid":{"rendered":"https:\/\/haux-grinding.com\/?page_id=5331"},"modified":"2024-11-06T08:22:22","modified_gmt":"2024-11-06T07:22:22","slug":"veri-koruma-elemani-veya","status":"publish","type":"page","link":"https:\/\/www.hauxmt.com\/tr\/veri-koruma-elemani-veya\/","title":{"rendered":"Veri koruma"},"content":{"rendered":"<div data-elementor-type=\"wp-page\" data-elementor-id=\"5331\" class=\"elementor elementor-5331\" data-elementor-post-type=\"page\">\n\t\t\t\t\t\t<section class=\"elementor-section elementor-top-section elementor-element elementor-element-d5f4317 elementor-section-boxed elementor-section-height-default elementor-section-height-default\" data-id=\"d5f4317\" data-element_type=\"section\" data-e-type=\"section\">\n\t\t\t\t\t\t<div class=\"elementor-container elementor-column-gap-default\">\n\t\t\t\t\t<div class=\"elementor-column elementor-col-100 elementor-top-column elementor-element elementor-element-df3293b\" data-id=\"df3293b\" data-element_type=\"column\" data-e-type=\"column\">\n\t\t\t<div class=\"elementor-widget-wrap elementor-element-populated\">\n\t\t\t\t\t\t<div class=\"elementor-element elementor-element-0d5da70 elementor-widget elementor-widget-text-editor\" data-id=\"0d5da70\" data-element_type=\"widget\" data-e-type=\"widget\" data-widget_type=\"text-editor.default\">\n\t\t\t\t<div class=\"elementor-widget-container\">\n\t\t\t\t\t\t\t\t\t<h3 style=\"text-align: center;\"><span style=\"color: #2b3d89;\">Yasal bilgiler<\/span><\/h3>\n<p style=\"text-align: center;\">Bu sitedeki bilgilerin teknik yanl\u0131\u015fl\u0131klar veya yaz\u0131m hatalar\u0131 i\u00e7erebilece\u011fini l\u00fctfen unutmay\u0131n. Bu sitedeki bilgileri istedi\u011fimiz zaman ve \u00f6nceden haber vermeksizin de\u011fi\u015ftirme veya g\u00fcncelleme hakk\u0131m\u0131z sakl\u0131d\u0131r. \u0130nternet sayfalar\u0131m\u0131zda yay\u0131nlanan metinler, dosyalar, kompozisyonlar ve resimler gibi t\u00fcm \u00e7al\u0131\u015fmalar veya \u00e7al\u0131\u015fmalar\u0131n b\u00f6l\u00fcmleri telif hakk\u0131 veya tasar\u0131m patent yasas\u0131 ile korunmaktad\u0131r. Herhangi bir ba\u015fka yay\u0131n, \u00e7o\u011faltma, da\u011f\u0131t\u0131m veya di\u011fer kullan\u0131m - al\u0131nt\u0131lar halinde bile - site operat\u00f6r\u00fcn\u00fcn yaz\u0131l\u0131 iznini gerektirir.<\/p>\n<p style=\"text-align: center;\">\n<\/p><div class=\"ce_text block\">\n<h2 style=\"text-align: center;\"><span style=\"color: #2b3d89;\">Gizlilik Politikas\u0131<\/span><\/h2>\n<p style=\"text-align: center;\">\n<\/p><h2 style=\"text-align: center;\"><span style=\"color: #2b3d89;\">1. bi\u0307r baki\u015fta veri\u0307 koruma<\/span><\/h2>\n<h3 style=\"text-align: center;\"><span style=\"color: #2b3d89;\">Genel bilgi<\/span><\/h3>\n<p style=\"text-align: center;\">A\u015fa\u011f\u0131daki bilgiler, web sitemizi ziyaret etti\u011finizde ki\u015fisel verilerinize ne oldu\u011funa dair basit bir genel bak\u0131\u015f sa\u011flar. Ki\u015fisel veriler, sizi ki\u015fisel olarak tan\u0131mlamak i\u00e7in kullan\u0131labilecek her t\u00fcrl\u00fc veridir. Veri koruma konusuna ili\u015fkin ayr\u0131nt\u0131l\u0131 bilgileri bu metnin alt\u0131nda yer alan veri koruma beyan\u0131m\u0131zda bulabilirsiniz.<\/p>\n<h3 style=\"text-align: center;\"><span style=\"color: #2b3d89;\">Web sitemizde veri toplama<\/span><\/h3>\n<p style=\"text-align: center;\"><span style=\"color: #2b3d89;\"><strong>Bu web sitesinde veri toplanmas\u0131ndan kim sorumludur?<\/strong><\/span><\/p>\n<p style=\"text-align: center;\">Bu web sitesindeki veri i\u015fleme web sitesi operat\u00f6r\u00fc taraf\u0131ndan ger\u00e7ekle\u015ftirilir. Operat\u00f6r\u00fcn ileti\u015fim bilgilerini bu web sitesinin yasal bildiriminde bulabilirsiniz.<\/p>\n<p style=\"text-align: center;\"><span style=\"color: #2b3d89;\"><strong>Verilerinizi nas\u0131l topluyoruz?<\/strong><\/span><\/p>\n<p style=\"text-align: center;\">Bir yandan, verileriniz bize sa\u011flad\u0131\u011f\u0131n\u0131zda toplan\u0131r. Bu, \u00f6rne\u011fin, bir ileti\u015fim formuna girdi\u011finiz veriler olabilir.<\/p>\n<p style=\"text-align: center;\">Di\u011fer veriler, web sitesini ziyaret etti\u011finizde BT sistemlerimiz taraf\u0131ndan otomatik olarak toplan\u0131r. Bunlar \u00f6ncelikle teknik verilerdir (\u00f6rne\u011fin internet taray\u0131c\u0131s\u0131, i\u015fletim sistemi veya sayfa g\u00f6r\u00fcnt\u00fcleme zaman\u0131). Bu veriler, web sitemize girdi\u011finiz anda otomatik olarak toplan\u0131r.<\/p>\n<p style=\"text-align: center;\"><span style=\"color: #2b3d89;\"><strong>Verilerinizi ne i\u00e7in kullan\u0131yoruz?<\/strong><\/span><\/p>\n<p style=\"text-align: center;\">Verilerin bir k\u0131sm\u0131, web sitesinin hatas\u0131z bir \u015fekilde sunulmas\u0131n\u0131 sa\u011flamak i\u00e7in toplan\u0131r. Di\u011fer veriler kullan\u0131c\u0131 davran\u0131\u015f\u0131n\u0131z\u0131 analiz etmek i\u00e7in kullan\u0131labilir.<\/p>\n<p style=\"text-align: center;\"><span style=\"color: #2b3d89;\"><strong>Verilerinizle ilgili hangi haklara sahipsiniz?<\/strong><\/span><\/p>\n<p style=\"text-align: center;\">Saklanan ki\u015fisel verilerinizin kayna\u011f\u0131, al\u0131c\u0131s\u0131 ve amac\u0131 hakk\u0131nda istedi\u011finiz zaman \u00fccretsiz olarak bilgi alma hakk\u0131na sahipsiniz. Ayr\u0131ca bu verilerin d\u00fczeltilmesini, engellenmesini veya silinmesini talep etme hakk\u0131na da sahipsiniz. Veri koruma konusunda ba\u015fka sorular\u0131n\u0131z varsa, yasal bildirimde verilen adresten istedi\u011finiz zaman bizimle ileti\u015fime ge\u00e7ebilirsiniz. Ayr\u0131ca yetkili denetim makam\u0131na \u015fikayette bulunma hakk\u0131na da sahipsiniz.<\/p>\n<h3 style=\"text-align: center;\"><span style=\"color: #2b3d89;\">\u00dc\u00e7\u00fcnc\u00fc taraf sa\u011flay\u0131c\u0131lar\u0131n analiz ara\u00e7lar\u0131 ve ara\u00e7lar\u0131<\/span><\/h3>\n<p style=\"text-align: center;\">Web sitemizi ziyaret etti\u011finizde, gezinme davran\u0131\u015f\u0131n\u0131z istatistiksel olarak de\u011ferlendirilebilir. Bu, \u00f6ncelikle \u00e7erezler ve s\u00f6zde analiz programlar\u0131 kullan\u0131larak yap\u0131l\u0131r. Gezinme davran\u0131\u015f\u0131n\u0131z\u0131n analizi genellikle anonimdir; gezinme davran\u0131\u015f\u0131n\u0131z size kadar izlenemez. Bu analize itiraz edebilir veya belirli ara\u00e7lar\u0131 kullanmayarak bunu \u00f6nleyebilirsiniz. Bununla ilgili ayr\u0131nt\u0131l\u0131 bilgileri a\u015fa\u011f\u0131daki gizlilik politikas\u0131nda bulabilirsiniz.<\/p>\n<p style=\"text-align: center;\">Bu analize itiraz edebilirsiniz. Bu gizlilik politikas\u0131ndaki itiraz se\u00e7enekleri hakk\u0131nda sizi bilgilendirece\u011fiz.<\/p>\n<h2 style=\"text-align: center;\"><span style=\"color: #2b3d89;\">2 Genel notlar ve zorunlu bilgiler<\/span><\/h2>\n<h3 style=\"text-align: center;\"><span style=\"color: #2b3d89;\">Veri koruma<\/span><\/h3>\n<p style=\"text-align: center;\">Bu sayfalar\u0131n operat\u00f6rleri ki\u015fisel verilerinizin korunmas\u0131n\u0131 \u00e7ok ciddiye almaktad\u0131r. Ki\u015fisel verilerinizi gizli ve yasal veri koruma d\u00fczenlemelerine ve bu gizlilik politikas\u0131na uygun olarak ele al\u0131yoruz.<\/p>\n<p style=\"text-align: center;\">Bu web sitesini kulland\u0131\u011f\u0131n\u0131zda, \u00e7e\u015fitli ki\u015fisel veriler toplan\u0131r. Ki\u015fisel veriler, sizi ki\u015fisel olarak tan\u0131mlamak i\u00e7in kullan\u0131labilecek verilerdir. Bu gizlilik politikas\u0131 hangi verileri toplad\u0131\u011f\u0131m\u0131z\u0131 ve bunlar\u0131 ne i\u00e7in kulland\u0131\u011f\u0131m\u0131z\u0131 a\u00e7\u0131klamaktad\u0131r. Ayr\u0131ca bunun nas\u0131l ve ne ama\u00e7la yap\u0131ld\u0131\u011f\u0131n\u0131 da a\u00e7\u0131klar.<\/p>\n<p style=\"text-align: center;\">\u0130nternet \u00fczerinden veri aktar\u0131m\u0131nda (\u00f6rne\u011fin e-posta ile ileti\u015fimde) g\u00fcvenlik a\u00e7\u0131klar\u0131 olabilece\u011fini belirtmek isteriz. Verilerin \u00fc\u00e7\u00fcnc\u00fc taraflar\u0131n eri\u015fimine kar\u015f\u0131 tam olarak korunmas\u0131 m\u00fcmk\u00fcn de\u011fildir.<\/p>\n<h3 style=\"text-align: center;\"><span style=\"color: #2b3d89;\">Sorumlu kurulu\u015f hakk\u0131nda not<\/span><\/h3>\n<p style=\"text-align: center;\">Bu web sitesindeki veri i\u015flemeden sorumlu kontrol\u00f6r<\/p>\n<p style=\"text-align: center;\">HAUX Machine Tools GmbH<br>Ebinger Str. 50<br>72510 Stetten a. k. M.<br>Almanya<\/p>\n<p style=\"text-align: center;\">\u015eirketi temsile yetkili genel m\u00fcd\u00fcr:<br>Claudius Braun<\/p>\n<p style=\"text-align: center;\">Telefon: +49 (0)7573 95455-0<br>E-posta: info@hauxgmbh.de<\/p>\n<p style=\"text-align: center;\">Kontrol\u00f6r, ki\u015fisel verilerin (\u00f6rne\u011fin isimler, e-posta adresleri, vb.) i\u015flenme ama\u00e7lar\u0131n\u0131 ve ara\u00e7lar\u0131n\u0131 tek ba\u015f\u0131na veya ba\u015fkalar\u0131yla birlikte belirleyen ger\u00e7ek veya t\u00fczel ki\u015fidir.<\/p>\n<h3 style=\"text-align: center;\"><span style=\"color: #2b3d89;\">Veri i\u015fleme izninizin iptali<\/span><\/h3>\n<p style=\"text-align: center;\">Bir\u00e7ok veri i\u015fleme i\u015flemi yaln\u0131zca sizin a\u00e7\u0131k r\u0131zan\u0131zla m\u00fcmk\u00fcnd\u00fcr. Vermi\u015f oldu\u011funuz herhangi bir onay\u0131 istedi\u011finiz zaman iptal edebilirsiniz. Tek yapman\u0131z gereken bize resmi olmayan bir e-posta g\u00f6ndermektir. \u0130ptal edilene kadar ger\u00e7ekle\u015ftirilen veri i\u015flemenin yasall\u0131\u011f\u0131 iptalden etkilenmez.<\/p>\n<h3 style=\"text-align: center;\"><span style=\"color: #2b3d89;\">Yetkili denetim makam\u0131na \u015fikayette bulunma hakk\u0131<\/span><\/h3>\n<p style=\"text-align: center;\">Veri koruma yasas\u0131n\u0131n ihlal edilmesi durumunda, ilgili ki\u015fi yetkili denetim makam\u0131na \u015fikayette bulunma hakk\u0131na sahiptir. Veri koruma konular\u0131nda yetkili denetim makam\u0131, \u015firketimizin bulundu\u011fu federal eyaletin eyalet veri koruma g\u00f6revlisidir. Veri koruma g\u00f6revlilerinin bir listesini ve ileti\u015fim bilgilerini a\u015fa\u011f\u0131daki ba\u011flant\u0131da bulabilirsiniz: <a href=\"https:\/\/www.bfdi.bund.de\/DE\/Infothek\/Anschriften_Links\/anschriften_links-node.html\" target=\"_blank\" rel=\"noopener noreferrer\">https:\/\/www.bfdi.bund.de\/DE\/Infothek\/Anschriften_Links\/anschriften_links-node.html<\/a>.<\/p>\n<h3 style=\"text-align: center;\"><span style=\"color: #2b3d89;\">Veri ta\u015f\u0131nabilirli\u011fi hakk\u0131<\/span><\/h3>\n<p style=\"text-align: center;\">Onay\u0131n\u0131za dayanarak veya bir s\u00f6zle\u015fmenin yerine getirilmesi i\u00e7in otomatik olarak i\u015fledi\u011fimiz verilerin size veya \u00fc\u00e7\u00fcnc\u00fc bir tarafa yayg\u0131n olarak kullan\u0131lan, makine taraf\u0131ndan okunabilir bir formatta teslim edilmesini sa\u011flama hakk\u0131na sahipsiniz. Verilerin ba\u015fka bir denetleyiciye do\u011frudan aktar\u0131lmas\u0131n\u0131 talep ederseniz, bu yaln\u0131zca teknik olarak m\u00fcmk\u00fcn oldu\u011fu \u00f6l\u00e7\u00fcde yap\u0131lacakt\u0131r.<\/p>\n<h3 style=\"text-align: center;\"><span style=\"color: #2b3d89;\">SSL veya TLS \u015fifreleme<\/span><\/h3>\n<p style=\"text-align: center;\">Bu site, g\u00fcvenlik nedenleriyle ve site operat\u00f6r\u00fc olarak bize g\u00f6nderdi\u011finiz sipari\u015fler veya sorular gibi gizli i\u00e7eriklerin iletimini korumak i\u00e7in SSL veya TLS \u015fifreleme kullan\u0131r. \u015eifrelenmi\u015f bir ba\u011flant\u0131y\u0131, taray\u0131c\u0131n\u0131z\u0131n adres sat\u0131r\u0131n\u0131n \"http:\/\/\" yerine \"https:\/\/\" olarak de\u011fi\u015fmesinden ve taray\u0131c\u0131 sat\u0131r\u0131n\u0131zdaki kilit sembol\u00fcnden anlayabilirsiniz.<\/p>\n<p style=\"text-align: center;\">SSL veya TLS \u015fifrelemesi etkinle\u015ftirilirse, bize iletti\u011finiz veriler \u00fc\u00e7\u00fcnc\u00fc taraflarca okunamaz.<\/p>\n<h2 style=\"text-align: center;\"><span style=\"color: #2b3d89;\">3. Web sitemizde veri toplama<\/span><\/h2>\n<h3 style=\"text-align: center;\"><span style=\"color: #2b3d89;\">\u00c7erezler<\/span><\/h3>\n<p style=\"text-align: center;\">\u0130nternet sayfalar\u0131n\u0131n baz\u0131lar\u0131nda \u00e7erezler kullan\u0131lmaktad\u0131r. \u00c7erezler bilgisayar\u0131n\u0131za zarar vermez ve vir\u00fcs i\u00e7ermez. \u00c7erezler, web sitemizi daha kullan\u0131c\u0131 dostu, etkili ve g\u00fcvenli hale getirmek i\u00e7in kullan\u0131l\u0131r. \u00c7erezler, bilgisayar\u0131n\u0131zda depolanan ve taray\u0131c\u0131n\u0131z taraf\u0131ndan kaydedilen k\u00fc\u00e7\u00fck metin dosyalar\u0131d\u0131r.<\/p>\n<p style=\"text-align: center;\">Kulland\u0131\u011f\u0131m\u0131z \u00e7erezlerin \u00e7o\u011fu \"oturum \u00e7erezleri\" olarak adland\u0131r\u0131l\u0131r. Ziyaretinizin sonunda otomatik olarak silinirler. Di\u011fer \u00e7erezler, siz onlar\u0131 silene kadar son cihaz\u0131n\u0131zda sakl\u0131 kal\u0131r. Bu \u00e7erezler, bir sonraki ziyaretinizde taray\u0131c\u0131n\u0131z\u0131 tan\u0131mam\u0131z\u0131 sa\u011flar.<\/p>\n<p style=\"text-align: center;\">Taray\u0131c\u0131n\u0131z\u0131, \u00e7erezlerin ayarlanmas\u0131 hakk\u0131nda bilgilendirilecek ve yaln\u0131zca bireysel durumlarda \u00e7erezlere izin verecek, belirli durumlar i\u00e7in veya genel olarak \u00e7erezlerin kabul edilmesini hari\u00e7 tutacak ve taray\u0131c\u0131y\u0131 kapat\u0131rken \u00e7erezlerin otomatik olarak silinmesini etkinle\u015ftirecek \u015fekilde ayarlayabilirsiniz. \u00c7erezler devre d\u0131\u015f\u0131 b\u0131rak\u0131l\u0131rsa, bu web sitesinin i\u015flevselli\u011fi k\u0131s\u0131tlanabilir.<\/p>\n<p style=\"text-align: center;\">Elektronik ileti\u015fim s\u00fcrecini y\u00fcr\u00fctmek veya talep etti\u011finiz belirli i\u015flevleri (\u00f6rne\u011fin al\u0131\u015fveri\u015f sepeti i\u015flevi) sa\u011flamak i\u00e7in gerekli olan \u00e7erezler, GDPR Madde 6 paragraf 1 lit. f temelinde saklan\u0131r. Web sitesi operat\u00f6r\u00fc, hizmetlerinin teknik olarak hatas\u0131z ve optimize edilmi\u015f bir \u015fekilde sunulmas\u0131 i\u00e7in \u00e7erezlerin saklanmas\u0131nda me\u015fru bir menfaate sahiptir. Di\u011fer \u00e7erezler (\u00f6rn. gezinme davran\u0131\u015f\u0131n\u0131z\u0131 analiz etmek i\u00e7in \u00e7erezler) sakland\u0131\u011f\u0131 s\u00fcrece, bunlar bu gizlilik politikas\u0131nda ayr\u0131 olarak ele al\u0131nmaktad\u0131r.<\/p>\n<h3 style=\"text-align: center;\"><span style=\"color: #2b3d89;\">Sunucu g\u00fcnl\u00fck dosyalar\u0131<\/span><\/h3>\n<p style=\"text-align: center;\">Sayfalar\u0131n sa\u011flay\u0131c\u0131s\u0131, taray\u0131c\u0131n\u0131z\u0131n otomatik olarak bize iletti\u011fi sunucu g\u00fcnl\u00fck dosyalar\u0131 olarak adland\u0131r\u0131lan bilgileri otomatik olarak toplar ve saklar. Bunlar<\/p>\n<ul style=\"text-align: center;\">\n<li>Taray\u0131c\u0131 t\u00fcr\u00fc ve taray\u0131c\u0131 s\u00fcr\u00fcm\u00fc<\/li>\n<li>Kullan\u0131lan i\u015fletim sistemi<\/li>\n<li>Y\u00f6nlendiren URL<\/li>\n<li>Eri\u015fen bilgisayar\u0131n ana bilgisayar ad\u0131<\/li>\n<li>Sunucu iste\u011finin zaman\u0131<\/li>\n<li>IP adresi<\/li>\n<\/ul>\n<p style=\"text-align: center;\">Bu veriler di\u011fer veri kaynaklar\u0131 ile birle\u015ftirilmemi\u015ftir.<\/p>\n<p style=\"text-align: center;\">Veri i\u015flemenin temeli, bir s\u00f6zle\u015fmenin veya s\u00f6zle\u015fme \u00f6ncesi \u00f6nlemlerin yerine getirilmesi i\u00e7in verilerin i\u015flenmesine izin veren GDPR Madde 6 paragraf 1 lit. f'dir.<\/p>\n<h3 style=\"text-align: center;\"><span style=\"color: #2b3d89;\">\u0130leti\u015fim formu<\/span><\/h3>\n<p style=\"text-align: center;\">\u0130leti\u015fim formu arac\u0131l\u0131\u011f\u0131yla bize soru g\u00f6nderirseniz, orada sa\u011flad\u0131\u011f\u0131n\u0131z ileti\u015fim bilgileri de dahil olmak \u00fczere, talep formundaki bilgileriniz, talebin i\u015flenmesi amac\u0131yla ve takip sorular\u0131 durumunda taraf\u0131m\u0131zdan saklanacakt\u0131r. Bu verileri sizin izniniz olmadan aktarmayaca\u011f\u0131z.<\/p>\n<p style=\"text-align: center;\">Bu nedenle, ileti\u015fim formuna girilen veriler yaln\u0131zca sizin izniniz temelinde i\u015flenir (GDPR Madde 6 paragraf 1 lit. a). Bu onay\u0131 istedi\u011finiz zaman iptal edebilirsiniz. Tek yapman\u0131z gereken bize resmi olmayan bir e-posta g\u00f6ndermektir. \u0130ptal edilene kadar ger\u00e7ekle\u015ftirilen veri i\u015fleme faaliyetlerinin yasall\u0131\u011f\u0131 iptalden etkilenmez.<\/p>\n<p style=\"text-align: center;\">\u0130leti\u015fim formunda sa\u011flad\u0131\u011f\u0131n\u0131z verileri, siz silinmesini talep edene, saklanmas\u0131 i\u00e7in verdi\u011finiz izni iptal edene veya saklanma amac\u0131 art\u0131k ge\u00e7erli olmayana kadar (\u00f6rn. talebinizi yerine getirdikten sonra) saklayaca\u011f\u0131z. Zorunlu yasal h\u00fck\u00fcmler - \u00f6zellikle saklama s\u00fcreleri - etkilenmeden kal\u0131r.<\/p>\n<h2 style=\"text-align: center;\"><span style=\"color: #2b3d89;\">4. eklentiler ve ara\u00e7lar<\/span><\/h2>\n<h3 style=\"text-align: center;\"><span style=\"color: #2b3d89;\">Google Web Yaz\u0131 Tipleri<\/span><\/h3>\n<p style=\"text-align: center;\">Bu site, yaz\u0131 tiplerinin standartla\u015ft\u0131r\u0131lm\u0131\u015f g\u00f6sterimi i\u00e7in Google taraf\u0131ndan sa\u011flanan s\u00f6zde web yaz\u0131 tiplerini kullan\u0131r. Bir sayfay\u0131 \u00e7a\u011f\u0131rd\u0131\u011f\u0131n\u0131zda, taray\u0131c\u0131n\u0131z metinleri ve yaz\u0131 tiplerini do\u011fru \u015fekilde g\u00f6r\u00fcnt\u00fclemek i\u00e7in gerekli web yaz\u0131 tiplerini taray\u0131c\u0131 \u00f6nbelle\u011finize y\u00fckler.<\/p>\n<p style=\"text-align: center;\">Bu ama\u00e7la, kulland\u0131\u011f\u0131n\u0131z taray\u0131c\u0131 Google'\u0131n sunucular\u0131na ba\u011flanmal\u0131d\u0131r. Bu, Google'a web sitemize IP adresiniz \u00fczerinden eri\u015fildi\u011fini bildirir. Google Web Fonts kullan\u0131m\u0131, \u00e7evrimi\u00e7i tekliflerimizin tek tip ve \u00e7ekici bir \u015fekilde sunulmas\u0131 i\u00e7indir. Bu, GDPR'nin 6. maddesinin 1. f\u0131kras\u0131n\u0131n f bendi anlam\u0131nda me\u015fru bir menfaat te\u015fkil eder.<\/p>\n<p style=\"text-align: center;\">Taray\u0131c\u0131n\u0131z web yaz\u0131 tiplerini desteklemiyorsa, bilgisayar\u0131n\u0131z taraf\u0131ndan standart bir yaz\u0131 tipi kullan\u0131lacakt\u0131r.<\/p>\n<p style=\"text-align: center;\">Google Web Fonts hakk\u0131nda daha fazla bilgiyi \u015fu adreste bulabilirsiniz <a href=\"https:\/\/developers.google.com\/fonts\/faq\" target=\"_blank\" rel=\"noopener noreferrer\">https:\/\/developers.google.com\/fonts\/faq<\/a> ve Google'\u0131n gizlilik politikas\u0131nda: <a href=\"https:\/\/www.google.com\/policies\/privacy\/\" target=\"_blank\" rel=\"noopener noreferrer\">https:\/\/www.google.com\/policies\/privacy\/<\/a>.<\/p>\n<h3 style=\"text-align: center;\"><span style=\"color: #2b3d89;\">Google Haritalar<\/span><\/h3>\n<p style=\"text-align: center;\">Bu site bir API arac\u0131l\u0131\u011f\u0131yla Google Maps harita hizmetini kullanmaktad\u0131r. Sa\u011flay\u0131c\u0131 Google Inc, 1600 Amphitheatre Parkway, Mountain View, CA 94043, ABD'dir.<\/p>\n<p style=\"text-align: center;\">Google Haritalar'\u0131n i\u015flevlerini kullanmak i\u00e7in IP adresinizi kaydetmeniz gerekir. Bu bilgiler genellikle ABD'deki bir Google sunucusuna aktar\u0131l\u0131r ve orada saklan\u0131r. Bu sitenin sa\u011flay\u0131c\u0131s\u0131n\u0131n bu veri aktar\u0131m\u0131 \u00fczerinde hi\u00e7bir etkisi yoktur.<\/p>\n<p style=\"text-align: center;\">Google Haritalar'\u0131n kullan\u0131m\u0131, \u00e7evrimi\u00e7i tekliflerimizin \u00e7ekici bir \u015fekilde sunulmas\u0131 ve web sitesinde belirtti\u011fimiz yerlerin bulunmas\u0131n\u0131 kolayla\u015ft\u0131rmak i\u00e7indir. Bu, GDPR'nin 6. maddesinin 1. f\u0131kras\u0131n\u0131n f bendi anlam\u0131nda me\u015fru bir menfaat te\u015fkil etmektedir.<\/p>\n<p style=\"text-align: center;\">Kullan\u0131c\u0131 verilerinin i\u015flenmesi hakk\u0131nda daha fazla bilgiyi Google'\u0131n gizlilik politikas\u0131nda bulabilirsiniz: <a href=\"https:\/\/www.google.de\/intl\/de\/policies\/privacy\/\" target=\"_blank\" rel=\"noopener noreferrer\">https:\/\/www.google.de\/intl\/de\/policies\/privacy\/<\/a>.<\/p>\n<\/div>\t\t\t\t\t\t\t\t<\/div>\n\t\t\t\t<\/div>\n\t\t\t\t\t<\/div>\n\t\t<\/div>\n\t\t\t\t\t<\/div>\n\t\t<\/section>\n\t\t\t\t<section class=\"elementor-section elementor-top-section elementor-element elementor-element-958d7ce elementor-section-stretched elementor-section-boxed elementor-section-height-default elementor-section-height-default\" data-id=\"958d7ce\" data-element_type=\"section\" data-e-type=\"section\" data-settings=\"{&quot;stretch_section&quot;:&quot;section-stretched&quot;}\">\n\t\t\t\t\t\t<div class=\"elementor-container elementor-column-gap-default\">\n\t\t\t\t\t<div class=\"elementor-column elementor-col-50 elementor-top-column elementor-element elementor-element-6cee103\" data-id=\"6cee103\" data-element_type=\"column\" data-e-type=\"column\">\n\t\t\t<div class=\"elementor-widget-wrap elementor-element-populated\">\n\t\t\t\t\t\t<div class=\"elementor-element elementor-element-1868f5c elementor-widget elementor-widget-heading\" data-id=\"1868f5c\" data-element_type=\"widget\" data-e-type=\"widget\" data-widget_type=\"heading.default\">\n\t\t\t\t<div class=\"elementor-widget-container\">\n\t\t\t\t\t<h2 class=\"elementor-heading-title elementor-size-default\">B\u0130ZE ULA\u015eIN<\/h2>\t\t\t\t<\/div>\n\t\t\t\t<\/div>\n\t\t\t\t<div class=\"elementor-element elementor-element-cc679b7 elementor-align-left elementor-widget elementor-widget-button\" data-id=\"cc679b7\" data-element_type=\"widget\" data-e-type=\"widget\" data-widget_type=\"button.default\">\n\t\t\t\t<div class=\"elementor-widget-container\">\n\t\t\t\t\t\t\t\t\t<div class=\"elementor-button-wrapper\">\n\t\t\t\t\t<a class=\"elementor-button elementor-button-link elementor-size-lg\" href=\"mailto:info@hauxgmbh.de\">\n\t\t\t\t\t\t<span class=\"elementor-button-content-wrapper\">\n\t\t\t\t\t\t\t\t\t<span class=\"elementor-button-text\">Bize ula\u015f\u0131n<\/span>\n\t\t\t\t\t<\/span>\n\t\t\t\t\t<\/a>\n\t\t\t\t<\/div>\n\t\t\t\t\t\t\t\t<\/div>\n\t\t\t\t<\/div>\n\t\t\t\t\t<\/div>\n\t\t<\/div>\n\t\t\t\t<div class=\"elementor-column elementor-col-50 elementor-top-column elementor-element elementor-element-7750b74\" data-id=\"7750b74\" data-element_type=\"column\" data-e-type=\"column\">\n\t\t\t<div class=\"elementor-widget-wrap elementor-element-populated\">\n\t\t\t\t\t\t<div class=\"elementor-element elementor-element-b1fd7c1 elementor-widget elementor-widget-heading\" data-id=\"b1fd7c1\" data-element_type=\"widget\" data-e-type=\"widget\" data-widget_type=\"heading.default\">\n\t\t\t\t<div class=\"elementor-widget-container\">\n\t\t\t\t\t<h2 class=\"elementor-heading-title elementor-size-default\">BI\u0307ZI\u0307 TAKI\u0307P EDI\u0307N<\/h2>\t\t\t\t<\/div>\n\t\t\t\t<\/div>\n\t\t\t\t<div class=\"elementor-element elementor-element-118873a e-grid-align-right elementor-shape-rounded elementor-grid-0 elementor-widget elementor-widget-social-icons\" data-id=\"118873a\" data-element_type=\"widget\" data-e-type=\"widget\" data-widget_type=\"social-icons.default\">\n\t\t\t\t<div class=\"elementor-widget-container\">\n\t\t\t\t\t\t\t<div class=\"elementor-social-icons-wrapper elementor-grid\" role=\"list\">\n\t\t\t\t\t\t\t<span class=\"elementor-grid-item\" role=\"listitem\">\n\t\t\t\t\t<a class=\"elementor-icon elementor-social-icon elementor-social-icon-linkedin elementor-animation-push elementor-repeater-item-4e8bba4\" href=\"https:\/\/de.linkedin.com\/company\/haux-maschinenbau-gmbh\" target=\"_blank\">\n\t\t\t\t\t\t<span class=\"elementor-screen-only\">Linkedin<\/span>\n\t\t\t\t\t\t<i aria-hidden=\"true\" class=\"fab fa-linkedin\"><\/i>\t\t\t\t\t<\/a>\n\t\t\t\t<\/span>\n\t\t\t\t\t\t\t<span class=\"elementor-grid-item\" role=\"listitem\">\n\t\t\t\t\t<a class=\"elementor-icon elementor-social-icon elementor-social-icon-youtube elementor-animation-push elementor-repeater-item-6d41c43\" href=\"https:\/\/www.youtube.com\/@haux-grinding\" target=\"_blank\">\n\t\t\t\t\t\t<span class=\"elementor-screen-only\">Youtube<\/span>\n\t\t\t\t\t\t<i aria-hidden=\"true\" class=\"fab fa-youtube\"><\/i>\t\t\t\t\t<\/a>\n\t\t\t\t<\/span>\n\t\t\t\t\t\t\t<span class=\"elementor-grid-item\" role=\"listitem\">\n\t\t\t\t\t<a class=\"elementor-icon elementor-social-icon elementor-social-icon-instagram elementor-animation-push elementor-repeater-item-ec634b9\" href=\"https:\/\/www.instagram.com\/haux_maschinenbau_gmbh\/\" target=\"_blank\">\n\t\t\t\t\t\t<span class=\"elementor-screen-only\">Instagram<\/span>\n\t\t\t\t\t\t<i aria-hidden=\"true\" class=\"fab fa-instagram\"><\/i>\t\t\t\t\t<\/a>\n\t\t\t\t<\/span>\n\t\t\t\t\t<\/div>\n\t\t\t\t\t\t<\/div>\n\t\t\t\t<\/div>\n\t\t\t\t\t<\/div>\n\t\t<\/div>\n\t\t\t\t\t<\/div>\n\t\t<\/section>\n\t\t\t\t<\/div>","protected":false},"excerpt":{"rendered":"<p>Yasal uyar\u0131 Bu sitedeki bilgilerin teknik yanl\u0131\u015fl\u0131klar veya yaz\u0131m hatalar\u0131 i\u00e7erebilece\u011fini belirtmek isteriz. Bu sitedeki bilgileri istedi\u011fimiz zaman ve \u00f6nceden haber vermeksizin de\u011fi\u015ftirme veya g\u00fcncelleme hakk\u0131m\u0131z sakl\u0131d\u0131r. \u0130nternet sayfalar\u0131m\u0131zda yay\u0131nlanan metinler, dosyalar, kompozisyonlar ve resimler gibi t\u00fcm \u00e7al\u0131\u015fmalar veya \u00e7al\u0131\u015fmalar\u0131n b\u00f6l\u00fcmleri telif hakk\u0131 veya tasar\u0131m patent yasas\u0131 ile korunmaktad\u0131r. Her biri<\/p>","protected":false},"author":8,"featured_media":0,"parent":0,"menu_order":0,"comment_status":"closed","ping_status":"closed","template":"","meta":{"footnotes":""},"class_list":["post-5331","page","type-page","status-publish","hentry"],"_links":{"self":[{"href":"https:\/\/www.hauxmt.com\/tr\/wp-json\/wp\/v2\/pages\/5331","targetHints":{"allow":["GET"]}}],"collection":[{"href":"https:\/\/www.hauxmt.com\/tr\/wp-json\/wp\/v2\/pages"}],"about":[{"href":"https:\/\/www.hauxmt.com\/tr\/wp-json\/wp\/v2\/types\/page"}],"author":[{"embeddable":true,"href":"https:\/\/www.hauxmt.com\/tr\/wp-json\/wp\/v2\/users\/8"}],"replies":[{"embeddable":true,"href":"https:\/\/www.hauxmt.com\/tr\/wp-json\/wp\/v2\/comments?post=5331"}],"version-history":[{"count":16,"href":"https:\/\/www.hauxmt.com\/tr\/wp-json\/wp\/v2\/pages\/5331\/revisions"}],"predecessor-version":[{"id":7682,"href":"https:\/\/www.hauxmt.com\/tr\/wp-json\/wp\/v2\/pages\/5331\/revisions\/7682"}],"wp:attachment":[{"href":"https:\/\/www.hauxmt.com\/tr\/wp-json\/wp\/v2\/media?parent=5331"}],"curies":[{"name":"wp","href":"https:\/\/api.w.org\/{rel}","templated":true}]}}