{"id":7916,"date":"2025-04-07T18:14:43","date_gmt":"2025-04-07T16:14:43","guid":{"rendered":"https:\/\/www.hauxmt.com\/?page_id=7916"},"modified":"2025-04-07T18:38:53","modified_gmt":"2025-04-07T16:38:53","slug":"mm-line-qr-acilis-sayfasi","status":"publish","type":"page","link":"https:\/\/www.hauxmt.com\/tr\/mm-line-qr-acilis-sayfasi\/","title":{"rendered":"MM-Line - Y\u00dcKSEK \u00c7IKI\u015e &amp; EVRENSEL"},"content":{"rendered":"<div data-elementor-type=\"wp-page\" data-elementor-id=\"7916\" class=\"elementor elementor-7916\" data-elementor-post-type=\"page\">\n\t\t\t\t\t\t<section class=\"elementor-section elementor-top-section elementor-element elementor-element-9118157 elementor-section-boxed elementor-section-height-default elementor-section-height-default\" data-id=\"9118157\" data-element_type=\"section\" data-e-type=\"section\">\n\t\t\t\t\t\t<div class=\"elementor-container elementor-column-gap-default\">\n\t\t\t\t\t<div class=\"elementor-column elementor-col-50 elementor-top-column elementor-element elementor-element-35ccf15\" data-id=\"35ccf15\" data-element_type=\"column\" data-e-type=\"column\">\n\t\t\t<div class=\"elementor-widget-wrap elementor-element-populated\">\n\t\t\t\t\t\t<div class=\"elementor-element elementor-element-7e3076e elementor-widget__width-initial elementor-widget elementor-widget-video\" data-id=\"7e3076e\" data-element_type=\"widget\" data-e-type=\"widget\" data-settings=\"{&quot;video_type&quot;:&quot;hosted&quot;,&quot;autoplay&quot;:&quot;yes&quot;,&quot;loop&quot;:&quot;yes&quot;,&quot;play_on_mobile&quot;:&quot;yes&quot;,&quot;mute&quot;:&quot;yes&quot;}\" data-widget_type=\"video.default\">\n\t\t\t\t<div class=\"elementor-widget-container\">\n\t\t\t\t\t\t\t<div class=\"e-hosted-video elementor-wrapper elementor-open-inline\">\n\t\t\t\t\t<video class=\"elementor-video\" src=\"https:\/\/www.hauxmt.com\/wp-content\/uploads\/2025\/04\/hx450_orange_effekt004_web.mp4\" autoplay=\"\" loop=\"\" muted=\"muted\" playsinline=\"\" controlslist=\"nodownload\"><\/video>\n\t\t\t\t<\/div>\n\t\t\t\t\t\t<\/div>\n\t\t\t\t<\/div>\n\t\t\t\t\t<\/div>\n\t\t<\/div>\n\t\t\t\t<div class=\"elementor-column elementor-col-50 elementor-top-column elementor-element elementor-element-71a07a7\" data-id=\"71a07a7\" data-element_type=\"column\" data-e-type=\"column\">\n\t\t\t<div class=\"elementor-widget-wrap elementor-element-populated\">\n\t\t\t\t\t\t<div class=\"elementor-element elementor-element-90f28bb elementor-widget elementor-widget-text-editor\" data-id=\"90f28bb\" data-element_type=\"widget\" data-e-type=\"widget\" data-widget_type=\"text-editor.default\">\n\t\t\t\t<div class=\"elementor-widget-container\">\n\t\t\t\t\t\t\t\t\t<p><strong><a href=\"https:\/\/www.hauxmt.com\/tr\/\">ANASAYFA<\/a><\/strong><\/p><p><strong><a href=\"http:\/\/www.youtube.com\/@haux-machine-tools\">HAUX YOUTUBE<\/a><\/strong><\/p><p><strong><a href=\"https:\/\/www.linkedin.com\/company\/haux-machine-tools\/\">HAUX L\u0130NKED\u0130N<\/a><\/strong><\/p>\t\t\t\t\t\t\t\t<\/div>\n\t\t\t\t<\/div>\n\t\t\t\t\t<\/div>\n\t\t<\/div>\n\t\t\t\t\t<\/div>\n\t\t<\/section>\n\t\t\t\t<\/div>","protected":false},"excerpt":{"rendered":"<p>https:\/\/www.hauxmt.com\/wp-content\/uploads\/2025\/04\/hx450_orange_effekt004_web.mp4 HOMEPAGE HAUX YOUTUBE HAUX LINKEDIN<\/p>","protected":false},"author":11,"featured_media":0,"parent":0,"menu_order":0,"comment_status":"closed","ping_status":"closed","template":"","meta":{"footnotes":""},"class_list":["post-7916","page","type-page","status-publish","hentry"],"_links":{"self":[{"href":"https:\/\/www.hauxmt.com\/tr\/wp-json\/wp\/v2\/pages\/7916","targetHints":{"allow":["GET"]}}],"collection":[{"href":"https:\/\/www.hauxmt.com\/tr\/wp-json\/wp\/v2\/pages"}],"about":[{"href":"https:\/\/www.hauxmt.com\/tr\/wp-json\/wp\/v2\/types\/page"}],"author":[{"embeddable":true,"href":"https:\/\/www.hauxmt.com\/tr\/wp-json\/wp\/v2\/users\/11"}],"replies":[{"embeddable":true,"href":"https:\/\/www.hauxmt.com\/tr\/wp-json\/wp\/v2\/comments?post=7916"}],"version-history":[{"count":16,"href":"https:\/\/www.hauxmt.com\/tr\/wp-json\/wp\/v2\/pages\/7916\/revisions"}],"predecessor-version":[{"id":7934,"href":"https:\/\/www.hauxmt.com\/tr\/wp-json\/wp\/v2\/pages\/7916\/revisions\/7934"}],"wp:attachment":[{"href":"https:\/\/www.hauxmt.com\/tr\/wp-json\/wp\/v2\/media?parent=7916"}],"curies":[{"name":"wp","href":"https:\/\/api.w.org\/{rel}","templated":true}]}}