{"id":4490,"date":"2022-12-12T12:53:29","date_gmt":"2022-12-12T11:53:29","guid":{"rendered":"https:\/\/haux-grinding.com\/?page_id=4490"},"modified":"2025-05-18T11:34:41","modified_gmt":"2025-05-18T09:34:41","slug":"\u5370\u8bb0\u5143\u7d20","status":"publish","type":"page","link":"https:\/\/www.hauxmt.com\/zh\/\u5370\u8bb0\u5143\u7d20\/","title":{"rendered":"\u7248\u672c\u8bf4\u660e"},"content":{"rendered":"<div data-elementor-type=\"wp-page\" data-elementor-id=\"4490\" class=\"elementor elementor-4490\" data-elementor-post-type=\"page\">\n\t\t\t\t\t\t<section class=\"elementor-section elementor-top-section elementor-element elementor-element-110febd elementor-section-boxed elementor-section-height-default elementor-section-height-default\" data-id=\"110febd\" data-element_type=\"section\" data-e-type=\"section\">\n\t\t\t\t\t\t<div class=\"elementor-container elementor-column-gap-default\">\n\t\t\t\t\t<div class=\"elementor-column elementor-col-100 elementor-top-column elementor-element elementor-element-e4503c7\" data-id=\"e4503c7\" data-element_type=\"column\" data-e-type=\"column\">\n\t\t\t<div class=\"elementor-widget-wrap elementor-element-populated\">\n\t\t\t\t\t\t<div class=\"elementor-element elementor-element-f2a5322 elementor--h-position-center elementor--v-position-middle elementor-arrows-position-inside elementor-pagination-position-inside elementor-widget elementor-widget-slides\" data-id=\"f2a5322\" data-element_type=\"widget\" data-e-type=\"widget\" data-settings=\"{&quot;navigation&quot;:&quot;both&quot;,&quot;autoplay&quot;:&quot;yes&quot;,&quot;pause_on_hover&quot;:&quot;yes&quot;,&quot;pause_on_interaction&quot;:&quot;yes&quot;,&quot;autoplay_speed&quot;:5000,&quot;infinite&quot;:&quot;yes&quot;,&quot;transition&quot;:&quot;slide&quot;,&quot;transition_speed&quot;:500}\" data-widget_type=\"slides.default\">\n\t\t\t\t<div class=\"elementor-widget-container\">\n\t\t\t\t\t\t\t\t\t<div class=\"elementor-swiper\">\n\t\t\t\t\t<div class=\"elementor-slides-wrapper elementor-main-swiper swiper\" role=\"region\" aria-roledescription=\"carousel\" aria-label=\"\u6ed1\u5757\" dir=\"ltr\" data-animation=\"fadeInUp\">\n\t\t\t\t<div class=\"swiper-wrapper elementor-slides\">\n\t\t\t\t\t\t\t\t\t\t<div class=\"elementor-repeater-item-933682c swiper-slide\" role=\"group\" aria-roledescription=\"slide\"><div class=\"swiper-slide-bg\" role=\"img\" aria-label=\"Haux Geb\u00e4ude Banner\"><\/div><div class=\"swiper-slide-inner\" ><div class=\"swiper-slide-contents\"><\/div><\/div><\/div>\t\t\t\t<\/div>\n\t\t\t\t\t\t\t<\/div>\n\t\t\t\t<\/div>\n\t\t\t\t\t\t\t\t<\/div>\n\t\t\t\t<\/div>\n\t\t\t\t\t<\/div>\n\t\t<\/div>\n\t\t\t\t\t<\/div>\n\t\t<\/section>\n\t\t\t\t<section class=\"elementor-section elementor-top-section elementor-element elementor-element-5e3ddd6 elementor-section-boxed elementor-section-height-default elementor-section-height-default\" data-id=\"5e3ddd6\" data-element_type=\"section\" data-e-type=\"section\">\n\t\t\t\t\t\t<div class=\"elementor-container elementor-column-gap-default\">\n\t\t\t\t\t<div class=\"elementor-column elementor-col-100 elementor-top-column elementor-element elementor-element-078064f\" data-id=\"078064f\" data-element_type=\"column\" data-e-type=\"column\">\n\t\t\t<div class=\"elementor-widget-wrap elementor-element-populated\">\n\t\t\t\t\t\t<div class=\"elementor-element elementor-element-33a9c11 elementor-widget elementor-widget-text-editor\" data-id=\"33a9c11\" data-element_type=\"widget\" data-e-type=\"widget\" data-widget_type=\"text-editor.default\">\n\t\t\t\t<div class=\"elementor-widget-container\">\n\t\t\t\t\t\t\t\t\t<p style=\"text-align: center;\">HAUX \u673a\u5e8a\u6709\u9650\u516c\u53f8<br \/>Ebinger Str.<br \/>72510 Stetten a. k.M.<br \/>\u5fb7\u56fd<\/p><p style=\"text-align: center;\">\u7535\u8bdd +49 (0)7573 95455-0<br \/>\u4f20\u771f +49 (0)7573 95455-30<\/p><p style=\"text-align: center;\">\u4e92\u8054\u7f51\uff1a\u00a0<a href=\"http:\/\/www.hauxmt.com\/zh\/\" target=\"_blank\" rel=\"noopener noreferrer\">https:\/\/hauxmt.com<br \/><\/a>\u7535\u5b50\u90ae\u4ef6\uff1a\u00a0<a href=\"mailto:info@hauxmt.com\">info@hauxmt.com<\/a><\/p><p style=\"text-align: center;\">\u6388\u6743\u603b\u7ecf\u7406\u4ee3\u8868\u516c\u53f8\uff1a<br \/>\u5e74 \u514b\u52b3\u8fea\u4e4c\u65af-\u5e03\u52b3\u6069\u5148\u751f<\/p><p style=\"text-align: center;\">\u6ce8\u518c\u6cd5\u9662\uff1a\u4e4c\u5c14\u59c6<br \/>\u6ce8\u518c\u53f7\uff1aHRB 749005<\/p><p style=\"text-align: center;\">\u589e\u503c\u7a0e\u7f16\u53f7\uff1aDE400071143<\/p>\t\t\t\t\t\t\t\t<\/div>\n\t\t\t\t<\/div>\n\t\t\t\t\t<\/div>\n\t\t<\/div>\n\t\t\t\t\t<\/div>\n\t\t<\/section>\n\t\t\t\t<section class=\"elementor-section elementor-top-section elementor-element elementor-element-1433d99 elementor-section-boxed elementor-section-height-default elementor-section-height-default\" data-id=\"1433d99\" data-element_type=\"section\" data-e-type=\"section\">\n\t\t\t\t\t\t<div class=\"elementor-container elementor-column-gap-default\">\n\t\t\t\t\t<div class=\"elementor-column elementor-col-100 elementor-top-column elementor-element elementor-element-c02849a\" data-id=\"c02849a\" data-element_type=\"column\" data-e-type=\"column\">\n\t\t\t<div class=\"elementor-widget-wrap elementor-element-populated\">\n\t\t\t\t\t\t<div class=\"elementor-element elementor-element-20b48f2 elementor-widget elementor-widget-heading\" data-id=\"20b48f2\" data-element_type=\"widget\" data-e-type=\"widget\" data-widget_type=\"heading.default\">\n\t\t\t\t<div class=\"elementor-widget-container\">\n\t\t\t\t\t<h2 class=\"elementor-heading-title elementor-size-default\">\u514d\u8d23\u6761\u6b3e\uff08\u514d\u8d23\u58f0\u660e\uff09<\/h2>\t\t\t\t<\/div>\n\t\t\t\t<\/div>\n\t\t\t\t\t<\/div>\n\t\t<\/div>\n\t\t\t\t\t<\/div>\n\t\t<\/section>\n\t\t\t\t<section class=\"elementor-section elementor-top-section elementor-element elementor-element-7347844 elementor-section-boxed elementor-section-height-default elementor-section-height-default\" data-id=\"7347844\" data-element_type=\"section\" data-e-type=\"section\">\n\t\t\t\t\t\t<div class=\"elementor-container elementor-column-gap-default\">\n\t\t\t\t\t<div class=\"elementor-column elementor-col-100 elementor-top-column elementor-element elementor-element-0b68990\" data-id=\"0b68990\" data-element_type=\"column\" data-e-type=\"column\">\n\t\t\t<div class=\"elementor-widget-wrap elementor-element-populated\">\n\t\t\t\t\t\t<div class=\"elementor-element elementor-element-b56a75d elementor-widget elementor-widget-text-editor\" data-id=\"b56a75d\" data-element_type=\"widget\" data-e-type=\"widget\" data-widget_type=\"text-editor.default\">\n\t\t\t\t<div class=\"elementor-widget-container\">\n\t\t\t\t\t\t\t\t\t<p class=\"bodytext\"><b>\u5185\u5bb9\u8d23\u4efb<\/b><br \/>\u6839\u636e\u300a\u5fb7\u56fd\u7535\u4fe1\u5a92\u4f53\u6cd5\u300b\uff08TMG\uff09\u7b2c 7 (1) \u8282\u548c\u4e00\u822c\u6cd5\u5f8b\u89c4\u5b9a\uff0c\u4f5c\u4e3a\u670d\u52a1\u63d0\u4f9b\u5546\uff0c\u6211\u4eec\u5bf9\u81ea\u5df1\u7f51\u9875\u4e0a\u7684\u5185\u5bb9\u8d1f\u8d23\u3002\u4e0d\u8fc7\uff0c\u6839\u636e\u300a\u5fb7\u56fd\u7535\u4fe1\u5a92\u4f53\u6cd5\u300b\u7b2c 8 \u81f3 10 \u6761\uff0c\u4f5c\u4e3a\u670d\u52a1\u63d0\u4f9b\u5546\uff0c\u6211\u4eec\u6ca1\u6709\u4e49\u52a1\u76d1\u63a7\u4f20\u8f93\u6216\u5b58\u50a8\u7684\u7b2c\u4e09\u65b9\u4fe1\u606f\uff0c\u4e5f\u6ca1\u6709\u4e49\u52a1\u8c03\u67e5\u8868\u660e\u5b58\u5728\u975e\u6cd5\u6d3b\u52a8\u7684\u60c5\u51b5\u3002\u6839\u636e\u4e00\u822c\u6cd5\u89c4\u5220\u9664\u6216\u963b\u6b62\u4f7f\u7528\u4fe1\u606f\u7684\u4e49\u52a1\u4e0d\u53d7\u6b64\u5f71\u54cd\u3002\u4f46\u662f\uff0c\u8fd9\u65b9\u9762\u7684\u8d23\u4efb\u53ea\u6709\u5728\u77e5\u9053\u5177\u4f53\u4fb5\u6743\u884c\u4e3a\u65f6\u624d\u6709\u53ef\u80fd\u627f\u62c5\u3002\u4e00\u65e6\u53d1\u73b0\u6b64\u7c7b\u4fb5\u6743\u884c\u4e3a\uff0c\u6211\u4eec\u5c06\u7acb\u5373\u5220\u9664\u76f8\u5173\u5185\u5bb9\u3002<\/p><p class=\"bodytext\"><b>\u94fe\u63a5\u8d23\u4efb<\/b><br \/>\u6211\u4eec\u7684\u7f51\u7ad9\u5305\u542b\u5916\u90e8\u7b2c\u4e09\u65b9\u7f51\u7ad9\u7684\u94fe\u63a5\uff0c\u6211\u4eec\u5bf9\u8fd9\u4e9b\u7f51\u7ad9\u7684\u5185\u5bb9\u6ca1\u6709\u5f71\u54cd\u529b\u3002\u56e0\u6b64\uff0c\u6211\u4eec\u4e0d\u5bf9\u7b2c\u4e09\u65b9\u5185\u5bb9\u627f\u62c5\u4efb\u4f55\u8d23\u4efb\u3002\u7f51\u9875\u63d0\u4f9b\u8005\u6216\u7ecf\u8425\u8005\u59cb\u7ec8\u5bf9\u94fe\u63a5\u7f51\u9875\u7684\u5185\u5bb9\u8d1f\u8d23\u3002\u5728\u94fe\u63a5\u65f6\uff0c\u6211\u4eec\u5bf9\u6240\u94fe\u63a5\u7684\u7f51\u9875\u8fdb\u884c\u4e86\u68c0\u67e5\uff0c\u4ee5\u786e\u5b9a\u662f\u5426\u5b58\u5728\u8fdd\u6cd5\u884c\u4e3a\u3002\u94fe\u63a5\u65f6\u65e0\u6cd5\u8bc6\u522b\u975e\u6cd5\u5185\u5bb9\u3002\u4f46\u662f\uff0c\u5982\u679c\u6ca1\u6709\u5177\u4f53\u7684\u4fb5\u6743\u8bc1\u636e\uff0c\u5bf9\u6240\u94fe\u63a5\u7f51\u9875\u5185\u5bb9\u7684\u957f\u671f\u76d1\u63a7\u662f\u4e0d\u5408\u7406\u7684\u3002\u5982\u679c\u6211\u4eec\u53d1\u73b0\u4efb\u4f55\u8fdd\u6cd5\u884c\u4e3a\uff0c\u6211\u4eec\u5c06\u7acb\u5373\u5220\u9664\u6b64\u7c7b\u94fe\u63a5\u3002<\/p><p class=\"bodytext\"><b>\u7248\u6743<\/b><br \/>\u7f51\u7ad9\u8fd0\u8425\u5546\u5728\u8fd9\u4e9b\u7f51\u9875\u4e0a\u521b\u4f5c\u7684\u5185\u5bb9\u548c\u4f5c\u54c1\u53d7\u5fb7\u56fd\u7248\u6743\u6cd5\u4fdd\u62a4\u3002\u590d\u5236\u3001\u52a0\u5de5\u3001\u5206\u53d1\u4ee5\u53ca\u4efb\u4f55\u8d85\u51fa\u7248\u6743\u6cd5\u8303\u56f4\u7684\u4f7f\u7528\u5747\u9700\u5f97\u5230\u76f8\u5173\u4f5c\u8005\u6216\u521b\u4f5c\u8005\u7684\u4e66\u9762\u540c\u610f\u3002\u672c\u7f51\u7ad9\u7684\u4e0b\u8f7d\u548c\u62f7\u8d1d\u53ea\u80fd\u7528\u4e8e\u79c1\u4eba\u548c\u975e\u5546\u4e1a\u7528\u9014\u3002\u5982\u679c\u672c\u7f51\u7ad9\u7684\u5185\u5bb9\u5e76\u975e\u7531\u8fd0\u8425\u5546\u521b\u5efa\uff0c\u5219\u5e94\u5c0a\u91cd\u7b2c\u4e09\u65b9\u7684\u7248\u6743\u3002\u7279\u522b\u662f\uff0c\u7b2c\u4e09\u65b9\u5185\u5bb9\u4f1a\u88ab\u6807\u6ce8\u4e3a\u7b2c\u4e09\u65b9\u5185\u5bb9\u3002\u5982\u679c\u60a8\u53d1\u73b0\u6709\u4fb5\u72af\u7248\u6743\u7684\u60c5\u51b5\uff0c\u8bf7\u53ca\u65f6\u901a\u77e5\u6211\u4eec\u3002\u5982\u679c\u6211\u4eec\u53d1\u73b0\u4efb\u4f55\u4fb5\u6743\u884c\u4e3a\uff0c\u6211\u4eec\u5c06\u7acb\u5373\u5220\u9664\u8fd9\u4e9b\u5185\u5bb9\u3002<\/p><p>\u00a0<\/p>\t\t\t\t\t\t\t\t<\/div>\n\t\t\t\t<\/div>\n\t\t\t\t\t<\/div>\n\t\t<\/div>\n\t\t\t\t\t<\/div>\n\t\t<\/section>\n\t\t\t\t<section class=\"elementor-section elementor-top-section elementor-element elementor-element-c282ccd elementor-section-boxed elementor-section-height-default elementor-section-height-default\" data-id=\"c282ccd\" data-element_type=\"section\" data-e-type=\"section\">\n\t\t\t\t\t\t<div class=\"elementor-container elementor-column-gap-default\">\n\t\t\t\t\t<div class=\"elementor-column elementor-col-100 elementor-top-column elementor-element elementor-element-2dad4cc\" data-id=\"2dad4cc\" data-element_type=\"column\" data-e-type=\"column\">\n\t\t\t<div class=\"elementor-widget-wrap elementor-element-populated\">\n\t\t\t\t\t\t<div class=\"elementor-element elementor-element-5f371cb elementor-widget elementor-widget-heading\" data-id=\"5f371cb\" data-element_type=\"widget\" data-e-type=\"widget\" data-widget_type=\"heading.default\">\n\t\t\t\t<div class=\"elementor-widget-container\">\n\t\t\t\t\t<h2 class=\"elementor-heading-title elementor-size-default\">\u9690\u79c1\u653f\u7b56<\/h2>\t\t\t\t<\/div>\n\t\t\t\t<\/div>\n\t\t\t\t\t<\/div>\n\t\t<\/div>\n\t\t\t\t\t<\/div>\n\t\t<\/section>\n\t\t\t\t<section class=\"elementor-section elementor-top-section elementor-element elementor-element-3df13e7 elementor-section-boxed elementor-section-height-default elementor-section-height-default\" data-id=\"3df13e7\" data-element_type=\"section\" data-e-type=\"section\">\n\t\t\t\t\t\t<div class=\"elementor-container elementor-column-gap-default\">\n\t\t\t\t\t<div class=\"elementor-column elementor-col-100 elementor-top-column elementor-element elementor-element-08e0f2f\" data-id=\"08e0f2f\" data-element_type=\"column\" data-e-type=\"column\">\n\t\t\t<div class=\"elementor-widget-wrap elementor-element-populated\">\n\t\t\t\t\t\t<div class=\"elementor-element elementor-element-12246fd elementor-widget elementor-widget-text-editor\" data-id=\"12246fd\" data-element_type=\"widget\" data-e-type=\"widget\" data-widget_type=\"text-editor.default\">\n\t\t\t\t<div class=\"elementor-widget-container\">\n\t\t\t\t\t\t\t\t\t<h3 style=\"text-align: center;\"><b>\u4f7f\u7528\u8c37\u6b4c\u5206\u6790\u7684\u9690\u79c1\u653f\u7b56<\/b><\/h3><p class=\"bodytext\" style=\"text-align: center;\">\u672c\u7f51\u7ad9\u4f7f\u7528\u8c37\u6b4c\u516c\u53f8\uff08\"\u8c37\u6b4c\"\uff09\u63d0\u4f9b\u7684\u7f51\u7edc\u5206\u6790\u670d\u52a1--\u8c37\u6b4c\u5206\u6790\u3002\u8c37\u6b4c\u5206\u6790\u4f7f\u7528 \"cookies\"\uff0c\u5373\u653e\u7f6e\u5728\u60a8\u7535\u8111\u4e0a\u7684\u6587\u672c\u6587\u4ef6\uff0c\u5e2e\u52a9\u7f51\u7ad9\u5206\u6790\u7528\u6237\u4f7f\u7528\u7f51\u7ad9\u7684\u60c5\u51b5\u3002Cookie \u751f\u6210\u7684\u6709\u5173\u60a8\u4f7f\u7528\u672c\u7f51\u7ad9\u7684\u4fe1\u606f\u901a\u5e38\u4f1a\u4f20\u8f93\u5230\u8c37\u6b4c\u5728\u7f8e\u56fd\u7684\u670d\u52a1\u5668\u5e76\u5b58\u50a8\u5728\u90a3\u91cc\u3002\u4f46\u662f\uff0c\u5982\u679c\u672c\u7f51\u7ad9\u6fc0\u6d3b\u4e86 IP \u533f\u540d\u5316\u529f\u80fd\uff0c\u8c37\u6b4c\u5c06\u4e8b\u5148\u7f29\u77ed\u60a8\u5728\u6b27\u76df\u6210\u5458\u56fd\u6216\u6b27\u6d32\u7ecf\u6d4e\u533a\u534f\u8bae\u5176\u4ed6\u7f14\u7ea6\u56fd\u5185\u7684 IP \u5730\u5740\u3002\u53ea\u6709\u5728\u7279\u6b8a\u60c5\u51b5\u4e0b\uff0c\u5b8c\u6574\u7684 IP \u5730\u5740\u624d\u4f1a\u88ab\u4f20\u8f93\u5230\u8c37\u6b4c\u5728\u7f8e\u56fd\u7684\u670d\u52a1\u5668\uff0c\u5e76\u5728\u90a3\u91cc\u88ab\u622a\u65ad\u3002\u8c37\u6b4c\u5c06\u4ee3\u8868\u672c\u7f51\u7ad9\u8fd0\u8425\u5546\u4f7f\u7528\u8fd9\u4e9b\u4fe1\u606f\u6765\u5206\u6790\u60a8\u5bf9\u7f51\u7ad9\u7684\u4f7f\u7528\u60c5\u51b5\uff0c\u7f16\u5236\u7f51\u7ad9\u6d3b\u52a8\u62a5\u544a\uff0c\u5e76\u5411\u7f51\u7ad9\u8fd0\u8425\u5546\u63d0\u4f9b\u4e0e\u7f51\u7ad9\u6d3b\u52a8\u548c\u4e92\u8054\u7f51\u4f7f\u7528\u76f8\u5173\u7684\u5176\u4ed6\u670d\u52a1\u3002\u4f5c\u4e3a\u8c37\u6b4c\u5206\u6790\u7684\u4e00\u90e8\u5206\uff0c\u60a8\u7684\u6d4f\u89c8\u5668\u4f20\u8f93\u7684 IP \u5730\u5740\u4e0d\u4f1a\u4e0e\u8c37\u6b4c\u7684\u5176\u4ed6\u6570\u636e\u5408\u5e76\u3002\u60a8\u53ef\u4ee5\u901a\u8fc7\u5728\u6d4f\u89c8\u5668\u4e0a\u9009\u62e9\u9002\u5f53\u7684\u8bbe\u7f6e\u6765\u62d2\u7edd\u4f7f\u7528 cookie\uff0c\u4f46\u8bf7\u6ce8\u610f\uff0c\u5982\u679c\u8fd9\u6837\u505a\uff0c\u60a8\u53ef\u80fd\u65e0\u6cd5\u4f7f\u7528\u672c\u7f51\u7ad9\u7684\u5168\u90e8\u529f\u80fd\u3002\u60a8\u4e5f\u53ef\u4ee5\u901a\u8fc7\u70b9\u51fb\u4ee5\u4e0b\u94fe\u63a5\uff0c\u963b\u6b62\u8c37\u6b4c\u6536\u96c6\u7531 Cookie \u751f\u6210\u7684\u3001\u4e0e\u60a8\u4f7f\u7528\u672c\u7f51\u7ad9\u6709\u5173\u7684\u6570\u636e\uff08\u5305\u62ec\u60a8\u7684 IP \u5730\u5740\uff09\uff0c\u5e76\u963b\u6b62\u8c37\u6b4c\u5904\u7406\u8fd9\u4e9b\u6570\u636e (<a class=\"_blank\" href=\"https:\/\/www.abakus.de\/http:\/\/\" target=\"tools.google.com\/dlpage\/gaoptout?hl=de\" rel=\"noopener noreferrer\">http:\/\/tools.google.com\/dlpage\/gaoptout?hl=de<\/a>) \u4e0b\u8f7d\u5e76\u5b89\u88c5\u53ef\u7528\u7684\u6d4f\u89c8\u5668\u63d2\u4ef6\u3002<\/p><p class=\"bodytext\" style=\"text-align: center;\">\u60a8\u53ef\u4ee5\u70b9\u51fb\u4ee5\u4e0b\u94fe\u63a5\u963b\u6b62 Google Analytics \u6536\u96c6\u60a8\u7684\u6570\u636e\u3002\u5728\u60a8\u8bbf\u95ee\u672c\u7f51\u7ad9\u65f6\uff0c\u6211\u4eec\u5c06\u8bbe\u7f6e\u4e00\u4e2a\u9000\u51fa Cookie\uff0c\u4ee5\u9632\u6b62\u4eca\u540e\u6536\u96c6\u60a8\u7684\u6570\u636e\uff1a\u00a0<a>\u505c\u7528\u8c37\u6b4c\u5206\u6790<\/a><\/p><p class=\"bodytext\" style=\"text-align: center;\">\u6709\u5173\u4f7f\u7528\u6761\u6b3e\u548c\u6570\u636e\u4fdd\u62a4\u7684\u66f4\u591a\u4fe1\u606f\uff0c\u8bf7\u8bbf\u95ee\u00a0<a href=\"http:\/\/www.google.com\/analytics\/terms\/de.html\" target=\"_blank\" rel=\"noopener noreferrer\">http:\/\/www.google.com\/analytics\/terms\/de.html<\/a>\u00a0\u6216\u4ee5\u4e0b\u00a0<a href=\"https:\/\/www.google.de\/intl\/de\/policies\/\" target=\"_blank\" rel=\"noopener noreferrer\">https:\/\/www.google.de\/intl\/de\/policies\/<\/a>.\u6211\u4eec\u60f3\u6307\u51fa\u7684\u662f\uff0c\u5728\u672c\u7f51\u7ad9\u4e0a\uff0c\u8c37\u6b4c\u5206\u6790\u5df2\u901a\u8fc7\u4ee3\u7801 \"anonymizeIp \"\u8fdb\u884c\u4e86\u6269\u5c55\uff0c\u4ee5\u786e\u4fdd\u533f\u540d\u6536\u96c6 IP \u5730\u5740\uff08\u5373\u6240\u8c13\u7684 IP \u5c4f\u853d\uff09\u3002<\/p><h3 style=\"text-align: center;\">\u7f51\u7ad9\u5185\u5bb9<\/h3><p class=\"bodytext\" style=\"text-align: center;\">\u672c\u7f51\u7ad9\u5185\u5bb9\u4ec5\u4f9b\u53c2\u8003\uff0c\u7531 HAUX GmbH \u63d0\u4f9b\u670d\u52a1\u3002\u6211\u4eec\u5bf9\u672c\u7f51\u7ad9\u5185\u5bb9\u3001\u670d\u52a1\u548c\u4fe1\u606f\u7684\u65f6\u4e8b\u6027\u3001\u6b63\u786e\u6027\u548c\u5b8c\u6574\u6027\u4e0d\u627f\u62c5\u4efb\u4f55\u8d23\u4efb\u3002\u5bf9\u4e8e\u56e0\u4f7f\u7528\u9519\u8bef\u6216\u4e0d\u5b8c\u6574\u4fe1\u606f\u800c\u9020\u6210\u7684\u4efb\u4f55\u7269\u8d28\u6216\u975e\u7269\u8d28\u635f\u5931\uff0c\u6211\u4eec\u4e0d\u627f\u62c5\u4efb\u4f55\u8d23\u4efb\u3002\u6211\u4eec\u4fdd\u7559\u66f4\u6539\u548c\u66f4\u65b0\u5185\u5bb9\u7684\u6743\u5229\uff0c\u6055\u4e0d\u53e6\u884c\u901a\u77e5\u3002<\/p><h3 style=\"text-align: center;\">\u533f\u540d\u6570\u636e\u6536\u96c6<\/h3><p class=\"bodytext\" style=\"text-align: center;\">\u5f53\u60a8\u8bbf\u95ee\u6211\u4eec\u7684\u7f51\u7ad9\u65f6\uff0c\u6211\u4eec\u7684\u7f51\u7edc\u670d\u52a1\u5668\u4f1a\u81ea\u52a8\u6536\u96c6\u4e00\u822c\u6027\u4fe1\u606f\u3002\u5176\u4e2d\u5305\u62ec\u7f51\u7edc\u6d4f\u89c8\u5668\u7684\u7c7b\u578b\u3001\u6240\u4f7f\u7528\u7684\u64cd\u4f5c\u7cfb\u7edf\u3001\u4e92\u8054\u7f51\u670d\u52a1\u63d0\u4f9b\u5546\u7684\u57df\u540d\u3001\u6240\u4f7f\u7528\u8ba1\u7b97\u673a\u7684 IP \u5730\u5740\u3001\u60a8\u8bbf\u95ee\u6211\u4eec\u7684\u7f51\u7ad9\u3001\u60a8\u5728\u6211\u4eec\u7f51\u7ad9\u4e0a\u8bbf\u95ee\u7684\u7f51\u9875\u4ee5\u53ca\u60a8\u8bbf\u95ee\u7684\u65e5\u671f\u548c\u6301\u7eed\u65f6\u95f4\u3002\u8fd9\u4e9b\u90fd\u662f\u7eaf\u7cb9\u7684\u4fe1\u606f\uff0c\u4e0d\u4f1a\u5bf9\u60a8\u7684\u4e2a\u4eba\u505a\u51fa\u4efb\u4f55\u7ed3\u8bba\u3002\u6211\u4eec\u4ec5\u4ee5\u533f\u540d\u5f62\u5f0f\u5bf9\u8fd9\u4e9b\u6570\u636e\u8fdb\u884c\u7edf\u8ba1\u5206\u6790\u3002<\/p><h3 style=\"text-align: center;\">\u4e2a\u4eba\u6570\u636e\u7684\u6536\u96c6\u548c\u5904\u7406<\/h3><p class=\"bodytext\" style=\"text-align: center;\">\u4e2a\u4eba\u6570\u636e\u53ea\u6709\u5728\u60a8\u81ea\u613f\u63d0\u4f9b\u7684\u60c5\u51b5\u4e0b\u624d\u4f1a\u88ab\u6536\u96c6\uff0c\u4f8b\u5982\u5b8c\u6210\u8ba2\u5355\u3001\u8c03\u67e5\u6216\u6ce8\u518c\u4e2a\u6027\u5316\u670d\u52a1\u3002\u6211\u4eec\u4f1a\u544a\u77e5\u60a8\u5904\u7406\u6570\u636e\u7684\u9884\u671f\u76ee\u7684\uff0c\u5e76\u5728\u5fc5\u8981\u65f6\u5f81\u5f97\u60a8\u5bf9\u6570\u636e\u5b58\u50a8\u7684\u540c\u610f\u3002<\/p><h3 style=\"text-align: center;\">\u6240\u6536\u96c6\u6570\u636e\u7684\u4f7f\u7528\u548c\u62ab\u9732<\/h3><p class=\"bodytext\" style=\"text-align: center;\">\u5728\u672a\u7ecf\u60a8\u540c\u610f\u7684\u60c5\u51b5\u4e0b\uff0c\u6211\u4eec\u7f51\u7ad9\u4e0a\u6536\u96c6\u7684\u4e2a\u4eba\u6570\u636e\u4ec5\u7528\u4e8e\u8ba2\u5355\u5904\u7406\u6216\u5904\u7406\u60a8\u7684\u54a8\u8be2\u3002\u6b64\u5916\uff0c\u60a8\u7684\u6570\u636e\u5c06\u7528\u4e8e\u7531 HAUX GmbH \u8d1f\u8d23\u96c6\u4e2d\u7ba1\u7406\u7684\u5ba2\u6237\u548c\u6f5c\u5728\u5ba2\u6237\u6570\u636e\u5e93\u3002\u8fd9\u4e9b\u6570\u636e\u7684\u4f7f\u7528\u4ec5\u9650\u4e8eHAUX GmbH\u7684\u5e7f\u544a\u5ba3\u4f20\u4ee5\u53ca\u5e02\u573a\u548c\u8206\u8bba\u7814\u7a76\u76ee\u7684\u3002\u60a8\u53ef\u968f\u65f6\u64a4\u9500\u60a8\u7684\u540c\u610f\uff0c\u5e76\u5728\u672a\u6765\u751f\u6548\u3002\u60a8\u7684\u6570\u636e\u4e0d\u4f1a\u4ee5\u4efb\u4f55\u5176\u4ed6\u65b9\u5f0f\u51fa\u552e\u3001\u51fa\u79df\u6216\u63d0\u4f9b\u7ed9\u7b2c\u4e09\u65b9\u3002\u4e2a\u4eba\u8d44\u6599\u53ea\u4f1a\u5728\u5f3a\u5236\u6027\u56fd\u5bb6\u6cd5\u5f8b\u6846\u67b6\u5185\u79fb\u4ea4\u7ed9\u56fd\u5bb6\u673a\u6784\u548c\u5f53\u5c40\u3002\u6211\u4eec\u7684\u5458\u5de5\u5fc5\u987b\u4e25\u683c\u4fdd\u5bc6\u3002<\/p><h3 style=\"text-align: center;\">\u5b89\u5168<\/h3><p class=\"bodytext\" style=\"text-align: center;\">HAUX GmbH\u91c7\u53d6\u6280\u672f\u548c\u7ec4\u7ec7\u5b89\u5168\u63aa\u65bd\u4fdd\u62a4\u60a8\u7684\u6570\u636e\uff0c\u9632\u6b62\u610f\u5916\u6216\u6545\u610f\u7be1\u6539\u3001\u4e22\u5931\u3001\u6bc1\u574f\u6216\u88ab\u672a\u7ecf\u6388\u6743\u4eba\u5458\u8bbf\u95ee\u3002\u6211\u4eec\u4f1a\u6839\u636e\u6280\u672f\u53d1\u5c55\u4e0d\u65ad\u6539\u8fdb\u5b89\u5168\u63aa\u65bd\u3002<\/p><h3 style=\"text-align: center;\">\u5546\u6807\u6743\u548c\u7248\u6743<\/h3><p class=\"bodytext\" style=\"text-align: center;\">\u672c\u7f51\u7ad9\u63d0\u53ca\u7684\u6240\u6709\u54c1\u724c\u540d\u79f0\u548c\u5546\u6807\u53ef\u80fd\u53d7\u7b2c\u4e09\u65b9\u4fdd\u62a4\uff0c\u4f46\u4e0d\u53d7\u9650\u4e8e\u9002\u7528\u7684\u6807\u7b7e\u6cd5\u89c4\u5b9a\u548c\u5404\u81ea\u6ce8\u518c\u6240\u6709\u8005\u7684\u6240\u6709\u6743\u3002\u672a\u7ecf HAUX GmbH \u4e66\u9762\u6388\u6743\uff0c\u4e0d\u5f97\u5168\u90e8\u6216\u90e8\u5206\u590d\u5236\u3002<\/p>\t\t\t\t\t\t\t\t<\/div>\n\t\t\t\t<\/div>\n\t\t\t\t\t<\/div>\n\t\t<\/div>\n\t\t\t\t\t<\/div>\n\t\t<\/section>\n\t\t\t\t<section class=\"elementor-section elementor-top-section elementor-element elementor-element-df67c49 elementor-section-boxed elementor-section-height-default elementor-section-height-default\" data-id=\"df67c49\" data-element_type=\"section\" data-e-type=\"section\">\n\t\t\t\t\t\t<div class=\"elementor-container elementor-column-gap-default\">\n\t\t\t\t\t<div class=\"elementor-column elementor-col-50 elementor-top-column elementor-element elementor-element-0a74a4f\" data-id=\"0a74a4f\" data-element_type=\"column\" data-e-type=\"column\">\n\t\t\t<div class=\"elementor-widget-wrap elementor-element-populated\">\n\t\t\t\t\t\t<div class=\"elementor-element elementor-element-c63b7d7 elementor-widget elementor-widget-heading\" data-id=\"c63b7d7\" data-element_type=\"widget\" data-e-type=\"widget\" data-widget_type=\"heading.default\">\n\t\t\t\t<div class=\"elementor-widget-container\">\n\t\t\t\t\t<h2 class=\"elementor-heading-title elementor-size-default\">\u8054\u7cfb\u6211\u4eec<\/h2>\t\t\t\t<\/div>\n\t\t\t\t<\/div>\n\t\t\t\t<div class=\"elementor-element elementor-element-af89acc elementor-align-left elementor-widget elementor-widget-button\" data-id=\"af89acc\" data-element_type=\"widget\" data-e-type=\"widget\" data-widget_type=\"button.default\">\n\t\t\t\t<div class=\"elementor-widget-container\">\n\t\t\t\t\t\t\t\t\t<div class=\"elementor-button-wrapper\">\n\t\t\t\t\t<a class=\"elementor-button elementor-button-link elementor-size-lg\" href=\"mailto:info@hauxgmbh.de\">\n\t\t\t\t\t\t<span class=\"elementor-button-content-wrapper\">\n\t\t\t\t\t\t\t\t\t<span class=\"elementor-button-text\">\u8054\u7cfb\u6211\u4eec<\/span>\n\t\t\t\t\t<\/span>\n\t\t\t\t\t<\/a>\n\t\t\t\t<\/div>\n\t\t\t\t\t\t\t\t<\/div>\n\t\t\t\t<\/div>\n\t\t\t\t\t<\/div>\n\t\t<\/div>\n\t\t\t\t<div class=\"elementor-column elementor-col-50 elementor-top-column elementor-element elementor-element-28133cd\" data-id=\"28133cd\" data-element_type=\"column\" data-e-type=\"column\">\n\t\t\t<div class=\"elementor-widget-wrap elementor-element-populated\">\n\t\t\t\t\t\t<div class=\"elementor-element elementor-element-d133345 elementor-widget elementor-widget-heading\" data-id=\"d133345\" data-element_type=\"widget\" data-e-type=\"widget\" data-widget_type=\"heading.default\">\n\t\t\t\t<div class=\"elementor-widget-container\">\n\t\t\t\t\t<h2 class=\"elementor-heading-title elementor-size-default\">\u5173\u6ce8\u6211\u4eec<\/h2>\t\t\t\t<\/div>\n\t\t\t\t<\/div>\n\t\t\t\t<div class=\"elementor-element elementor-element-f803f60 e-grid-align-right elementor-shape-rounded elementor-grid-0 elementor-widget elementor-widget-social-icons\" data-id=\"f803f60\" data-element_type=\"widget\" data-e-type=\"widget\" data-widget_type=\"social-icons.default\">\n\t\t\t\t<div class=\"elementor-widget-container\">\n\t\t\t\t\t\t\t<div class=\"elementor-social-icons-wrapper elementor-grid\" role=\"list\">\n\t\t\t\t\t\t\t<span class=\"elementor-grid-item\" role=\"listitem\">\n\t\t\t\t\t<a class=\"elementor-icon elementor-social-icon elementor-social-icon-linkedin elementor-animation-push elementor-repeater-item-4e8bba4\" href=\"https:\/\/de.linkedin.com\/company\/haux-maschinenbau-gmbh\" target=\"_blank\">\n\t\t\t\t\t\t<span class=\"elementor-screen-only\">Linkedin<\/span>\n\t\t\t\t\t\t<i aria-hidden=\"true\" class=\"fab fa-linkedin\"><\/i>\t\t\t\t\t<\/a>\n\t\t\t\t<\/span>\n\t\t\t\t\t\t\t<span class=\"elementor-grid-item\" role=\"listitem\">\n\t\t\t\t\t<a class=\"elementor-icon elementor-social-icon elementor-social-icon-youtube elementor-animation-push elementor-repeater-item-6d41c43\" href=\"https:\/\/www.youtube.com\/@haux-grinding\" target=\"_blank\">\n\t\t\t\t\t\t<span class=\"elementor-screen-only\">Youtube<\/span>\n\t\t\t\t\t\t<i aria-hidden=\"true\" class=\"fab fa-youtube\"><\/i>\t\t\t\t\t<\/a>\n\t\t\t\t<\/span>\n\t\t\t\t\t\t\t<span class=\"elementor-grid-item\" role=\"listitem\">\n\t\t\t\t\t<a class=\"elementor-icon elementor-social-icon elementor-social-icon-instagram elementor-animation-push elementor-repeater-item-ec634b9\" href=\"https:\/\/www.instagram.com\/haux_maschinenbau_gmbh\/\" target=\"_blank\">\n\t\t\t\t\t\t<span class=\"elementor-screen-only\">Instagram<\/span>\n\t\t\t\t\t\t<i aria-hidden=\"true\" class=\"fab fa-instagram\"><\/i>\t\t\t\t\t<\/a>\n\t\t\t\t<\/span>\n\t\t\t\t\t<\/div>\n\t\t\t\t\t\t<\/div>\n\t\t\t\t<\/div>\n\t\t\t\t\t<\/div>\n\t\t<\/div>\n\t\t\t\t\t<\/div>\n\t\t<\/section>\n\t\t\t\t<\/div>","protected":false},"excerpt":{"rendered":"<p>HAUX Machine Tools GmbHEbinger Str. 5072510 Stetten a. k. M.Germany Telefon +49 (0)7573 \u00a095455-0Telefax +49 (0)7573 \u00a095455-30 Internet:\u00a0https:\/\/hauxmt.comE-mail:\u00a0info@hauxmt.com Vertretungsberechtigter Gesch\u00e4ftsf\u00fchrer:Herr Claudius Braun Registergericht: UlmRegisternummer: HRB 749005 USt-IdNr.: DE400071143 Haftungsausschluss (Disclaimer) Haftung f\u00fcr InhalteAls Diensteanbieter sind wir gem\u00e4\u00df \u00a7 7 Abs.1 TMG f\u00fcr eigene Inhalte auf diesen Seiten nach den allgemeinen Gesetzen verantwortlich. Nach \u00a7\u00a7 8 bis 10 TMG sind wir<\/p>","protected":false},"author":8,"featured_media":0,"parent":0,"menu_order":0,"comment_status":"closed","ping_status":"closed","template":"","meta":{"footnotes":""},"class_list":["post-4490","page","type-page","status-publish","hentry"],"_links":{"self":[{"href":"https:\/\/www.hauxmt.com\/zh\/wp-json\/wp\/v2\/pages\/4490","targetHints":{"allow":["GET"]}}],"collection":[{"href":"https:\/\/www.hauxmt.com\/zh\/wp-json\/wp\/v2\/pages"}],"about":[{"href":"https:\/\/www.hauxmt.com\/zh\/wp-json\/wp\/v2\/types\/page"}],"author":[{"embeddable":true,"href":"https:\/\/www.hauxmt.com\/zh\/wp-json\/wp\/v2\/users\/8"}],"replies":[{"embeddable":true,"href":"https:\/\/www.hauxmt.com\/zh\/wp-json\/wp\/v2\/comments?post=4490"}],"version-history":[{"count":49,"href":"https:\/\/www.hauxmt.com\/zh\/wp-json\/wp\/v2\/pages\/4490\/revisions"}],"predecessor-version":[{"id":7997,"href":"https:\/\/www.hauxmt.com\/zh\/wp-json\/wp\/v2\/pages\/4490\/revisions\/7997"}],"wp:attachment":[{"href":"https:\/\/www.hauxmt.com\/zh\/wp-json\/wp\/v2\/media?parent=4490"}],"curies":[{"name":"wp","href":"https:\/\/api.w.org\/{rel}","templated":true}]}}